{"id":3641,"date":"2025-01-31T11:31:10","date_gmt":"2025-01-31T11:31:10","guid":{"rendered":"https:\/\/snoeck.process-vision.de\/shop\/guillermo-kuitca\/"},"modified":"2026-04-08T15:07:29","modified_gmt":"2026-04-08T14:07:29","slug":"guillermo-kuitca","status":"publish","type":"product","link":"https:\/\/snoeck.de\/fr\/shop\/guillermo-kuitca\/","title":{"rendered":"Guillermo Kuitca"},"content":{"rendered":"<h3>Guillermo Kuitca dans le Somerset<\/h3>\n<p>En juin 2013, l'artiste argentin Guillermo Kuitca (*1961 \u00e0 Buenos Aires) a r\u00e9alis\u00e9 une peinture murale compl\u00e8te pour la salle \u00e0 manger de la maison d'habitation lors d'un s\u00e9jour de travail chez Hauser &amp; Wirth \u00e0 Somerst. Avec ce travail mural, Kuitca pr\u00e9sentait pour la premi\u00e8re fois dans son \u0153uvre une peinture d'espace qui englobe compl\u00e8tement le spectateur, ce qui a logiquement d\u00e9clench\u00e9 un changement dans sa pratique artistique. Les nouveaux travaux r\u00e9alis\u00e9s par la suite constituent le point de mire de ce livre, qui offre des aper\u00e7us fascinants sur les particularit\u00e9s de l'espace domestique et de l'architecture. Publi\u00e9 en collaboration avec Hauser &amp; Wirth, le volume contient un texte de Michael C. FitzGerald, professeur d'arts plastiques au Trinity College, Hartford. Il a \u00e9crit de nombreux articles sur Picasso et son h\u00e9ritage dans l'art contemporain et a publi\u00e9 de nombreux catalogues d'expositions, notamment au Museu Picasso, Barcelone, au Whitney Museum of American Art et au Wadsworth Atheneum.<\/p>\n<p>Exposition :<br \/>\nHauser &amp; Wirth Savile Row, 27\/5 - 30\/7\/2016<\/p>","protected":false},"excerpt":{"rendered":"<p>Catalogue d'exposition, Hauser &amp; Wirth Savile Row<br \/>\nTexte (anglais) de Michael C. FitzGerald<br \/>\n110 p. avec 70 illustrations en couleur<br \/>\nFormat 30 x 24 cm, toile gaufr\u00e9e avec tableau \u00e0 rabats<\/p>","protected":false},"featured_media":5054,"template":"","meta":[],"product_brand":[],"product_cat":[95],"product_tag":[],"class_list":{"0":"post-3641","1":"product","2":"type-product","3":"status-publish","4":"has-post-thumbnail","6":"product_cat-vergriffen","8":"first","9":"outofstock","10":"taxable","11":"shipping-taxable","12":"product-type-simple"},"aioseo_notices":[],"_wp_attached_file":null,"_wp_attachment_metadata":null,"_wc_attachment_source":null,"_elementor_inline_svg":null,"_elementor_is_screenshot":null,"_elementor_source_image_hash":null,"_source_url":null,"_wp_attachment_context":null,"_menu_item_type":null,"_menu_item_menu_item_parent":null,"_menu_item_object_id":null,"_menu_item_object":null,"_menu_item_target":null,"_menu_item_classes":null,"_menu_item_xfn":null,"_menu_item_url":null,"__elementor_forms_snapshot":null,"_unit":"","_unit_base":"","_unit_product":"","_unit_price_auto":"no","_unit_price_regular":"","_unit_price":"","_unit_price_sale":"","_sale_price_label":"","_sale_price_regular_label":"","_manufacturer_slug":"","_mini_desc":"","_defect_description":"","_safety_instructions":"","_allergen_ids":[],"_warranty_attachment_id":"","_safety_attachment_ids":[],"_min_age":"","_ts_gtin":"","_ts_mpn":"","_delivery_time_countries":[],"_free_shipping":"no","_service":"no","_photovoltaic_system":"no","_used_good":"no","_defective_copy":"no","_wireless_electronic_device":"no","_device_contains_power_supply":"no","_device_charging_supports_usb_pd":"no","_device_charging_watt_min":"0","_device_charging_watt_max":"0","_is_food":"no","_differential_taxation":"no","_gzd_version":"3.18.7","_hs_code":"","_customs_description":"","_manufacture_country":"0","_is_non_returnable":"no","_shipping_length":"","_shipping_width":"","_shipping_height":"","_sku":"ISBN 978-3-86442-161-7","_global_unique_id":"978-3-86442-161-7","_regular_price":null,"total_sales":"0","_tax_status":"taxable","_tax_class":"","_manage_stock":"no","_backorders":"no","_sold_individually":"no","_weight":"1","_virtual":"no","_downloadable":"no","_download_limit":"-1","_download_expiry":"-1","_stock":"","_stock_status":"outofstock","_wc_average_rating":"0","_wc_review_count":"0","_product_version":"10.1.4","_price":"","shopengine_product_views_count":"2438","_thumbnail_id":"5054","_product_attributes":{"erscheinungsdatum":{"name":"Date de publication","value":"26.05.2016","position":0,"is_visible":1,"is_variation":0,"is_taxonomy":0,"checkout_visible":0}},"_nutrient_ids":[],"_upsell_ids":null,"pswc_subtitle":null,"_default_delivery_time":null,"_wp_desired_post_slug":null,"_isbn":null,"pageType":null,"isExternalUrl":null,"pageId":null,"externalUrl":null,"hideCookieBanner":null,"isTargetBlank":null,"isProviderCurrentWebsite":null,"isEmbeddingOnlyExternalResources":null,"legalBasis":null,"dataProcessingInCountries":null,"dataProcessingInCountriesSpecialTreatments":null,"technicalDefinitions":null,"googleConsentModeConsentTypes":null,"executePriority":null,"executeCodeOptInWhenNoTagManagerConsentIsGiven":null,"executeCodeOptOutWhenNoTagManagerConsentIsGiven":null,"deleteTechnicalDefinitionsAfterOptOut":null,"presetId":null,"presetVersion":null,"provider":null,"providerContactPhone":null,"providerContactEmail":null,"providerContactLink":null,"uniqueName":null,"providerPrivacyPolicyUrl":null,"providerLegalNoticeUrl":null,"codeOptIn":null,"codeOptOut":null,"codeOnPageLoad":null,"language_code":null,"shopengine_template__post_meta__type":null,"shopengine_template__post_meta":null,"shopengine_template__post_meta__edit_with":null,"origin":null,"_enabled":null,"_filters":null,"_layout":null,"_elementor_import_session_id":null,"_wp_trash_meta_status":null,"_wp_trash_meta_time":null,"_edit_lock":"1743514726:2","_elementor_floating_elements_type":null,"_elementor_edit_mode":null,"_elementor_template_type":null,"tc-thumb-fld":{"_thumb_id":5054,"_thumb_type":"thumb"},"_wp_page_template":"default","_elementor_version":null,"_elementor_pro_version":null,"_elementor_page_settings":null,"_elementor_data":null,"_elementor_conditions":null,"_elementor_popup_display_settings":null,"_edit_last":"2","_elementor_template_sub_type":null,"_elementor_controls_usage":null,"_elementor_screenshot":null,"_elementor_css":null,"_elementor_page_assets":[],"_elementor_element_cache":null,"_elementor_screenshot_failed":null,"_elementor_source":null,"_wp_old_date":null,"layout_key":"","post_slider_check_key":"0","_links":{"self":[{"href":"https:\/\/snoeck.de\/fr\/wp-json\/wp\/v2\/product\/3641","targetHints":{"allow":["GET"]}}],"collection":[{"href":"https:\/\/snoeck.de\/fr\/wp-json\/wp\/v2\/product"}],"about":[{"href":"https:\/\/snoeck.de\/fr\/wp-json\/wp\/v2\/types\/product"}],"wp:featuredmedia":[{"embeddable":true,"href":"https:\/\/snoeck.de\/fr\/wp-json\/wp\/v2\/media\/5054"}],"wp:attachment":[{"href":"https:\/\/snoeck.de\/fr\/wp-json\/wp\/v2\/media?parent=3641"}],"wp:term":[{"taxonomy":"product_brand","embeddable":true,"href":"https:\/\/snoeck.de\/fr\/wp-json\/wp\/v2\/product_brand?post=3641"},{"taxonomy":"product_cat","embeddable":true,"href":"https:\/\/snoeck.de\/fr\/wp-json\/wp\/v2\/product_cat?post=3641"},{"taxonomy":"product_tag","embeddable":true,"href":"https:\/\/snoeck.de\/fr\/wp-json\/wp\/v2\/product_tag?post=3641"}],"curies":[{"name":"wp","href":"https:\/\/api.w.org\/{rel}","templated":true}]}}