{"id":3642,"date":"2025-01-31T11:31:10","date_gmt":"2025-01-31T11:31:10","guid":{"rendered":"https:\/\/snoeck.process-vision.de\/shop\/kunst-im-anthropozaen\/"},"modified":"2025-04-01T13:39:58","modified_gmt":"2025-04-01T13:39:58","slug":"kunst-im-anthropozaen","status":"publish","type":"product","link":"https:\/\/snoeck.de\/fr\/shop\/kunst-im-anthropozaen\/","title":{"rendered":"L'art dans l'anthropoc\u00e8ne"},"content":{"rendered":"<h3>De Beuys \u00e0 l'architecture du paysage, parcourir une notion<\/h3>\n<p>L'\"anthropoc\u00e8ne\" est mentionn\u00e9 pour la premi\u00e8re fois en 2000 dans le contexte des sciences naturelles ; depuis 2007, une commission des sciences de la terre se consacre \u00e0 la question de savoir s'il doit \u00eatre consid\u00e9r\u00e9 comme un nouvel \u00e2ge de la Terre (\u00e0 la suite de l'holoc\u00e8ne). Depuis les ann\u00e9es 2010, la question d'une \u00e8re g\u00e9ologique caus\u00e9e par l'homme fait l'objet d'un d\u00e9bat accru et approfondi dans les sciences humaines, les sciences des m\u00e9dias et les sciences culturelles. De ce fait, de plus en plus de r\u00e9flexions sont mises en avant, qui utilisent l'\"anthropoc\u00e8ne\" moins comme une cat\u00e9gorie historique que syst\u00e9matique et qui saisissent ainsi les relations fonctionnelles internes et externes au genre de mani\u00e8re plus pr\u00e9cise que cela n'est possible \u00e0 l'aide des dichotomies traditionnelles (par exemple nature-culture, sujet-objet). Et un tel passage des dichotomies aux relationnalit\u00e9s n'a-t-il pas des cons\u00e9quences politiques et \u00e9thiques importantes ? Le pr\u00e9sent ouvrage aborde ce th\u00e8me sous l'angle de l'art, qui aborde depuis longtemps d\u00e9j\u00e0 - au moins depuis le milieu du 20e si\u00e8cle - les relations entre les modes d'existence humains et non humains en tant que relations mat\u00e9rielles, non lin\u00e9aires et dynamiques. On s'int\u00e9resse ainsi \u00e0 des ph\u00e9nom\u00e8nes tels que les catastrophes environnementales et la d\u00e9gradation des paysages, le changement climatique, les interventions biotechnologiques, les m\u00e9tabolismes naturels et sociaux, les concepts d'urbanisme et les infrastructures techniques, l'hybris des possibilit\u00e9s humaines et les perspectives post-humanistes, les processus mat\u00e9riels et les 'forces derri\u00e8re les formes'. Les contributions de ce volume couvrent un large \u00e9ventail de sujets, allant des artistes individuels* (Joseph Beuys, Pierre Huyghe, Lara Almarcegui) aux projets curatoriaux, en passant par le BioArt et l'architecture paysag\u00e8re.<\/p>","protected":false},"excerpt":{"rendered":"<p>Edit\u00e9 pour l'Universit\u00e9 Heinrich Heine de D\u00fcsseldorf par Timo Skrandies et Romina D\u00fcmler<br \/>\nTextes (all.) de Christof Baier, Ilka Brinkmann, Davide Brocchi, Svetlana Chernyshova, Hans Dickel, Romina D\u00fcmler et Alex Grein, Sabine Flach, Jens Hauser, Magdalena Holzhey, Anita Hosseini, Bettina Paust, Nina-Marie Sch\u00fcchter, Timo Skrandies<br \/>\n192 p. avec 50 illustrations en couleur<br \/>\nformat 27 x 19 cm, couverture souple<\/p>","protected":false},"featured_media":5055,"template":"","meta":[],"product_brand":[],"product_cat":[87,58,68],"product_tag":[],"class_list":{"0":"post-3642","1":"product","2":"type-product","3":"status-publish","4":"has-post-thumbnail","6":"product_cat-87","7":"product_cat-a","8":"product_cat-k","10":"first","11":"instock","12":"taxable","13":"shipping-taxable","14":"purchasable","15":"product-type-simple"},"aioseo_notices":[],"_wp_attached_file":null,"_wp_attachment_metadata":null,"_wc_attachment_source":null,"_elementor_inline_svg":null,"_elementor_is_screenshot":null,"_elementor_source_image_hash":null,"_source_url":null,"_wp_attachment_context":null,"_menu_item_type":null,"_menu_item_menu_item_parent":null,"_menu_item_object_id":null,"_menu_item_object":null,"_menu_item_target":null,"_menu_item_classes":null,"_menu_item_xfn":null,"_menu_item_url":null,"__elementor_forms_snapshot":null,"_unit":"","_unit_base":"","_unit_product":"","_unit_price_auto":"no","_unit_price_regular":"","_unit_price":"","_unit_price_sale":"","_sale_price_label":"","_sale_price_regular_label":"","_manufacturer_slug":"","_mini_desc":"","_defect_description":"","_safety_instructions":"","_allergen_ids":[],"_warranty_attachment_id":"","_safety_attachment_ids":[],"_min_age":"","_ts_gtin":"","_ts_mpn":"","_delivery_time_countries":[],"_free_shipping":"no","_service":"no","_photovoltaic_system":"no","_used_good":"no","_defective_copy":"no","_wireless_electronic_device":"no","_device_contains_power_supply":"no","_device_charging_supports_usb_pd":"no","_device_charging_watt_min":"0","_device_charging_watt_max":"0","_is_food":"no","_differential_taxation":"no","_gzd_version":"3.18.7","_hs_code":"","_customs_description":"","_manufacture_country":"0","_is_non_returnable":"no","_shipping_length":"","_shipping_width":"","_shipping_height":"","_sku":"ISBN 978-3-86442-296-6","_global_unique_id":"978-3-86442-296-6","_regular_price":"39.8","total_sales":"1","_tax_status":"taxable","_tax_class":"","_manage_stock":"no","_backorders":"no","_sold_individually":"no","_weight":"1","_virtual":"no","_downloadable":"no","_download_limit":"-1","_download_expiry":"-1","_stock":"","_stock_status":"instock","_wc_average_rating":"0","_wc_review_count":"0","_product_version":"9.7.1","_price":"39.8","shopengine_product_views_count":"3527","_thumbnail_id":"5055","_product_attributes":{"erscheinungsdatum":{"name":"Date de publication","value":"25.01.2023","position":0,"is_visible":1,"is_variation":0,"is_taxonomy":0,"checkout_visible":0}},"_nutrient_ids":[],"_upsell_ids":null,"pswc_subtitle":null,"_default_delivery_time":null,"_wp_desired_post_slug":null,"_isbn":null,"pageType":null,"isExternalUrl":null,"pageId":null,"externalUrl":null,"hideCookieBanner":null,"isTargetBlank":null,"isProviderCurrentWebsite":null,"isEmbeddingOnlyExternalResources":null,"legalBasis":null,"dataProcessingInCountries":null,"dataProcessingInCountriesSpecialTreatments":null,"technicalDefinitions":null,"googleConsentModeConsentTypes":null,"executePriority":null,"executeCodeOptInWhenNoTagManagerConsentIsGiven":null,"executeCodeOptOutWhenNoTagManagerConsentIsGiven":null,"deleteTechnicalDefinitionsAfterOptOut":null,"presetId":null,"presetVersion":null,"provider":null,"providerContactPhone":null,"providerContactEmail":null,"providerContactLink":null,"uniqueName":null,"providerPrivacyPolicyUrl":null,"providerLegalNoticeUrl":null,"codeOptIn":null,"codeOptOut":null,"codeOnPageLoad":null,"language_code":null,"shopengine_template__post_meta__type":null,"shopengine_template__post_meta":null,"shopengine_template__post_meta__edit_with":null,"origin":null,"_enabled":null,"_filters":null,"_layout":null,"_elementor_import_session_id":null,"_wp_trash_meta_status":null,"_wp_trash_meta_time":null,"_edit_lock":"1743514660:2","_elementor_floating_elements_type":null,"_elementor_edit_mode":null,"_elementor_template_type":null,"tc-thumb-fld":{"_thumb_id":5055,"_thumb_type":"thumb"},"_wp_page_template":"default","_elementor_version":null,"_elementor_pro_version":null,"_elementor_page_settings":null,"_elementor_data":null,"_elementor_conditions":null,"_elementor_popup_display_settings":null,"_edit_last":"2","_elementor_template_sub_type":null,"_elementor_controls_usage":null,"_elementor_screenshot":null,"_elementor_css":null,"_elementor_page_assets":[],"_elementor_element_cache":null,"_elementor_screenshot_failed":null,"_elementor_source":null,"_wp_old_date":null,"layout_key":"","post_slider_check_key":"0","_links":{"self":[{"href":"https:\/\/snoeck.de\/fr\/wp-json\/wp\/v2\/product\/3642","targetHints":{"allow":["GET"]}}],"collection":[{"href":"https:\/\/snoeck.de\/fr\/wp-json\/wp\/v2\/product"}],"about":[{"href":"https:\/\/snoeck.de\/fr\/wp-json\/wp\/v2\/types\/product"}],"wp:featuredmedia":[{"embeddable":true,"href":"https:\/\/snoeck.de\/fr\/wp-json\/wp\/v2\/media\/5055"}],"wp:attachment":[{"href":"https:\/\/snoeck.de\/fr\/wp-json\/wp\/v2\/media?parent=3642"}],"wp:term":[{"taxonomy":"product_brand","embeddable":true,"href":"https:\/\/snoeck.de\/fr\/wp-json\/wp\/v2\/product_brand?post=3642"},{"taxonomy":"product_cat","embeddable":true,"href":"https:\/\/snoeck.de\/fr\/wp-json\/wp\/v2\/product_cat?post=3642"},{"taxonomy":"product_tag","embeddable":true,"href":"https:\/\/snoeck.de\/fr\/wp-json\/wp\/v2\/product_tag?post=3642"}],"curies":[{"name":"wp","href":"https:\/\/api.w.org\/{rel}","templated":true}]}}