{"id":3645,"date":"2025-01-31T11:31:12","date_gmt":"2025-01-31T11:31:12","guid":{"rendered":"https:\/\/snoeck.process-vision.de\/shop\/jonathan-lasker-from-drawings-and-white-form-paintings\/"},"modified":"2025-04-01T13:26:30","modified_gmt":"2025-04-01T13:26:30","slug":"jonathan-lasker-from-drawings-and-white-form-paintings","status":"publish","type":"product","link":"https:\/\/snoeck.de\/fr\/shop\/jonathan-lasker-from-drawings-and-white-form-paintings\/","title":{"rendered":"Jonathan Lasker : des dessins et des peintures de formes blanches"},"content":{"rendered":"<h3>Sur la peinture et le dessin de jeunesse de Jonathan Lasker<\/h3>\n<p>L'\u0153uvre de Jonathan Lasker, que l'on qualifie volontiers de bizarre, est pourtant l'une des plus influentes de l'art abstrait contemporain. Il parvient \u00e0 mettre en \u0153uvre des th\u00e8mes tels que la r\u00e9f\u00e9rentialit\u00e9, la figuration, la mat\u00e9rialit\u00e9 et la physicalit\u00e9 non dissimul\u00e9es, voire des moments de d\u00e9coration et d'art pictural, \u00e0 la fin des ann\u00e9es 1970 et au d\u00e9but des ann\u00e9es 1980, une p\u00e9riode o\u00f9 tout est devenu fluide, o\u00f9 l'expressionnisme abstrait, le minimalisme et la peinture sur champs de couleurs ont perdu leur caract\u00e8re formel obligatoire. Les peintures et objets raffin\u00e9s des ann\u00e9es 1960 avaient fait leur temps sur le plan formel, on en vint \u00e0 recourir aux sources de l'histoire de l'art qui, sous la forme de New Image Painting, de motifs et de d\u00e9corations, provoqu\u00e8rent de nouveaux contenus artistiques. En bref, l'abstraction, telle que Jonathan Lasker la mettait en \u0153uvre, \u00e9tait entr\u00e9e dans l'\u00e8re postmoderne. L'ouvrage pr\u00e9sente une s\u00e9rie de belles \u00e9tudes pr\u00e9paratoires sur papier ainsi que des peintures \u00e0 l'huile de grand format de 1977 \u00e0 1981, dont la mise en \u0153uvre est radicale sur le plan pictural.<\/p>","protected":false},"excerpt":{"rendered":"<p>Kienbaum Artists' Books 2021, \u00e9d. par Jochen et Laura Kienbaum<br \/>\nTexte (annexe en anglais\/allemand) de Richard Kalina<br \/>\n96 p. avec 90 illustrations en couleur<br \/>\nformat 24,5 x 29,5 cm, couverture rigide<\/p>","protected":false},"featured_media":5058,"template":"","meta":[],"product_brand":[],"product_cat":[85,68,69],"product_tag":[],"class_list":{"0":"post-3645","1":"product","2":"type-product","3":"status-publish","4":"has-post-thumbnail","6":"product_cat-85","7":"product_cat-k","8":"product_cat-l","10":"first","11":"instock","12":"taxable","13":"shipping-taxable","14":"purchasable","15":"product-type-simple"},"aioseo_notices":[],"_wp_attached_file":null,"_wp_attachment_metadata":null,"_wc_attachment_source":null,"_elementor_inline_svg":null,"_elementor_is_screenshot":null,"_elementor_source_image_hash":null,"_source_url":null,"_wp_attachment_context":null,"_menu_item_type":null,"_menu_item_menu_item_parent":null,"_menu_item_object_id":null,"_menu_item_object":null,"_menu_item_target":null,"_menu_item_classes":null,"_menu_item_xfn":null,"_menu_item_url":null,"__elementor_forms_snapshot":null,"_unit":"","_unit_base":"","_unit_product":"","_unit_price_auto":"no","_unit_price_regular":"","_unit_price":"","_unit_price_sale":"","_sale_price_label":"","_sale_price_regular_label":"","_manufacturer_slug":"","_mini_desc":"","_defect_description":"","_safety_instructions":"","_allergen_ids":[],"_warranty_attachment_id":"","_safety_attachment_ids":[],"_min_age":"","_ts_gtin":"","_ts_mpn":"","_delivery_time_countries":[],"_free_shipping":"no","_service":"no","_photovoltaic_system":"no","_used_good":"no","_defective_copy":"no","_wireless_electronic_device":"no","_device_contains_power_supply":"no","_device_charging_supports_usb_pd":"no","_device_charging_watt_min":"0","_device_charging_watt_max":"0","_is_food":"no","_differential_taxation":"no","_gzd_version":"3.18.7","_hs_code":"","_customs_description":"","_manufacture_country":"0","_is_non_returnable":"no","_shipping_length":"","_shipping_width":"","_shipping_height":"","_sku":"ISBN 978-3-86442-339-0","_global_unique_id":"978-3-86442-339-0","_regular_price":"39.8","total_sales":"0","_tax_status":"taxable","_tax_class":"","_manage_stock":"no","_backorders":"no","_sold_individually":"no","_weight":"1","_virtual":"no","_downloadable":"no","_download_limit":"-1","_download_expiry":"-1","_stock":"","_stock_status":"instock","_wc_average_rating":"0","_wc_review_count":"0","_product_version":"9.7.1","_price":"39.8","shopengine_product_views_count":"3155","_thumbnail_id":"5058","_product_attributes":{"erscheinungsdatum":{"name":"Date de publication","value":"05.01.2021","position":0,"is_visible":1,"is_variation":0,"is_taxonomy":0,"checkout_visible":0}},"_nutrient_ids":[],"_upsell_ids":null,"pswc_subtitle":null,"_default_delivery_time":null,"_wp_desired_post_slug":null,"_isbn":null,"pageType":null,"isExternalUrl":null,"pageId":null,"externalUrl":null,"hideCookieBanner":null,"isTargetBlank":null,"isProviderCurrentWebsite":null,"isEmbeddingOnlyExternalResources":null,"legalBasis":null,"dataProcessingInCountries":null,"dataProcessingInCountriesSpecialTreatments":null,"technicalDefinitions":null,"googleConsentModeConsentTypes":null,"executePriority":null,"executeCodeOptInWhenNoTagManagerConsentIsGiven":null,"executeCodeOptOutWhenNoTagManagerConsentIsGiven":null,"deleteTechnicalDefinitionsAfterOptOut":null,"presetId":null,"presetVersion":null,"provider":null,"providerContactPhone":null,"providerContactEmail":null,"providerContactLink":null,"uniqueName":null,"providerPrivacyPolicyUrl":null,"providerLegalNoticeUrl":null,"codeOptIn":null,"codeOptOut":null,"codeOnPageLoad":null,"language_code":null,"shopengine_template__post_meta__type":null,"shopengine_template__post_meta":null,"shopengine_template__post_meta__edit_with":null,"origin":null,"_enabled":null,"_filters":null,"_layout":null,"_elementor_import_session_id":null,"_wp_trash_meta_status":null,"_wp_trash_meta_time":null,"_edit_lock":"1743513991:2","_elementor_floating_elements_type":null,"_elementor_edit_mode":null,"_elementor_template_type":null,"tc-thumb-fld":{"_thumb_id":5058,"_thumb_type":"thumb"},"_wp_page_template":"default","_elementor_version":null,"_elementor_pro_version":null,"_elementor_page_settings":null,"_elementor_data":null,"_elementor_conditions":null,"_elementor_popup_display_settings":null,"_edit_last":"2","_elementor_template_sub_type":null,"_elementor_controls_usage":null,"_elementor_screenshot":null,"_elementor_css":null,"_elementor_page_assets":[],"_elementor_element_cache":null,"_elementor_screenshot_failed":null,"_elementor_source":null,"_wp_old_date":null,"layout_key":"","post_slider_check_key":"0","_links":{"self":[{"href":"https:\/\/snoeck.de\/fr\/wp-json\/wp\/v2\/product\/3645","targetHints":{"allow":["GET"]}}],"collection":[{"href":"https:\/\/snoeck.de\/fr\/wp-json\/wp\/v2\/product"}],"about":[{"href":"https:\/\/snoeck.de\/fr\/wp-json\/wp\/v2\/types\/product"}],"wp:featuredmedia":[{"embeddable":true,"href":"https:\/\/snoeck.de\/fr\/wp-json\/wp\/v2\/media\/5058"}],"wp:attachment":[{"href":"https:\/\/snoeck.de\/fr\/wp-json\/wp\/v2\/media?parent=3645"}],"wp:term":[{"taxonomy":"product_brand","embeddable":true,"href":"https:\/\/snoeck.de\/fr\/wp-json\/wp\/v2\/product_brand?post=3645"},{"taxonomy":"product_cat","embeddable":true,"href":"https:\/\/snoeck.de\/fr\/wp-json\/wp\/v2\/product_cat?post=3645"},{"taxonomy":"product_tag","embeddable":true,"href":"https:\/\/snoeck.de\/fr\/wp-json\/wp\/v2\/product_tag?post=3645"}],"curies":[{"name":"wp","href":"https:\/\/api.w.org\/{rel}","templated":true}]}}