{"id":3646,"date":"2025-01-31T11:31:12","date_gmt":"2025-01-31T11:31:12","guid":{"rendered":"https:\/\/snoeck.process-vision.de\/shop\/maria-lassnig-koerperbilder\/"},"modified":"2025-04-01T13:29:58","modified_gmt":"2025-04-01T13:29:58","slug":"maria-lassnig-koerperbilder","status":"publish","type":"product","link":"https:\/\/snoeck.de\/fr\/shop\/maria-lassnig-koerperbilder\/","title":{"rendered":"Maria Lassnig : Images du corps"},"content":{"rendered":"<h3>La grande vieille dame de la peinture<\/h3>\n<p>Maria Lassnig est l'une des artistes autrichiennes les plus marquantes de l'apr\u00e8s-1945. Ces derni\u00e8res ann\u00e9es, son \u0153uvre picturale a suscit\u00e9 un int\u00e9r\u00eat consid\u00e9rable au-del\u00e0 de son pays d'origine gr\u00e2ce \u00e0 des expositions r\u00e9trospectives \u00e0 Munich, Cologne, Londres et Cincinatti. Une palette de couleurs sobres, des repr\u00e9sentations de figures et de corps fragment\u00e9es, voire sculpturales, des th\u00e8mes bizarres et des points de vue picturaux originaux sont caract\u00e9ristiques de son \u0153uvre, qui a d'abord \u00e9t\u00e9 r\u00e9introduite dans le d\u00e9bat par une historiographie de l'art d'inspiration essentiellement f\u00e9ministe. La r\u00e9trospective qui se tient actuellement aux Deichtorhallen, du 21 juin au 21 septembre 2013, et qui avait \u00e9t\u00e9 pr\u00e9sent\u00e9e auparavant \u00e0 la Neue Galerie de Graz, en est la preuve.<br \/>\nLe pr\u00e9sent livre, \u00e9dit\u00e9 par Andrea Madesta, a \u00e9t\u00e9 publi\u00e9 \u00e0 l'occasion de l'exposition \"K\u00f6rperbilder\" (body awarness painting) \u00e0 Klagenfurt au printemps 2006 et a \u00e9t\u00e9 imm\u00e9diatement \u00e9puis\u00e9 dans le commerce. A l'occasion de l'exposition \u00e0 Hambourg, nous avons r\u00e9ussi \u00e0 remettre en vente le reste de l'\u00e9dition qui \u00e9tait rest\u00e9 en Carinthie, ce qui nous permet de le proposer maintenant. Ce volume tr\u00e8s attrayant, qui donne un aper\u00e7u complet de l'ensemble de l'\u0153uvre de l'artiste, constitue une excellente introduction.<\/p>","protected":false},"excerpt":{"rendered":"<p>Catalogue d'exposition, \u00e9dit\u00e9 et avec un texte d'introduction (all.\/ang.) par Andrea Madesta<br \/>\n136 p. avec 113 illustrations en couleur<br \/>\nFormat 31 x 24 cm, couverture rigide avec jaquette et deux planches \u00e0 rabats<\/p>","protected":false},"featured_media":5059,"template":"","meta":[],"product_brand":[],"product_cat":[109,69,90],"product_tag":[],"class_list":{"0":"post-3646","1":"product","2":"type-product","3":"status-publish","4":"has-post-thumbnail","6":"product_cat-109","7":"product_cat-l","8":"product_cat-rare-books","10":"first","11":"instock","12":"taxable","13":"shipping-taxable","14":"purchasable","15":"product-type-simple"},"aioseo_notices":[],"_wp_attached_file":null,"_wp_attachment_metadata":null,"_wc_attachment_source":null,"_elementor_inline_svg":null,"_elementor_is_screenshot":null,"_elementor_source_image_hash":null,"_source_url":null,"_wp_attachment_context":null,"_menu_item_type":null,"_menu_item_menu_item_parent":null,"_menu_item_object_id":null,"_menu_item_object":null,"_menu_item_target":null,"_menu_item_classes":null,"_menu_item_xfn":null,"_menu_item_url":null,"__elementor_forms_snapshot":null,"_unit":"","_unit_base":"","_unit_product":"","_unit_price_auto":"no","_unit_price_regular":"","_unit_price":"","_unit_price_sale":"","_sale_price_label":"","_sale_price_regular_label":"","_manufacturer_slug":"","_mini_desc":"","_defect_description":"","_safety_instructions":"","_allergen_ids":[],"_warranty_attachment_id":"","_safety_attachment_ids":[],"_min_age":"","_ts_gtin":"","_ts_mpn":"","_delivery_time_countries":[],"_free_shipping":"no","_service":"no","_photovoltaic_system":"no","_used_good":"no","_defective_copy":"no","_wireless_electronic_device":"no","_device_contains_power_supply":"no","_device_charging_supports_usb_pd":"no","_device_charging_watt_min":"0","_device_charging_watt_max":"0","_is_food":"no","_differential_taxation":"no","_gzd_version":"3.18.7","_hs_code":"","_customs_description":"","_manufacture_country":"0","_is_non_returnable":"no","_shipping_length":"","_shipping_width":"","_shipping_height":"","_sku":"ISBN 978-3-936859-37-9","_global_unique_id":"978-3-936859-37-9","_regular_price":"68","total_sales":"0","_tax_status":"taxable","_tax_class":"","_manage_stock":"no","_backorders":"no","_sold_individually":"no","_weight":"2","_virtual":"no","_downloadable":"no","_download_limit":"-1","_download_expiry":"-1","_stock":"","_stock_status":"instock","_wc_average_rating":"0","_wc_review_count":"0","_product_version":"9.7.1","_price":"68","shopengine_product_views_count":"2803","_thumbnail_id":"5059","_product_attributes":{"erscheinungsdatum":{"name":"Erscheinungsdatum","value":"16.02.2006","position":0,"is_visible":1,"is_variation":0,"is_taxonomy":0,"checkout_visible":0}},"_nutrient_ids":[],"_upsell_ids":null,"pswc_subtitle":null,"_default_delivery_time":"","_wp_desired_post_slug":null,"_isbn":null,"pageType":null,"isExternalUrl":null,"pageId":null,"externalUrl":null,"hideCookieBanner":null,"isTargetBlank":null,"isProviderCurrentWebsite":null,"isEmbeddingOnlyExternalResources":null,"legalBasis":null,"dataProcessingInCountries":null,"dataProcessingInCountriesSpecialTreatments":null,"technicalDefinitions":null,"googleConsentModeConsentTypes":null,"executePriority":null,"executeCodeOptInWhenNoTagManagerConsentIsGiven":null,"executeCodeOptOutWhenNoTagManagerConsentIsGiven":null,"deleteTechnicalDefinitionsAfterOptOut":null,"presetId":null,"presetVersion":null,"provider":null,"providerContactPhone":null,"providerContactEmail":null,"providerContactLink":null,"uniqueName":null,"providerPrivacyPolicyUrl":null,"providerLegalNoticeUrl":null,"codeOptIn":null,"codeOptOut":null,"codeOnPageLoad":null,"language_code":null,"shopengine_template__post_meta__type":null,"shopengine_template__post_meta":null,"shopengine_template__post_meta__edit_with":null,"origin":null,"_enabled":null,"_filters":null,"_layout":null,"_elementor_import_session_id":null,"_wp_trash_meta_status":null,"_wp_trash_meta_time":null,"_edit_lock":"1743514059:2","_elementor_floating_elements_type":null,"_elementor_edit_mode":null,"_elementor_template_type":null,"tc-thumb-fld":{"_thumb_id":5059,"_thumb_type":"thumb"},"_wp_page_template":"default","_elementor_version":null,"_elementor_pro_version":null,"_elementor_page_settings":null,"_elementor_data":null,"_elementor_conditions":null,"_elementor_popup_display_settings":null,"_edit_last":"2","_elementor_template_sub_type":null,"_elementor_controls_usage":null,"_elementor_screenshot":null,"_elementor_css":null,"_elementor_page_assets":[],"_elementor_element_cache":null,"_elementor_screenshot_failed":null,"_elementor_source":null,"_wp_old_date":null,"layout_key":"","post_slider_check_key":"0","_links":{"self":[{"href":"https:\/\/snoeck.de\/fr\/wp-json\/wp\/v2\/product\/3646","targetHints":{"allow":["GET"]}}],"collection":[{"href":"https:\/\/snoeck.de\/fr\/wp-json\/wp\/v2\/product"}],"about":[{"href":"https:\/\/snoeck.de\/fr\/wp-json\/wp\/v2\/types\/product"}],"wp:featuredmedia":[{"embeddable":true,"href":"https:\/\/snoeck.de\/fr\/wp-json\/wp\/v2\/media\/5059"}],"wp:attachment":[{"href":"https:\/\/snoeck.de\/fr\/wp-json\/wp\/v2\/media?parent=3646"}],"wp:term":[{"taxonomy":"product_brand","embeddable":true,"href":"https:\/\/snoeck.de\/fr\/wp-json\/wp\/v2\/product_brand?post=3646"},{"taxonomy":"product_cat","embeddable":true,"href":"https:\/\/snoeck.de\/fr\/wp-json\/wp\/v2\/product_cat?post=3646"},{"taxonomy":"product_tag","embeddable":true,"href":"https:\/\/snoeck.de\/fr\/wp-json\/wp\/v2\/product_tag?post=3646"}],"curies":[{"name":"wp","href":"https:\/\/api.w.org\/{rel}","templated":true}]}}