{"id":3648,"date":"2025-01-31T11:31:14","date_gmt":"2025-01-31T11:31:14","guid":{"rendered":"https:\/\/snoeck.process-vision.de\/shop\/julian-lethbridge\/"},"modified":"2026-04-08T15:14:17","modified_gmt":"2026-04-08T14:14:17","slug":"julian-lethbridge","status":"publish","type":"product","link":"https:\/\/snoeck.de\/fr\/shop\/julian-lethbridge\/","title":{"rendered":"Julian Lethbridge"},"content":{"rendered":"<h3>OKAY = America !<\/h3>\n<p>L'abstraction gestuelle en all-over est de bout en bout une peinture typiquement am\u00e9ricaine. Affirmer cela pourrait susciter un malaise, voire une alerte, dans la p\u00e9riode actuelle, sans doute la plus chauvine de l'histoire de notre nation depuis de nombreuses d\u00e9cennies - s'il n'y avait pas le fait que l'artiste dont je vais parler est n\u00e9 \u00e0 Ceylan et a grandi en Grande-Bretagne. Il est donc new-yorkais depuis 1972, ce qui fait de son histoire, celle de Julian Lethbridge, une histoire d'immigration typiquement am\u00e9ricaine - ce qui signifie : r\u00e9ussie. En dehors de la population am\u00e9ricaine indig\u00e8ne, \"nous\" sommes tous venus de quelque part, pour les raisons les plus diverses et aux \u00e9poques les plus vari\u00e9es, en tissant, en variant et en structurant de mani\u00e8re marmor\u00e9enne la culture de ce pays de mani\u00e8re miraculeuse. En g\u00e9n\u00e9ral, la rubrique \"All-over-American-type-painting\" englobe un large spectre de l'art apr\u00e8s 1950 - il s'agit certainement d'un arc plus large que celui voulu par Clement Greenberg, le cr\u00e9ateur du terme - qui va de Jackson Pollock, Philip Guston et Willem de Kooning \u00e0 Jasper Johns et Cy Twombly. Le d\u00e9nominateur commun se cache dans le principe de travail selon lequel l'amalgame de signes qui \u00e9voque une apparence plus ou moins figurative ou po\u00e9tique - parfois, comme chez Johns, il en r\u00e9sulte une apparence tout \u00e0 fait prosa\u00efque - se suffit \u00e0 lui-m\u00eame en tant qu'image. (...)<br \/>\nLa densit\u00e9 visuelle et tactile des plus grandes de ces images (r\u00e9centes) ne ressemble en rien \u00e0 ce que l'on a pu voir dans les travaux ant\u00e9rieurs de Lethbridge. Il est possible qu'elles marquent un tournant dans son \u0153uvre, qui avait jusqu'\u00e0 pr\u00e9sent subi une transformation continue, \u00e9tape par \u00e9tape. Mais pour l'instant, je me contente de prendre les images actuelles de Lethbridge pour ce qu'elles sont, plut\u00f4t que de les interpr\u00e9ter comme des signes avant-coureurs de ce qui va suivre. Expression d'une sensibilit\u00e9 instinctivement r\u00e9serv\u00e9e, aussi r\u00e9fl\u00e9chie que disciplin\u00e9e, mais - de mani\u00e8re totalement non apolog\u00e9tique - h\u00e9doniste, ses toiles subjuguent et attirent par leur raffinement, \u00e0 la fois fascinant et facile d'acc\u00e8s pour quiconque dispose de la combinaison requise de patience et de d\u00e9sir. Dans l'ensemble et sur le long terme, ces tableaux sont des machines en perp\u00e9tuel mouvement, dont la dynamique tourbillonnante annonce que la peinture all-over-american-type est une parenth\u00e8se loin d'\u00eatre close dans l'histoire de l'art moderne, c'est-\u00e0-dire un pensum qui attend d'\u00eatre continuellement travaill\u00e9. (Extrait du texte de Robert Storr)<\/p>","protected":false},"excerpt":{"rendered":"<p>\u00c9dit\u00e9 par Contemporary Fine Arts Berlin, Bruno Brunnet et Nicole Hackert<br \/>\nTexte (eng.) de Robert Storr, interview (eng.) de Camila McHugh<br \/>\n64 p. avec 44 illustrations en couleur<br \/>\nformat 28 x 20,5 cm, couverture rigide<br \/>\n978-3-86442-231-7<\/p>","protected":false},"featured_media":5061,"template":"","meta":[],"product_brand":[],"product_cat":[95],"product_tag":[],"class_list":{"0":"post-3648","1":"product","2":"type-product","3":"status-publish","4":"has-post-thumbnail","6":"product_cat-vergriffen","8":"first","9":"outofstock","10":"taxable","11":"shipping-taxable","12":"product-type-simple"},"aioseo_notices":[],"_wp_attached_file":null,"_wp_attachment_metadata":null,"_wc_attachment_source":null,"_elementor_inline_svg":null,"_elementor_is_screenshot":null,"_elementor_source_image_hash":null,"_source_url":null,"_wp_attachment_context":null,"_menu_item_type":null,"_menu_item_menu_item_parent":null,"_menu_item_object_id":null,"_menu_item_object":null,"_menu_item_target":null,"_menu_item_classes":null,"_menu_item_xfn":null,"_menu_item_url":null,"__elementor_forms_snapshot":null,"_unit":"","_unit_base":"","_unit_product":"","_unit_price_auto":"no","_unit_price_regular":"","_unit_price":"","_unit_price_sale":"","_sale_price_label":"","_sale_price_regular_label":"","_manufacturer_slug":"","_mini_desc":"","_defect_description":"","_safety_instructions":"","_allergen_ids":[],"_warranty_attachment_id":"","_safety_attachment_ids":[],"_min_age":"","_ts_gtin":"","_ts_mpn":"","_delivery_time_countries":[],"_free_shipping":"no","_service":"no","_photovoltaic_system":"no","_used_good":"no","_defective_copy":"no","_wireless_electronic_device":"no","_device_contains_power_supply":"no","_device_charging_supports_usb_pd":"no","_device_charging_watt_min":"0","_device_charging_watt_max":"0","_is_food":"no","_differential_taxation":"no","_gzd_version":"3.18.7","_hs_code":"","_customs_description":"","_manufacture_country":"0","_is_non_returnable":"no","_shipping_length":"","_shipping_width":"","_shipping_height":"","_sku":"ISBN 978-3-86442-231-7","_global_unique_id":"978-3-86442-231-7","_regular_price":null,"total_sales":"0","_tax_status":"taxable","_tax_class":"","_manage_stock":"no","_backorders":"no","_sold_individually":"no","_weight":"1","_virtual":"no","_downloadable":"no","_download_limit":"-1","_download_expiry":"-1","_stock":"","_stock_status":"outofstock","_wc_average_rating":"0","_wc_review_count":"0","_product_version":"10.1.4","_price":"","shopengine_product_views_count":"2785","_thumbnail_id":"5061","_product_attributes":{"erscheinungsdatum":{"name":"Date de publication","value":"04.01.2018","position":0,"is_visible":1,"is_variation":0,"is_taxonomy":0,"checkout_visible":0}},"_nutrient_ids":[],"_upsell_ids":null,"pswc_subtitle":null,"_default_delivery_time":null,"_wp_desired_post_slug":null,"_isbn":null,"pageType":null,"isExternalUrl":null,"pageId":null,"externalUrl":null,"hideCookieBanner":null,"isTargetBlank":null,"isProviderCurrentWebsite":null,"isEmbeddingOnlyExternalResources":null,"legalBasis":null,"dataProcessingInCountries":null,"dataProcessingInCountriesSpecialTreatments":null,"technicalDefinitions":null,"googleConsentModeConsentTypes":null,"executePriority":null,"executeCodeOptInWhenNoTagManagerConsentIsGiven":null,"executeCodeOptOutWhenNoTagManagerConsentIsGiven":null,"deleteTechnicalDefinitionsAfterOptOut":null,"presetId":null,"presetVersion":null,"provider":null,"providerContactPhone":null,"providerContactEmail":null,"providerContactLink":null,"uniqueName":null,"providerPrivacyPolicyUrl":null,"providerLegalNoticeUrl":null,"codeOptIn":null,"codeOptOut":null,"codeOnPageLoad":null,"language_code":null,"shopengine_template__post_meta__type":null,"shopengine_template__post_meta":null,"shopengine_template__post_meta__edit_with":null,"origin":null,"_enabled":null,"_filters":null,"_layout":null,"_elementor_import_session_id":null,"_wp_trash_meta_status":null,"_wp_trash_meta_time":null,"_edit_lock":"1743513518:2","_elementor_floating_elements_type":null,"_elementor_edit_mode":null,"_elementor_template_type":null,"tc-thumb-fld":{"_thumb_id":5061,"_thumb_type":"thumb"},"_wp_page_template":"default","_elementor_version":null,"_elementor_pro_version":null,"_elementor_page_settings":null,"_elementor_data":null,"_elementor_conditions":null,"_elementor_popup_display_settings":null,"_edit_last":"2","_elementor_template_sub_type":null,"_elementor_controls_usage":null,"_elementor_screenshot":null,"_elementor_css":null,"_elementor_page_assets":[],"_elementor_element_cache":null,"_elementor_screenshot_failed":null,"_elementor_source":null,"_wp_old_date":null,"layout_key":"","post_slider_check_key":"0","_links":{"self":[{"href":"https:\/\/snoeck.de\/fr\/wp-json\/wp\/v2\/product\/3648","targetHints":{"allow":["GET"]}}],"collection":[{"href":"https:\/\/snoeck.de\/fr\/wp-json\/wp\/v2\/product"}],"about":[{"href":"https:\/\/snoeck.de\/fr\/wp-json\/wp\/v2\/types\/product"}],"wp:featuredmedia":[{"embeddable":true,"href":"https:\/\/snoeck.de\/fr\/wp-json\/wp\/v2\/media\/5061"}],"wp:attachment":[{"href":"https:\/\/snoeck.de\/fr\/wp-json\/wp\/v2\/media?parent=3648"}],"wp:term":[{"taxonomy":"product_brand","embeddable":true,"href":"https:\/\/snoeck.de\/fr\/wp-json\/wp\/v2\/product_brand?post=3648"},{"taxonomy":"product_cat","embeddable":true,"href":"https:\/\/snoeck.de\/fr\/wp-json\/wp\/v2\/product_cat?post=3648"},{"taxonomy":"product_tag","embeddable":true,"href":"https:\/\/snoeck.de\/fr\/wp-json\/wp\/v2\/product_tag?post=3648"}],"curies":[{"name":"wp","href":"https:\/\/api.w.org\/{rel}","templated":true}]}}