{"id":3649,"date":"2025-01-31T11:31:14","date_gmt":"2025-01-31T11:31:14","guid":{"rendered":"https:\/\/snoeck.process-vision.de\/shop\/life-forms-essays-on-the-artwork-of-andreas-greiner-and-the-display-synthesis-and-simulation-of-life\/"},"modified":"2026-04-08T15:21:58","modified_gmt":"2026-04-08T14:21:58","slug":"life-forms-essays-on-the-artwork-of-andreas-greiner-and-the-display-synthesis-and-simulation-of-life","status":"publish","type":"product","link":"https:\/\/snoeck.de\/fr\/shop\/life-forms-essays-on-the-artwork-of-andreas-greiner-and-the-display-synthesis-and-simulation-of-life\/","title":{"rendered":"FORMES DE LA VIE. Essais sur l'art d'Andreas Greiner, et l'affichage, la synth\u00e8se et la simulation de la vie."},"content":{"rendered":"<h3>L'art d'Andreas Greiner \u00e0 l'interface des sciences de la vie<\/h3>\n<p>Quelles formes prend la vie artificielle ? Comment l'homme intervient-il aujourd'hui dans les processus de croissance par le biais de la biologie synth\u00e9tique ? Comment le rapport entre nature et culture s'en trouve-t-il modifi\u00e9 ? Et quelle est la place de l'art \u00e0 l'\u00e8re de l'anthropoc\u00e8ne ? Ces questions sont au c\u0153ur de l'\u0153uvre d'Andreas Greiner (*1979), dans laquelle il remet en question les rapports entre nature\/technique\/culture\/art d'un point de vue \u00e9thique, social, soci\u00e9tal et \u00e9cologique. Le volume met en dialogue les travaux artistiques d'Andreas Greiner avec des scientifiques et des experts de diff\u00e9rentes disciplines comme la physique, l'informatique, la biologie, la musique et l'architecture. Cela conduit aux interfaces et \u00e9voque les questions int\u00e9grales auxquelles s'int\u00e9resse l'artiste, qui sont plus urgentes que jamais apr\u00e8s les sauts quantiques observ\u00e9s dans le domaine m\u00e9dico-biologique, comme le g\u00e9nie g\u00e9n\u00e9tique.<\/p>","protected":false},"excerpt":{"rendered":"<p>\u00c9dit\u00e9 par Carson Chan<br \/>\nTextes (eng.) de Gregory Cartelli, Ryan Roark, Jennifer Schnepf, Ursula Str\u00f6bele, Mareike Vennen, J. Craig Venter, Olivier Zeitoun et synopsis en allemand de Stefan Vicedom<br \/>\n232 p. avec 250 illustrations en couleur et 70 en noir et blanc<br \/>\n250 x 200 mm, brochure suisse<\/p>","protected":false},"featured_media":5062,"template":"","meta":[],"product_brand":[],"product_cat":[95],"product_tag":[],"class_list":{"0":"post-3649","1":"product","2":"type-product","3":"status-publish","4":"has-post-thumbnail","6":"product_cat-vergriffen","8":"first","9":"outofstock","10":"taxable","11":"shipping-taxable","12":"product-type-simple"},"aioseo_notices":[],"_wp_attached_file":null,"_wp_attachment_metadata":null,"_wc_attachment_source":null,"_elementor_inline_svg":null,"_elementor_is_screenshot":null,"_elementor_source_image_hash":null,"_source_url":null,"_wp_attachment_context":null,"_menu_item_type":null,"_menu_item_menu_item_parent":null,"_menu_item_object_id":null,"_menu_item_object":null,"_menu_item_target":null,"_menu_item_classes":null,"_menu_item_xfn":null,"_menu_item_url":null,"__elementor_forms_snapshot":null,"_unit":"","_unit_base":"","_unit_product":"","_unit_price_auto":"no","_unit_price_regular":"","_unit_price":"","_unit_price_sale":"","_sale_price_label":"","_sale_price_regular_label":"","_manufacturer_slug":"","_mini_desc":"","_defect_description":"","_safety_instructions":"","_allergen_ids":[],"_warranty_attachment_id":"","_safety_attachment_ids":[],"_min_age":"","_ts_gtin":"","_ts_mpn":"","_delivery_time_countries":[],"_free_shipping":"no","_service":"no","_photovoltaic_system":"no","_used_good":"no","_defective_copy":"no","_wireless_electronic_device":"no","_device_contains_power_supply":"no","_device_charging_supports_usb_pd":"no","_device_charging_watt_min":"0","_device_charging_watt_max":"0","_is_food":"no","_differential_taxation":"no","_gzd_version":"3.18.7","_hs_code":"","_customs_description":"","_manufacture_country":"0","_is_non_returnable":"no","_shipping_length":"","_shipping_width":"","_shipping_height":"","_sku":"ISBN 978-3-86442-309-3","_global_unique_id":"978-3-86442-309-3","_regular_price":null,"total_sales":"0","_tax_status":"taxable","_tax_class":"","_manage_stock":"no","_backorders":"no","_sold_individually":"no","_weight":"1","_virtual":"no","_downloadable":"no","_download_limit":"-1","_download_expiry":"-1","_stock":"","_stock_status":"outofstock","_wc_average_rating":"0","_wc_review_count":"0","_product_version":"10.1.4","_price":"","shopengine_product_views_count":"3193","_thumbnail_id":"5062","_product_attributes":{"erscheinungsdatum":{"name":"Erscheinungsdatum","value":"08.04.2020","position":0,"is_visible":1,"is_variation":0,"is_taxonomy":0,"checkout_visible":0}},"_nutrient_ids":[],"_upsell_ids":null,"pswc_subtitle":null,"_default_delivery_time":null,"_wp_desired_post_slug":null,"_isbn":null,"pageType":null,"isExternalUrl":null,"pageId":null,"externalUrl":null,"hideCookieBanner":null,"isTargetBlank":null,"isProviderCurrentWebsite":null,"isEmbeddingOnlyExternalResources":null,"legalBasis":null,"dataProcessingInCountries":null,"dataProcessingInCountriesSpecialTreatments":null,"technicalDefinitions":null,"googleConsentModeConsentTypes":null,"executePriority":null,"executeCodeOptInWhenNoTagManagerConsentIsGiven":null,"executeCodeOptOutWhenNoTagManagerConsentIsGiven":null,"deleteTechnicalDefinitionsAfterOptOut":null,"presetId":null,"presetVersion":null,"provider":null,"providerContactPhone":null,"providerContactEmail":null,"providerContactLink":null,"uniqueName":null,"providerPrivacyPolicyUrl":null,"providerLegalNoticeUrl":null,"codeOptIn":null,"codeOptOut":null,"codeOnPageLoad":null,"language_code":null,"shopengine_template__post_meta__type":null,"shopengine_template__post_meta":null,"shopengine_template__post_meta__edit_with":null,"origin":null,"_enabled":null,"_filters":null,"_layout":null,"_elementor_import_session_id":null,"_wp_trash_meta_status":null,"_wp_trash_meta_time":null,"_edit_lock":"1743513608:2","_elementor_floating_elements_type":null,"_elementor_edit_mode":null,"_elementor_template_type":null,"tc-thumb-fld":{"_thumb_id":5062,"_thumb_type":"thumb"},"_wp_page_template":"default","_elementor_version":null,"_elementor_pro_version":null,"_elementor_page_settings":null,"_elementor_data":null,"_elementor_conditions":null,"_elementor_popup_display_settings":null,"_edit_last":"2","_elementor_template_sub_type":null,"_elementor_controls_usage":null,"_elementor_screenshot":null,"_elementor_css":null,"_elementor_page_assets":[],"_elementor_element_cache":null,"_elementor_screenshot_failed":null,"_elementor_source":null,"_wp_old_date":null,"layout_key":"","post_slider_check_key":"0","_links":{"self":[{"href":"https:\/\/snoeck.de\/fr\/wp-json\/wp\/v2\/product\/3649","targetHints":{"allow":["GET"]}}],"collection":[{"href":"https:\/\/snoeck.de\/fr\/wp-json\/wp\/v2\/product"}],"about":[{"href":"https:\/\/snoeck.de\/fr\/wp-json\/wp\/v2\/types\/product"}],"wp:featuredmedia":[{"embeddable":true,"href":"https:\/\/snoeck.de\/fr\/wp-json\/wp\/v2\/media\/5062"}],"wp:attachment":[{"href":"https:\/\/snoeck.de\/fr\/wp-json\/wp\/v2\/media?parent=3649"}],"wp:term":[{"taxonomy":"product_brand","embeddable":true,"href":"https:\/\/snoeck.de\/fr\/wp-json\/wp\/v2\/product_brand?post=3649"},{"taxonomy":"product_cat","embeddable":true,"href":"https:\/\/snoeck.de\/fr\/wp-json\/wp\/v2\/product_cat?post=3649"},{"taxonomy":"product_tag","embeddable":true,"href":"https:\/\/snoeck.de\/fr\/wp-json\/wp\/v2\/product_tag?post=3649"}],"curies":[{"name":"wp","href":"https:\/\/api.w.org\/{rel}","templated":true}]}}