{"id":3650,"date":"2025-01-31T11:31:15","date_gmt":"2025-01-31T11:31:15","guid":{"rendered":"https:\/\/snoeck.process-vision.de\/shop\/kalin-lindena\/"},"modified":"2025-04-01T13:14:49","modified_gmt":"2025-04-01T13:14:49","slug":"kalin-lindena","status":"publish","type":"product","link":"https:\/\/snoeck.de\/fr\/shop\/kalin-lindena\/","title":{"rendered":"Kalin Lindena"},"content":{"rendered":"<h3>Penser dans l'ex\u00e9cution<\/h3>\n<p>Kalin Lindena appelle ses interventions artistiques \"un geste\". Des lignes de mouvement d\u00e9coup\u00e9es dans l'espace et enroul\u00e9es en forme. Des formes, des objets, des travaux qui sont aussi la trace d'un parcours plut\u00f4t inhabituel pour une professeure de l'Acad\u00e9mie des beaux-arts : L'origine de l'\u0153uvre de Lindena se trouve dans le grafitti. \"L'artiste qui pulv\u00e9rise\", tel \u00e9tait le titre ambigu d'un article sur elle en 2015. Avant d'\u00e9tudier \u00e0 la HBK de Braunschweig avec Hartmut Neumann, Johannes Brus et Walter Dahn, elle \u00e9tait sprayeur dans les rues de Hanovre. Et m\u00eame si, depuis 2014, elle encadre et dirige elle-m\u00eame une classe de peinture \u00e0 Karlsruhe, cette origine se perp\u00e9tue dans le travail artistique de Lindena. En tant que technique et sous-culture, le graffiti marque sa pratique et sa perception de soi. Une empreinte qui ne se manifeste pas par une esth\u00e9tique ext\u00e9rieurement accrocheuse, mais qui devient surtout reconnaissable lorsqu'on cherche \u00e0 comprendre les travaux de peinture et de sculpture, les installations et les performances comme, oui, justement, des gestes. Le geste renvoie ici plut\u00f4t au mode de cr\u00e9ation des travaux de Lindena. Celui qui peint de mani\u00e8re gestuelle, peint dans l'espace comme dans le graffiti. Car contrairement au crayon ou au fusain sur papier, chaque ligne devient forc\u00e9ment un mouvement du corps entier lors de la pulv\u00e9risation. Et en cela, il devient aussi sa trace. Le geste n'est pas un simple moyen, il n'est pas seulement l'expression d'une id\u00e9e, d'une pens\u00e9e d\u00e9j\u00e0 achev\u00e9e. Il est la pens\u00e9e en action !<\/p>\n<p>Exposition :<br \/>\nGalerie municipale de Karlsruhe, 1\/12\/2024 - 27\/4\/2025<\/p>","protected":false},"excerpt":{"rendered":"<p>Catalogue d'exposition, \u00e9dit\u00e9 par le cercle de soutien de la St\u00e4dtische Galerie Karlsruhe<br \/>\nTexte (all.\/angl.) de Fabian Goppelsr\u00f6der<br \/>\n96 p. avec 40 illustrations en couleur<br \/>\nformat 32 x 24 cm, broch\u00e9<\/p>","protected":false},"featured_media":5063,"template":"","meta":[],"product_brand":[],"product_cat":[88,69],"product_tag":[],"class_list":{"0":"post-3650","1":"product","2":"type-product","3":"status-publish","4":"has-post-thumbnail","6":"product_cat-88","7":"product_cat-l","9":"first","10":"instock","11":"taxable","12":"shipping-taxable","13":"purchasable","14":"product-type-simple"},"aioseo_notices":[],"_wp_attached_file":null,"_wp_attachment_metadata":null,"_wc_attachment_source":null,"_elementor_inline_svg":null,"_elementor_is_screenshot":null,"_elementor_source_image_hash":null,"_source_url":null,"_wp_attachment_context":null,"_menu_item_type":null,"_menu_item_menu_item_parent":null,"_menu_item_object_id":null,"_menu_item_object":null,"_menu_item_target":null,"_menu_item_classes":null,"_menu_item_xfn":null,"_menu_item_url":null,"__elementor_forms_snapshot":null,"_unit":"","_unit_base":"","_unit_product":"","_unit_price_auto":"no","_unit_price_regular":"","_unit_price":"","_unit_price_sale":"","_sale_price_label":"","_sale_price_regular_label":"","_manufacturer_slug":"","_mini_desc":"","_defect_description":"","_safety_instructions":"","_allergen_ids":[],"_warranty_attachment_id":"","_safety_attachment_ids":[],"_min_age":"","_ts_gtin":"","_ts_mpn":"","_delivery_time_countries":[],"_free_shipping":"no","_service":"no","_photovoltaic_system":"no","_used_good":"no","_defective_copy":"no","_wireless_electronic_device":"no","_device_contains_power_supply":"no","_device_charging_supports_usb_pd":"no","_device_charging_watt_min":"0","_device_charging_watt_max":"0","_is_food":"no","_differential_taxation":"no","_gzd_version":"3.18.7","_hs_code":"","_customs_description":"","_manufacture_country":"0","_is_non_returnable":"no","_shipping_length":"","_shipping_width":"","_shipping_height":"","_sku":"ISBN 978-3-86442-456-4","_global_unique_id":"978-3-86442-456-4","_regular_price":"29.8","total_sales":"0","_tax_status":"taxable","_tax_class":"","_manage_stock":"no","_backorders":"no","_sold_individually":"no","_weight":"1","_virtual":"no","_downloadable":"no","_download_limit":"-1","_download_expiry":"-1","_stock":"","_stock_status":"instock","_wc_average_rating":"0","_wc_review_count":"0","_product_version":"9.7.1","_price":"29.8","shopengine_product_views_count":"3908","_thumbnail_id":"5063","_product_attributes":{"erscheinungsdatum":{"name":"Date de publication","value":"02.12.2024","position":0,"is_visible":1,"is_variation":0,"is_taxonomy":0,"checkout_visible":0}},"_nutrient_ids":[],"_upsell_ids":null,"pswc_subtitle":null,"_default_delivery_time":null,"_wp_desired_post_slug":null,"_isbn":null,"pageType":null,"isExternalUrl":null,"pageId":null,"externalUrl":null,"hideCookieBanner":null,"isTargetBlank":null,"isProviderCurrentWebsite":null,"isEmbeddingOnlyExternalResources":null,"legalBasis":null,"dataProcessingInCountries":null,"dataProcessingInCountriesSpecialTreatments":null,"technicalDefinitions":null,"googleConsentModeConsentTypes":null,"executePriority":null,"executeCodeOptInWhenNoTagManagerConsentIsGiven":null,"executeCodeOptOutWhenNoTagManagerConsentIsGiven":null,"deleteTechnicalDefinitionsAfterOptOut":null,"presetId":null,"presetVersion":null,"provider":null,"providerContactPhone":null,"providerContactEmail":null,"providerContactLink":null,"uniqueName":null,"providerPrivacyPolicyUrl":null,"providerLegalNoticeUrl":null,"codeOptIn":null,"codeOptOut":null,"codeOnPageLoad":null,"language_code":null,"shopengine_template__post_meta__type":null,"shopengine_template__post_meta":null,"shopengine_template__post_meta__edit_with":null,"origin":null,"_enabled":null,"_filters":null,"_layout":null,"_elementor_import_session_id":null,"_wp_trash_meta_status":null,"_wp_trash_meta_time":null,"_edit_lock":"1743513151:2","_elementor_floating_elements_type":null,"_elementor_edit_mode":null,"_elementor_template_type":null,"tc-thumb-fld":{"_thumb_id":5063,"_thumb_type":"thumb"},"_wp_page_template":"default","_elementor_version":null,"_elementor_pro_version":null,"_elementor_page_settings":null,"_elementor_data":null,"_elementor_conditions":null,"_elementor_popup_display_settings":null,"_edit_last":"2","_elementor_template_sub_type":null,"_elementor_controls_usage":null,"_elementor_screenshot":null,"_elementor_css":null,"_elementor_page_assets":[],"_elementor_element_cache":null,"_elementor_screenshot_failed":null,"_elementor_source":null,"_wp_old_date":null,"layout_key":"","post_slider_check_key":"0","_links":{"self":[{"href":"https:\/\/snoeck.de\/fr\/wp-json\/wp\/v2\/product\/3650","targetHints":{"allow":["GET"]}}],"collection":[{"href":"https:\/\/snoeck.de\/fr\/wp-json\/wp\/v2\/product"}],"about":[{"href":"https:\/\/snoeck.de\/fr\/wp-json\/wp\/v2\/types\/product"}],"wp:featuredmedia":[{"embeddable":true,"href":"https:\/\/snoeck.de\/fr\/wp-json\/wp\/v2\/media\/5063"}],"wp:attachment":[{"href":"https:\/\/snoeck.de\/fr\/wp-json\/wp\/v2\/media?parent=3650"}],"wp:term":[{"taxonomy":"product_brand","embeddable":true,"href":"https:\/\/snoeck.de\/fr\/wp-json\/wp\/v2\/product_brand?post=3650"},{"taxonomy":"product_cat","embeddable":true,"href":"https:\/\/snoeck.de\/fr\/wp-json\/wp\/v2\/product_cat?post=3650"},{"taxonomy":"product_tag","embeddable":true,"href":"https:\/\/snoeck.de\/fr\/wp-json\/wp\/v2\/product_tag?post=3650"}],"curies":[{"name":"wp","href":"https:\/\/api.w.org\/{rel}","templated":true}]}}