{"id":3654,"date":"2025-01-31T11:31:17","date_gmt":"2025-01-31T11:31:17","guid":{"rendered":"https:\/\/snoeck.process-vision.de\/shop\/markus-luepertz-hauptwege-und-nebenwege\/"},"modified":"2025-04-01T13:10:39","modified_gmt":"2025-04-01T13:10:39","slug":"markus-luepertz-hauptwege-und-nebenwege","status":"publish","type":"product","link":"https:\/\/snoeck.de\/fr\/shop\/markus-luepertz-hauptwege-und-nebenwege\/","title":{"rendered":"Markus L\u00fcpertz : chemins principaux et chemins secondaires"},"content":{"rendered":"<h3>Anti-abstrait<\/h3>\n<p>Markus L\u00fcpertz n'a jamais cru au caract\u00e8re purement repr\u00e9sentatif de l'art, il s'est plut\u00f4t vu, comme il le dit lui-m\u00eame, toujours \"\u00e0 la recherche de l'image possible\" et ne s'est donc senti oblig\u00e9 \u00e0 aucun style. C'est pr\u00e9cis\u00e9ment pour cette raison qu'il a r\u00e9ussi \u00e0 cr\u00e9er ses \u0153uvres librement, de sa propre main, \u00e0 partir d'un grand fonds historique et artistique, \u00e0 cr\u00e9er des images (signes) qui ne peuvent \u00eatre associ\u00e9es qu'\u00e0 lui et qui parlent d'une libert\u00e9 \u00e0 la fois m\u00fbre et \u00e9nergique, consid\u00e9r\u00e9e comme un mod\u00e8le pour l'une ou l'autre g\u00e9n\u00e9ration d'artistes. Ainsi, des coll\u00e8gues plus jeunes comme Peter Doig, Tal R ou Thomas Houseago sont depuis longtemps ses fans.<br \/>\nL'exposition et le livre plus complet se sont donn\u00e9s pour mission de regarder derri\u00e8re le \"grand geste\", de suivre donc de pr\u00e8s le jeu conscient de L\u00fcpertz avec le r\u00f4le de l'artiste et de pr\u00e9senter son travail aux multiples facettes, aussi passionn\u00e9 qu'intellectuel, dans une large s\u00e9lection d'environ 150 peintures et sculptures, dont de nombreuses \u0153uvres de jeunesse encore surprenantes aujourd'hui. Cela va des premi\u00e8res \u0153uvres de la peinture \"dithyrambique\" et \"anti-abstraite\" des ann\u00e9es 1960, proches du pop art, jusqu'aux r\u00e9flexions intensives sur les canons th\u00e9matiques mythologiques et classiques des derni\u00e8res d\u00e9cennies, et est accompagn\u00e9 de mani\u00e8re impressionnante par une importante partie de documents photographiques.<br \/>\nLa r\u00e9trospective \u00e0 la Kunst- und Ausstellungshalle de la R\u00e9publique f\u00e9d\u00e9rale d'Allemagne \u00e0 Bonn s'inscrit dans la continuit\u00e9 des expositions pr\u00e9sent\u00e9es ces vingt derni\u00e8res ann\u00e9es avec les plus grands artistes allemands contemporains et place d\u00e9lib\u00e9r\u00e9ment Markus L\u00fcpertz aux c\u00f4t\u00e9s de Gerhard Richter, Sigmar Polke et Georg Baselitz.<\/p>\n<p>Exposition :<br \/>\nKunst- und Ausstellungshalle der Bundesrepublik Deutschland, Bonn, 09\/10\/2009 - 17\/01\/2010<\/p>","protected":false},"excerpt":{"rendered":"<p>Catalogue d'exposition, Kunst- und Ausstellungshalle der Bundesrepublik Deutschland Bonn, \u00e9d. par Robert Fleck<br \/>\nTextes (all.) d'Eric Darragon, Robert Fleck, Siegfried Gohr, Fabrice Hergott, Werner Hofmann, Richard Shiff<br \/>\n376 p. avec 240 illustrations en couleur, 70 en noir et blanc ainsi qu'un tableau \u00e0 volets<br \/>\nformat 30 x 24,5 cm, reliure demi-chagrin gaufr\u00e9, jaquette doublement pli\u00e9e<\/p>","protected":false},"featured_media":5067,"template":"","meta":[],"product_brand":[],"product_cat":[105,69,90],"product_tag":[],"class_list":{"0":"post-3654","1":"product","2":"type-product","3":"status-publish","4":"has-post-thumbnail","6":"product_cat-105","7":"product_cat-l","8":"product_cat-rare-books","10":"first","11":"instock","12":"taxable","13":"shipping-taxable","14":"purchasable","15":"product-type-simple"},"aioseo_notices":[],"_wp_attached_file":null,"_wp_attachment_metadata":null,"_wc_attachment_source":null,"_elementor_inline_svg":null,"_elementor_is_screenshot":null,"_elementor_source_image_hash":null,"_source_url":null,"_wp_attachment_context":null,"_menu_item_type":null,"_menu_item_menu_item_parent":null,"_menu_item_object_id":null,"_menu_item_object":null,"_menu_item_target":null,"_menu_item_classes":null,"_menu_item_xfn":null,"_menu_item_url":null,"__elementor_forms_snapshot":null,"_unit":"","_unit_base":"","_unit_product":"","_unit_price_auto":"no","_unit_price_regular":"","_unit_price":"","_unit_price_sale":"","_sale_price_label":"","_sale_price_regular_label":"","_manufacturer_slug":"","_mini_desc":"","_defect_description":"","_safety_instructions":"","_allergen_ids":[],"_warranty_attachment_id":"","_safety_attachment_ids":[],"_min_age":"","_ts_gtin":"","_ts_mpn":"","_delivery_time_countries":[],"_free_shipping":"no","_service":"no","_photovoltaic_system":"no","_used_good":"no","_defective_copy":"no","_wireless_electronic_device":"no","_device_contains_power_supply":"no","_device_charging_supports_usb_pd":"no","_device_charging_watt_min":"0","_device_charging_watt_max":"0","_is_food":"no","_differential_taxation":"no","_gzd_version":"3.18.7","_hs_code":"","_customs_description":"","_manufacture_country":"0","_is_non_returnable":"no","_shipping_length":"","_shipping_width":"","_shipping_height":"","_sku":"ISBN 978-3-940953-21-6","_global_unique_id":"978-3-940953-21-6","_regular_price":"148","total_sales":"0","_tax_status":"taxable","_tax_class":"","_manage_stock":"no","_backorders":"no","_sold_individually":"no","_weight":"3","_virtual":"no","_downloadable":"no","_download_limit":"-1","_download_expiry":"-1","_stock":"","_stock_status":"instock","_wc_average_rating":"0","_wc_review_count":"0","_product_version":"9.7.1","_price":"148","shopengine_product_views_count":"3177","_thumbnail_id":"5067","_product_attributes":{"erscheinungsdatum":{"name":"Date de publication","value":"09.10.2010","position":0,"is_visible":1,"is_variation":0,"is_taxonomy":0,"checkout_visible":0}},"_nutrient_ids":[],"_upsell_ids":null,"pswc_subtitle":null,"_default_delivery_time":"","_wp_desired_post_slug":null,"_isbn":null,"pageType":null,"isExternalUrl":null,"pageId":null,"externalUrl":null,"hideCookieBanner":null,"isTargetBlank":null,"isProviderCurrentWebsite":null,"isEmbeddingOnlyExternalResources":null,"legalBasis":null,"dataProcessingInCountries":null,"dataProcessingInCountriesSpecialTreatments":null,"technicalDefinitions":null,"googleConsentModeConsentTypes":null,"executePriority":null,"executeCodeOptInWhenNoTagManagerConsentIsGiven":null,"executeCodeOptOutWhenNoTagManagerConsentIsGiven":null,"deleteTechnicalDefinitionsAfterOptOut":null,"presetId":null,"presetVersion":null,"provider":null,"providerContactPhone":null,"providerContactEmail":null,"providerContactLink":null,"uniqueName":null,"providerPrivacyPolicyUrl":null,"providerLegalNoticeUrl":null,"codeOptIn":null,"codeOptOut":null,"codeOnPageLoad":null,"language_code":null,"shopengine_template__post_meta__type":null,"shopengine_template__post_meta":null,"shopengine_template__post_meta__edit_with":null,"origin":null,"_enabled":null,"_filters":null,"_layout":null,"_elementor_import_session_id":null,"_wp_trash_meta_status":null,"_wp_trash_meta_time":null,"_edit_lock":"1743512906:2","_elementor_floating_elements_type":null,"_elementor_edit_mode":null,"_elementor_template_type":null,"tc-thumb-fld":{"_thumb_id":5067,"_thumb_type":"thumb"},"_wp_page_template":"default","_elementor_version":null,"_elementor_pro_version":null,"_elementor_page_settings":null,"_elementor_data":null,"_elementor_conditions":null,"_elementor_popup_display_settings":null,"_edit_last":"2","_elementor_template_sub_type":null,"_elementor_controls_usage":null,"_elementor_screenshot":null,"_elementor_css":null,"_elementor_page_assets":[],"_elementor_element_cache":null,"_elementor_screenshot_failed":null,"_elementor_source":null,"_wp_old_date":null,"layout_key":"","post_slider_check_key":"0","_links":{"self":[{"href":"https:\/\/snoeck.de\/fr\/wp-json\/wp\/v2\/product\/3654","targetHints":{"allow":["GET"]}}],"collection":[{"href":"https:\/\/snoeck.de\/fr\/wp-json\/wp\/v2\/product"}],"about":[{"href":"https:\/\/snoeck.de\/fr\/wp-json\/wp\/v2\/types\/product"}],"wp:featuredmedia":[{"embeddable":true,"href":"https:\/\/snoeck.de\/fr\/wp-json\/wp\/v2\/media\/5067"}],"wp:attachment":[{"href":"https:\/\/snoeck.de\/fr\/wp-json\/wp\/v2\/media?parent=3654"}],"wp:term":[{"taxonomy":"product_brand","embeddable":true,"href":"https:\/\/snoeck.de\/fr\/wp-json\/wp\/v2\/product_brand?post=3654"},{"taxonomy":"product_cat","embeddable":true,"href":"https:\/\/snoeck.de\/fr\/wp-json\/wp\/v2\/product_cat?post=3654"},{"taxonomy":"product_tag","embeddable":true,"href":"https:\/\/snoeck.de\/fr\/wp-json\/wp\/v2\/product_tag?post=3654"}],"curies":[{"name":"wp","href":"https:\/\/api.w.org\/{rel}","templated":true}]}}