{"id":3657,"date":"2025-01-31T11:31:18","date_gmt":"2025-01-31T11:31:18","guid":{"rendered":"https:\/\/snoeck.process-vision.de\/shop\/produktion-made-in-germany-drei\/"},"modified":"2026-04-08T15:12:50","modified_gmt":"2026-04-08T14:12:50","slug":"produktion-made-in-germany-drei","status":"publish","type":"product","link":"https:\/\/snoeck.de\/fr\/shop\/produktion-made-in-germany-drei\/","title":{"rendered":"La production. Fabriqu\u00e9 en Allemagne Trois"},"content":{"rendered":"<h3>La production. Made in Germany Trois est ouvert !<\/h3>\n<p>Cet \u00e9t\u00e9 2017, \"Produktion. Made in Germany Drei\", qui se d\u00e9roulera dans les trois institutions artistiques Kestner Gesellschaft, Kunstverein Hannover et Sprengel Museum Hannover, portera un regard sur la sc\u00e8ne artistique allemande, riche et vari\u00e9e. La troisi\u00e8me \u00e9dition de \"Made in Germany\" se concentre sur les conditions de production de l'art en Allemagne et sur la mani\u00e8re dont les structures g\u00e9ogra\ufb01ques, politiques et institutionnelles ainsi que les nouvelles technologies cr\u00e9ent des conditions d\u00e9cisives pour la production de l'art. En se concentrant sur les conditions de production actuelles, l'exposition se demande dans quelle mesure la production artistique se red\u00e9\ufb01nit. Au cours des cinq ann\u00e9es qui ont suivi la derni\u00e8re exposition, une g\u00e9n\u00e9ration post-num\u00e9rique a grandi, transformant l'art de mani\u00e8re p\u00e9n\u00e9trante gr\u00e2ce aux nouveaux r\u00e9seaux, aux applications et aux instructions DIY. Dans un paysage artistique dont la densit\u00e9 d'institutions (acad\u00e9mies d'art, \u00e9coles d'art, associations artistiques et mus\u00e9es) reste unique au niveau international, la sc\u00e8ne allemande est l'un des lieux de production les plus agiles de cet art r\u00e9cent. Trois aspects centraux sont toutefois au premier plan de l'exposition et du livre : 1. l'espace dans le sens du lieu de production, du site et de l'environnement ; 2. le temps dans le sens du processus de travail, de la narration et de la vitesse ; 3. la structure de production dans le sens de la coop\u00e9ration et du r\u00e9seau. Les formes d'art \u00e9ph\u00e9m\u00e8res et les installations li\u00e9es \u00e0 l'espace sont en plein essor, les artistes cr\u00e9ent des blogs, des offspaces et des espaces libres pour toutes sortes d'activit\u00e9s. L'extension de leur mobilit\u00e9 globale, l'appartenance \u00e0 diff\u00e9rents groupes d'artistes ainsi que la participation \u00e0 un march\u00e9 de l'art exigeant sont autant d'aspects d'une cr\u00e9ation aux multiples acc\u00e9l\u00e9rations.<\/p>\n<p>Artistes :<br \/>\nKetuta Alexi-Meskhishvili, Olga Balema, Julius von Bismarck, Juliette Blightman, Katinka Bock, BPA- Berlin Program for Artists, Carina Brandes, Das Numen, Henning Fehr &amp; Philipp R\u00fchr, Kasia Fudakoswki, Sascha Hahn, Lena Henke, Calla Henkel &amp; Max Pitegoff, IMPURE FICTION, Daniel Knorr, Schirin Kretschmann, Veit Laurenz Kurz, Oliver Laric, Amy Lien &amp; Enzo Camacho, Lotte Lindner &amp; Till Steinbrenner, lonelyfingers, Peles Empire, Willem de Rooij, Thomas Ruff, Yorgos Sapountzis, Timur Si-Qin, Hito Steyrl, Studio for Propositional Cinema, Raphaela Vogel<\/p>\n<p>Expositions :<br \/>\nKestner Gesellschaft, Kunstverein Hannover, Sprengel Museum Hannover, 3\/6 - 3\/9\/2017<\/p>\n<p>&nbsp;<\/p>","protected":false},"excerpt":{"rendered":"<p>Catalogue d'exposition, \u00e9dit\u00e9 par la Kestner Gesellschaft, le Kunstverein Hannover et le Sprengel Museum Hannover<br \/>\nTextes (all.\/ang.) de Tenzing Barshee, Nikola Dietrich, Timo Feldhaus, Jana Franze, Stefan Gronert, Hans-J\u00fcrgen Hafner, Lisa Mattheis, Dominikus M\u00fcller, Carina Plath, Kathleen Rahn, Gabriele Sand, Elmas Senol, Noemi Smolik, Maik Schl\u00fcter, Ute Stuffer, Milan Ther, Kristina Thieke, Christina V\u00e9gh<br \/>\n308 p. avec 180 illustrations en couleur<br \/>\nformat 27,9 x 21 cm, couverture souple en polymailer<\/p>","protected":false},"featured_media":5070,"template":"","meta":[],"product_brand":[],"product_cat":[95],"product_tag":[],"class_list":{"0":"post-3657","1":"product","2":"type-product","3":"status-publish","4":"has-post-thumbnail","6":"product_cat-vergriffen","8":"first","9":"outofstock","10":"taxable","11":"shipping-taxable","12":"product-type-simple"},"aioseo_notices":[],"_wp_attached_file":null,"_wp_attachment_metadata":null,"_wc_attachment_source":null,"_elementor_inline_svg":null,"_elementor_is_screenshot":null,"_elementor_source_image_hash":null,"_source_url":null,"_wp_attachment_context":null,"_menu_item_type":null,"_menu_item_menu_item_parent":null,"_menu_item_object_id":null,"_menu_item_object":null,"_menu_item_target":null,"_menu_item_classes":null,"_menu_item_xfn":null,"_menu_item_url":null,"__elementor_forms_snapshot":null,"_unit":"","_unit_base":"","_unit_product":"","_unit_price_auto":"no","_unit_price_regular":"","_unit_price":"","_unit_price_sale":"","_sale_price_label":"","_sale_price_regular_label":"","_manufacturer_slug":"","_mini_desc":"","_defect_description":"","_safety_instructions":"","_allergen_ids":[],"_warranty_attachment_id":"","_safety_attachment_ids":[],"_min_age":"","_ts_gtin":"","_ts_mpn":"","_delivery_time_countries":[],"_free_shipping":"no","_service":"no","_photovoltaic_system":"no","_used_good":"no","_defective_copy":"no","_wireless_electronic_device":"no","_device_contains_power_supply":"no","_device_charging_supports_usb_pd":"no","_device_charging_watt_min":"0","_device_charging_watt_max":"0","_is_food":"no","_differential_taxation":"no","_gzd_version":"3.18.7","_hs_code":"","_customs_description":"","_manufacture_country":"0","_is_non_returnable":"no","_shipping_length":"","_shipping_width":"","_shipping_height":"","_sku":"ISBN 978-3-86442-208-9","_global_unique_id":"978-3-86442-208-9","_regular_price":null,"total_sales":"0","_tax_status":"taxable","_tax_class":"","_manage_stock":"no","_backorders":"no","_sold_individually":"no","_weight":"2","_virtual":"no","_downloadable":"no","_download_limit":"-1","_download_expiry":"-1","_stock":"","_stock_status":"outofstock","_wc_average_rating":"0","_wc_review_count":"0","_product_version":"10.1.4","_price":"","shopengine_product_views_count":"2583","_thumbnail_id":"5070","_product_attributes":{"erscheinungsdatum":{"name":"Date de publication","value":"02.06.2017","position":0,"is_visible":1,"is_variation":0,"is_taxonomy":0,"checkout_visible":0}},"_nutrient_ids":[],"_upsell_ids":null,"pswc_subtitle":null,"_default_delivery_time":null,"_wp_desired_post_slug":null,"_isbn":null,"pageType":null,"isExternalUrl":null,"pageId":null,"externalUrl":null,"hideCookieBanner":null,"isTargetBlank":null,"isProviderCurrentWebsite":null,"isEmbeddingOnlyExternalResources":null,"legalBasis":null,"dataProcessingInCountries":null,"dataProcessingInCountriesSpecialTreatments":null,"technicalDefinitions":null,"googleConsentModeConsentTypes":null,"executePriority":null,"executeCodeOptInWhenNoTagManagerConsentIsGiven":null,"executeCodeOptOutWhenNoTagManagerConsentIsGiven":null,"deleteTechnicalDefinitionsAfterOptOut":null,"presetId":null,"presetVersion":null,"provider":null,"providerContactPhone":null,"providerContactEmail":null,"providerContactLink":null,"uniqueName":null,"providerPrivacyPolicyUrl":null,"providerLegalNoticeUrl":null,"codeOptIn":null,"codeOptOut":null,"codeOnPageLoad":null,"language_code":null,"shopengine_template__post_meta__type":null,"shopengine_template__post_meta":null,"shopengine_template__post_meta__edit_with":null,"origin":null,"_enabled":null,"_filters":null,"_layout":null,"_elementor_import_session_id":null,"_wp_trash_meta_status":null,"_wp_trash_meta_time":null,"_edit_lock":"1743520620:2","_elementor_floating_elements_type":null,"_elementor_edit_mode":null,"_elementor_template_type":null,"tc-thumb-fld":{"_thumb_id":5070,"_thumb_type":"thumb"},"_wp_page_template":"default","_elementor_version":null,"_elementor_pro_version":null,"_elementor_page_settings":null,"_elementor_data":null,"_elementor_conditions":null,"_elementor_popup_display_settings":null,"_edit_last":"2","_elementor_template_sub_type":null,"_elementor_controls_usage":null,"_elementor_screenshot":null,"_elementor_css":null,"_elementor_page_assets":[],"_elementor_element_cache":null,"_elementor_screenshot_failed":null,"_elementor_source":null,"_wp_old_date":null,"layout_key":"","post_slider_check_key":"0","_links":{"self":[{"href":"https:\/\/snoeck.de\/fr\/wp-json\/wp\/v2\/product\/3657","targetHints":{"allow":["GET"]}}],"collection":[{"href":"https:\/\/snoeck.de\/fr\/wp-json\/wp\/v2\/product"}],"about":[{"href":"https:\/\/snoeck.de\/fr\/wp-json\/wp\/v2\/types\/product"}],"wp:featuredmedia":[{"embeddable":true,"href":"https:\/\/snoeck.de\/fr\/wp-json\/wp\/v2\/media\/5070"}],"wp:attachment":[{"href":"https:\/\/snoeck.de\/fr\/wp-json\/wp\/v2\/media?parent=3657"}],"wp:term":[{"taxonomy":"product_brand","embeddable":true,"href":"https:\/\/snoeck.de\/fr\/wp-json\/wp\/v2\/product_brand?post=3657"},{"taxonomy":"product_cat","embeddable":true,"href":"https:\/\/snoeck.de\/fr\/wp-json\/wp\/v2\/product_cat?post=3657"},{"taxonomy":"product_tag","embeddable":true,"href":"https:\/\/snoeck.de\/fr\/wp-json\/wp\/v2\/product_tag?post=3657"}],"curies":[{"name":"wp","href":"https:\/\/api.w.org\/{rel}","templated":true}]}}