{"id":3658,"date":"2025-01-31T11:31:19","date_gmt":"2025-01-31T11:31:19","guid":{"rendered":"https:\/\/snoeck.process-vision.de\/shop\/herbert-x-maier-complementary\/"},"modified":"2025-04-01T12:57:48","modified_gmt":"2025-04-01T12:57:48","slug":"herbert-x-maier-complementary","status":"publish","type":"product","link":"https:\/\/snoeck.de\/fr\/shop\/herbert-x-maier-complementary\/","title":{"rendered":"Herbert X. Maier : Compl\u00e9mentaire"},"content":{"rendered":"<h3>La peinture comme m\u00e9moire des r\u00e9alit\u00e9s extra-image<\/h3>\n<p>Dans ses tableaux les plus r\u00e9cents, Herbert X. Maier (le X. correspond \u00e0 son deuxi\u00e8me nom, Xav\u00e9r) a trouv\u00e9 des combinaisons \u00e9tonnantes d'\u0153uvres abstraites, parfois m\u00eame d'anciennes \u0153uvres abstraites-pastosiques, et de nouveaux motifs r\u00e9alistes qu'il accroche en diptyque. Il ne pourrait pas mettre en sc\u00e8ne de mani\u00e8re plus crue le contraste entre la peinture abstraite et la peinture r\u00e9aliste, et pourtant Herbert X. Maier reste fid\u00e8le \u00e0 lui-m\u00eame. Maier est fid\u00e8le \u00e0 sa m\u00e9thode. Depuis son passage \u00e0 la Cit\u00e9 des arts internationale de Paris il y a 20 ans, il construit ses tableaux couche par couche avec des sous-couches directes sur lesquelles il pose plusieurs glacis \u00e9pais. Cela refl\u00e8te sa conception de la peinture comme m\u00e9moire de r\u00e9alit\u00e9s extra-image et montre comment celles-ci peuvent trouver leur expression dans l'image. Les parties r\u00e9alistes du motif - par exemple une coupe de porcelaine inclin\u00e9e, peinte dans des d\u00e9grad\u00e9s de bleu clair de ma\u00eetre ancien - transmettent en revanche directement la r\u00e9f\u00e9rence \u00e0 la r\u00e9alit\u00e9, et pourtant, c'est justement elles qui se distinguent par leur profondeur volumineuse. Gr\u00e2ce aux 80 couches de glacis, la lumi\u00e8re ext\u00e9rieure se d\u00e9place vers l'int\u00e9rieur du motif, comme si le tableau brillait soudain de l'int\u00e9rieur. Herbert X. Maier d\u00e9crit la confrontation de l'abstrait avec le figuratif. Maier : \"Dans la compl\u00e9mentarit\u00e9 de la confrontation des images, je cherche l'\u00e9cart et la transition entre les genres, le ferm\u00e9 et l'ouvert, le statique et le fluide, le volume, la profondeur et la structure de surface, le stable et l'instable \u00e0 la fois\".<\/p>\n<p>Exposition :<br \/>\nInstitut Morat pour l'art et l'\u00e9tude de l'art, Fribourg-en-Brisgau, 23\/1 - 25\/10\/2022<\/p>","protected":false},"excerpt":{"rendered":"<p>Catalogue d'exposition, Institut Morat pour l'art et l'\u00e9tude de l'art Fribourg<br \/>\nTextes (all.\/angl.) de Herbert M. Hurka, Rainer Marten<br \/>\n224 pages avec 160 illustrations en couleur<br \/>\nformat 27 x 30 cm, couverture rigide<\/p>","protected":false},"featured_media":5071,"template":"","meta":[],"product_brand":[],"product_cat":[84,70],"product_tag":[],"class_list":{"0":"post-3658","1":"product","2":"type-product","3":"status-publish","4":"has-post-thumbnail","6":"product_cat-84","7":"product_cat-m","9":"first","10":"instock","11":"taxable","12":"shipping-taxable","13":"purchasable","14":"product-type-simple"},"aioseo_notices":[],"_wp_attached_file":null,"_wp_attachment_metadata":null,"_wc_attachment_source":null,"_elementor_inline_svg":null,"_elementor_is_screenshot":null,"_elementor_source_image_hash":null,"_source_url":null,"_wp_attachment_context":null,"_menu_item_type":null,"_menu_item_menu_item_parent":null,"_menu_item_object_id":null,"_menu_item_object":null,"_menu_item_target":null,"_menu_item_classes":null,"_menu_item_xfn":null,"_menu_item_url":null,"__elementor_forms_snapshot":null,"_unit":"","_unit_base":"","_unit_product":"","_unit_price_auto":"no","_unit_price_regular":"","_unit_price":"","_unit_price_sale":"","_sale_price_label":"","_sale_price_regular_label":"","_manufacturer_slug":"","_mini_desc":"","_defect_description":"","_safety_instructions":"","_allergen_ids":[],"_warranty_attachment_id":"","_safety_attachment_ids":[],"_min_age":"","_ts_gtin":"","_ts_mpn":"","_delivery_time_countries":[],"_free_shipping":"no","_service":"no","_photovoltaic_system":"no","_used_good":"no","_defective_copy":"no","_wireless_electronic_device":"no","_device_contains_power_supply":"no","_device_charging_supports_usb_pd":"no","_device_charging_watt_min":"0","_device_charging_watt_max":"0","_is_food":"no","_differential_taxation":"no","_gzd_version":"3.18.7","_hs_code":"","_customs_description":"","_manufacture_country":"0","_is_non_returnable":"no","_shipping_length":"","_shipping_width":"","_shipping_height":"","_sku":"ISBN 978-3-86442-374-1","_global_unique_id":"978-3-86442-374-1","_regular_price":"58","total_sales":"0","_tax_status":"taxable","_tax_class":"","_manage_stock":"no","_backorders":"no","_sold_individually":"no","_weight":"2","_virtual":"no","_downloadable":"no","_download_limit":"-1","_download_expiry":"-1","_stock":"","_stock_status":"instock","_wc_average_rating":"0","_wc_review_count":"0","_product_version":"9.7.1","_price":"58","shopengine_product_views_count":"2898","_thumbnail_id":"5071","_product_attributes":{"erscheinungsdatum":{"name":"Date de publication","value":"24.12.2020","position":0,"is_visible":1,"is_variation":0,"is_taxonomy":0,"checkout_visible":0}},"_nutrient_ids":[],"_upsell_ids":null,"pswc_subtitle":null,"_default_delivery_time":null,"_wp_desired_post_slug":null,"_isbn":null,"pageType":null,"isExternalUrl":null,"pageId":null,"externalUrl":null,"hideCookieBanner":null,"isTargetBlank":null,"isProviderCurrentWebsite":null,"isEmbeddingOnlyExternalResources":null,"legalBasis":null,"dataProcessingInCountries":null,"dataProcessingInCountriesSpecialTreatments":null,"technicalDefinitions":null,"googleConsentModeConsentTypes":null,"executePriority":null,"executeCodeOptInWhenNoTagManagerConsentIsGiven":null,"executeCodeOptOutWhenNoTagManagerConsentIsGiven":null,"deleteTechnicalDefinitionsAfterOptOut":null,"presetId":null,"presetVersion":null,"provider":null,"providerContactPhone":null,"providerContactEmail":null,"providerContactLink":null,"uniqueName":null,"providerPrivacyPolicyUrl":null,"providerLegalNoticeUrl":null,"codeOptIn":null,"codeOptOut":null,"codeOnPageLoad":null,"language_code":null,"shopengine_template__post_meta__type":null,"shopengine_template__post_meta":null,"shopengine_template__post_meta__edit_with":null,"origin":null,"_enabled":null,"_filters":null,"_layout":null,"_elementor_import_session_id":null,"_wp_trash_meta_status":null,"_wp_trash_meta_time":null,"_edit_lock":"1743512129:2","_elementor_floating_elements_type":null,"_elementor_edit_mode":null,"_elementor_template_type":null,"tc-thumb-fld":{"_thumb_id":5071,"_thumb_type":"thumb"},"_wp_page_template":"default","_elementor_version":null,"_elementor_pro_version":null,"_elementor_page_settings":null,"_elementor_data":null,"_elementor_conditions":null,"_elementor_popup_display_settings":null,"_edit_last":"2","_elementor_template_sub_type":null,"_elementor_controls_usage":null,"_elementor_screenshot":null,"_elementor_css":null,"_elementor_page_assets":[],"_elementor_element_cache":null,"_elementor_screenshot_failed":null,"_elementor_source":null,"_wp_old_date":null,"layout_key":"","post_slider_check_key":"0","_links":{"self":[{"href":"https:\/\/snoeck.de\/fr\/wp-json\/wp\/v2\/product\/3658","targetHints":{"allow":["GET"]}}],"collection":[{"href":"https:\/\/snoeck.de\/fr\/wp-json\/wp\/v2\/product"}],"about":[{"href":"https:\/\/snoeck.de\/fr\/wp-json\/wp\/v2\/types\/product"}],"wp:featuredmedia":[{"embeddable":true,"href":"https:\/\/snoeck.de\/fr\/wp-json\/wp\/v2\/media\/5071"}],"wp:attachment":[{"href":"https:\/\/snoeck.de\/fr\/wp-json\/wp\/v2\/media?parent=3658"}],"wp:term":[{"taxonomy":"product_brand","embeddable":true,"href":"https:\/\/snoeck.de\/fr\/wp-json\/wp\/v2\/product_brand?post=3658"},{"taxonomy":"product_cat","embeddable":true,"href":"https:\/\/snoeck.de\/fr\/wp-json\/wp\/v2\/product_cat?post=3658"},{"taxonomy":"product_tag","embeddable":true,"href":"https:\/\/snoeck.de\/fr\/wp-json\/wp\/v2\/product_tag?post=3658"}],"curies":[{"name":"wp","href":"https:\/\/api.w.org\/{rel}","templated":true}]}}