{"id":3659,"date":"2025-01-31T11:31:19","date_gmt":"2025-01-31T11:31:19","guid":{"rendered":"https:\/\/snoeck.process-vision.de\/shop\/herbert-maier-wer-wir-sind-eine-visuelle-bibliothek\/"},"modified":"2025-04-01T12:56:14","modified_gmt":"2025-04-01T12:56:14","slug":"herbert-maier-wer-wir-sind-eine-visuelle-bibliothek","status":"publish","type":"product","link":"https:\/\/snoeck.de\/fr\/shop\/herbert-maier-wer-wir-sind-eine-visuelle-bibliothek\/","title":{"rendered":"Herbert Maier : Qui nous sommes - Une biblioth\u00e8que visuelle"},"content":{"rendered":"<h3>C'est \"La Biblioth\u00e8que visuelle\".<\/h3>\n<p>Le projet fascinant d'Herbert Maier est une tentative r\u00e9ussie de penser globalement : il t\u00e9moigne de la disponibilit\u00e9 des images, de la lenteur de la peinture classique ainsi que de la passion du voyage et de la collecte. Les images avec lesquelles Herbert Maier revient du monde entier sont des images que les gens ont prises d'eux-m\u00eames et des autres, elles montrent la culture humaine sous toutes ses facettes, dans sa beaut\u00e9 et dans sa dimension abyssale. Visages, portraits, t\u00eates et masques - aucun autre motif n'est entr\u00e9 aussi souvent dans l'histoire de l'art et de la culture ; derri\u00e8re chaque repr\u00e9sentation d'un \u00eatre humain, aussi stylis\u00e9e ou individuellement naturaliste soit-elle, se cache l'espoir de toucher la quintessence de l'humanit\u00e9 en tant que telle. Pendant de nombreuses ann\u00e9es, Herbert Maier a voyag\u00e9 dans les endroits et les r\u00e9gions les plus divers, au Pakistan, en Inde, au N\u00e9pal, au Mexique, au Guatemala, aux \u00c9tats-Unis, en Isra\u00ebl, en Iran et dans les r\u00e9gions tribales d'Afrique de l'Ouest. Sa biblioth\u00e8que visuelle est \u00e9troitement li\u00e9e \u00e0 ces voyages. Les rencontres avec d'autres personnes et l'enregistrement de leurs t\u00e9moignages artistiques et culturels dans sa propre m\u00e9moire imaginaire sont devenus aussi importants pour lui que l'\u00e9tude de l'histoire de l'art occidental. Depuis 2009, Herbert Maier travaille sur cette encyclop\u00e9die, qui compte aujourd'hui plus de 500 aquarelles. Seule la technique de l'aquarelle, qui se caract\u00e9rise par sa transparence et sa l\u00e9g\u00e8ret\u00e9, permet de r\u00e9aliser un tel nombre d'images en si peu de temps.<\/p>\n<p>Exposition :<br \/>\nMus\u00e9e d'art contemporain, Fribourg, 29\/10\/2016 - 26\/2\/2017<\/p>","protected":false},"excerpt":{"rendered":"<p>Catalogue d'exposition, \u00e9dit\u00e9 par le Mus\u00e9e d'art contemporain de Fribourg<br \/>\nTextes (all.\/angl.) de Volker Bauermeister, Isabel Herda<br \/>\n572 p. avec 514 illustrations en couleur<br \/>\nformat 29,5 x 22 cm, couverture rigide<\/p>","protected":false},"featured_media":5072,"template":"","meta":[],"product_brand":[],"product_cat":[108,70],"product_tag":[],"class_list":{"0":"post-3659","1":"product","2":"type-product","3":"status-publish","4":"has-post-thumbnail","6":"product_cat-108","7":"product_cat-m","9":"first","10":"instock","11":"taxable","12":"shipping-taxable","13":"purchasable","14":"product-type-simple"},"aioseo_notices":[],"_wp_attached_file":null,"_wp_attachment_metadata":null,"_wc_attachment_source":null,"_elementor_inline_svg":null,"_elementor_is_screenshot":null,"_elementor_source_image_hash":null,"_source_url":null,"_wp_attachment_context":null,"_menu_item_type":null,"_menu_item_menu_item_parent":null,"_menu_item_object_id":null,"_menu_item_object":null,"_menu_item_target":null,"_menu_item_classes":null,"_menu_item_xfn":null,"_menu_item_url":null,"__elementor_forms_snapshot":null,"_unit":"","_unit_base":"","_unit_product":"","_unit_price_auto":"no","_unit_price_regular":"","_unit_price":"","_unit_price_sale":"","_sale_price_label":"","_sale_price_regular_label":"","_manufacturer_slug":"","_mini_desc":"","_defect_description":"","_safety_instructions":"","_allergen_ids":[],"_warranty_attachment_id":"","_safety_attachment_ids":[],"_min_age":"","_ts_gtin":"","_ts_mpn":"","_delivery_time_countries":[],"_free_shipping":"no","_service":"no","_photovoltaic_system":"no","_used_good":"no","_defective_copy":"no","_wireless_electronic_device":"no","_device_contains_power_supply":"no","_device_charging_supports_usb_pd":"no","_device_charging_watt_min":"0","_device_charging_watt_max":"0","_is_food":"no","_differential_taxation":"no","_gzd_version":"3.18.7","_hs_code":"","_customs_description":"","_manufacture_country":"0","_is_non_returnable":"no","_shipping_length":"","_shipping_width":"","_shipping_height":"","_sku":"ISBN 978-3-86442-190-7","_global_unique_id":"978-3-86442-190-7","_regular_price":"48","total_sales":"0","_tax_status":"taxable","_tax_class":"","_manage_stock":"no","_backorders":"no","_sold_individually":"no","_weight":"3","_virtual":"no","_downloadable":"no","_download_limit":"-1","_download_expiry":"-1","_stock":"","_stock_status":"instock","_wc_average_rating":"0","_wc_review_count":"0","_product_version":"9.7.1","_price":"48","shopengine_product_views_count":"3284","_thumbnail_id":"5072","_product_attributes":{"erscheinungsdatum":{"name":"Erscheinungsdatum","value":"28.10.2016","position":0,"is_visible":1,"is_variation":0,"is_taxonomy":0,"checkout_visible":0}},"_nutrient_ids":[],"_upsell_ids":null,"pswc_subtitle":null,"_default_delivery_time":null,"_wp_desired_post_slug":null,"_isbn":null,"pageType":null,"isExternalUrl":null,"pageId":null,"externalUrl":null,"hideCookieBanner":null,"isTargetBlank":null,"isProviderCurrentWebsite":null,"isEmbeddingOnlyExternalResources":null,"legalBasis":null,"dataProcessingInCountries":null,"dataProcessingInCountriesSpecialTreatments":null,"technicalDefinitions":null,"googleConsentModeConsentTypes":null,"executePriority":null,"executeCodeOptInWhenNoTagManagerConsentIsGiven":null,"executeCodeOptOutWhenNoTagManagerConsentIsGiven":null,"deleteTechnicalDefinitionsAfterOptOut":null,"presetId":null,"presetVersion":null,"provider":null,"providerContactPhone":null,"providerContactEmail":null,"providerContactLink":null,"uniqueName":null,"providerPrivacyPolicyUrl":null,"providerLegalNoticeUrl":null,"codeOptIn":null,"codeOptOut":null,"codeOnPageLoad":null,"language_code":null,"shopengine_template__post_meta__type":null,"shopengine_template__post_meta":null,"shopengine_template__post_meta__edit_with":null,"origin":null,"_enabled":null,"_filters":null,"_layout":null,"_elementor_import_session_id":null,"_wp_trash_meta_status":null,"_wp_trash_meta_time":null,"_edit_lock":"1743512176:2","_elementor_floating_elements_type":null,"_elementor_edit_mode":null,"_elementor_template_type":null,"tc-thumb-fld":{"_thumb_id":5072,"_thumb_type":"thumb"},"_wp_page_template":"default","_elementor_version":null,"_elementor_pro_version":null,"_elementor_page_settings":null,"_elementor_data":null,"_elementor_conditions":null,"_elementor_popup_display_settings":null,"_edit_last":"2","_elementor_template_sub_type":null,"_elementor_controls_usage":null,"_elementor_screenshot":null,"_elementor_css":null,"_elementor_page_assets":[],"_elementor_element_cache":null,"_elementor_screenshot_failed":null,"_elementor_source":null,"_wp_old_date":null,"layout_key":"","post_slider_check_key":"0","_links":{"self":[{"href":"https:\/\/snoeck.de\/fr\/wp-json\/wp\/v2\/product\/3659","targetHints":{"allow":["GET"]}}],"collection":[{"href":"https:\/\/snoeck.de\/fr\/wp-json\/wp\/v2\/product"}],"about":[{"href":"https:\/\/snoeck.de\/fr\/wp-json\/wp\/v2\/types\/product"}],"wp:featuredmedia":[{"embeddable":true,"href":"https:\/\/snoeck.de\/fr\/wp-json\/wp\/v2\/media\/5072"}],"wp:attachment":[{"href":"https:\/\/snoeck.de\/fr\/wp-json\/wp\/v2\/media?parent=3659"}],"wp:term":[{"taxonomy":"product_brand","embeddable":true,"href":"https:\/\/snoeck.de\/fr\/wp-json\/wp\/v2\/product_brand?post=3659"},{"taxonomy":"product_cat","embeddable":true,"href":"https:\/\/snoeck.de\/fr\/wp-json\/wp\/v2\/product_cat?post=3659"},{"taxonomy":"product_tag","embeddable":true,"href":"https:\/\/snoeck.de\/fr\/wp-json\/wp\/v2\/product_tag?post=3659"}],"curies":[{"name":"wp","href":"https:\/\/api.w.org\/{rel}","templated":true}]}}