{"id":3661,"date":"2025-01-31T11:31:20","date_gmt":"2025-01-31T11:31:20","guid":{"rendered":"https:\/\/snoeck.process-vision.de\/shop\/frans-masereel-es-gibt-keine-schoenere-farbe-als-das-schwarz\/"},"modified":"2026-04-08T15:28:47","modified_gmt":"2026-04-08T14:28:47","slug":"frans-masereel-es-gibt-keine-schoenere-farbe-als-das-schwarz","status":"publish","type":"product","link":"https:\/\/snoeck.de\/fr\/shop\/frans-masereel-es-gibt-keine-schoenere-farbe-als-das-schwarz\/","title":{"rendered":"Frans Masereel : Il n'y a pas de plus belle couleur que le noir"},"content":{"rendered":"<h3>Pour le 50e anniversaire de la mort de Frans Masereel (3 janvier 2022)<\/h3>\n<p>C'est un peu comme si l'on retrouvait de vieilles connaissances. Les personnages que nous a laiss\u00e9s l'artiste belge Frans Masereel (1889-1972) et les sc\u00e8nes ou les histoires que nous racontent ses tableaux sont indissociables de la fascination pour les films muets des ann\u00e9es 1920, comme ceux de Sergei Eisenstein ou du premier Alfred Hitchcock. Il est certes largement connu que les images de Masereel sont encore aujourd'hui capables de cr\u00e9er une profonde attraction, mais les feuilles et les livres m\u00e9ritent aussi un regard plus attentif, au-del\u00e0 de la simple reconnaissance. C'est pourquoi l'acquisition en 1989 d'un grand ensemble d'\u0153uvres de Masereel par le Kunstmuseum Reutlingen a \u00e9t\u00e9 et reste une chance exceptionnelle. Les livres de gravures originales sur bois, de suites de gravures sur bois et de gravures sur bois \u00e0 la feuille de cette collection du mus\u00e9e sont compl\u00e9t\u00e9s par de nombreux pr\u00eats de collections priv\u00e9es dans l'exposition actuelle et le livre qui l'accompagne, qui c\u00e9l\u00e8brent tous deux le 50e anniversaire de la mort de l'artiste le 3 janvier 2022, offrant ainsi une r\u00e9trospective compl\u00e8te de l'ensemble de l'\u0153uvre avec pr\u00e8s de 250 pi\u00e8ces d'exposition datant de 1911 \u00e0 1971. Frans Masereel, l'un des membres fondateurs en 1953, aux c\u00f4t\u00e9s de HAP Grieshaber, Erich Heckel, Gerhard Marcks, Ewald Matar\u00e9, Otto Pankok, Max Pechstein et Karl R\u00f6ssing, de l'association internationale de gravure sur bois XYLON, dont il fut le premier pr\u00e9sident, a contribu\u00e9 de mani\u00e8re d\u00e9cisive, avec ses s\u00e9ries d'images narratives, \u00e0 la grande popularit\u00e9 d'un art qui se voulait politique au sens humaniste du terme au 20e si\u00e8cle. Ses groupes d'\u0153uvres \"Id\u00e9e. Sa naissance, sa vie, sa mort\", \"La ville\", \"Mon livre d'heures\" ou \"Les morts parlent\", pour n'en citer que quelques-uns.<\/p>\n<p>Exposition :<br \/>\nMus\u00e9e d'art de Reutlingen, 16\/12\/2021 - 10\/4\/2022<\/p>","protected":false},"excerpt":{"rendered":"<p>Catalogue d'exposition, Kunstmuseum Reutlingen, \u00e9d. par Rainer Lawicki<br \/>\nTextes (all.) de Henry Keazor, Karl-Heinz Kles, Rainer Lawicki<br \/>\n128 p. avec 190 illustrations en couleur<br \/>\nformat 24 x 29 cm, couverture rigide<\/p>","protected":false},"featured_media":5074,"template":"","meta":[],"product_brand":[],"product_cat":[95],"product_tag":[],"class_list":{"0":"post-3661","1":"product","2":"type-product","3":"status-publish","4":"has-post-thumbnail","6":"product_cat-vergriffen","8":"first","9":"outofstock","10":"taxable","11":"shipping-taxable","12":"product-type-simple"},"aioseo_notices":[],"_wp_attached_file":null,"_wp_attachment_metadata":null,"_wc_attachment_source":null,"_elementor_inline_svg":null,"_elementor_is_screenshot":null,"_elementor_source_image_hash":null,"_source_url":null,"_wp_attachment_context":null,"_menu_item_type":null,"_menu_item_menu_item_parent":null,"_menu_item_object_id":null,"_menu_item_object":null,"_menu_item_target":null,"_menu_item_classes":null,"_menu_item_xfn":null,"_menu_item_url":null,"__elementor_forms_snapshot":null,"_unit":"","_unit_base":"","_unit_product":"","_unit_price_auto":"no","_unit_price_regular":"","_unit_price":"","_unit_price_sale":"","_sale_price_label":"","_sale_price_regular_label":"","_manufacturer_slug":"","_mini_desc":"","_defect_description":"","_safety_instructions":"","_allergen_ids":[],"_warranty_attachment_id":"","_safety_attachment_ids":[],"_min_age":"","_ts_gtin":"","_ts_mpn":"","_delivery_time_countries":[],"_free_shipping":"no","_service":"no","_photovoltaic_system":"no","_used_good":"no","_defective_copy":"no","_wireless_electronic_device":"no","_device_contains_power_supply":"no","_device_charging_supports_usb_pd":"no","_device_charging_watt_min":"0","_device_charging_watt_max":"0","_is_food":"no","_differential_taxation":"no","_gzd_version":"3.18.7","_hs_code":"","_customs_description":"","_manufacture_country":"0","_is_non_returnable":"no","_shipping_length":"","_shipping_width":"","_shipping_height":"","_sku":"ISBN 978-3-86442-366-6","_global_unique_id":"978-3-86442-366-6","_regular_price":null,"total_sales":"0","_tax_status":"taxable","_tax_class":"","_manage_stock":"no","_backorders":"no","_sold_individually":"no","_weight":"2","_virtual":"no","_downloadable":"no","_download_limit":"-1","_download_expiry":"-1","_stock":"","_stock_status":"outofstock","_wc_average_rating":"0","_wc_review_count":"0","_product_version":"10.1.4","_price":"","shopengine_product_views_count":"2564","_thumbnail_id":"5074","_product_attributes":{"erscheinungsdatum":{"name":"Date de publication","value":"03.01.2022","position":0,"is_visible":1,"is_variation":0,"is_taxonomy":0,"checkout_visible":0}},"_nutrient_ids":[],"_upsell_ids":null,"pswc_subtitle":null,"_default_delivery_time":null,"_wp_desired_post_slug":null,"_isbn":null,"pageType":null,"isExternalUrl":null,"pageId":null,"externalUrl":null,"hideCookieBanner":null,"isTargetBlank":null,"isProviderCurrentWebsite":null,"isEmbeddingOnlyExternalResources":null,"legalBasis":null,"dataProcessingInCountries":null,"dataProcessingInCountriesSpecialTreatments":null,"technicalDefinitions":null,"googleConsentModeConsentTypes":null,"executePriority":null,"executeCodeOptInWhenNoTagManagerConsentIsGiven":null,"executeCodeOptOutWhenNoTagManagerConsentIsGiven":null,"deleteTechnicalDefinitionsAfterOptOut":null,"presetId":null,"presetVersion":null,"provider":null,"providerContactPhone":null,"providerContactEmail":null,"providerContactLink":null,"uniqueName":null,"providerPrivacyPolicyUrl":null,"providerLegalNoticeUrl":null,"codeOptIn":null,"codeOptOut":null,"codeOnPageLoad":null,"language_code":null,"shopengine_template__post_meta__type":null,"shopengine_template__post_meta":null,"shopengine_template__post_meta__edit_with":null,"origin":null,"_enabled":null,"_filters":null,"_layout":null,"_elementor_import_session_id":null,"_wp_trash_meta_status":null,"_wp_trash_meta_time":null,"_edit_lock":"1743511867:2","_elementor_floating_elements_type":null,"_elementor_edit_mode":null,"_elementor_template_type":null,"tc-thumb-fld":{"_thumb_id":5074,"_thumb_type":"thumb"},"_wp_page_template":"default","_elementor_version":null,"_elementor_pro_version":null,"_elementor_page_settings":null,"_elementor_data":null,"_elementor_conditions":null,"_elementor_popup_display_settings":null,"_edit_last":"2","_elementor_template_sub_type":null,"_elementor_controls_usage":null,"_elementor_screenshot":null,"_elementor_css":null,"_elementor_page_assets":[],"_elementor_element_cache":null,"_elementor_screenshot_failed":null,"_elementor_source":null,"_wp_old_date":null,"layout_key":"","post_slider_check_key":"0","_links":{"self":[{"href":"https:\/\/snoeck.de\/fr\/wp-json\/wp\/v2\/product\/3661","targetHints":{"allow":["GET"]}}],"collection":[{"href":"https:\/\/snoeck.de\/fr\/wp-json\/wp\/v2\/product"}],"about":[{"href":"https:\/\/snoeck.de\/fr\/wp-json\/wp\/v2\/types\/product"}],"wp:featuredmedia":[{"embeddable":true,"href":"https:\/\/snoeck.de\/fr\/wp-json\/wp\/v2\/media\/5074"}],"wp:attachment":[{"href":"https:\/\/snoeck.de\/fr\/wp-json\/wp\/v2\/media?parent=3661"}],"wp:term":[{"taxonomy":"product_brand","embeddable":true,"href":"https:\/\/snoeck.de\/fr\/wp-json\/wp\/v2\/product_brand?post=3661"},{"taxonomy":"product_cat","embeddable":true,"href":"https:\/\/snoeck.de\/fr\/wp-json\/wp\/v2\/product_cat?post=3661"},{"taxonomy":"product_tag","embeddable":true,"href":"https:\/\/snoeck.de\/fr\/wp-json\/wp\/v2\/product_tag?post=3661"}],"curies":[{"name":"wp","href":"https:\/\/api.w.org\/{rel}","templated":true}]}}