{"id":3662,"date":"2025-01-31T11:31:21","date_gmt":"2025-01-31T11:31:21","guid":{"rendered":"https:\/\/snoeck.process-vision.de\/shop\/dora-maurer-so-sehen-und-anders-sehen\/"},"modified":"2025-04-01T12:52:28","modified_gmt":"2025-04-01T12:52:28","slug":"dora-maurer-so-sehen-und-anders-sehen","status":"publish","type":"product","link":"https:\/\/snoeck.de\/fr\/shop\/dora-maurer-so-sehen-und-anders-sehen\/","title":{"rendered":"D\u00f3ra Maurer : Voir ainsi et voir autrement"},"content":{"rendered":"<h3>D\u00f3ra Maurer occupe une place \u00e0 part<\/h3>\n<p>D\u00f3ra Maurer (*1937, vit \u00e0 Budapest) est consid\u00e9r\u00e9e comme une repr\u00e9sentante \u00e9minente de la n\u00e9o-avant-garde. Elle fait donc partie des artistes qui, depuis les ann\u00e9es 1960, ont emprunt\u00e9 des voies progressistes en dehors de la politique culturelle officielle de l'\u00c9tat hongrois. Son travail, qui comprend le graphisme, la photographie, le film, l'art action et la peinture, pr\u00e9sente des approches conceptuelles claires, dont les aspects centraux sont la perception, le mouvement, le d\u00e9placement et la transformation. L'abstraction, en particulier celle des premi\u00e8res ann\u00e9es de la R\u00e9publique f\u00e9d\u00e9rale d'Allemagne, peut \u00eatre consid\u00e9r\u00e9e aujourd'hui comme une \"\u00e9puration\" politique, puisqu'elle \u00e9tait repr\u00e9sentative de la \"soci\u00e9t\u00e9 ouverte\". De nombreuses collections de mus\u00e9es allemands, dont celle de la Kunsthalle Bielefeld, sont orient\u00e9es en ce sens. Dans les anciens pays du bloc de l'Est, comme la Hongrie, l'abstraction avait une connotation \"oppositionnelle\". La non-figuration de ses \u0153uvres, qui s'opposait aux pr\u00e9ceptes officiels du r\u00e9alisme socialiste, conf\u00e9rait \u00e0 D\u00f3ra Maurer une position particuli\u00e8re. Cela a \u00e9t\u00e9 renforc\u00e9 par ses contacts et ses voyages \u00e0 l'Ouest, qui lui \u00e9taient d\u00e9j\u00e0 possibles avant 1989 gr\u00e2ce \u00e0 sa double nationalit\u00e9 hongroise et autrichienne. Ses exp\u00e9rimentations dans les m\u00e9dias de la photographie et du film dans les ann\u00e9es 1970, ainsi que ses travaux abstraits et g\u00e9om\u00e9triques bas\u00e9s sur le d\u00e9calage processuel, pr\u00e9sentent un parall\u00e9lisme fomal \u00e9vident avec l'art d'apr\u00e8s-guerre de l'Europe occidentale et des \u00c9tats-Unis. En r\u00e9alit\u00e9, ses travaux ne peuvent toutefois pas \u00eatre pens\u00e9s sans l'exp\u00e9rience de la vie sous le r\u00e9gime communiste.<\/p>\n<p>Exposition :<br \/>\nKunsthalle Bielefeld, 29\/1 - 15\/5\/2022)<\/p>","protected":false},"excerpt":{"rendered":"<p>Catalogue d'exposition, Kunsthalle Bielefeld, \u00e9d. Christian V\u00e9gh, Henrike Mund<br \/>\nTextes (all.\/ang.) de Zsuzsa L\u00e1szl\u00f3, Henrike Mund, Christina V\u00e9gh<br \/>\n152 p. avec 140 illustrations en couleur<br \/>\nformat 28 x 23 cm, brochure \u00e0 rabats<\/p>","protected":false},"featured_media":5075,"template":"","meta":[],"product_brand":[],"product_cat":[87,70],"product_tag":[],"class_list":{"0":"post-3662","1":"product","2":"type-product","3":"status-publish","4":"has-post-thumbnail","6":"product_cat-87","7":"product_cat-m","9":"first","10":"instock","11":"taxable","12":"shipping-taxable","13":"purchasable","14":"product-type-simple"},"aioseo_notices":[],"_wp_attached_file":null,"_wp_attachment_metadata":null,"_wc_attachment_source":null,"_elementor_inline_svg":null,"_elementor_is_screenshot":null,"_elementor_source_image_hash":null,"_source_url":null,"_wp_attachment_context":null,"_menu_item_type":null,"_menu_item_menu_item_parent":null,"_menu_item_object_id":null,"_menu_item_object":null,"_menu_item_target":null,"_menu_item_classes":null,"_menu_item_xfn":null,"_menu_item_url":null,"__elementor_forms_snapshot":null,"_unit":"","_unit_base":"","_unit_product":"","_unit_price_auto":"no","_unit_price_regular":"","_unit_price":"","_unit_price_sale":"","_sale_price_label":"","_sale_price_regular_label":"","_manufacturer_slug":"","_mini_desc":"","_defect_description":"","_safety_instructions":"","_allergen_ids":[],"_warranty_attachment_id":"","_safety_attachment_ids":[],"_min_age":"","_ts_gtin":"","_ts_mpn":"","_delivery_time_countries":[],"_free_shipping":"no","_service":"no","_photovoltaic_system":"no","_used_good":"no","_defective_copy":"no","_wireless_electronic_device":"no","_device_contains_power_supply":"no","_device_charging_supports_usb_pd":"no","_device_charging_watt_min":"0","_device_charging_watt_max":"0","_is_food":"no","_differential_taxation":"no","_gzd_version":"3.18.7","_hs_code":"","_customs_description":"","_manufacture_country":"0","_is_non_returnable":"no","_shipping_length":"","_shipping_width":"","_shipping_height":"","_sku":"ISBN 978-3-86442-393-2","_global_unique_id":"978-3-86442-393-2","_regular_price":"29.8","total_sales":"0","_tax_status":"taxable","_tax_class":"","_manage_stock":"no","_backorders":"no","_sold_individually":"no","_weight":"1","_virtual":"no","_downloadable":"no","_download_limit":"-1","_download_expiry":"-1","_stock":"","_stock_status":"instock","_wc_average_rating":"0","_wc_review_count":"0","_product_version":"9.7.1","_price":"29.8","shopengine_product_views_count":"2587","_thumbnail_id":"5075","_product_attributes":{"erscheinungsdatum":{"name":"Date de publication","value":"25.01.2023","position":0,"is_visible":1,"is_variation":0,"is_taxonomy":0,"checkout_visible":0}},"_nutrient_ids":[],"_upsell_ids":null,"pswc_subtitle":null,"_default_delivery_time":null,"_wp_desired_post_slug":null,"_isbn":null,"pageType":null,"isExternalUrl":null,"pageId":null,"externalUrl":null,"hideCookieBanner":null,"isTargetBlank":null,"isProviderCurrentWebsite":null,"isEmbeddingOnlyExternalResources":null,"legalBasis":null,"dataProcessingInCountries":null,"dataProcessingInCountriesSpecialTreatments":null,"technicalDefinitions":null,"googleConsentModeConsentTypes":null,"executePriority":null,"executeCodeOptInWhenNoTagManagerConsentIsGiven":null,"executeCodeOptOutWhenNoTagManagerConsentIsGiven":null,"deleteTechnicalDefinitionsAfterOptOut":null,"presetId":null,"presetVersion":null,"provider":null,"providerContactPhone":null,"providerContactEmail":null,"providerContactLink":null,"uniqueName":null,"providerPrivacyPolicyUrl":null,"providerLegalNoticeUrl":null,"codeOptIn":null,"codeOptOut":null,"codeOnPageLoad":null,"language_code":null,"shopengine_template__post_meta__type":null,"shopengine_template__post_meta":null,"shopengine_template__post_meta__edit_with":null,"origin":null,"_enabled":null,"_filters":null,"_layout":null,"_elementor_import_session_id":null,"_wp_trash_meta_status":null,"_wp_trash_meta_time":null,"_edit_lock":"1743511810:2","_elementor_floating_elements_type":null,"_elementor_edit_mode":null,"_elementor_template_type":null,"tc-thumb-fld":{"_thumb_id":5075,"_thumb_type":"thumb"},"_wp_page_template":"default","_elementor_version":null,"_elementor_pro_version":null,"_elementor_page_settings":null,"_elementor_data":null,"_elementor_conditions":null,"_elementor_popup_display_settings":null,"_edit_last":"2","_elementor_template_sub_type":null,"_elementor_controls_usage":null,"_elementor_screenshot":null,"_elementor_css":null,"_elementor_page_assets":[],"_elementor_element_cache":null,"_elementor_screenshot_failed":null,"_elementor_source":null,"_wp_old_date":null,"layout_key":"","post_slider_check_key":"0","_links":{"self":[{"href":"https:\/\/snoeck.de\/fr\/wp-json\/wp\/v2\/product\/3662","targetHints":{"allow":["GET"]}}],"collection":[{"href":"https:\/\/snoeck.de\/fr\/wp-json\/wp\/v2\/product"}],"about":[{"href":"https:\/\/snoeck.de\/fr\/wp-json\/wp\/v2\/types\/product"}],"wp:featuredmedia":[{"embeddable":true,"href":"https:\/\/snoeck.de\/fr\/wp-json\/wp\/v2\/media\/5075"}],"wp:attachment":[{"href":"https:\/\/snoeck.de\/fr\/wp-json\/wp\/v2\/media?parent=3662"}],"wp:term":[{"taxonomy":"product_brand","embeddable":true,"href":"https:\/\/snoeck.de\/fr\/wp-json\/wp\/v2\/product_brand?post=3662"},{"taxonomy":"product_cat","embeddable":true,"href":"https:\/\/snoeck.de\/fr\/wp-json\/wp\/v2\/product_cat?post=3662"},{"taxonomy":"product_tag","embeddable":true,"href":"https:\/\/snoeck.de\/fr\/wp-json\/wp\/v2\/product_tag?post=3662"}],"curies":[{"name":"wp","href":"https:\/\/api.w.org\/{rel}","templated":true}]}}