{"id":3663,"date":"2025-01-31T11:31:21","date_gmt":"2025-01-31T11:31:21","guid":{"rendered":"https:\/\/snoeck.process-vision.de\/shop\/max-beckmann-im-dialog\/"},"modified":"2026-04-08T15:21:09","modified_gmt":"2026-04-08T14:21:09","slug":"max-beckmann-im-dialog","status":"publish","type":"product","link":"https:\/\/snoeck.de\/fr\/shop\/max-beckmann-im-dialog\/","title":{"rendered":"Max Beckmann en dialogue"},"content":{"rendered":"<h3>... avec Cecily Brown, Ella Kruglyanskaya et Dana Schutz<\/h3>\n<p>Les trois artistes vivent aux \u00c9tats-Unis ou y sont n\u00e9es. Depuis le d\u00e9but de leur travail, elles admirent l'\u0153uvre de Max Beckmann. En dehors de l'Allemagne, ce dernier \u00e9tait consid\u00e9r\u00e9 comme \"le plus allemand des artistes\". Son tableau \"Walkyrie\" (\u00e0 gauche) a \u00e9t\u00e9 l'un des premiers qu'il a peint apr\u00e8s son arriv\u00e9e aux \u00c9tats-Unis en 1947. Cecily Brown est \u00e0 l'origine de l'exposition et de la publication, dans lesquelles de nombreuses \u0153uvres de Beckmann, appartenant \u00e0 des particuliers ou \u00e0 des mus\u00e9es, dialoguent avec les travaux actuels des trois peintres de la g\u00e9n\u00e9ration des petits-enfants. Ce sont notamment ses \"Lettres \u00e0 une femme peintre\" - un discours prononc\u00e9 devant des \u00e9tudiantes du Stephens College de Columbia peu apr\u00e8s son arriv\u00e9e aux \u00c9tats-Unis - qui re\u00e7oivent des r\u00e9ponses m\u00e9taphoriques. Dans les tableaux de Cecily Brown, qu'elle a peints sp\u00e9cialement pour l'occasion, l'influence est d'abord atmosph\u00e9rique - les contours et les tons de Max Beckmann y sont ind\u00e9niables. Ella Kruglyanskaya montre des portraits de femmes dont la vitalit\u00e9 fait presque \u00e9clater la toile et qui caricaturent manifestement le personnel de bar et de caf\u00e9 du ma\u00eetre. Dana Schutz assemble les motifs r\u00e9currents de Beckmann dans des \u0153uvres de grand format, empilant ainsi les impressions et se rapprochant de son univers. Les trois artistes cr\u00e9ent ainsi des \u0153uvres autonomes qui t\u00e9moignent de l'intemporalit\u00e9 du \"plus allemand des artistes\".<\/p>\n<p>Exposition :<br \/>\nCFA Contemporary Fine Arts, Berlin, 8\/6 - 13\/7\/2019<\/p>","protected":false},"excerpt":{"rendered":"<p>Catalogue d'exposition, Contemporary Fine Arts CFA Berlin, \u00e9d. Bruno Brunnet et Nicole Hackert<br \/>\nTextes (all.\/ang.) de Siegfried Gohr, Helene Hegemann, Camila McHugh, pr\u00e9face de Nicole Hackert<br \/>\n56 p. avec 60 illustrations en couleur<br \/>\nFormat 28 x 20 cm, broch\u00e9 avec une planche \u00e0 rabats<\/p>","protected":false},"featured_media":5076,"template":"","meta":[],"product_brand":[],"product_cat":[95],"product_tag":[],"class_list":{"0":"post-3663","1":"product","2":"type-product","3":"status-publish","4":"has-post-thumbnail","6":"product_cat-vergriffen","8":"first","9":"outofstock","10":"taxable","11":"shipping-taxable","12":"product-type-simple"},"aioseo_notices":[],"_wp_attached_file":null,"_wp_attachment_metadata":null,"_wc_attachment_source":null,"_elementor_inline_svg":null,"_elementor_is_screenshot":null,"_elementor_source_image_hash":null,"_source_url":null,"_wp_attachment_context":null,"_menu_item_type":null,"_menu_item_menu_item_parent":null,"_menu_item_object_id":null,"_menu_item_object":null,"_menu_item_target":null,"_menu_item_classes":null,"_menu_item_xfn":null,"_menu_item_url":null,"__elementor_forms_snapshot":null,"_unit":"","_unit_base":"","_unit_product":"","_unit_price_auto":"no","_unit_price_regular":"","_unit_price":"","_unit_price_sale":"","_sale_price_label":"","_sale_price_regular_label":"","_manufacturer_slug":"","_mini_desc":"","_defect_description":"","_safety_instructions":"","_allergen_ids":[],"_warranty_attachment_id":"","_safety_attachment_ids":[],"_min_age":"","_ts_gtin":"","_ts_mpn":"","_delivery_time_countries":[],"_free_shipping":"no","_service":"no","_photovoltaic_system":"no","_used_good":"no","_defective_copy":"no","_wireless_electronic_device":"no","_device_contains_power_supply":"no","_device_charging_supports_usb_pd":"no","_device_charging_watt_min":"0","_device_charging_watt_max":"0","_is_food":"no","_differential_taxation":"no","_gzd_version":"3.18.7","_hs_code":"","_customs_description":"","_manufacture_country":"0","_is_non_returnable":"no","_shipping_length":"","_shipping_width":"","_shipping_height":"","_sku":"ISBN 978-3-86442-298-0","_global_unique_id":"978-3-86442-298-0","_regular_price":null,"total_sales":"0","_tax_status":"taxable","_tax_class":"","_manage_stock":"no","_backorders":"no","_sold_individually":"no","_weight":"1","_virtual":"no","_downloadable":"no","_download_limit":"-1","_download_expiry":"-1","_stock":"","_stock_status":"outofstock","_wc_average_rating":"0","_wc_review_count":"0","_product_version":"10.1.4","_price":"","shopengine_product_views_count":"2666","_thumbnail_id":"5076","_product_attributes":{"erscheinungsdatum":{"name":"Date de publication","value":"11.08.2019","position":0,"is_visible":1,"is_variation":0,"is_taxonomy":0,"checkout_visible":0}},"_nutrient_ids":[],"_upsell_ids":null,"pswc_subtitle":null,"_default_delivery_time":null,"_wp_desired_post_slug":null,"_isbn":null,"pageType":null,"isExternalUrl":null,"pageId":null,"externalUrl":null,"hideCookieBanner":null,"isTargetBlank":null,"isProviderCurrentWebsite":null,"isEmbeddingOnlyExternalResources":null,"legalBasis":null,"dataProcessingInCountries":null,"dataProcessingInCountriesSpecialTreatments":null,"technicalDefinitions":null,"googleConsentModeConsentTypes":null,"executePriority":null,"executeCodeOptInWhenNoTagManagerConsentIsGiven":null,"executeCodeOptOutWhenNoTagManagerConsentIsGiven":null,"deleteTechnicalDefinitionsAfterOptOut":null,"presetId":null,"presetVersion":null,"provider":null,"providerContactPhone":null,"providerContactEmail":null,"providerContactLink":null,"uniqueName":null,"providerPrivacyPolicyUrl":null,"providerLegalNoticeUrl":null,"codeOptIn":null,"codeOptOut":null,"codeOnPageLoad":null,"language_code":null,"shopengine_template__post_meta__type":null,"shopengine_template__post_meta":null,"shopengine_template__post_meta__edit_with":null,"origin":null,"_enabled":null,"_filters":null,"_layout":null,"_elementor_import_session_id":null,"_wp_trash_meta_status":null,"_wp_trash_meta_time":null,"_edit_lock":"1743511684:2","_elementor_floating_elements_type":null,"_elementor_edit_mode":null,"_elementor_template_type":null,"tc-thumb-fld":{"_thumb_id":5076,"_thumb_type":"thumb"},"_wp_page_template":"default","_elementor_version":null,"_elementor_pro_version":null,"_elementor_page_settings":null,"_elementor_data":null,"_elementor_conditions":null,"_elementor_popup_display_settings":null,"_edit_last":"2","_elementor_template_sub_type":null,"_elementor_controls_usage":null,"_elementor_screenshot":null,"_elementor_css":null,"_elementor_page_assets":[],"_elementor_element_cache":null,"_elementor_screenshot_failed":null,"_elementor_source":null,"_wp_old_date":null,"layout_key":"","post_slider_check_key":"0","_links":{"self":[{"href":"https:\/\/snoeck.de\/fr\/wp-json\/wp\/v2\/product\/3663","targetHints":{"allow":["GET"]}}],"collection":[{"href":"https:\/\/snoeck.de\/fr\/wp-json\/wp\/v2\/product"}],"about":[{"href":"https:\/\/snoeck.de\/fr\/wp-json\/wp\/v2\/types\/product"}],"wp:featuredmedia":[{"embeddable":true,"href":"https:\/\/snoeck.de\/fr\/wp-json\/wp\/v2\/media\/5076"}],"wp:attachment":[{"href":"https:\/\/snoeck.de\/fr\/wp-json\/wp\/v2\/media?parent=3663"}],"wp:term":[{"taxonomy":"product_brand","embeddable":true,"href":"https:\/\/snoeck.de\/fr\/wp-json\/wp\/v2\/product_brand?post=3663"},{"taxonomy":"product_cat","embeddable":true,"href":"https:\/\/snoeck.de\/fr\/wp-json\/wp\/v2\/product_cat?post=3663"},{"taxonomy":"product_tag","embeddable":true,"href":"https:\/\/snoeck.de\/fr\/wp-json\/wp\/v2\/product_tag?post=3663"}],"curies":[{"name":"wp","href":"https:\/\/api.w.org\/{rel}","templated":true}]}}