{"id":3664,"date":"2025-01-31T11:31:22","date_gmt":"2025-01-31T11:31:22","guid":{"rendered":"https:\/\/snoeck.process-vision.de\/shop\/mathieu-mercier-everything-but-the-kitchen-sink\/"},"modified":"2026-04-08T15:03:55","modified_gmt":"2026-04-08T14:03:55","slug":"mathieu-mercier-everything-but-the-kitchen-sink","status":"publish","type":"product","link":"https:\/\/snoeck.de\/fr\/shop\/mathieu-mercier-everything-but-the-kitchen-sink\/","title":{"rendered":"Mathieu Mercier : Tout sauf l'\u00e9vier de la cuisine"},"content":{"rendered":"<h3>Objets de niveau sup\u00e9rieur<\/h3>\n<p>Lampes, meubles, v\u00e9los, typographies, socles de mus\u00e9e - l'\u0153uvre de Mathieu Mercier, n\u00e9 en 1970 \u00e0 Conflans-Saint-Honorine et vivant \u00e0 Paris, laur\u00e9at du Prix Marcel Duchamp (2003), se situe souverainement entre l'art et la culture quotidienne. Pour ce faire, il fait r\u00e9guli\u00e8rement appel \u00e0 l'\u0153uvre de ses h\u00e9ros Marcel Duchamp ou Piet Mondrian. Mathieu Mercier ne veut toutefois pas faire de l'art inaccessible, mais des \u0153uvres qui sont \"d'embl\u00e9e descriptives et attrayantes\". Les objets banals du quotidien qu'il met en sc\u00e8ne sont en effet tout d'abord simplement beaux. Mercier parle \u00e0 ce propos de \"sublimation\", d'un processus d'ennoblissement qui am\u00e8ne les objets \u00e0 un niveau sup\u00e9rieur. Cette d\u00e9localisation cibl\u00e9e, cet \u00e9change permanent entre le high et le low, pose la question du statut des choses entre fonctionnalit\u00e9 et absence de finalit\u00e9 artistique. Mathieu Mercier r\u00e9fl\u00e9chit ainsi habilement aux notions de la culture occidentale du 20e si\u00e8cle, \u00e0 la crois\u00e9e de l'architecture moderne, du design et des arts plastiques.<\/p>\n<p>Expositions :<br \/>\nLOK Mus\u00e9e d'art de Saint-Gall, 23\/8 - 9\/11\/2014<br \/>\nVilla Merkel Esslingen, 13\/12\/2014 - 22\/2\/2015<\/p>","protected":false},"excerpt":{"rendered":"<p>Catalogue d'exposition, Villa Merkel Esslinge, LOK Kunstmuseum St. Gallen, \u00e9d. par Andreas Baur et Konrad Bitterli<br \/>\nTextes (all.\/ang.\/fran\u00e7ais) d'Andreas Baur, Konrad Bitterli, Marie Ch\u00eanel<br \/>\n184 p. avec 150 illustrations en couleur<br \/>\nFormat 26,5 x 21,5 cm, brochure suisse<\/p>","protected":false},"featured_media":5077,"template":"","meta":[],"product_brand":[],"product_cat":[95],"product_tag":[],"class_list":{"0":"post-3664","1":"product","2":"type-product","3":"status-publish","4":"has-post-thumbnail","6":"product_cat-vergriffen","8":"first","9":"outofstock","10":"taxable","11":"shipping-taxable","12":"product-type-simple"},"aioseo_notices":[],"_wp_attached_file":null,"_wp_attachment_metadata":null,"_wc_attachment_source":null,"_elementor_inline_svg":null,"_elementor_is_screenshot":null,"_elementor_source_image_hash":null,"_source_url":null,"_wp_attachment_context":null,"_menu_item_type":null,"_menu_item_menu_item_parent":null,"_menu_item_object_id":null,"_menu_item_object":null,"_menu_item_target":null,"_menu_item_classes":null,"_menu_item_xfn":null,"_menu_item_url":null,"__elementor_forms_snapshot":null,"_unit":"","_unit_base":"","_unit_product":"","_unit_price_auto":"no","_unit_price_regular":"","_unit_price":"","_unit_price_sale":"","_sale_price_label":"","_sale_price_regular_label":"","_manufacturer_slug":"","_mini_desc":"","_defect_description":"","_safety_instructions":"","_allergen_ids":[],"_warranty_attachment_id":"","_safety_attachment_ids":[],"_min_age":"","_ts_gtin":"","_ts_mpn":"","_delivery_time_countries":[],"_free_shipping":"no","_service":"no","_photovoltaic_system":"no","_used_good":"no","_defective_copy":"no","_wireless_electronic_device":"no","_device_contains_power_supply":"no","_device_charging_supports_usb_pd":"no","_device_charging_watt_min":"0","_device_charging_watt_max":"0","_is_food":"no","_differential_taxation":"no","_gzd_version":"3.18.7","_hs_code":"","_customs_description":"","_manufacture_country":"0","_is_non_returnable":"no","_shipping_length":"","_shipping_width":"","_shipping_height":"","_sku":"ISBN 978-3-86442-120-4","_global_unique_id":"978-3-86442-120-4","_regular_price":null,"total_sales":"0","_tax_status":"taxable","_tax_class":"","_manage_stock":"no","_backorders":"no","_sold_individually":"no","_weight":"1","_virtual":"no","_downloadable":"no","_download_limit":"-1","_download_expiry":"-1","_stock":"","_stock_status":"outofstock","_wc_average_rating":"0","_wc_review_count":"0","_product_version":"10.1.4","_price":"","shopengine_product_views_count":"2563","_thumbnail_id":"5077","_product_attributes":{"erscheinungsdatum":{"name":"Date de publication","value":"30.06.2015","position":0,"is_visible":1,"is_variation":0,"is_taxonomy":0,"checkout_visible":0}},"_nutrient_ids":[],"_upsell_ids":null,"pswc_subtitle":null,"_default_delivery_time":null,"_wp_desired_post_slug":null,"_isbn":null,"pageType":null,"isExternalUrl":null,"pageId":null,"externalUrl":null,"hideCookieBanner":null,"isTargetBlank":null,"isProviderCurrentWebsite":null,"isEmbeddingOnlyExternalResources":null,"legalBasis":null,"dataProcessingInCountries":null,"dataProcessingInCountriesSpecialTreatments":null,"technicalDefinitions":null,"googleConsentModeConsentTypes":null,"executePriority":null,"executeCodeOptInWhenNoTagManagerConsentIsGiven":null,"executeCodeOptOutWhenNoTagManagerConsentIsGiven":null,"deleteTechnicalDefinitionsAfterOptOut":null,"presetId":null,"presetVersion":null,"provider":null,"providerContactPhone":null,"providerContactEmail":null,"providerContactLink":null,"uniqueName":null,"providerPrivacyPolicyUrl":null,"providerLegalNoticeUrl":null,"codeOptIn":null,"codeOptOut":null,"codeOnPageLoad":null,"language_code":null,"shopengine_template__post_meta__type":null,"shopengine_template__post_meta":null,"shopengine_template__post_meta__edit_with":null,"origin":null,"_enabled":null,"_filters":null,"_layout":null,"_elementor_import_session_id":null,"_wp_trash_meta_status":null,"_wp_trash_meta_time":null,"_edit_lock":"1743511578:2","_elementor_floating_elements_type":null,"_elementor_edit_mode":null,"_elementor_template_type":null,"tc-thumb-fld":{"_thumb_id":5077,"_thumb_type":"thumb"},"_wp_page_template":"default","_elementor_version":null,"_elementor_pro_version":null,"_elementor_page_settings":null,"_elementor_data":null,"_elementor_conditions":null,"_elementor_popup_display_settings":null,"_edit_last":"2","_elementor_template_sub_type":null,"_elementor_controls_usage":null,"_elementor_screenshot":null,"_elementor_css":null,"_elementor_page_assets":[],"_elementor_element_cache":null,"_elementor_screenshot_failed":null,"_elementor_source":null,"_wp_old_date":null,"layout_key":"","post_slider_check_key":"0","_links":{"self":[{"href":"https:\/\/snoeck.de\/fr\/wp-json\/wp\/v2\/product\/3664","targetHints":{"allow":["GET"]}}],"collection":[{"href":"https:\/\/snoeck.de\/fr\/wp-json\/wp\/v2\/product"}],"about":[{"href":"https:\/\/snoeck.de\/fr\/wp-json\/wp\/v2\/types\/product"}],"wp:featuredmedia":[{"embeddable":true,"href":"https:\/\/snoeck.de\/fr\/wp-json\/wp\/v2\/media\/5077"}],"wp:attachment":[{"href":"https:\/\/snoeck.de\/fr\/wp-json\/wp\/v2\/media?parent=3664"}],"wp:term":[{"taxonomy":"product_brand","embeddable":true,"href":"https:\/\/snoeck.de\/fr\/wp-json\/wp\/v2\/product_brand?post=3664"},{"taxonomy":"product_cat","embeddable":true,"href":"https:\/\/snoeck.de\/fr\/wp-json\/wp\/v2\/product_cat?post=3664"},{"taxonomy":"product_tag","embeddable":true,"href":"https:\/\/snoeck.de\/fr\/wp-json\/wp\/v2\/product_tag?post=3664"}],"curies":[{"name":"wp","href":"https:\/\/api.w.org\/{rel}","templated":true}]}}