{"id":3665,"date":"2025-01-31T11:31:22","date_gmt":"2025-01-31T11:31:22","guid":{"rendered":"https:\/\/snoeck.process-vision.de\/shop\/klaus-merkel-hornbook\/"},"modified":"2026-04-08T14:56:53","modified_gmt":"2026-04-08T13:56:53","slug":"klaus-merkel-hornbook","status":"publish","type":"product","link":"https:\/\/snoeck.de\/fr\/shop\/klaus-merkel-hornbook\/","title":{"rendered":"Klaus Merkel : hornbook"},"content":{"rendered":"<h3>Qu'est-ce que le \"hornbook\" ?<\/h3>\n<p>La particularit\u00e9 du volume \"Hornbook\" des Kienbaum Artists' Books pour 2014 de Klaus Merkel est un classement des 165 images de ce volume effectu\u00e9 de mani\u00e8re ad\u00e9quate par rapport \u00e0 sa m\u00e9thode de travail et \u00e0 sa pratique d'exposition. L'artiste forme en effet toujours des s\u00e9ries d'images, des clusters ou des rythmes afin de caract\u00e9riser les signes sur ses tableaux comme des signaux de forme et de couleur sans messages. Il a lui-m\u00eame d\u00e9clar\u00e9 \u00e0 ce sujet que l'on \"ne voit que ce qui passe par l'humeur subjective. Les images n'ont pas de 'narration' et ne sont pas non plus destin\u00e9es \u00e0 traiter des 'abstractions'. Tu peux soit les percevoir physiquement, soit les rejeter\". Cela peut aussi d\u00e9crire des signes figuratifs, sauf que gr\u00e2ce \u00e0 eux, l'image n'est plus un lieu de narration, elle n'a donc aucune fonction mim\u00e9tique. Pour cela, l'artiste se sert d'une palette de quelques couleurs, \u00e0 savoir le vert, le rouge, le jaune, le noir et parfois le bleu. Hans-Joachim M\u00fcller \u00e9crit \u00e0 ce sujet dans son entr\u00e9e dans le Dictionnaire critique de l'art contemporain : \"Ce qui est racont\u00e9, si tant est que cela puisse exister, c'est un \"r\u00e9cit\" non lin\u00e9aire et non orient\u00e9, ce qui est racont\u00e9, c'est le continuum des images qui ne conna\u00eet pas de direction, qui s'\u00e9tend et s'\u00e9tire dans toutes les directions, qui va profond\u00e9ment dans l'histoire et l'origine des images et tout aussi profond\u00e9ment dans le vaste espace de leurs possibilit\u00e9s et de leurs horizons\". Le fait que le hasard soit ici aussi mobilis\u00e9 pour donner des images est peut-\u00eatre illustr\u00e9 par le titre que l'artiste a choisi pour ce livre. Klaus Merkel a install\u00e9 sur son ordinateur un dictionnaire qui lui crache chaque jour un mot au hasard. Pourtant, les Hornbooks \u00e9taient des tablettes alphab\u00e9tiques sculpt\u00e9es dans la corne, avec lesquelles on apprenait autrefois aux enfants \u00e0 lire en Angleterre et aux Etats-Unis.<\/p>","protected":false},"excerpt":{"rendered":"<p>Kienbaum Artists' Books 2014, \u00e9d. par Jochen Kienbaum<br \/>\n224 p. avec 165 illustrations en couleur<br \/>\nFormat 24 x 16,5 cm, couverture souple avec jaquette<\/p>","protected":false},"featured_media":5078,"template":"","meta":[],"product_brand":[],"product_cat":[95],"product_tag":[],"class_list":{"0":"post-3665","1":"product","2":"type-product","3":"status-publish","4":"has-post-thumbnail","6":"product_cat-vergriffen","8":"first","9":"outofstock","10":"taxable","11":"shipping-taxable","12":"product-type-simple"},"aioseo_notices":[],"_wp_attached_file":null,"_wp_attachment_metadata":null,"_wc_attachment_source":null,"_elementor_inline_svg":null,"_elementor_is_screenshot":null,"_elementor_source_image_hash":null,"_source_url":null,"_wp_attachment_context":null,"_menu_item_type":null,"_menu_item_menu_item_parent":null,"_menu_item_object_id":null,"_menu_item_object":null,"_menu_item_target":null,"_menu_item_classes":null,"_menu_item_xfn":null,"_menu_item_url":null,"__elementor_forms_snapshot":null,"_unit":"","_unit_base":"","_unit_product":"","_unit_price_auto":"no","_unit_price_regular":"","_unit_price":"","_unit_price_sale":"","_sale_price_label":"","_sale_price_regular_label":"","_manufacturer_slug":"","_mini_desc":"","_defect_description":"","_safety_instructions":"","_allergen_ids":[],"_warranty_attachment_id":"","_safety_attachment_ids":[],"_min_age":"","_ts_gtin":"","_ts_mpn":"","_delivery_time_countries":[],"_free_shipping":"no","_service":"no","_photovoltaic_system":"no","_used_good":"no","_defective_copy":"no","_wireless_electronic_device":"no","_device_contains_power_supply":"no","_device_charging_supports_usb_pd":"no","_device_charging_watt_min":"0","_device_charging_watt_max":"0","_is_food":"no","_differential_taxation":"no","_gzd_version":"3.18.7","_hs_code":"","_customs_description":"","_manufacture_country":"0","_is_non_returnable":"no","_shipping_length":"","_shipping_width":"","_shipping_height":"","_sku":"ISBN 978-3-86442-073-3","_global_unique_id":"978-3-86442-073-3","_regular_price":null,"total_sales":"0","_tax_status":"taxable","_tax_class":"","_manage_stock":"no","_backorders":"no","_sold_individually":"no","_weight":"1","_virtual":"no","_downloadable":"no","_download_limit":"-1","_download_expiry":"-1","_stock":"","_stock_status":"outofstock","_wc_average_rating":"0","_wc_review_count":"0","_product_version":"10.1.4","_price":"","shopengine_product_views_count":"2568","_thumbnail_id":"5078","_product_attributes":{"erscheinungsdatum":{"name":"Date de publication","value":"10.12.2013","position":0,"is_visible":1,"is_variation":0,"is_taxonomy":0,"checkout_visible":0}},"_nutrient_ids":[],"_upsell_ids":null,"pswc_subtitle":null,"_default_delivery_time":null,"_wp_desired_post_slug":null,"_isbn":null,"pageType":null,"isExternalUrl":null,"pageId":null,"externalUrl":null,"hideCookieBanner":null,"isTargetBlank":null,"isProviderCurrentWebsite":null,"isEmbeddingOnlyExternalResources":null,"legalBasis":null,"dataProcessingInCountries":null,"dataProcessingInCountriesSpecialTreatments":null,"technicalDefinitions":null,"googleConsentModeConsentTypes":null,"executePriority":null,"executeCodeOptInWhenNoTagManagerConsentIsGiven":null,"executeCodeOptOutWhenNoTagManagerConsentIsGiven":null,"deleteTechnicalDefinitionsAfterOptOut":null,"presetId":null,"presetVersion":null,"provider":null,"providerContactPhone":null,"providerContactEmail":null,"providerContactLink":null,"uniqueName":null,"providerPrivacyPolicyUrl":null,"providerLegalNoticeUrl":null,"codeOptIn":null,"codeOptOut":null,"codeOnPageLoad":null,"language_code":null,"shopengine_template__post_meta__type":null,"shopengine_template__post_meta":null,"shopengine_template__post_meta__edit_with":null,"origin":null,"_enabled":null,"_filters":null,"_layout":null,"_elementor_import_session_id":null,"_wp_trash_meta_status":null,"_wp_trash_meta_time":null,"_edit_lock":"1743510536:2","_elementor_floating_elements_type":null,"_elementor_edit_mode":null,"_elementor_template_type":null,"tc-thumb-fld":{"_thumb_id":5078,"_thumb_type":"thumb"},"_wp_page_template":"default","_elementor_version":null,"_elementor_pro_version":null,"_elementor_page_settings":null,"_elementor_data":null,"_elementor_conditions":null,"_elementor_popup_display_settings":null,"_edit_last":"2","_elementor_template_sub_type":null,"_elementor_controls_usage":null,"_elementor_screenshot":null,"_elementor_css":null,"_elementor_page_assets":[],"_elementor_element_cache":null,"_elementor_screenshot_failed":null,"_elementor_source":null,"_wp_old_date":null,"layout_key":"","post_slider_check_key":"0","_links":{"self":[{"href":"https:\/\/snoeck.de\/fr\/wp-json\/wp\/v2\/product\/3665","targetHints":{"allow":["GET"]}}],"collection":[{"href":"https:\/\/snoeck.de\/fr\/wp-json\/wp\/v2\/product"}],"about":[{"href":"https:\/\/snoeck.de\/fr\/wp-json\/wp\/v2\/types\/product"}],"wp:featuredmedia":[{"embeddable":true,"href":"https:\/\/snoeck.de\/fr\/wp-json\/wp\/v2\/media\/5078"}],"wp:attachment":[{"href":"https:\/\/snoeck.de\/fr\/wp-json\/wp\/v2\/media?parent=3665"}],"wp:term":[{"taxonomy":"product_brand","embeddable":true,"href":"https:\/\/snoeck.de\/fr\/wp-json\/wp\/v2\/product_brand?post=3665"},{"taxonomy":"product_cat","embeddable":true,"href":"https:\/\/snoeck.de\/fr\/wp-json\/wp\/v2\/product_cat?post=3665"},{"taxonomy":"product_tag","embeddable":true,"href":"https:\/\/snoeck.de\/fr\/wp-json\/wp\/v2\/product_tag?post=3665"}],"curies":[{"name":"wp","href":"https:\/\/api.w.org\/{rel}","templated":true}]}}