{"id":3667,"date":"2025-01-31T11:31:23","date_gmt":"2025-01-31T11:31:23","guid":{"rendered":"https:\/\/snoeck.process-vision.de\/shop\/olaf-metzel-kaffee-zeitung-zigaretten\/"},"modified":"2025-04-01T12:25:56","modified_gmt":"2025-04-01T12:25:56","slug":"olaf-metzel-kaffee-zeitung-zigaretten","status":"publish","type":"product","link":"https:\/\/snoeck.de\/fr\/shop\/olaf-metzel-kaffee-zeitung-zigaretten\/","title":{"rendered":"Olaf Metzel : caf\u00e9, journal, cigarettes"},"content":{"rendered":"<h3>Brillance pure<\/h3>\n<p>Ce livre consacr\u00e9 \u00e0 l'exposition temporaire de l'association artistique d'Heilbronn dans la Kunsthalle Vogelmann avec Olaf Metzel rassemble pour la premi\u00e8re fois, dans une s\u00e9lection tr\u00e8s diversifi\u00e9e et richement illustr\u00e9e, le nouveau groupe d'\u0153uvres \"Zeitungsarbeiten\". Dans celles-ci, la taille monumentale s'associe tout naturellement \u00e0 l'extr\u00eame fragilit\u00e9, et comme si leur lecteur, contrari\u00e9, avait mis en boule et jet\u00e9 le journal du matin, Olaf Metzel plie, plie et froisse d'\u00e9normes plaques d'aluminium qui, malgr\u00e9 leur format surdimensionn\u00e9, ressemblent \u00e0 s'y m\u00e9prendre \u00e0 leurs mod\u00e8les color\u00e9s. Les pages de journaux d'Olaf Metzel survivent toutefois, le papier blanc et doux semble comme fig\u00e9 dans les plaques d'aluminium aussi encombrantes que coupantes. Le r\u00e9sultat de cette esth\u00e9tique de la d\u00e9vastation sont des reliefs attrayants qui ont leurs mod\u00e8les classiques dans l'histoire de l'art. Il n'est pas \u00e9tonnant que les spectateurs soient captiv\u00e9s par le travail sur la vie et la mort d'Amy Winehouse, car il illustre directement et simplement l'impasse et la col\u00e8re qui ont marqu\u00e9 sa vie.<br \/>\nAvec brio intellectuel et empathie, Olaf Metzel a trouv\u00e9 une combinaison irr\u00e9sistible entre le contenu et la mani\u00e8re de faire. Et il a toujours \u00e9t\u00e9 pr\u00eat \u00e0 mettre le doigt dans la plaie ! R\u00e9cemment encore, il s'est attir\u00e9 des hurlements de col\u00e8re et des menaces de mort avec un nu f\u00e9minin coul\u00e9 dans le bronze - le sujet par excellence de l'histoire de l'art depuis des si\u00e8cles - gr\u00e2ce \u00e0 un d\u00e9tail parlant : Car la femme nue porte un foulard. Chez Olaf Metzel, on peut lire \u00e0 ce sujet : production esth\u00e9tique r\u00e9ussie = provocation - c'est tout ce que l'art peut revendiquer aujourd'hui !<\/p>\n<p>Exposition :<br \/>\nKunstverein Heilbronn, Kunsthalle Vogelmann, 16\/3 - 23\/6\/2013<\/p>","protected":false},"excerpt":{"rendered":"<p>Catalogue d'exposition, Kunstverein Heilbronn, \u00e9d. par Matthia L\u00f6bke<br \/>\nTextes (all.\/ang.\/fran\u00e7ais) de Bodo Fr\u00fcndt, Patrick Lambert, Peter Richter<br \/>\n144 p. avec 100 illustrations en couleur<br \/>\nformat 31 x 21 cm, broch\u00e9 avec jaquette gaufr\u00e9e<\/p>","protected":false},"featured_media":5309,"template":"","meta":[],"product_brand":[],"product_cat":[101,70],"product_tag":[],"class_list":{"0":"post-3667","1":"product","2":"type-product","3":"status-publish","4":"has-post-thumbnail","6":"product_cat-101","7":"product_cat-m","9":"first","10":"instock","11":"taxable","12":"shipping-taxable","13":"purchasable","14":"product-type-simple"},"aioseo_notices":[],"_wp_attached_file":null,"_wp_attachment_metadata":null,"_wc_attachment_source":null,"_elementor_inline_svg":null,"_elementor_is_screenshot":null,"_elementor_source_image_hash":null,"_source_url":null,"_wp_attachment_context":null,"_menu_item_type":null,"_menu_item_menu_item_parent":null,"_menu_item_object_id":null,"_menu_item_object":null,"_menu_item_target":null,"_menu_item_classes":null,"_menu_item_xfn":null,"_menu_item_url":null,"__elementor_forms_snapshot":null,"_unit":"","_unit_base":"","_unit_product":"","_unit_price_auto":"no","_unit_price_regular":"","_unit_price":"","_unit_price_sale":"","_sale_price_label":"","_sale_price_regular_label":"","_manufacturer_slug":"","_mini_desc":"","_defect_description":"","_safety_instructions":"","_allergen_ids":[],"_warranty_attachment_id":"","_safety_attachment_ids":[],"_min_age":"","_ts_gtin":"","_ts_mpn":"","_delivery_time_countries":[],"_free_shipping":"no","_service":"no","_photovoltaic_system":"no","_used_good":"no","_defective_copy":"no","_wireless_electronic_device":"no","_device_contains_power_supply":"no","_device_charging_supports_usb_pd":"no","_device_charging_watt_min":"0","_device_charging_watt_max":"0","_is_food":"no","_differential_taxation":"no","_gzd_version":"3.18.7","_hs_code":"","_customs_description":"","_manufacture_country":"0","_is_non_returnable":"no","_shipping_length":"","_shipping_width":"","_shipping_height":"","_sku":"ISBN 978-3-86642-041-2","_global_unique_id":"978-3-86642-041-2","_regular_price":"39.8","total_sales":"0","_tax_status":"taxable","_tax_class":"","_manage_stock":"no","_backorders":"no","_sold_individually":"no","_weight":"2","_virtual":"no","_downloadable":"no","_download_limit":"-1","_download_expiry":"-1","_stock":"","_stock_status":"instock","_wc_average_rating":"0","_wc_review_count":"0","_product_version":"9.7.1","_price":"39.8","shopengine_product_views_count":"2917","_thumbnail_id":"5309","_product_attributes":{"erscheinungsdatum":{"name":"Date de publication","value":"15.03.2013","position":0,"is_visible":1,"is_variation":0,"is_taxonomy":0,"checkout_visible":0}},"_nutrient_ids":[],"_upsell_ids":null,"pswc_subtitle":"","_default_delivery_time":null,"_wp_desired_post_slug":null,"_isbn":null,"pageType":null,"isExternalUrl":null,"pageId":null,"externalUrl":null,"hideCookieBanner":null,"isTargetBlank":null,"isProviderCurrentWebsite":null,"isEmbeddingOnlyExternalResources":null,"legalBasis":null,"dataProcessingInCountries":null,"dataProcessingInCountriesSpecialTreatments":null,"technicalDefinitions":null,"googleConsentModeConsentTypes":null,"executePriority":null,"executeCodeOptInWhenNoTagManagerConsentIsGiven":null,"executeCodeOptOutWhenNoTagManagerConsentIsGiven":null,"deleteTechnicalDefinitionsAfterOptOut":null,"presetId":null,"presetVersion":null,"provider":null,"providerContactPhone":null,"providerContactEmail":null,"providerContactLink":null,"uniqueName":null,"providerPrivacyPolicyUrl":null,"providerLegalNoticeUrl":null,"codeOptIn":null,"codeOptOut":null,"codeOnPageLoad":null,"language_code":null,"shopengine_template__post_meta__type":null,"shopengine_template__post_meta":null,"shopengine_template__post_meta__edit_with":null,"origin":null,"_enabled":null,"_filters":null,"_layout":null,"_elementor_import_session_id":null,"_wp_trash_meta_status":null,"_wp_trash_meta_time":null,"_edit_lock":"1743510301:2","_elementor_floating_elements_type":null,"_elementor_edit_mode":null,"_elementor_template_type":null,"tc-thumb-fld":{"_thumb_id":5309,"_thumb_type":"thumb"},"_wp_page_template":"default","_elementor_version":null,"_elementor_pro_version":null,"_elementor_page_settings":null,"_elementor_data":null,"_elementor_conditions":null,"_elementor_popup_display_settings":null,"_edit_last":"2","_elementor_template_sub_type":null,"_elementor_controls_usage":null,"_elementor_screenshot":null,"_elementor_css":null,"_elementor_page_assets":[],"_elementor_element_cache":null,"_elementor_screenshot_failed":null,"_elementor_source":null,"_wp_old_date":null,"layout_key":"","post_slider_check_key":"0","_links":{"self":[{"href":"https:\/\/snoeck.de\/fr\/wp-json\/wp\/v2\/product\/3667","targetHints":{"allow":["GET"]}}],"collection":[{"href":"https:\/\/snoeck.de\/fr\/wp-json\/wp\/v2\/product"}],"about":[{"href":"https:\/\/snoeck.de\/fr\/wp-json\/wp\/v2\/types\/product"}],"wp:featuredmedia":[{"embeddable":true,"href":"https:\/\/snoeck.de\/fr\/wp-json\/wp\/v2\/media\/5309"}],"wp:attachment":[{"href":"https:\/\/snoeck.de\/fr\/wp-json\/wp\/v2\/media?parent=3667"}],"wp:term":[{"taxonomy":"product_brand","embeddable":true,"href":"https:\/\/snoeck.de\/fr\/wp-json\/wp\/v2\/product_brand?post=3667"},{"taxonomy":"product_cat","embeddable":true,"href":"https:\/\/snoeck.de\/fr\/wp-json\/wp\/v2\/product_cat?post=3667"},{"taxonomy":"product_tag","embeddable":true,"href":"https:\/\/snoeck.de\/fr\/wp-json\/wp\/v2\/product_tag?post=3667"}],"curies":[{"name":"wp","href":"https:\/\/api.w.org\/{rel}","templated":true}]}}