{"id":3668,"date":"2025-01-31T11:31:24","date_gmt":"2025-01-31T11:31:24","guid":{"rendered":"https:\/\/snoeck.process-vision.de\/shop\/olaf-metzel-from-the-tv-to-the-fridge\/"},"modified":"2026-04-08T15:03:40","modified_gmt":"2026-04-08T14:03:40","slug":"olaf-metzel-from-the-tv-to-the-fridge","status":"publish","type":"product","link":"https:\/\/snoeck.de\/fr\/shop\/olaf-metzel-from-the-tv-to-the-fridge\/","title":{"rendered":"Olaf Metzel : de la t\u00e9l\u00e9 au frigo"},"content":{"rendered":"<h3>Les reliefs sociaux d'Olaf Metzel<\/h3>\n<p>Avec son groupe d'\u0153uvres en aluminium, Olaf Metzel a non seulement r\u00e9introduit de mani\u00e8re surprenante et souveraine le th\u00e8me du relief dans les d\u00e9bats actuels, mais il se rattache aussi d\u00e9lib\u00e9r\u00e9ment \u00e0 ses propres travaux ant\u00e9rieurs, dans lesquels il avait d\u00e9j\u00e0 \u00e9pingl\u00e9 ce genre particulier de l'histoire de l'art. Le pr\u00e9sent ouvrage retrace cet arc de mani\u00e8re tr\u00e8s claire, notamment gr\u00e2ce aux mat\u00e9riaux et aux textes de l'artiste reproduits pour la premi\u00e8re fois. L'ouvrage d\u00e9bute par la c\u00e9l\u00e8bre \u0153uvre \"T\u00fcrkenwohnung Abstand 12.000,- DM VB\", dans laquelle l'artiste annon\u00e7ait en 1982 \u00e0 Berlin la location d'un appartement dans lequel il avait lui-m\u00eame \"taill\u00e9 dans les murs\" et laiss\u00e9 une croix gamm\u00e9e dans la pi\u00e8ce centrale. La sculpture adoss\u00e9e en 1984 au mur du W\u00fcrttembergischer Kunstverein \u00e0 Stuttgart, une couronne fun\u00e9raire en b\u00e9ton surmont\u00e9e de l'inscription Stammheim grossi\u00e8rement peinte au pinceau, n'a pas non plus \u00e9t\u00e9 oubli\u00e9e et continue \u00e0 susciter l'indignation du public. Enfin, Olaf Metzel nous pr\u00e9sente \u00e9galement, avec ses derni\u00e8res \u0153uvres en aluminium, quelque chose comme le relief social de la r\u00e9alit\u00e9 am\u00e9ricaine.<\/p>\n<p>Exposition :<br \/>\nEspace d'art Innsbruck, 6\/2 - 28\/3\/2015<\/p>","protected":false},"excerpt":{"rendered":"<p>Catalogue d'exposition, Kunstraum Innsbruck, \u00e9d. Karin Pernegger<br \/>\nTextes (all.\/ang.) de Olaf Metzel et avec une pr\u00e9face de Karin Pernegger<br \/>\n256 p. avec 140 illustrations en couleur<br \/>\nFormat 20,5 x 17 cm, broch\u00e9 avec jaquette<\/p>","protected":false},"featured_media":5080,"template":"","meta":[],"product_brand":[],"product_cat":[95],"product_tag":[],"class_list":{"0":"post-3668","1":"product","2":"type-product","3":"status-publish","4":"has-post-thumbnail","6":"product_cat-vergriffen","8":"first","9":"outofstock","10":"taxable","11":"shipping-taxable","12":"product-type-simple"},"aioseo_notices":[],"_wp_attached_file":null,"_wp_attachment_metadata":null,"_wc_attachment_source":null,"_elementor_inline_svg":null,"_elementor_is_screenshot":null,"_elementor_source_image_hash":null,"_source_url":null,"_wp_attachment_context":null,"_menu_item_type":null,"_menu_item_menu_item_parent":null,"_menu_item_object_id":null,"_menu_item_object":null,"_menu_item_target":null,"_menu_item_classes":null,"_menu_item_xfn":null,"_menu_item_url":null,"__elementor_forms_snapshot":null,"_unit":"","_unit_base":"","_unit_product":"","_unit_price_auto":"no","_unit_price_regular":"","_unit_price":"","_unit_price_sale":"","_sale_price_label":"","_sale_price_regular_label":"","_manufacturer_slug":"","_mini_desc":"","_defect_description":"","_safety_instructions":"","_allergen_ids":[],"_warranty_attachment_id":"","_safety_attachment_ids":[],"_min_age":"","_ts_gtin":"","_ts_mpn":"","_delivery_time_countries":[],"_free_shipping":"no","_service":"no","_photovoltaic_system":"no","_used_good":"no","_defective_copy":"no","_wireless_electronic_device":"no","_device_contains_power_supply":"no","_device_charging_supports_usb_pd":"no","_device_charging_watt_min":"0","_device_charging_watt_max":"0","_is_food":"no","_differential_taxation":"no","_gzd_version":"3.18.7","_hs_code":"","_customs_description":"","_manufacture_country":"0","_is_non_returnable":"no","_shipping_length":"","_shipping_width":"","_shipping_height":"","_sku":"ISBN 978-3-86442-119-8","_global_unique_id":"978-3-86442-119-8","_regular_price":null,"total_sales":"0","_tax_status":"taxable","_tax_class":"","_manage_stock":"no","_backorders":"no","_sold_individually":"no","_weight":"1","_virtual":"no","_downloadable":"no","_download_limit":"-1","_download_expiry":"-1","_stock":"","_stock_status":"outofstock","_wc_average_rating":"0","_wc_review_count":"0","_product_version":"10.1.4","_price":"","shopengine_product_views_count":"2688","_thumbnail_id":"5080","_product_attributes":{"erscheinungsdatum":{"name":"Date de publication","value":"12.03.2015","position":0,"is_visible":1,"is_variation":0,"is_taxonomy":0,"checkout_visible":0}},"_nutrient_ids":[],"_upsell_ids":null,"pswc_subtitle":null,"_default_delivery_time":null,"_wp_desired_post_slug":null,"_isbn":null,"pageType":null,"isExternalUrl":null,"pageId":null,"externalUrl":null,"hideCookieBanner":null,"isTargetBlank":null,"isProviderCurrentWebsite":null,"isEmbeddingOnlyExternalResources":null,"legalBasis":null,"dataProcessingInCountries":null,"dataProcessingInCountriesSpecialTreatments":null,"technicalDefinitions":null,"googleConsentModeConsentTypes":null,"executePriority":null,"executeCodeOptInWhenNoTagManagerConsentIsGiven":null,"executeCodeOptOutWhenNoTagManagerConsentIsGiven":null,"deleteTechnicalDefinitionsAfterOptOut":null,"presetId":null,"presetVersion":null,"provider":null,"providerContactPhone":null,"providerContactEmail":null,"providerContactLink":null,"uniqueName":null,"providerPrivacyPolicyUrl":null,"providerLegalNoticeUrl":null,"codeOptIn":null,"codeOptOut":null,"codeOnPageLoad":null,"language_code":null,"shopengine_template__post_meta__type":null,"shopengine_template__post_meta":null,"shopengine_template__post_meta__edit_with":null,"origin":null,"_enabled":null,"_filters":null,"_layout":null,"_elementor_import_session_id":null,"_wp_trash_meta_status":null,"_wp_trash_meta_time":null,"_edit_lock":"1743510117:2","_elementor_floating_elements_type":null,"_elementor_edit_mode":null,"_elementor_template_type":null,"tc-thumb-fld":{"_thumb_id":5080,"_thumb_type":"thumb"},"_wp_page_template":"default","_elementor_version":null,"_elementor_pro_version":null,"_elementor_page_settings":null,"_elementor_data":null,"_elementor_conditions":null,"_elementor_popup_display_settings":null,"_edit_last":"2","_elementor_template_sub_type":null,"_elementor_controls_usage":null,"_elementor_screenshot":null,"_elementor_css":null,"_elementor_page_assets":[],"_elementor_element_cache":null,"_elementor_screenshot_failed":null,"_elementor_source":null,"_wp_old_date":null,"layout_key":"","post_slider_check_key":"0","_links":{"self":[{"href":"https:\/\/snoeck.de\/fr\/wp-json\/wp\/v2\/product\/3668","targetHints":{"allow":["GET"]}}],"collection":[{"href":"https:\/\/snoeck.de\/fr\/wp-json\/wp\/v2\/product"}],"about":[{"href":"https:\/\/snoeck.de\/fr\/wp-json\/wp\/v2\/types\/product"}],"wp:featuredmedia":[{"embeddable":true,"href":"https:\/\/snoeck.de\/fr\/wp-json\/wp\/v2\/media\/5080"}],"wp:attachment":[{"href":"https:\/\/snoeck.de\/fr\/wp-json\/wp\/v2\/media?parent=3668"}],"wp:term":[{"taxonomy":"product_brand","embeddable":true,"href":"https:\/\/snoeck.de\/fr\/wp-json\/wp\/v2\/product_brand?post=3668"},{"taxonomy":"product_cat","embeddable":true,"href":"https:\/\/snoeck.de\/fr\/wp-json\/wp\/v2\/product_cat?post=3668"},{"taxonomy":"product_tag","embeddable":true,"href":"https:\/\/snoeck.de\/fr\/wp-json\/wp\/v2\/product_tag?post=3668"}],"curies":[{"name":"wp","href":"https:\/\/api.w.org\/{rel}","templated":true}]}}