{"id":3672,"date":"2025-01-31T11:31:27","date_gmt":"2025-01-31T11:31:27","guid":{"rendered":"https:\/\/snoeck.process-vision.de\/shop\/monika-michalko-here-in-the-real-world\/"},"modified":"2025-04-01T12:16:21","modified_gmt":"2025-04-01T12:16:21","slug":"monika-michalko-here-in-the-real-world","status":"publish","type":"product","link":"https:\/\/snoeck.de\/fr\/shop\/monika-michalko-here-in-the-real-world\/","title":{"rendered":"Monika Michalko : Ici dans le monde r\u00e9el"},"content":{"rendered":"<h3>Une nouvelle nef des fous<\/h3>\n<p>Arbres et plantes grimpantes, oiseaux et champignons, habitations et int\u00e9rieurs sc\u00e9niques : Monika Michalko (n\u00e9e en 1982 \u00e0 Sokolov, R\u00e9publique tch\u00e8que) associe dans sa peinture des \u00e9l\u00e9ments figuratifs et des objets, organiques et ornementaux, abstraits et architecturaux. Ses compositions picturales sont toujours fictives : souvenirs, fantasmes et sc\u00e8nes oniriques forment un cosmos pictural d\u00e9fini par ses propres lois. La tonalit\u00e9 sp\u00e9cifique de ses \u0153uvres renforce \u00e9galement l'impression de r\u00eave qu'elles d\u00e9gagent. Ces compositions rappellent toujours vaguement des artistes modernes comme Paul Klee, Kasimir Malevitch, Giorgio de Chirico, Odilon Redon ou James Ensor. En 2023, elle a cr\u00e9\u00e9 son tableau vivant \"Ship of Fools\", o\u00f9, dans un d\u00e9cor de vagues en carton fortement soulev\u00e9es qui menacent de se briser, se pr\u00e9sentent diff\u00e9rents acteurs*, ainsi que des enfants et un chien. Monika Michalko r\u00e9ussit \u00e0 faire le grand \u00e9cart entre l'anim\u00e9 et l'inanim\u00e9, le statique et le mouvement. L'image d'un bateau \u00e9gar\u00e9 rempli de fous a de nombreux liens avec Nuremberg : la satire morale de la fin du Moyen-\u00c2ge \"La Nef des fous\" de Sebastian Brant (1457-1521) \u00e9tait l'une des \u0153uvres illustr\u00e9es en langue allemande les plus populaires du 15e si\u00e8cle. Parmi les artistes avec lesquels Brant a collabor\u00e9 \u00e0 B\u00e2le pour les illustrations, on trouve le jeune Albrecht D\u00fcrer. Monika Michalko trouve une nouvelle interpr\u00e9tation du motif et met en sc\u00e8ne une m\u00e9taphore contemporaine de l'\u00e9tat de notre monde chaotique.<\/p>\n<p>Expositions :<br \/>\nKunsthalle N\u00fcrnberg, 29\/6 - 6\/10\/2024<br \/>\nMus\u00e9e municipal d'Engen + galerie, 16\/11\/2024 - 21\/1\/2025<\/p>","protected":false},"excerpt":{"rendered":"<p>Catalogue d'exposition, Kunsthalle N\u00fcrnberg, \u00e9d. par Harriet Zilch<br \/>\nTextes (all.\/ang.) de Harriet Zilch, Velten Wagner, entretien avec l'artiste par Luisa Fink<br \/>\n232 p. avec 82 illustrations double page en couleur et 170 en n\/b<br \/>\nformat 28,5 x 21,5 cm, reliure \u00e0 fil ouverte avec couverture rigide<\/p>","protected":false},"featured_media":5084,"template":"","meta":[],"product_brand":[],"product_cat":[88,70],"product_tag":[],"class_list":{"0":"post-3672","1":"product","2":"type-product","3":"status-publish","4":"has-post-thumbnail","6":"product_cat-88","7":"product_cat-m","9":"first","10":"instock","11":"taxable","12":"shipping-taxable","13":"purchasable","14":"product-type-simple"},"aioseo_notices":[],"_wp_attached_file":null,"_wp_attachment_metadata":null,"_wc_attachment_source":null,"_elementor_inline_svg":null,"_elementor_is_screenshot":null,"_elementor_source_image_hash":null,"_source_url":null,"_wp_attachment_context":null,"_menu_item_type":null,"_menu_item_menu_item_parent":null,"_menu_item_object_id":null,"_menu_item_object":null,"_menu_item_target":null,"_menu_item_classes":null,"_menu_item_xfn":null,"_menu_item_url":null,"__elementor_forms_snapshot":null,"_unit":"","_unit_base":"","_unit_product":"","_unit_price_auto":"no","_unit_price_regular":"","_unit_price":"","_unit_price_sale":"","_sale_price_label":"","_sale_price_regular_label":"","_manufacturer_slug":"","_mini_desc":"","_defect_description":"","_safety_instructions":"","_allergen_ids":[],"_warranty_attachment_id":"","_safety_attachment_ids":[],"_min_age":"","_ts_gtin":"","_ts_mpn":"","_delivery_time_countries":[],"_free_shipping":"no","_service":"no","_photovoltaic_system":"no","_used_good":"no","_defective_copy":"no","_wireless_electronic_device":"no","_device_contains_power_supply":"no","_device_charging_supports_usb_pd":"no","_device_charging_watt_min":"0","_device_charging_watt_max":"0","_is_food":"no","_differential_taxation":"no","_gzd_version":"3.18.7","_hs_code":"","_customs_description":"","_manufacture_country":"0","_is_non_returnable":"no","_shipping_length":"","_shipping_width":"","_shipping_height":"","_sku":"ISBN 978-3-86442-443-4","_global_unique_id":"978-3-86442-443-4","_regular_price":"48","total_sales":"3","_tax_status":"taxable","_tax_class":"","_manage_stock":"no","_backorders":"no","_sold_individually":"no","_weight":"2","_virtual":"no","_downloadable":"no","_download_limit":"-1","_download_expiry":"-1","_stock":"","_stock_status":"instock","_wc_average_rating":"0","_wc_review_count":"0","_product_version":"9.7.1","_price":"48","shopengine_product_views_count":"2954","_thumbnail_id":"5084","_product_attributes":{"erscheinungsdatum":{"name":"Date de publication","value":"30.06.2024","position":0,"is_visible":1,"is_variation":0,"is_taxonomy":0,"checkout_visible":0}},"_nutrient_ids":[],"_upsell_ids":null,"pswc_subtitle":null,"_default_delivery_time":null,"_wp_desired_post_slug":null,"_isbn":null,"pageType":null,"isExternalUrl":null,"pageId":null,"externalUrl":null,"hideCookieBanner":null,"isTargetBlank":null,"isProviderCurrentWebsite":null,"isEmbeddingOnlyExternalResources":null,"legalBasis":null,"dataProcessingInCountries":null,"dataProcessingInCountriesSpecialTreatments":null,"technicalDefinitions":null,"googleConsentModeConsentTypes":null,"executePriority":null,"executeCodeOptInWhenNoTagManagerConsentIsGiven":null,"executeCodeOptOutWhenNoTagManagerConsentIsGiven":null,"deleteTechnicalDefinitionsAfterOptOut":null,"presetId":null,"presetVersion":null,"provider":null,"providerContactPhone":null,"providerContactEmail":null,"providerContactLink":null,"uniqueName":null,"providerPrivacyPolicyUrl":null,"providerLegalNoticeUrl":null,"codeOptIn":null,"codeOptOut":null,"codeOnPageLoad":null,"language_code":null,"shopengine_template__post_meta__type":null,"shopengine_template__post_meta":null,"shopengine_template__post_meta__edit_with":null,"origin":null,"_enabled":null,"_filters":null,"_layout":null,"_elementor_import_session_id":null,"_wp_trash_meta_status":null,"_wp_trash_meta_time":null,"_edit_lock":"1743509641:2","_elementor_floating_elements_type":null,"_elementor_edit_mode":null,"_elementor_template_type":null,"tc-thumb-fld":{"_thumb_id":5084,"_thumb_type":"thumb"},"_wp_page_template":"default","_elementor_version":null,"_elementor_pro_version":null,"_elementor_page_settings":null,"_elementor_data":null,"_elementor_conditions":null,"_elementor_popup_display_settings":null,"_edit_last":"2","_elementor_template_sub_type":null,"_elementor_controls_usage":null,"_elementor_screenshot":null,"_elementor_css":null,"_elementor_page_assets":[],"_elementor_element_cache":null,"_elementor_screenshot_failed":null,"_elementor_source":null,"_wp_old_date":null,"layout_key":"","post_slider_check_key":"0","_links":{"self":[{"href":"https:\/\/snoeck.de\/fr\/wp-json\/wp\/v2\/product\/3672","targetHints":{"allow":["GET"]}}],"collection":[{"href":"https:\/\/snoeck.de\/fr\/wp-json\/wp\/v2\/product"}],"about":[{"href":"https:\/\/snoeck.de\/fr\/wp-json\/wp\/v2\/types\/product"}],"wp:featuredmedia":[{"embeddable":true,"href":"https:\/\/snoeck.de\/fr\/wp-json\/wp\/v2\/media\/5084"}],"wp:attachment":[{"href":"https:\/\/snoeck.de\/fr\/wp-json\/wp\/v2\/media?parent=3672"}],"wp:term":[{"taxonomy":"product_brand","embeddable":true,"href":"https:\/\/snoeck.de\/fr\/wp-json\/wp\/v2\/product_brand?post=3672"},{"taxonomy":"product_cat","embeddable":true,"href":"https:\/\/snoeck.de\/fr\/wp-json\/wp\/v2\/product_cat?post=3672"},{"taxonomy":"product_tag","embeddable":true,"href":"https:\/\/snoeck.de\/fr\/wp-json\/wp\/v2\/product_tag?post=3672"}],"curies":[{"name":"wp","href":"https:\/\/api.w.org\/{rel}","templated":true}]}}