{"id":3673,"date":"2025-01-31T11:31:27","date_gmt":"2025-01-31T11:31:27","guid":{"rendered":"https:\/\/snoeck.process-vision.de\/shop\/mit-anderen-augen-das-portraet-in-der-zeitgenoessischen-fotografie\/"},"modified":"2026-04-08T15:07:11","modified_gmt":"2026-04-08T14:07:11","slug":"mit-anderen-augen-das-portraet-in-der-zeitgenoessischen-fotografie","status":"publish","type":"product","link":"https:\/\/snoeck.de\/fr\/shop\/mit-anderen-augen-das-portraet-in-der-zeitgenoessischen-fotografie\/","title":{"rendered":"Avec des yeux diff\u00e9rents. Le portrait dans la photographie contemporaine \/ With Different Eyes. Le portrait de la photographie contemporaine"},"content":{"rendered":"<h3>Le nouveau visage du temps<\/h3>\n<p>Dans l'art actuel, et en particulier dans la photographie, le portrait fait toujours partie des contenus visuels les plus importants et sans cesse renouvel\u00e9s. Les approches esth\u00e9tiques vont du documentaire \u00e0 la mise en sc\u00e8ne, de la reformulation des traditions picturales iconographiques \u00e0 l'\u00e9tude artistique d'aspects de la photographie amateur ou de l'abstraction comme r\u00e9flexions possibles sur le sujet. Avec ce projet d'exposition commun, le Kunstmuseum de Bonn et Die Photographische Sammlung\/SK Stiftung Kultur \u00e0 Cologne s'approchent de cette complexit\u00e9 et de cette actualit\u00e9. Et l'on peut d'ores et d\u00e9j\u00e0 affirmer : S'il y a 15 ans, un livre comme \"How you look at it ?\" a d\u00e9finitivement mis un terme \u00e0 la question de la parent\u00e9 formelle entre les beaux-arts et la photographie, contribuant ainsi \u00e0 une immense revalorisation de la photographie, \"Mit anderen Augen\" (Avec d'autres yeux) fournit pour notre \u00e9poque un vaste inventaire et une confirmation d\u00e9finitive de la supr\u00e9matie de la photographie dans le genre artistique du portrait, supr\u00e9matie qui n'est plus contest\u00e9e entre-temps !<\/p>\n<p>Artistes* :<br \/>\nCharles Fr\u00e9ger, Pepa Hristova, Pieter Hugo, Hiroh Kikai, Joerg Lipskoch, Francesco Neri, Mark Neville, Jerry L. Thompson, Mette Tronvoll, Albrecht T\u00fcbkeLe Kunstmuseum Bonn pr\u00e9sente : Ute Behrend, Katharina Bosse, Clegg &amp; Guttmann, Dunja Evers, Jan Paul Evers, Albrecht Fuchs, Bernhard Fuchs, Jitka Hanzlov\u00e0, Uschi Huber, J\u00f6rg Paul Janka, Sabrina Jung, Dagmar Keller\/Martin Wittwer, Annette Kelm, Erik Kessels, Dieter Kiessling, Jana K\u00f6lmel, Eckhard Korn, Christian Mayer, Katharina Mayer, Christopher Muller, Peter Piller, Barbara Probst, Tim Rautert, Daniela Risch, Thomas Ruff, Michael Schmidt, Daniel Schumann, Oliver Sieber, Beat Streuli, Thomas Struth, Katja Stuke, Wolfgang Tillmans, Christopher Williams, Tobias Zielony<\/p>\n<p>Expositions :<br \/>\nLa collection photographique\/SK Stiftung Kultur, Cologne, 26\/2 - 29\/5\/2016<br \/>\nMus\u00e9e d'art de Bonn, 25\/2 - 8\/5\/2016<br \/>\nKunsthalle N\u00fcrnberg et Kunsthaus im KunstKulturQuartier, 13\/10\/2016 - 15\/1\/2017<\/p>","protected":false},"excerpt":{"rendered":"<p>Catalogue d'exposition, Die Photographische Sammlung\/SK Stiftung Kultur K\u00f6ln, Kunst Museum Bonn, \u00e9d. Gabriele Conrath-Scholl, Stephan Berg<br \/>\nTextes (all.\/ang.) de Gabriele Conrath-Scholl, Stefan Gronert, Barbara Hofmann-Johnson, Klaus Honnef, Claudia Schubert<br \/>\n360 pages avec 280 illustrations en couleur<br \/>\nformat 28,5 \u00d7 23 cm, brochure \u00e0 rabats<\/p>","protected":false},"featured_media":5085,"template":"","meta":[],"product_brand":[],"product_cat":[95],"product_tag":[],"class_list":{"0":"post-3673","1":"product","2":"type-product","3":"status-publish","4":"has-post-thumbnail","6":"product_cat-vergriffen","8":"first","9":"outofstock","10":"taxable","11":"shipping-taxable","12":"product-type-simple"},"aioseo_notices":[],"_wp_attached_file":null,"_wp_attachment_metadata":null,"_wc_attachment_source":null,"_elementor_inline_svg":null,"_elementor_is_screenshot":null,"_elementor_source_image_hash":null,"_source_url":null,"_wp_attachment_context":null,"_menu_item_type":null,"_menu_item_menu_item_parent":null,"_menu_item_object_id":null,"_menu_item_object":null,"_menu_item_target":null,"_menu_item_classes":null,"_menu_item_xfn":null,"_menu_item_url":null,"__elementor_forms_snapshot":null,"_unit":"","_unit_base":"","_unit_product":"","_unit_price_auto":"no","_unit_price_regular":"","_unit_price":"","_unit_price_sale":"","_sale_price_label":"","_sale_price_regular_label":"","_manufacturer_slug":"","_mini_desc":"","_defect_description":"","_safety_instructions":"","_allergen_ids":[],"_warranty_attachment_id":"","_safety_attachment_ids":[],"_min_age":"","_ts_gtin":"","_ts_mpn":"","_delivery_time_countries":[],"_free_shipping":"no","_service":"no","_photovoltaic_system":"no","_used_good":"no","_defective_copy":"no","_wireless_electronic_device":"no","_device_contains_power_supply":"no","_device_charging_supports_usb_pd":"no","_device_charging_watt_min":"0","_device_charging_watt_max":"0","_is_food":"no","_differential_taxation":"no","_gzd_version":"3.18.7","_hs_code":"","_customs_description":"","_manufacture_country":"0","_is_non_returnable":"no","_shipping_length":"","_shipping_width":"","_shipping_height":"","_sku":"ISBN 978-3-86442-158-7","_global_unique_id":"978-3-86442-158-7","_regular_price":null,"total_sales":"0","_tax_status":"taxable","_tax_class":"","_manage_stock":"no","_backorders":"no","_sold_individually":"no","_weight":"2","_virtual":"no","_downloadable":"no","_download_limit":"-1","_download_expiry":"-1","_stock":"","_stock_status":"outofstock","_wc_average_rating":"0","_wc_review_count":"0","_product_version":"10.1.4","_price":"","shopengine_product_views_count":"3089","_thumbnail_id":"5085","_product_attributes":{"erscheinungsdatum":{"name":"Date de publication","value":"26.02.2016","position":0,"is_visible":1,"is_variation":0,"is_taxonomy":0,"checkout_visible":0}},"_nutrient_ids":[],"_upsell_ids":null,"pswc_subtitle":null,"_default_delivery_time":null,"_wp_desired_post_slug":null,"_isbn":null,"pageType":null,"isExternalUrl":null,"pageId":null,"externalUrl":null,"hideCookieBanner":null,"isTargetBlank":null,"isProviderCurrentWebsite":null,"isEmbeddingOnlyExternalResources":null,"legalBasis":null,"dataProcessingInCountries":null,"dataProcessingInCountriesSpecialTreatments":null,"technicalDefinitions":null,"googleConsentModeConsentTypes":null,"executePriority":null,"executeCodeOptInWhenNoTagManagerConsentIsGiven":null,"executeCodeOptOutWhenNoTagManagerConsentIsGiven":null,"deleteTechnicalDefinitionsAfterOptOut":null,"presetId":null,"presetVersion":null,"provider":null,"providerContactPhone":null,"providerContactEmail":null,"providerContactLink":null,"uniqueName":null,"providerPrivacyPolicyUrl":null,"providerLegalNoticeUrl":null,"codeOptIn":null,"codeOptOut":null,"codeOnPageLoad":null,"language_code":null,"shopengine_template__post_meta__type":null,"shopengine_template__post_meta":null,"shopengine_template__post_meta__edit_with":null,"origin":null,"_enabled":null,"_filters":null,"_layout":null,"_elementor_import_session_id":null,"_wp_trash_meta_status":null,"_wp_trash_meta_time":null,"_edit_lock":"1743509521:2","_elementor_floating_elements_type":null,"_elementor_edit_mode":null,"_elementor_template_type":null,"tc-thumb-fld":{"_thumb_id":5085,"_thumb_type":"thumb"},"_wp_page_template":"default","_elementor_version":null,"_elementor_pro_version":null,"_elementor_page_settings":null,"_elementor_data":null,"_elementor_conditions":null,"_elementor_popup_display_settings":null,"_edit_last":"2","_elementor_template_sub_type":null,"_elementor_controls_usage":null,"_elementor_screenshot":null,"_elementor_css":null,"_elementor_page_assets":[],"_elementor_element_cache":null,"_elementor_screenshot_failed":null,"_elementor_source":null,"_wp_old_date":null,"layout_key":"","post_slider_check_key":"0","_links":{"self":[{"href":"https:\/\/snoeck.de\/fr\/wp-json\/wp\/v2\/product\/3673","targetHints":{"allow":["GET"]}}],"collection":[{"href":"https:\/\/snoeck.de\/fr\/wp-json\/wp\/v2\/product"}],"about":[{"href":"https:\/\/snoeck.de\/fr\/wp-json\/wp\/v2\/types\/product"}],"wp:featuredmedia":[{"embeddable":true,"href":"https:\/\/snoeck.de\/fr\/wp-json\/wp\/v2\/media\/5085"}],"wp:attachment":[{"href":"https:\/\/snoeck.de\/fr\/wp-json\/wp\/v2\/media?parent=3673"}],"wp:term":[{"taxonomy":"product_brand","embeddable":true,"href":"https:\/\/snoeck.de\/fr\/wp-json\/wp\/v2\/product_brand?post=3673"},{"taxonomy":"product_cat","embeddable":true,"href":"https:\/\/snoeck.de\/fr\/wp-json\/wp\/v2\/product_cat?post=3673"},{"taxonomy":"product_tag","embeddable":true,"href":"https:\/\/snoeck.de\/fr\/wp-json\/wp\/v2\/product_tag?post=3673"}],"curies":[{"name":"wp","href":"https:\/\/api.w.org\/{rel}","templated":true}]}}