{"id":3674,"date":"2025-01-31T11:31:28","date_gmt":"2025-01-31T11:31:28","guid":{"rendered":"https:\/\/snoeck.process-vision.de\/shop\/momas\/"},"modified":"2025-04-01T12:03:17","modified_gmt":"2025-04-01T12:03:17","slug":"momas","status":"publish","type":"product","link":"https:\/\/snoeck.de\/fr\/shop\/momas\/","title":{"rendered":"MOMAS"},"content":{"rendered":"<h3>Martin Kippenberger pr\u00e9sente fi\u00e8rement<br \/>\nMOMAS - Mus\u00e9e d'art moderne de Syros<\/h3>\n<p>C'est sans aucun doute Martin Kippenberger qui a eu les meilleures id\u00e9es sur la mani\u00e8re d'am\u00e9nager et de planifier un mus\u00e9e. La petite r\u00e9impression de la deuxi\u00e8me exposition du Museum of Modern Art Syros avait \u00e9t\u00e9 con\u00e7ue \u00e0 l'origine en 1994 par Lukas Baumewerd en petit tirage et imprim\u00e9e sur l'une des premi\u00e8res imprimantes \u00e0 jet d'encre. Le ma\u00eetre a ensuite distribu\u00e9 lui-m\u00eame les vingt premiers exemplaires \u00e0 l'occasion du vernissage de l'exposition d'Ulrich Strothjohann.<br \/>\nLe nouveau petit mus\u00e9e de l'\u00eele grecque de Syros, bien qu'unique en son genre et digne d'int\u00e9r\u00eat, avait \u00e9t\u00e9 d\u00e9couvert par Martin Kippenberger des ann\u00e9es auparavant lors de son atterrissage, puis explor\u00e9 avec Michel W\u00fcrthle. Il est vite apparu que les abattoirs inachev\u00e9s constituaient un ensemble id\u00e9al. Le cercle d'amis s'est rapidement attel\u00e9 \u00e0 la t\u00e2che, non sans avoir \u00e9t\u00e9 r\u00e9guli\u00e8rement incit\u00e9 et charg\u00e9 par Kippenberger de se mettre d'accord sur des expositions, de mesurer le terrain et de dessiner des plans. La plupart du temps, des groupes de touristes en provenance de Cologne arrivaient \u00e0 Syros \u00e0 temps pour les inaugurations, afin de f\u00eater l'exposition d'\u00e9t\u00e9 en compagnie du directeur Martin Kippenberger. C'est ainsi qu'ont eu lieu des expositions de Hubert Kiecol, Ulrich Strothjohann, Christopher Wool et Cosima von Bonin.<br \/>\nLa r\u00e9impression de ce cahier, d'abord tir\u00e9 \u00e0 vingt, puis \u00e0 cent exemplaires, suit enti\u00e8rement l'\u00e9dition originale dans son d\u00e9cor et sa pr\u00e9sentation, mais contrairement \u00e0 celle-ci, elle est d\u00e9sormais imprim\u00e9e en offset.<\/p>","protected":false},"excerpt":{"rendered":"<p>Catalogue-reprint, \u00e9dit\u00e9 par Lukas Baumewerd en collaboration avec l'Estate de Martin Kippenberger<br \/>\n24 p. avec 10 photographies, de nombreux plans et croquis, en partie en couleur<br \/>\nFormat 14 x 20,9 cm, brochure agraf\u00e9e<\/p>","protected":false},"featured_media":5090,"template":"","meta":[],"product_brand":[],"product_cat":[114,68,70],"product_tag":[],"class_list":{"0":"post-3674","1":"product","2":"type-product","3":"status-publish","4":"has-post-thumbnail","6":"product_cat-114","7":"product_cat-k","8":"product_cat-m","10":"first","11":"instock","12":"taxable","13":"shipping-taxable","14":"purchasable","15":"product-type-simple"},"aioseo_notices":[],"_wp_attached_file":null,"_wp_attachment_metadata":null,"_wc_attachment_source":null,"_elementor_inline_svg":null,"_elementor_is_screenshot":null,"_elementor_source_image_hash":null,"_source_url":null,"_wp_attachment_context":null,"_menu_item_type":null,"_menu_item_menu_item_parent":null,"_menu_item_object_id":null,"_menu_item_object":null,"_menu_item_target":null,"_menu_item_classes":null,"_menu_item_xfn":null,"_menu_item_url":null,"__elementor_forms_snapshot":null,"_unit":"","_unit_base":"","_unit_product":"","_unit_price_auto":"no","_unit_price_regular":"","_unit_price":"","_unit_price_sale":"","_sale_price_label":"","_sale_price_regular_label":"","_manufacturer_slug":"","_mini_desc":"","_defect_description":"","_safety_instructions":"","_allergen_ids":[],"_warranty_attachment_id":"","_safety_attachment_ids":[],"_min_age":"","_ts_gtin":"","_ts_mpn":"","_delivery_time_countries":[],"_free_shipping":"no","_service":"no","_photovoltaic_system":"no","_used_good":"no","_defective_copy":"no","_wireless_electronic_device":"no","_device_contains_power_supply":"no","_device_charging_supports_usb_pd":"no","_device_charging_watt_min":"0","_device_charging_watt_max":"0","_is_food":"no","_differential_taxation":"no","_gzd_version":"3.18.7","_hs_code":"","_customs_description":"","_manufacture_country":"0","_is_non_returnable":"no","_shipping_length":"","_shipping_width":"","_shipping_height":"","_sku":"ISBN 978-3-936859-35-5","_global_unique_id":"978-3-936859-35-5","_regular_price":"9.8","total_sales":"2","_tax_status":"taxable","_tax_class":"","_manage_stock":"no","_backorders":"no","_sold_individually":"no","_weight":"1","_virtual":"no","_downloadable":"no","_download_limit":"-1","_download_expiry":"-1","_stock":"","_stock_status":"instock","_wc_average_rating":"0","_wc_review_count":"0","_product_version":"9.7.1","_price":"9.8","shopengine_product_views_count":"2305","_thumbnail_id":"5090","_product_attributes":{"erscheinungsdatum":{"name":"Erscheinungsdatum","value":"12.05.2005","position":0,"is_visible":1,"is_variation":0,"is_taxonomy":0,"checkout_visible":0}},"_nutrient_ids":[],"_upsell_ids":null,"pswc_subtitle":null,"_default_delivery_time":null,"_wp_desired_post_slug":null,"_isbn":null,"pageType":null,"isExternalUrl":null,"pageId":null,"externalUrl":null,"hideCookieBanner":null,"isTargetBlank":null,"isProviderCurrentWebsite":null,"isEmbeddingOnlyExternalResources":null,"legalBasis":null,"dataProcessingInCountries":null,"dataProcessingInCountriesSpecialTreatments":null,"technicalDefinitions":null,"googleConsentModeConsentTypes":null,"executePriority":null,"executeCodeOptInWhenNoTagManagerConsentIsGiven":null,"executeCodeOptOutWhenNoTagManagerConsentIsGiven":null,"deleteTechnicalDefinitionsAfterOptOut":null,"presetId":null,"presetVersion":null,"provider":null,"providerContactPhone":null,"providerContactEmail":null,"providerContactLink":null,"uniqueName":null,"providerPrivacyPolicyUrl":null,"providerLegalNoticeUrl":null,"codeOptIn":null,"codeOptOut":null,"codeOnPageLoad":null,"language_code":null,"shopengine_template__post_meta__type":null,"shopengine_template__post_meta":null,"shopengine_template__post_meta__edit_with":null,"origin":null,"_enabled":null,"_filters":null,"_layout":null,"_elementor_import_session_id":null,"_wp_trash_meta_status":null,"_wp_trash_meta_time":null,"_edit_lock":"1743508858:2","_elementor_floating_elements_type":null,"_elementor_edit_mode":null,"_elementor_template_type":null,"tc-thumb-fld":{"_thumb_id":5090,"_thumb_type":"thumb"},"_wp_page_template":"default","_elementor_version":null,"_elementor_pro_version":null,"_elementor_page_settings":null,"_elementor_data":null,"_elementor_conditions":null,"_elementor_popup_display_settings":null,"_edit_last":"2","_elementor_template_sub_type":null,"_elementor_controls_usage":null,"_elementor_screenshot":null,"_elementor_css":null,"_elementor_page_assets":[],"_elementor_element_cache":null,"_elementor_screenshot_failed":null,"_elementor_source":null,"_wp_old_date":null,"layout_key":"","post_slider_check_key":"0","_links":{"self":[{"href":"https:\/\/snoeck.de\/fr\/wp-json\/wp\/v2\/product\/3674","targetHints":{"allow":["GET"]}}],"collection":[{"href":"https:\/\/snoeck.de\/fr\/wp-json\/wp\/v2\/product"}],"about":[{"href":"https:\/\/snoeck.de\/fr\/wp-json\/wp\/v2\/types\/product"}],"wp:featuredmedia":[{"embeddable":true,"href":"https:\/\/snoeck.de\/fr\/wp-json\/wp\/v2\/media\/5090"}],"wp:attachment":[{"href":"https:\/\/snoeck.de\/fr\/wp-json\/wp\/v2\/media?parent=3674"}],"wp:term":[{"taxonomy":"product_brand","embeddable":true,"href":"https:\/\/snoeck.de\/fr\/wp-json\/wp\/v2\/product_brand?post=3674"},{"taxonomy":"product_cat","embeddable":true,"href":"https:\/\/snoeck.de\/fr\/wp-json\/wp\/v2\/product_cat?post=3674"},{"taxonomy":"product_tag","embeddable":true,"href":"https:\/\/snoeck.de\/fr\/wp-json\/wp\/v2\/product_tag?post=3674"}],"curies":[{"name":"wp","href":"https:\/\/api.w.org\/{rel}","templated":true}]}}