{"id":3676,"date":"2025-01-31T11:31:29","date_gmt":"2025-01-31T11:31:29","guid":{"rendered":"https:\/\/snoeck.process-vision.de\/shop\/lienhard-von-monkiewitsch-danach-ist-davor\/"},"modified":"2025-04-01T12:01:34","modified_gmt":"2025-04-01T12:01:34","slug":"lienhard-von-monkiewitsch-danach-ist-davor","status":"publish","type":"product","link":"https:\/\/snoeck.de\/fr\/shop\/lienhard-von-monkiewitsch-danach-ist-davor\/","title":{"rendered":"Lienhard von Monkiewitsch : APR\u00c8S, c'est AVANT"},"content":{"rendered":"<h3>Pens\u00e9es des limbes<\/h3>\n<p>C'est ainsi que Carina Plath intitule son texte d'introduction lucide, et plus loin : \"Notre conversation lors de la mise en place tourne autour du parricide de l'artiste \u00e0 partir de 1983, souvent th\u00e9matis\u00e9 dans les textes sur Monkiewitsch : les coupures dans le Carr\u00e9 noir, l'ic\u00f4ne de Kasimir Malevitch ; nous parlons de protestantisme - Lienhard parle de sa famille marqu\u00e9e par des pasteurs protestants, qui a subi des repr\u00e9sailles au cours de l'histoire, d'abord en Russie, puis en Allemagne nazie et plus tard en RDA, \u00e0 diff\u00e9rentes \u00e9poques et sous diff\u00e9rents r\u00e9gimes ; il fait aussi quelques blagues sur les catholiques en enfer. Je r\u00e9torque que les protestants restent pour cela coinc\u00e9s dans les limbes - ils sont ceux qui, ni b\u00e9nis ni maudits, ne conna\u00eetront ni le paradis ni la damnation. La question de l'art id\u00e9ologiquement 'juste' est soulev\u00e9e : L'artiste raconte comment il avait peint de mani\u00e8re photor\u00e9aliste et avait \u00e9t\u00e9 attaqu\u00e9 pour son \u00e9litarisme ; comment, apr\u00e8s avoir abandonn\u00e9 le r\u00e9alisme, il s'est vu \u00e0 nouveau attaqu\u00e9 par d'autres personnes, tandis que d'autres encore lisaient id\u00e9ologiquement le rapport concret \u00e0 la r\u00e9alit\u00e9 spatiale des sols comme un rapprochement vers le spectateur\". Tout cela a conduit \u00e0 une grande s\u00e9r\u00e9nit\u00e9 chez Lienhard von Monkiewitsch - il reste toutefois une m\u00e9fiance fondamentale envers l'impulsion t\u00e9l\u00e9ologique du modernisme classique. Pourtant, celle-ci a \u00e9galement \u00e9t\u00e9 \"responsable de l'\u00e9tablissement de l'\u0153uvre d'art autonome et s'est ainsi engag\u00e9e pour la libert\u00e9 d'expression, pour les possibilit\u00e9s d'\u00e9largissement de la perception et pour le droit du spectateur critique. L'artiste ne veut pas renoncer \u00e0 ces acquis et se retrouve ainsi dans la situation difficile de devoir continuer l'histoire sans la subir\".<\/p>\n<p>Expositions :<br \/>\nMus\u00e9e M\u00f6nchehaus de Goslar ; 21\/3 - 4\/7\/2021<br \/>\nMus\u00e9e Sprengel de Hanovre, 1\/4 - 30\/5\/2021<br \/>\nGalerie du hasard et de la chance Hanovre, 13\/11 - 28\/11\/2021<br \/>\nGalerie municipale KUBUS, 13\/11-19\/12\/2021<\/p>","protected":false},"excerpt":{"rendered":"<p>Textes (all.) de Carina Plath, Anne Prenzler, Giso Westing<br \/>\n120 p. avec 90 illustrations en couleur<br \/>\nformat 26,5 x 21 cm, brochure \u00e0 rabats<\/p>","protected":false},"featured_media":5092,"template":"","meta":[],"product_brand":[],"product_cat":[85,70,79],"product_tag":[],"class_list":{"0":"post-3676","1":"product","2":"type-product","3":"status-publish","4":"has-post-thumbnail","6":"product_cat-85","7":"product_cat-m","8":"product_cat-v","10":"first","11":"instock","12":"taxable","13":"shipping-taxable","14":"purchasable","15":"product-type-simple"},"aioseo_notices":[],"_wp_attached_file":null,"_wp_attachment_metadata":null,"_wc_attachment_source":null,"_elementor_inline_svg":null,"_elementor_is_screenshot":null,"_elementor_source_image_hash":null,"_source_url":null,"_wp_attachment_context":null,"_menu_item_type":null,"_menu_item_menu_item_parent":null,"_menu_item_object_id":null,"_menu_item_object":null,"_menu_item_target":null,"_menu_item_classes":null,"_menu_item_xfn":null,"_menu_item_url":null,"__elementor_forms_snapshot":null,"_unit":"","_unit_base":"","_unit_product":"","_unit_price_auto":"no","_unit_price_regular":"","_unit_price":"","_unit_price_sale":"","_sale_price_label":"","_sale_price_regular_label":"","_manufacturer_slug":"","_mini_desc":"","_defect_description":"","_safety_instructions":"","_allergen_ids":[],"_warranty_attachment_id":"","_safety_attachment_ids":[],"_min_age":"","_ts_gtin":"","_ts_mpn":"","_delivery_time_countries":[],"_free_shipping":"no","_service":"no","_photovoltaic_system":"no","_used_good":"no","_defective_copy":"no","_wireless_electronic_device":"no","_device_contains_power_supply":"no","_device_charging_supports_usb_pd":"no","_device_charging_watt_min":"0","_device_charging_watt_max":"0","_is_food":"no","_differential_taxation":"no","_gzd_version":"3.18.7","_hs_code":"","_customs_description":"","_manufacture_country":"0","_is_non_returnable":"no","_shipping_length":"","_shipping_width":"","_shipping_height":"","_sku":"ISBN 978-3-86442-353-6","_global_unique_id":"978-3-86442-353-6","_regular_price":"29.8","total_sales":"0","_tax_status":"taxable","_tax_class":"","_manage_stock":"no","_backorders":"no","_sold_individually":"no","_weight":"1","_virtual":"no","_downloadable":"no","_download_limit":"-1","_download_expiry":"-1","_stock":"","_stock_status":"instock","_wc_average_rating":"0","_wc_review_count":"0","_product_version":"9.7.1","_price":"29.8","shopengine_product_views_count":"2892","_thumbnail_id":"5092","_product_attributes":{"erscheinungsdatum":{"name":"Date de publication","value":"08.11.2021","position":0,"is_visible":1,"is_variation":0,"is_taxonomy":0,"checkout_visible":0}},"_nutrient_ids":[],"_upsell_ids":null,"pswc_subtitle":null,"_default_delivery_time":null,"_wp_desired_post_slug":null,"_isbn":null,"pageType":null,"isExternalUrl":null,"pageId":null,"externalUrl":null,"hideCookieBanner":null,"isTargetBlank":null,"isProviderCurrentWebsite":null,"isEmbeddingOnlyExternalResources":null,"legalBasis":null,"dataProcessingInCountries":null,"dataProcessingInCountriesSpecialTreatments":null,"technicalDefinitions":null,"googleConsentModeConsentTypes":null,"executePriority":null,"executeCodeOptInWhenNoTagManagerConsentIsGiven":null,"executeCodeOptOutWhenNoTagManagerConsentIsGiven":null,"deleteTechnicalDefinitionsAfterOptOut":null,"presetId":null,"presetVersion":null,"provider":null,"providerContactPhone":null,"providerContactEmail":null,"providerContactLink":null,"uniqueName":null,"providerPrivacyPolicyUrl":null,"providerLegalNoticeUrl":null,"codeOptIn":null,"codeOptOut":null,"codeOnPageLoad":null,"language_code":null,"shopengine_template__post_meta__type":null,"shopengine_template__post_meta":null,"shopengine_template__post_meta__edit_with":null,"origin":null,"_enabled":null,"_filters":null,"_layout":null,"_elementor_import_session_id":null,"_wp_trash_meta_status":null,"_wp_trash_meta_time":null,"_edit_lock":"1743508756:2","_elementor_floating_elements_type":null,"_elementor_edit_mode":null,"_elementor_template_type":null,"tc-thumb-fld":{"_thumb_id":5092,"_thumb_type":"thumb"},"_wp_page_template":"default","_elementor_version":null,"_elementor_pro_version":null,"_elementor_page_settings":null,"_elementor_data":null,"_elementor_conditions":null,"_elementor_popup_display_settings":null,"_edit_last":"2","_elementor_template_sub_type":null,"_elementor_controls_usage":null,"_elementor_screenshot":null,"_elementor_css":null,"_elementor_page_assets":[],"_elementor_element_cache":null,"_elementor_screenshot_failed":null,"_elementor_source":null,"_wp_old_date":null,"layout_key":"","post_slider_check_key":"0","_links":{"self":[{"href":"https:\/\/snoeck.de\/fr\/wp-json\/wp\/v2\/product\/3676","targetHints":{"allow":["GET"]}}],"collection":[{"href":"https:\/\/snoeck.de\/fr\/wp-json\/wp\/v2\/product"}],"about":[{"href":"https:\/\/snoeck.de\/fr\/wp-json\/wp\/v2\/types\/product"}],"wp:featuredmedia":[{"embeddable":true,"href":"https:\/\/snoeck.de\/fr\/wp-json\/wp\/v2\/media\/5092"}],"wp:attachment":[{"href":"https:\/\/snoeck.de\/fr\/wp-json\/wp\/v2\/media?parent=3676"}],"wp:term":[{"taxonomy":"product_brand","embeddable":true,"href":"https:\/\/snoeck.de\/fr\/wp-json\/wp\/v2\/product_brand?post=3676"},{"taxonomy":"product_cat","embeddable":true,"href":"https:\/\/snoeck.de\/fr\/wp-json\/wp\/v2\/product_cat?post=3676"},{"taxonomy":"product_tag","embeddable":true,"href":"https:\/\/snoeck.de\/fr\/wp-json\/wp\/v2\/product_tag?post=3676"}],"curies":[{"name":"wp","href":"https:\/\/api.w.org\/{rel}","templated":true}]}}