{"id":3677,"date":"2025-01-31T11:31:29","date_gmt":"2025-01-31T11:31:29","guid":{"rendered":"https:\/\/snoeck.process-vision.de\/shop\/olivier-mosset-tutu\/"},"modified":"2025-04-01T11:59:55","modified_gmt":"2025-04-01T11:59:55","slug":"olivier-mosset-tutu","status":"publish","type":"product","link":"https:\/\/snoeck.de\/fr\/shop\/olivier-mosset-tutu\/","title":{"rendered":"Olivier Mosset : TUTU"},"content":{"rendered":"<h3>De l'\u00e9toile au TUTU<\/h3>\n<p>Depuis 1996, Olivier Mosset vit \u00e0 Tucson, Arizona. Il est n\u00e9 en 1944 \u00e0 Berne. Depuis le milieu des ann\u00e9es 1970, il est consid\u00e9r\u00e9 comme le repr\u00e9sentant de la peinture dite radicale, une conception abstraite et g\u00e9om\u00e9trique de la peinture qui a marqu\u00e9 l'histoire de l'art en 1977 avec l'exposition \"Radical Painting\" \u00e0 Williamstown, New York, qui a marqu\u00e9 le style. L'un de ses id\u00e9aux est de subvertir l'originalit\u00e9 artistique par l'objectivit\u00e9 et la s\u00e9rialit\u00e9. Le point de d\u00e9part \u00e9tait la question de savoir ce qu'est la peinture et comment elle fonctionne. Olivier Mosset a cr\u00e9\u00e9 une \u0153uvre vari\u00e9e d'\u0153uvres monochromes et abstraites-g\u00e9om\u00e9triques qui \u00e9chappent \u00e0 toute attribution de signification mystifiante. L'exposition et le livre le d\u00e9montrent de mani\u00e8re exemplaire et offrent un aper\u00e7u vari\u00e9 de l'\u0153uvre d'Olivier Mosset - des cercles noirs aux \u00e9toiles et aux toiles monochromes r\u00e9alis\u00e9es sans aucun ductus individuel, en passant par les tableaux \u00e0 rayures bicolores. En 1962, Olivier Mosset a commenc\u00e9 sa carri\u00e8re artistique \u00e0 Paris en tant qu'assistant de Jean Tinguely et Daniel Spoerri. Il y rencontra Daniel Buren, Michel Parmentier et Niele Toroni, avec lesquels il attaqua frontalement l'expressionnisme abstrait et donc la Nouvelle \u00c9cole de Paris, de janvier \u00e0 septembre 1967, dans quatre actions collectives provocatrices. Ils se sont appel\u00e9s BMPT d'apr\u00e8s leurs initiales, mais ont rapidement dissous le groupe. Ils voulaient remettre fondamentalement en question la peinture dominante, partir de z\u00e9ro, formuler une peinture qui ne se r\u00e9f\u00e8re qu'\u00e0 elle-m\u00eame. En 1968, Olivier Mosset devient membre du groupe parisien \"Vive la R\u00e9volution\". Dans les ann\u00e9es 1970, il se rend \u00e0 plusieurs reprises \u00e0 New York, o\u00f9 il fait la connaissance d'Andy Warhol et s'int\u00e9resse de pr\u00e8s \u00e0 l'\u0153uvre de Robert Ryman. La boucle est boucl\u00e9e par des \u0153uvres plus r\u00e9centes comme le \"TUTU\" de 2013 qui donne son titre \u00e0 l'exposition, un jeu de mots qui se r\u00e9f\u00e8re au dessin d'un autre artiste - une ballerine de Marcel Duchamp.<\/p>\n<p>Exposition :<br \/>\nMus\u00e9e Haus Konstruktiv Zurich, 30\/5 - 9\/9\/2019<\/p>","protected":false},"excerpt":{"rendered":"<p>Catalogue d'exposition, Mus\u00e9e Haus Konstruktiv Zurich, \u00e9d. par Sabine Schaschl<br \/>\nTextes (all.\/ang.) d'Evelyne Bucher, Philip Ursprung ainsi qu'une interview avec l'artiste par Sabine Schaschl<br \/>\n160 p. avec 91 illustrations en couleur<br \/>\nformat 27 x 23 cm, couverture rigide<\/p>","protected":false},"featured_media":5093,"template":"","meta":[],"product_brand":[],"product_cat":[110,70],"product_tag":[],"class_list":{"0":"post-3677","1":"product","2":"type-product","3":"status-publish","4":"has-post-thumbnail","6":"product_cat-110","7":"product_cat-m","9":"first","10":"instock","11":"taxable","12":"shipping-taxable","13":"purchasable","14":"product-type-simple"},"aioseo_notices":[],"_wp_attached_file":null,"_wp_attachment_metadata":null,"_wc_attachment_source":null,"_elementor_inline_svg":null,"_elementor_is_screenshot":null,"_elementor_source_image_hash":null,"_source_url":null,"_wp_attachment_context":null,"_menu_item_type":null,"_menu_item_menu_item_parent":null,"_menu_item_object_id":null,"_menu_item_object":null,"_menu_item_target":null,"_menu_item_classes":null,"_menu_item_xfn":null,"_menu_item_url":null,"__elementor_forms_snapshot":null,"_unit":"","_unit_base":"","_unit_product":"","_unit_price_auto":"no","_unit_price_regular":"","_unit_price":"","_unit_price_sale":"","_sale_price_label":"","_sale_price_regular_label":"","_manufacturer_slug":"","_mini_desc":"","_defect_description":"","_safety_instructions":"","_allergen_ids":[],"_warranty_attachment_id":"","_safety_attachment_ids":[],"_min_age":"","_ts_gtin":"","_ts_mpn":"","_delivery_time_countries":[],"_free_shipping":"no","_service":"no","_photovoltaic_system":"no","_used_good":"no","_defective_copy":"no","_wireless_electronic_device":"no","_device_contains_power_supply":"no","_device_charging_supports_usb_pd":"no","_device_charging_watt_min":"0","_device_charging_watt_max":"0","_is_food":"no","_differential_taxation":"no","_gzd_version":"3.18.7","_hs_code":"","_customs_description":"","_manufacture_country":"0","_is_non_returnable":"no","_shipping_length":"","_shipping_width":"","_shipping_height":"","_sku":"ISBN 978-3-86442-295-9","_global_unique_id":"978-3-86442-295-9","_regular_price":"58","total_sales":"0","_tax_status":"taxable","_tax_class":"","_manage_stock":"no","_backorders":"no","_sold_individually":"no","_weight":"1","_virtual":"no","_downloadable":"no","_download_limit":"-1","_download_expiry":"-1","_stock":"","_stock_status":"instock","_wc_average_rating":"0","_wc_review_count":"0","_product_version":"9.7.1","_price":"58","shopengine_product_views_count":"2453","_thumbnail_id":"5093","_product_attributes":{"erscheinungsdatum":{"name":"Erscheinungsdatum","value":"02.08.2019","position":0,"is_visible":1,"is_variation":0,"is_taxonomy":0,"checkout_visible":0}},"_nutrient_ids":[],"_upsell_ids":null,"pswc_subtitle":null,"_default_delivery_time":null,"_wp_desired_post_slug":null,"_isbn":null,"pageType":null,"isExternalUrl":null,"pageId":null,"externalUrl":null,"hideCookieBanner":null,"isTargetBlank":null,"isProviderCurrentWebsite":null,"isEmbeddingOnlyExternalResources":null,"legalBasis":null,"dataProcessingInCountries":null,"dataProcessingInCountriesSpecialTreatments":null,"technicalDefinitions":null,"googleConsentModeConsentTypes":null,"executePriority":null,"executeCodeOptInWhenNoTagManagerConsentIsGiven":null,"executeCodeOptOutWhenNoTagManagerConsentIsGiven":null,"deleteTechnicalDefinitionsAfterOptOut":null,"presetId":null,"presetVersion":null,"provider":null,"providerContactPhone":null,"providerContactEmail":null,"providerContactLink":null,"uniqueName":null,"providerPrivacyPolicyUrl":null,"providerLegalNoticeUrl":null,"codeOptIn":null,"codeOptOut":null,"codeOnPageLoad":null,"language_code":null,"shopengine_template__post_meta__type":null,"shopengine_template__post_meta":null,"shopengine_template__post_meta__edit_with":null,"origin":null,"_enabled":null,"_filters":null,"_layout":null,"_elementor_import_session_id":null,"_wp_trash_meta_status":null,"_wp_trash_meta_time":null,"_edit_lock":"1743508655:2","_elementor_floating_elements_type":null,"_elementor_edit_mode":null,"_elementor_template_type":null,"tc-thumb-fld":{"_thumb_id":5093,"_thumb_type":"thumb"},"_wp_page_template":"default","_elementor_version":null,"_elementor_pro_version":null,"_elementor_page_settings":null,"_elementor_data":null,"_elementor_conditions":null,"_elementor_popup_display_settings":null,"_edit_last":"2","_elementor_template_sub_type":null,"_elementor_controls_usage":null,"_elementor_screenshot":null,"_elementor_css":null,"_elementor_page_assets":[],"_elementor_element_cache":null,"_elementor_screenshot_failed":null,"_elementor_source":null,"_wp_old_date":null,"layout_key":"","post_slider_check_key":"0","_links":{"self":[{"href":"https:\/\/snoeck.de\/fr\/wp-json\/wp\/v2\/product\/3677","targetHints":{"allow":["GET"]}}],"collection":[{"href":"https:\/\/snoeck.de\/fr\/wp-json\/wp\/v2\/product"}],"about":[{"href":"https:\/\/snoeck.de\/fr\/wp-json\/wp\/v2\/types\/product"}],"wp:featuredmedia":[{"embeddable":true,"href":"https:\/\/snoeck.de\/fr\/wp-json\/wp\/v2\/media\/5093"}],"wp:attachment":[{"href":"https:\/\/snoeck.de\/fr\/wp-json\/wp\/v2\/media?parent=3677"}],"wp:term":[{"taxonomy":"product_brand","embeddable":true,"href":"https:\/\/snoeck.de\/fr\/wp-json\/wp\/v2\/product_brand?post=3677"},{"taxonomy":"product_cat","embeddable":true,"href":"https:\/\/snoeck.de\/fr\/wp-json\/wp\/v2\/product_cat?post=3677"},{"taxonomy":"product_tag","embeddable":true,"href":"https:\/\/snoeck.de\/fr\/wp-json\/wp\/v2\/product_tag?post=3677"}],"curies":[{"name":"wp","href":"https:\/\/api.w.org\/{rel}","templated":true}]}}