{"id":3678,"date":"2025-01-31T11:31:30","date_gmt":"2025-01-31T11:31:30","guid":{"rendered":"https:\/\/snoeck.process-vision.de\/shop\/the-mother-position\/"},"modified":"2025-04-01T11:58:44","modified_gmt":"2025-04-01T11:58:44","slug":"the-mother-position","status":"publish","type":"product","link":"https:\/\/snoeck.de\/fr\/shop\/the-mother-position\/","title":{"rendered":"La position de la m\u00e8re"},"content":{"rendered":"<h3>Le pouvoir de la relation d'objet<\/h3>\n<p>La relation entre la m\u00e8re et l'enfant, ou entre le caretaker et l'infant, est traditionnellement repr\u00e9sent\u00e9e dans les arts visuels comme une fusion symbiotique. Voir par exemple les portraits de la Vierge par Rapha\u00ebl. Inspir\u00e9e par la psychanalyste anglaise Melanie Klein, cette exposition jette toutefois un autre regard sur ces \"relations d'objet\" de la petite enfance qui marquent notre relation avec les autres tout au long de notre vie. Outre l'amour et l'affection, l'attachement du petit enfant \u00e0 sa m\u00e8re ou \u00e0 son caretaker se caract\u00e9rise, selon Klein, par des agressions, des ambivalences et des fantasmes de peur. \"The Mother Position\" rassemble des travaux artistiques dans lesquels les ab\u00eemes complexes de cette relation d'objet apparaissent et sont n\u00e9goci\u00e9s. Les cons\u00e9quences \u00e0 long terme de cette relation paradigmatique sont \u00e9galement \u00e9voqu\u00e9es. C'est pr\u00e9cis\u00e9ment parce qu'aucune pratique artistique ne peut se passer d'une relation \u00e0 l'objet qu'il vaut la peine de se pencher sur les fantasmes d'objet, aussi libidineux que destructeurs. Le fait que les mauvais sentiments, les divisions et les distorsions unilat\u00e9rales d\u00e9terminent de mani\u00e8re d\u00e9terminante les interactions sociales de notre soci\u00e9t\u00e9 actuelle n'est donc pas seulement d\u00fb \u00e0 la \"polarisation\" tant \u00e9voqu\u00e9e ou aux m\u00e9dias sociaux. \"The Mother Position\" d\u00e9montre plut\u00f4t que nos relations avec les autres sont aussi l'expression d'une vie psychique int\u00e9rieure projet\u00e9e \u00e0 l'ext\u00e9rieur (tandis que les \u00e9v\u00e9nements ext\u00e9rieurs sont introject\u00e9s). L'exposition s'int\u00e9resse moins \u00e0 la maternit\u00e9 au sens strict qu'\u00e0 une position psychique et \u00e0 ses relations d'objet qui prennent leur point de d\u00e9part dans la petite enfance. Selon Klein, nous adoptons cette position \u00e0 plusieurs reprises au cours de notre vie. Plus encore : il s'agit d'une position - et c'est l'argument central de \"The Mother Position\" - qui marque \u00e9galement la relation des artistes* avec leurs objets et qui appara\u00eet m\u00eame occasionnellement dans ces derniers. (Isabelle Graw dans son texte \"Le pouvoir de la relation \u00e0 l'objet\")<\/p>\n<p>Exposition :<br \/>\nCFA Contemporary Fine Arts, B\u00e2le, 31\/8 - 26\/10\/2024<\/p>","protected":false},"excerpt":{"rendered":"<p>Catalogue d'exposition, Contemporary Fine Arts CFA Basel, \u00e9d. Bruno Brunnet et Nicole Hackert<br \/>\nCurat\u00e9 et textes (all.\/angl.) par Isabelle Graw<br \/>\n40 p. avec 14 illustrations en couleur<br \/>\nformat 28 x 20 cm, cahier agraf\u00e9<\/p>","protected":false},"featured_media":5094,"template":"","meta":[],"product_brand":[],"product_cat":[88,70,73,77],"product_tag":[],"class_list":{"0":"post-3678","1":"product","2":"type-product","3":"status-publish","4":"has-post-thumbnail","6":"product_cat-88","7":"product_cat-m","8":"product_cat-p","9":"product_cat-t","11":"first","12":"instock","13":"taxable","14":"shipping-taxable","15":"purchasable","16":"product-type-simple"},"aioseo_notices":[],"_wp_attached_file":null,"_wp_attachment_metadata":null,"_wc_attachment_source":null,"_elementor_inline_svg":null,"_elementor_is_screenshot":null,"_elementor_source_image_hash":null,"_source_url":null,"_wp_attachment_context":null,"_menu_item_type":null,"_menu_item_menu_item_parent":null,"_menu_item_object_id":null,"_menu_item_object":null,"_menu_item_target":null,"_menu_item_classes":null,"_menu_item_xfn":null,"_menu_item_url":null,"__elementor_forms_snapshot":null,"_unit":"","_unit_base":"","_unit_product":"","_unit_price_auto":"no","_unit_price_regular":"","_unit_price":"","_unit_price_sale":"","_sale_price_label":"","_sale_price_regular_label":"","_manufacturer_slug":"","_mini_desc":"","_defect_description":"","_safety_instructions":"","_allergen_ids":[],"_warranty_attachment_id":"","_safety_attachment_ids":[],"_min_age":"","_ts_gtin":"","_ts_mpn":"","_delivery_time_countries":[],"_free_shipping":"no","_service":"no","_photovoltaic_system":"no","_used_good":"no","_defective_copy":"no","_wireless_electronic_device":"no","_device_contains_power_supply":"no","_device_charging_supports_usb_pd":"no","_device_charging_watt_min":"0","_device_charging_watt_max":"0","_is_food":"no","_differential_taxation":"no","_gzd_version":"3.18.7","_hs_code":"","_customs_description":"","_manufacture_country":"0","_is_non_returnable":"no","_shipping_length":"","_shipping_width":"","_shipping_height":"","_sku":"ISBN 978-3-86442-450-2","_global_unique_id":"978-3-86442-450-2","_regular_price":"19.8","total_sales":"0","_tax_status":"taxable","_tax_class":"","_manage_stock":"no","_backorders":"no","_sold_individually":"no","_weight":"1","_virtual":"no","_downloadable":"no","_download_limit":"-1","_download_expiry":"-1","_stock":"","_stock_status":"instock","_wc_average_rating":"0","_wc_review_count":"0","_product_version":"9.7.1","_price":"19.8","shopengine_product_views_count":"3159","_thumbnail_id":"5094","_product_attributes":{"erscheinungsdatum":{"name":"Date de publication","value":"11.09.2024","position":0,"is_visible":1,"is_variation":0,"is_taxonomy":0,"checkout_visible":0}},"_nutrient_ids":[],"_upsell_ids":null,"pswc_subtitle":null,"_default_delivery_time":null,"_wp_desired_post_slug":null,"_isbn":null,"pageType":null,"isExternalUrl":null,"pageId":null,"externalUrl":null,"hideCookieBanner":null,"isTargetBlank":null,"isProviderCurrentWebsite":null,"isEmbeddingOnlyExternalResources":null,"legalBasis":null,"dataProcessingInCountries":null,"dataProcessingInCountriesSpecialTreatments":null,"technicalDefinitions":null,"googleConsentModeConsentTypes":null,"executePriority":null,"executeCodeOptInWhenNoTagManagerConsentIsGiven":null,"executeCodeOptOutWhenNoTagManagerConsentIsGiven":null,"deleteTechnicalDefinitionsAfterOptOut":null,"presetId":null,"presetVersion":null,"provider":null,"providerContactPhone":null,"providerContactEmail":null,"providerContactLink":null,"uniqueName":null,"providerPrivacyPolicyUrl":null,"providerLegalNoticeUrl":null,"codeOptIn":null,"codeOptOut":null,"codeOnPageLoad":null,"language_code":null,"shopengine_template__post_meta__type":null,"shopengine_template__post_meta":null,"shopengine_template__post_meta__edit_with":null,"origin":null,"_enabled":null,"_filters":null,"_layout":null,"_elementor_import_session_id":null,"_wp_trash_meta_status":null,"_wp_trash_meta_time":null,"_edit_lock":"1743508584:2","_elementor_floating_elements_type":null,"_elementor_edit_mode":null,"_elementor_template_type":null,"tc-thumb-fld":{"_thumb_id":5094,"_thumb_type":"thumb"},"_wp_page_template":"default","_elementor_version":null,"_elementor_pro_version":null,"_elementor_page_settings":null,"_elementor_data":null,"_elementor_conditions":null,"_elementor_popup_display_settings":null,"_edit_last":"2","_elementor_template_sub_type":null,"_elementor_controls_usage":null,"_elementor_screenshot":null,"_elementor_css":null,"_elementor_page_assets":[],"_elementor_element_cache":null,"_elementor_screenshot_failed":null,"_elementor_source":null,"_wp_old_date":null,"layout_key":"","post_slider_check_key":"0","_links":{"self":[{"href":"https:\/\/snoeck.de\/fr\/wp-json\/wp\/v2\/product\/3678","targetHints":{"allow":["GET"]}}],"collection":[{"href":"https:\/\/snoeck.de\/fr\/wp-json\/wp\/v2\/product"}],"about":[{"href":"https:\/\/snoeck.de\/fr\/wp-json\/wp\/v2\/types\/product"}],"wp:featuredmedia":[{"embeddable":true,"href":"https:\/\/snoeck.de\/fr\/wp-json\/wp\/v2\/media\/5094"}],"wp:attachment":[{"href":"https:\/\/snoeck.de\/fr\/wp-json\/wp\/v2\/media?parent=3678"}],"wp:term":[{"taxonomy":"product_brand","embeddable":true,"href":"https:\/\/snoeck.de\/fr\/wp-json\/wp\/v2\/product_brand?post=3678"},{"taxonomy":"product_cat","embeddable":true,"href":"https:\/\/snoeck.de\/fr\/wp-json\/wp\/v2\/product_cat?post=3678"},{"taxonomy":"product_tag","embeddable":true,"href":"https:\/\/snoeck.de\/fr\/wp-json\/wp\/v2\/product_tag?post=3678"}],"curies":[{"name":"wp","href":"https:\/\/api.w.org\/{rel}","templated":true}]}}