{"id":3680,"date":"2025-01-31T11:31:31","date_gmt":"2025-01-31T11:31:31","guid":{"rendered":"https:\/\/snoeck.process-vision.de\/shop\/horst-muench-unser-krieg\/"},"modified":"2026-04-08T15:34:16","modified_gmt":"2026-04-08T14:34:16","slug":"horst-muench-unser-krieg","status":"publish","type":"product","link":"https:\/\/snoeck.de\/fr\/shop\/horst-muench-unser-krieg\/","title":{"rendered":"Horst M\u00fcnch : Notre guerre"},"content":{"rendered":"<h3>Le rire nerveux<\/h3>\n<p>C'est un rire nerveux qui peut s'emparer de vous lorsque vous ouvrez le journal et que vous vous laissez emporter par les grandes discussions g\u00e9opolitiques. De quel \u00e9chantillon, de quelle crise s'agit-il ? Syrie, Irak, Afghanistan, Cor\u00e9e du Nord, Somalie ... Nous craignons toujours et encore que le ciel nous tombe sur la t\u00eate. C'est ainsi que le monde des nouveaux ordres de paix oscille all\u00e8grement d'un c\u00f4t\u00e9 \u00e0 l'autre ; toujours au milieu avec un \"regard de travers\" Horst M\u00fcnch. Les petites toiles, mais bien plus encore les grandes, nous emp\u00eachent d\u00e9j\u00e0 de voir chaque probl\u00e8me sur et avec la carte. L\u00e0 o\u00f9 ils pourraient expliquer quelque chose, mais ... le devraient-ils vraiment ? Ce n'est pas Berlin qui si\u00e8ge ici ? Non, ce doit \u00eatre la Chine ! Je reconnais clairement la Russie, mais pourquoi l'Europe commence-t-elle l\u00e0-haut ? Les conversations devant les images se ressemblent. Tout commence et finit l\u00e0 o\u00f9 il est connect\u00e9. Le trac\u00e9 des fronti\u00e8res des \u00c9tats-Unis sur leurs propres fronti\u00e8res semble aussi hasardeux que celui des fronti\u00e8res de l'Irak ; est-ce d\u00e9j\u00e0 la proximit\u00e9 tant annonc\u00e9e ? C'est ainsi que le monde a toujours \u00e9t\u00e9 repr\u00e9sent\u00e9 dans l'histoire de l'art, que ce soit sur les cartes des fr\u00e8res Mercator ou dans l'une ou l'autre image de la peinture abstraite. L\u00e0 aussi, des luttes entre des c\u00f4tes qui pourraient \u00eatre des animaux et des surfaces ternes ou criardes comme le n\u00e9ant ou l'effondrement du sondeur. Et Horst M\u00fcnch ? C'est lui qui s'en occupe ? S'il pouvait nous expliquer quelque chose, ce serait dans son texte ! Et l\u00e0, il dit : \"La nature est prodigue sans mesure, indiff\u00e9rente sans mesure, sans intentions ni consid\u00e9rations, sans piti\u00e9 ni justice, fertile et d\u00e9sol\u00e9e et incertaine \u00e0 la fois ; c'est l'indiff\u00e9rence comme puissance\".<\/p>\n<p>Exposition :<br \/>\nMaison des artistes Palais Thurn und Taxis Bregenz, 24\/11 - 30\/12\/2007<\/p>","protected":false},"excerpt":{"rendered":"<p>Catalogue d'exposition K\u00fcnstlerhaus Palais Thurn und Taxis Bregenz, avec un collage de textes (all.\/angl.) de Horst M\u00fcnch<br \/>\n80 pages avec 45 illustrations en couleur et 25 en n\/b<br \/>\nformat 32 x 22 cm, reliure en toile avec titre et dos estamp\u00e9s<\/p>","protected":false},"featured_media":5096,"template":"","meta":[],"product_brand":[],"product_cat":[95],"product_tag":[],"class_list":{"0":"post-3680","1":"product","2":"type-product","3":"status-publish","4":"has-post-thumbnail","6":"product_cat-vergriffen","8":"first","9":"outofstock","10":"taxable","11":"shipping-taxable","12":"product-type-simple"},"aioseo_notices":[],"_wp_attached_file":null,"_wp_attachment_metadata":null,"_wc_attachment_source":null,"_elementor_inline_svg":null,"_elementor_is_screenshot":null,"_elementor_source_image_hash":null,"_source_url":null,"_wp_attachment_context":null,"_menu_item_type":null,"_menu_item_menu_item_parent":null,"_menu_item_object_id":null,"_menu_item_object":null,"_menu_item_target":null,"_menu_item_classes":null,"_menu_item_xfn":null,"_menu_item_url":null,"__elementor_forms_snapshot":null,"_unit":"","_unit_base":"","_unit_product":"","_unit_price_auto":"no","_unit_price_regular":"","_unit_price":"","_unit_price_sale":"","_sale_price_label":"","_sale_price_regular_label":"","_manufacturer_slug":"","_mini_desc":"","_defect_description":"","_safety_instructions":"","_allergen_ids":[],"_warranty_attachment_id":"","_safety_attachment_ids":[],"_min_age":"","_ts_gtin":"","_ts_mpn":"","_delivery_time_countries":[],"_free_shipping":"no","_service":"no","_photovoltaic_system":"no","_used_good":"no","_defective_copy":"no","_wireless_electronic_device":"no","_device_contains_power_supply":"no","_device_charging_supports_usb_pd":"no","_device_charging_watt_min":"0","_device_charging_watt_max":"0","_is_food":"no","_differential_taxation":"no","_gzd_version":"3.18.7","_hs_code":"","_customs_description":"","_manufacture_country":"0","_is_non_returnable":"no","_shipping_length":"","_shipping_width":"","_shipping_height":"","_sku":"ISBN 978-3-936859-82-9","_global_unique_id":"978-3-936859-82-9","_regular_price":null,"total_sales":"0","_tax_status":"taxable","_tax_class":"","_manage_stock":"no","_backorders":"no","_sold_individually":"no","_weight":"1","_virtual":"no","_downloadable":"no","_download_limit":"-1","_download_expiry":"-1","_stock":"","_stock_status":"outofstock","_wc_average_rating":"0","_wc_review_count":"0","_product_version":"10.1.4","_price":"","shopengine_product_views_count":"2676","_thumbnail_id":"5096","_product_attributes":{"erscheinungsdatum":{"name":"Date de publication","value":"20.11.2007","position":0,"is_visible":1,"is_variation":0,"is_taxonomy":0,"checkout_visible":0}},"_nutrient_ids":[],"_upsell_ids":null,"pswc_subtitle":null,"_default_delivery_time":null,"_wp_desired_post_slug":null,"_isbn":null,"pageType":null,"isExternalUrl":null,"pageId":null,"externalUrl":null,"hideCookieBanner":null,"isTargetBlank":null,"isProviderCurrentWebsite":null,"isEmbeddingOnlyExternalResources":null,"legalBasis":null,"dataProcessingInCountries":null,"dataProcessingInCountriesSpecialTreatments":null,"technicalDefinitions":null,"googleConsentModeConsentTypes":null,"executePriority":null,"executeCodeOptInWhenNoTagManagerConsentIsGiven":null,"executeCodeOptOutWhenNoTagManagerConsentIsGiven":null,"deleteTechnicalDefinitionsAfterOptOut":null,"presetId":null,"presetVersion":null,"provider":null,"providerContactPhone":null,"providerContactEmail":null,"providerContactLink":null,"uniqueName":null,"providerPrivacyPolicyUrl":null,"providerLegalNoticeUrl":null,"codeOptIn":null,"codeOptOut":null,"codeOnPageLoad":null,"language_code":null,"shopengine_template__post_meta__type":null,"shopengine_template__post_meta":null,"shopengine_template__post_meta__edit_with":null,"origin":null,"_enabled":null,"_filters":null,"_layout":null,"_elementor_import_session_id":null,"_wp_trash_meta_status":null,"_wp_trash_meta_time":null,"_edit_lock":"1743508388:2","_elementor_floating_elements_type":null,"_elementor_edit_mode":null,"_elementor_template_type":null,"tc-thumb-fld":{"_thumb_id":5096,"_thumb_type":"thumb"},"_wp_page_template":"default","_elementor_version":null,"_elementor_pro_version":null,"_elementor_page_settings":null,"_elementor_data":null,"_elementor_conditions":null,"_elementor_popup_display_settings":null,"_edit_last":"2","_elementor_template_sub_type":null,"_elementor_controls_usage":null,"_elementor_screenshot":null,"_elementor_css":null,"_elementor_page_assets":[],"_elementor_element_cache":null,"_elementor_screenshot_failed":null,"_elementor_source":null,"_wp_old_date":null,"layout_key":"","post_slider_check_key":"0","_links":{"self":[{"href":"https:\/\/snoeck.de\/fr\/wp-json\/wp\/v2\/product\/3680","targetHints":{"allow":["GET"]}}],"collection":[{"href":"https:\/\/snoeck.de\/fr\/wp-json\/wp\/v2\/product"}],"about":[{"href":"https:\/\/snoeck.de\/fr\/wp-json\/wp\/v2\/types\/product"}],"wp:featuredmedia":[{"embeddable":true,"href":"https:\/\/snoeck.de\/fr\/wp-json\/wp\/v2\/media\/5096"}],"wp:attachment":[{"href":"https:\/\/snoeck.de\/fr\/wp-json\/wp\/v2\/media?parent=3680"}],"wp:term":[{"taxonomy":"product_brand","embeddable":true,"href":"https:\/\/snoeck.de\/fr\/wp-json\/wp\/v2\/product_brand?post=3680"},{"taxonomy":"product_cat","embeddable":true,"href":"https:\/\/snoeck.de\/fr\/wp-json\/wp\/v2\/product_cat?post=3680"},{"taxonomy":"product_tag","embeddable":true,"href":"https:\/\/snoeck.de\/fr\/wp-json\/wp\/v2\/product_tag?post=3680"}],"curies":[{"name":"wp","href":"https:\/\/api.w.org\/{rel}","templated":true}]}}