{"id":3683,"date":"2025-01-31T11:31:33","date_gmt":"2025-01-31T11:31:33","guid":{"rendered":"https:\/\/snoeck.process-vision.de\/shop\/francesco-neri-trophy-and-treasure\/"},"modified":"2025-04-01T11:50:28","modified_gmt":"2025-04-01T11:50:28","slug":"francesco-neri-trophy-and-treasure","status":"publish","type":"product","link":"https:\/\/snoeck.de\/fr\/shop\/francesco-neri-trophy-and-treasure\/","title":{"rendered":"Francesco Neri : Troph\u00e9e et tr\u00e9sor"},"content":{"rendered":"<h3>L'alliance du documentaire et de la po\u00e9sie<\/h3>\n<p>N\u00e9 en 1982 \u00e0 Faenza, dans le nord de l'Italie, Francesco Neri ouvre un album de famille personnel, un coffre au tr\u00e9sor rempli d'images qui refl\u00e8tent la vie, ses moments calmes et particuliers, voire magiques, et le passage des g\u00e9n\u00e9rations, tout comme les questions que le photographe pose \u00e0 son m\u00e9dium. Lorsqu'il a emm\u00e9nag\u00e9 en 2008 dans l'appartement de ses grands-parents d\u00e9c\u00e9d\u00e9s, il a rencontr\u00e9 des espaces et des objets familiers qu'il a saisis dans des int\u00e9rieurs et des natures mortes photographiques. Ils semblaient r\u00e9capituler le pass\u00e9, le passage du temps, le transformer, tout en \u00e9tant sous l'emprise de la question de savoir comment sa propre perception personnelle a \u00e9volu\u00e9 ou se transforme continuellement. Le grand-p\u00e8re \u00e9tait d\u00e9j\u00e0 m\u00e9decin de profession et, comme c'\u00e9tait la coutume dans la r\u00e9gion, il pratiquait la chasse pendant ses loisirs - tout comme son p\u00e8re. Dans ce sens, la m\u00e9decine et la chasse ont eu un impact direct ou indirect sur le m\u00e9tier de photographe de Francesco Neri. Le parall\u00e8le entre la photographie et la chasse a d\u00e9j\u00e0 \u00e9t\u00e9 souvent formul\u00e9. Depuis longtemps, la photographie s'est impos\u00e9e comme un instrument reconnu d'observation et de documentation des faits rencontr\u00e9s et fournit des conditions essentielles \u00e0 l'observation analytique de la personne repr\u00e9sent\u00e9e dans le contexte du diagnostic. Francesco Neri exploite ces dimensions en associant de mani\u00e8re extr\u00eamement vari\u00e9e le documentaire et la po\u00e9sie dans l'effet de ses photographies prises avec un appareil grand format.<\/p>\n<p>Exposition :<br \/>\nLa collection photographique\/SK Stiftung Kultur, Cologne, 1\/9\/2017 - 28\/1\/2018<\/p>","protected":false},"excerpt":{"rendered":"<p>\u00e9d. Die Photographische Sammlung\/SK Stiftung Kultur Cologne<br \/>\nEntretien de Gabriele Conrath-Scholl avec Francesco Neri (all.\/angl.\/ital.)<br \/>\n136 p. avec 98 illustrations en couleur et 8 en noir et blanc<br \/>\nformat 31,5 x 28 cm, toile gaufr\u00e9e<\/p>","protected":false},"featured_media":5099,"template":"","meta":[],"product_brand":[],"product_cat":[112,71],"product_tag":[],"class_list":{"0":"post-3683","1":"product","2":"type-product","3":"status-publish","4":"has-post-thumbnail","6":"product_cat-112","7":"product_cat-n","9":"first","10":"instock","11":"taxable","12":"shipping-taxable","13":"purchasable","14":"product-type-simple"},"aioseo_notices":[],"_wp_attached_file":null,"_wp_attachment_metadata":null,"_wc_attachment_source":null,"_elementor_inline_svg":null,"_elementor_is_screenshot":null,"_elementor_source_image_hash":null,"_source_url":null,"_wp_attachment_context":null,"_menu_item_type":null,"_menu_item_menu_item_parent":null,"_menu_item_object_id":null,"_menu_item_object":null,"_menu_item_target":null,"_menu_item_classes":null,"_menu_item_xfn":null,"_menu_item_url":null,"__elementor_forms_snapshot":null,"_unit":"","_unit_base":"","_unit_product":"","_unit_price_auto":"no","_unit_price_regular":"","_unit_price":"","_unit_price_sale":"","_sale_price_label":"","_sale_price_regular_label":"","_manufacturer_slug":"","_mini_desc":"","_defect_description":"","_safety_instructions":"","_allergen_ids":[],"_warranty_attachment_id":"","_safety_attachment_ids":[],"_min_age":"","_ts_gtin":"","_ts_mpn":"","_delivery_time_countries":[],"_free_shipping":"no","_service":"no","_photovoltaic_system":"no","_used_good":"no","_defective_copy":"no","_wireless_electronic_device":"no","_device_contains_power_supply":"no","_device_charging_supports_usb_pd":"no","_device_charging_watt_min":"0","_device_charging_watt_max":"0","_is_food":"no","_differential_taxation":"no","_gzd_version":"3.18.7","_hs_code":"","_customs_description":"","_manufacture_country":"0","_is_non_returnable":"no","_shipping_length":"","_shipping_width":"","_shipping_height":"","_sku":"ISBN 978-3-86442-196-9","_global_unique_id":"978-3-86442-196-9","_regular_price":"48","total_sales":"0","_tax_status":"taxable","_tax_class":"","_manage_stock":"no","_backorders":"no","_sold_individually":"no","_weight":"2","_virtual":"no","_downloadable":"no","_download_limit":"-1","_download_expiry":"-1","_stock":"","_stock_status":"instock","_wc_average_rating":"0","_wc_review_count":"0","_product_version":"9.7.1","_price":"48","shopengine_product_views_count":"2957","_thumbnail_id":"5099","_product_attributes":{"erscheinungsdatum":{"name":"Erscheinungsdatum","value":"28.08.2017","position":0,"is_visible":1,"is_variation":0,"is_taxonomy":0,"checkout_visible":0}},"_nutrient_ids":[],"_upsell_ids":null,"pswc_subtitle":null,"_default_delivery_time":null,"_wp_desired_post_slug":null,"_isbn":null,"pageType":null,"isExternalUrl":null,"pageId":null,"externalUrl":null,"hideCookieBanner":null,"isTargetBlank":null,"isProviderCurrentWebsite":null,"isEmbeddingOnlyExternalResources":null,"legalBasis":null,"dataProcessingInCountries":null,"dataProcessingInCountriesSpecialTreatments":null,"technicalDefinitions":null,"googleConsentModeConsentTypes":null,"executePriority":null,"executeCodeOptInWhenNoTagManagerConsentIsGiven":null,"executeCodeOptOutWhenNoTagManagerConsentIsGiven":null,"deleteTechnicalDefinitionsAfterOptOut":null,"presetId":null,"presetVersion":null,"provider":null,"providerContactPhone":null,"providerContactEmail":null,"providerContactLink":null,"uniqueName":null,"providerPrivacyPolicyUrl":null,"providerLegalNoticeUrl":null,"codeOptIn":null,"codeOptOut":null,"codeOnPageLoad":null,"language_code":null,"shopengine_template__post_meta__type":null,"shopengine_template__post_meta":null,"shopengine_template__post_meta__edit_with":null,"origin":null,"_enabled":null,"_filters":null,"_layout":null,"_elementor_import_session_id":null,"_wp_trash_meta_status":null,"_wp_trash_meta_time":null,"_edit_lock":"1743508089:2","_elementor_floating_elements_type":null,"_elementor_edit_mode":null,"_elementor_template_type":null,"tc-thumb-fld":{"_thumb_id":5099,"_thumb_type":"thumb"},"_wp_page_template":"default","_elementor_version":null,"_elementor_pro_version":null,"_elementor_page_settings":null,"_elementor_data":null,"_elementor_conditions":null,"_elementor_popup_display_settings":null,"_edit_last":"2","_elementor_template_sub_type":null,"_elementor_controls_usage":null,"_elementor_screenshot":null,"_elementor_css":null,"_elementor_page_assets":[],"_elementor_element_cache":null,"_elementor_screenshot_failed":null,"_elementor_source":null,"_wp_old_date":null,"layout_key":"","post_slider_check_key":"0","_links":{"self":[{"href":"https:\/\/snoeck.de\/fr\/wp-json\/wp\/v2\/product\/3683","targetHints":{"allow":["GET"]}}],"collection":[{"href":"https:\/\/snoeck.de\/fr\/wp-json\/wp\/v2\/product"}],"about":[{"href":"https:\/\/snoeck.de\/fr\/wp-json\/wp\/v2\/types\/product"}],"wp:featuredmedia":[{"embeddable":true,"href":"https:\/\/snoeck.de\/fr\/wp-json\/wp\/v2\/media\/5099"}],"wp:attachment":[{"href":"https:\/\/snoeck.de\/fr\/wp-json\/wp\/v2\/media?parent=3683"}],"wp:term":[{"taxonomy":"product_brand","embeddable":true,"href":"https:\/\/snoeck.de\/fr\/wp-json\/wp\/v2\/product_brand?post=3683"},{"taxonomy":"product_cat","embeddable":true,"href":"https:\/\/snoeck.de\/fr\/wp-json\/wp\/v2\/product_cat?post=3683"},{"taxonomy":"product_tag","embeddable":true,"href":"https:\/\/snoeck.de\/fr\/wp-json\/wp\/v2\/product_tag?post=3683"}],"curies":[{"name":"wp","href":"https:\/\/api.w.org\/{rel}","templated":true}]}}