{"id":3684,"date":"2025-01-31T11:31:33","date_gmt":"2025-01-31T11:31:33","guid":{"rendered":"https:\/\/snoeck.process-vision.de\/shop\/neue-sachlichkeit\/"},"modified":"2026-04-08T15:28:03","modified_gmt":"2026-04-08T14:28:03","slug":"neue-sachlichkeit","status":"publish","type":"product","link":"https:\/\/snoeck.de\/fr\/shop\/neue-sachlichkeit\/","title":{"rendered":"Nouvelle objectivit\u00e9"},"content":{"rendered":"<h3>\"Je dois vous peindre ! Il le faut !<\/h3>\n<p>C'est ce qu'Otto Dix a dit \u00e0 Sylvia von Harden lorsqu'il l'a rencontr\u00e9e dans la rue. \"Vous repr\u00e9sentez toute une \u00e9poque !\" La \"femme nouvelle\" des ann\u00e9es 1920 avait d\u00e9barrass\u00e9 sa garde-robe des v\u00eatements lourds qui encombraient la g\u00e9n\u00e9ration de ses m\u00e8res, les avait remplac\u00e9s par une cigarette et une t\u00eate de gar\u00e7onnet effront\u00e9e - et \u00e9tait d\u00e9j\u00e0 devenue son propre mythe. Cette Fl\u00e2neuse, qui guettait le dernier manteau ou son propre reflet dans les vitrines des grands magasins, devint rapidement l'incarnation de la consommation et de la vanit\u00e9. M\u00eame si le mouvement artistique et litt\u00e9raire de l'\u00e9poque, la Nouvelle Objectivit\u00e9, portait son regard d\u00e9sabus\u00e9 et post-avant-gardiste sur les conditions politiques et sociales quotidiennes de la R\u00e9publique de Weimar et tournait le dos au sentimentalisme et \u00e0 l'int\u00e9riorit\u00e9 pr\u00f4n\u00e9s par l'expressionnisme, l'image de la \"Nouvelle Femme\" restait plus un clich\u00e9 qu'un reflet de la vie quotidienne des femmes. Cette iconographie fig\u00e9e, cr\u00e9\u00e9e en grande partie par les m\u00e9dias, a \u00e9t\u00e9 remise en question et explor\u00e9e sous ses multiples facettes par les artistes et les \u00e9crivaines de l'\u00e9poque. Sans aucun doute, \"la nouvelle femme de la R\u00e9publique de Weimar n'existait pas, mais il y avait beaucoup de nouvelles femmes. Pourtant, jusqu'\u00e0 r\u00e9cemment, la plupart d'entre elles \u00e9taient oubli\u00e9es, ignor\u00e9es par l'histoire de l'art. Cent ans plus tard, beaucoup de choses ont chang\u00e9, mais beaucoup sont rest\u00e9es inchang\u00e9es. L'impulsion pour cette exposition a \u00e9t\u00e9 donn\u00e9e par la perception d'une vague globale de peinture figurative au cours des derni\u00e8res ann\u00e9es. Au milieu des ph\u00e9nom\u00e8nes omnipr\u00e9sents des mondes d'images num\u00e9riques, les artistes contemporains de cette exposition reviennent sur les notions d'objectivit\u00e9 et de factualit\u00e9 \u00e0 travers leurs diff\u00e9rentes conceptions de la figuration et de la repr\u00e9sentation. \u00c0 une \u00e9poque o\u00f9 la Fl\u00e2neuse n'existe plus et o\u00f9 la Scrolleuse prend sa place - o\u00f9 le monde se d\u00e9ploie au bout de nos doigts -, le r\u00e9el et le surr\u00e9el sont forc\u00e9ment m\u00eal\u00e9s.<\/p>\n<p>Artistes :<br \/>\nJagoda Bednarski, Genesis Belanger, Ellen Berkenblit, Francesca Facciola, Tanya Merrill, Sophie Reinhold, Dana Schutz, Katja Seib, Emily Mae Smith<\/p>\n<p>Exposition :<br \/>\nCFA Contemporary Fine Arts Berlin, 10\/6 - 17\/7\/2021<\/p>","protected":false},"excerpt":{"rendered":"<p>Catalogue d'exposition, Contemporary Fine Arts CFA Berlin, \u00e9d. Bruno Brunnet et Nicole Hackert<br \/>\nTexte (all.\/angl.) de Dana \u017daja<br \/>\n32 p. avec 42 illustrations en couleur<br \/>\nformat 28 x 20 cm, cahier agraf\u00e9<\/p>","protected":false},"featured_media":5100,"template":"","meta":[],"product_brand":[],"product_cat":[95],"product_tag":[],"class_list":{"0":"post-3684","1":"product","2":"type-product","3":"status-publish","4":"has-post-thumbnail","6":"product_cat-vergriffen","8":"first","9":"outofstock","10":"taxable","11":"shipping-taxable","12":"product-type-simple"},"aioseo_notices":[],"_wp_attached_file":null,"_wp_attachment_metadata":null,"_wc_attachment_source":null,"_elementor_inline_svg":null,"_elementor_is_screenshot":null,"_elementor_source_image_hash":null,"_source_url":null,"_wp_attachment_context":null,"_menu_item_type":null,"_menu_item_menu_item_parent":null,"_menu_item_object_id":null,"_menu_item_object":null,"_menu_item_target":null,"_menu_item_classes":null,"_menu_item_xfn":null,"_menu_item_url":null,"__elementor_forms_snapshot":null,"_unit":"","_unit_base":"","_unit_product":"","_unit_price_auto":"no","_unit_price_regular":"","_unit_price":"","_unit_price_sale":"","_sale_price_label":"","_sale_price_regular_label":"","_manufacturer_slug":"","_mini_desc":"","_defect_description":"","_safety_instructions":"","_allergen_ids":[],"_warranty_attachment_id":"","_safety_attachment_ids":[],"_min_age":"","_ts_gtin":"","_ts_mpn":"","_delivery_time_countries":[],"_free_shipping":"no","_service":"no","_photovoltaic_system":"no","_used_good":"no","_defective_copy":"no","_wireless_electronic_device":"no","_device_contains_power_supply":"no","_device_charging_supports_usb_pd":"no","_device_charging_watt_min":"0","_device_charging_watt_max":"0","_is_food":"no","_differential_taxation":"no","_gzd_version":"3.18.7","_hs_code":"","_customs_description":"","_manufacture_country":"0","_is_non_returnable":"no","_shipping_length":"","_shipping_width":"","_shipping_height":"","_sku":"ISBN 978-3-86442-356-7","_global_unique_id":"978-3-86442-356-7","_regular_price":null,"total_sales":"0","_tax_status":"taxable","_tax_class":"","_manage_stock":"no","_backorders":"no","_sold_individually":"no","_weight":"1","_virtual":"no","_downloadable":"no","_download_limit":"-1","_download_expiry":"-1","_stock":"","_stock_status":"outofstock","_wc_average_rating":"0","_wc_review_count":"0","_product_version":"10.1.4","_price":"","shopengine_product_views_count":"3260","_thumbnail_id":"5100","_product_attributes":{"erscheinungsdatum":{"name":"Date de publication","value":"22.06.2021","position":0,"is_visible":1,"is_variation":0,"is_taxonomy":0,"checkout_visible":0}},"_nutrient_ids":[],"_upsell_ids":null,"pswc_subtitle":null,"_default_delivery_time":null,"_wp_desired_post_slug":null,"_isbn":null,"pageType":null,"isExternalUrl":null,"pageId":null,"externalUrl":null,"hideCookieBanner":null,"isTargetBlank":null,"isProviderCurrentWebsite":null,"isEmbeddingOnlyExternalResources":null,"legalBasis":null,"dataProcessingInCountries":null,"dataProcessingInCountriesSpecialTreatments":null,"technicalDefinitions":null,"googleConsentModeConsentTypes":null,"executePriority":null,"executeCodeOptInWhenNoTagManagerConsentIsGiven":null,"executeCodeOptOutWhenNoTagManagerConsentIsGiven":null,"deleteTechnicalDefinitionsAfterOptOut":null,"presetId":null,"presetVersion":null,"provider":null,"providerContactPhone":null,"providerContactEmail":null,"providerContactLink":null,"uniqueName":null,"providerPrivacyPolicyUrl":null,"providerLegalNoticeUrl":null,"codeOptIn":null,"codeOptOut":null,"codeOnPageLoad":null,"language_code":null,"shopengine_template__post_meta__type":null,"shopengine_template__post_meta":null,"shopengine_template__post_meta__edit_with":null,"origin":null,"_enabled":null,"_filters":null,"_layout":null,"_elementor_import_session_id":null,"_wp_trash_meta_status":null,"_wp_trash_meta_time":null,"_edit_lock":"1743508013:2","_elementor_floating_elements_type":null,"_elementor_edit_mode":null,"_elementor_template_type":null,"tc-thumb-fld":{"_thumb_id":5100,"_thumb_type":"thumb"},"_wp_page_template":"default","_elementor_version":null,"_elementor_pro_version":null,"_elementor_page_settings":null,"_elementor_data":null,"_elementor_conditions":null,"_elementor_popup_display_settings":null,"_edit_last":"2","_elementor_template_sub_type":null,"_elementor_controls_usage":null,"_elementor_screenshot":null,"_elementor_css":null,"_elementor_page_assets":[],"_elementor_element_cache":null,"_elementor_screenshot_failed":null,"_elementor_source":null,"_wp_old_date":null,"layout_key":"","post_slider_check_key":"0","_links":{"self":[{"href":"https:\/\/snoeck.de\/fr\/wp-json\/wp\/v2\/product\/3684","targetHints":{"allow":["GET"]}}],"collection":[{"href":"https:\/\/snoeck.de\/fr\/wp-json\/wp\/v2\/product"}],"about":[{"href":"https:\/\/snoeck.de\/fr\/wp-json\/wp\/v2\/types\/product"}],"wp:featuredmedia":[{"embeddable":true,"href":"https:\/\/snoeck.de\/fr\/wp-json\/wp\/v2\/media\/5100"}],"wp:attachment":[{"href":"https:\/\/snoeck.de\/fr\/wp-json\/wp\/v2\/media?parent=3684"}],"wp:term":[{"taxonomy":"product_brand","embeddable":true,"href":"https:\/\/snoeck.de\/fr\/wp-json\/wp\/v2\/product_brand?post=3684"},{"taxonomy":"product_cat","embeddable":true,"href":"https:\/\/snoeck.de\/fr\/wp-json\/wp\/v2\/product_cat?post=3684"},{"taxonomy":"product_tag","embeddable":true,"href":"https:\/\/snoeck.de\/fr\/wp-json\/wp\/v2\/product_tag?post=3684"}],"curies":[{"name":"wp","href":"https:\/\/api.w.org\/{rel}","templated":true}]}}