{"id":3687,"date":"2025-01-31T11:31:35","date_gmt":"2025-01-31T11:31:35","guid":{"rendered":"https:\/\/snoeck.process-vision.de\/shop\/emil-nolde-vetter-der-tiefe-mit-der-korrespondenz-nolde-klee\/"},"modified":"2025-04-01T11:43:21","modified_gmt":"2025-04-01T11:43:21","slug":"emil-nolde-vetter-der-tiefe-mit-der-korrespondenz-nolde-klee","status":"publish","type":"product","link":"https:\/\/snoeck.de\/fr\/shop\/emil-nolde-vetter-der-tiefe-mit-der-korrespondenz-nolde-klee\/","title":{"rendered":"Emil Nolde - cousin des profondeurs - avec la correspondance Nolde - Klee"},"content":{"rendered":"<h3>Publi\u00e9e et comment\u00e9e pour la premi\u00e8re fois - la correspondance Nolde - Klee<\/h3>\n<p>Le livre, dont le titre reprend une caract\u00e9risation de son ami artiste Nolde transmise par Paul Klee, para\u00eet \u00e0 l'occasion de l'exposition \"Emil Nolde\" au Zentrum Paul Klee et contient, outre les reproductions des \u0153uvres qui y sont pr\u00e9sent\u00e9es, la correspondance entre les couples Nolde et Klee, publi\u00e9e pour la premi\u00e8re fois. La rencontre avec l'\u00e9tranger semble avoir toujours stimul\u00e9 le travail artistique d'Emil Nolde. On trouve dans son \u0153uvre de nombreuses r\u00e9f\u00e9rences au grotesque, au fantastique et \u00e0 l'exotisme - une fascination qu'il partageait avec Paul Klee. Le grotesque leur permettait \u00e0 tous deux de commenter de mani\u00e8re critique les \u00e9v\u00e9nements contemporains. Chez Nolde, les repr\u00e9sentations fantastiques naissent d'un jeu s\u00e9rieux avec l'inconnu et l'\u00e9trange et occupent par cons\u00e9quent une position centrale dans son \u0153uvre, tandis que chez Paul Klee, le royaume des esprits, des d\u00e9mons et autres cr\u00e9atures mixtes semble plut\u00f4t servir \u00e0 l'\u00e9dification comme un monde parall\u00e8le passionnant. Pour Nolde comme pour Klee et nombre de leurs contemporains, les motifs exotiques constituaient un nouveau vocabulaire de formes inspirantes qui permettaient de briser le carcan de la tradition europ\u00e9enne. Dans le pr\u00e9sent volume, qui pr\u00e9sente des \u0153uvres de Nolde rest\u00e9es jusqu'\u00e0 pr\u00e9sent quelque peu en marge de l'int\u00e9r\u00eat du monde de l'art, mais qui ont \u00e9t\u00e9 d'une grande importance pour l'artiste et m\u00e9ritent donc toute notre attention, la correspondance conserv\u00e9e entre Emil et Ada Nolde et Paul et Lily Klee est \u00e9galement publi\u00e9e et comment\u00e9e pour la premi\u00e8re fois. Cette mise \u00e0 jour des \u00e9changes \u00e9crits entre les deux amis artistes et leurs familles comble une lacune de la recherche et r\u00e9v\u00e8le des aspects jusqu'ici inconnus d'une amiti\u00e9 mutuellement inspirante.<\/p>\n<p>Exposition :<br \/>\nCentre Paul Klee Berne, 17\/11\/2018 - 3\/3\/2019<\/p>","protected":false},"excerpt":{"rendered":"<p>Catalogue d'exposition, Zentrum Paul Klee, \u00e9d. Fabienne Eggelh\u00f6fer et Nina Zimmer, avec la Fondation Nolde Seeb\u00fcll, \u00e9d. Christian Ring<br \/>\nTextes (all.\/ang.) d'Astrid Becker, Fabienne Eggelh\u00f6fer, Nora Lohner<br \/>\n232 p. avec 100 illustrations en couleur<br \/>\nformat 28 x 22 cm, broch\u00e9<\/p>","protected":false},"featured_media":5103,"template":"","meta":[],"product_brand":[],"product_cat":[111,68,71],"product_tag":[],"class_list":{"0":"post-3687","1":"product","2":"type-product","3":"status-publish","4":"has-post-thumbnail","6":"product_cat-111","7":"product_cat-k","8":"product_cat-n","10":"first","11":"instock","12":"taxable","13":"shipping-taxable","14":"purchasable","15":"product-type-simple"},"aioseo_notices":[],"_wp_attached_file":null,"_wp_attachment_metadata":null,"_wc_attachment_source":null,"_elementor_inline_svg":null,"_elementor_is_screenshot":null,"_elementor_source_image_hash":null,"_source_url":null,"_wp_attachment_context":null,"_menu_item_type":null,"_menu_item_menu_item_parent":null,"_menu_item_object_id":null,"_menu_item_object":null,"_menu_item_target":null,"_menu_item_classes":null,"_menu_item_xfn":null,"_menu_item_url":null,"__elementor_forms_snapshot":null,"_unit":"","_unit_base":"","_unit_product":"","_unit_price_auto":"no","_unit_price_regular":"","_unit_price":"","_unit_price_sale":"","_sale_price_label":"","_sale_price_regular_label":"","_manufacturer_slug":"","_mini_desc":"","_defect_description":"","_safety_instructions":"","_allergen_ids":[],"_warranty_attachment_id":"","_safety_attachment_ids":[],"_min_age":"","_ts_gtin":"","_ts_mpn":"","_delivery_time_countries":[],"_free_shipping":"no","_service":"no","_photovoltaic_system":"no","_used_good":"no","_defective_copy":"no","_wireless_electronic_device":"no","_device_contains_power_supply":"no","_device_charging_supports_usb_pd":"no","_device_charging_watt_min":"0","_device_charging_watt_max":"0","_is_food":"no","_differential_taxation":"no","_gzd_version":"3.18.7","_hs_code":"","_customs_description":"","_manufacture_country":"0","_is_non_returnable":"no","_shipping_length":"","_shipping_width":"","_shipping_height":"","_sku":"ISBN 978-3-86442-250-8","_global_unique_id":"978-3-86442-250-8","_regular_price":"48","total_sales":"0","_tax_status":"taxable","_tax_class":"","_manage_stock":"no","_backorders":"no","_sold_individually":"no","_weight":"1","_virtual":"no","_downloadable":"no","_download_limit":"-1","_download_expiry":"-1","_stock":"","_stock_status":"instock","_wc_average_rating":"0","_wc_review_count":"0","_product_version":"9.7.1","_price":"48","shopengine_product_views_count":"2575","_thumbnail_id":"5103","_product_attributes":{"erscheinungsdatum":{"name":"Date de publication","value":"17.11.2018","position":0,"is_visible":1,"is_variation":0,"is_taxonomy":0,"checkout_visible":0}},"_nutrient_ids":[],"_upsell_ids":null,"pswc_subtitle":null,"_default_delivery_time":null,"_wp_desired_post_slug":null,"_isbn":null,"pageType":null,"isExternalUrl":null,"pageId":null,"externalUrl":null,"hideCookieBanner":null,"isTargetBlank":null,"isProviderCurrentWebsite":null,"isEmbeddingOnlyExternalResources":null,"legalBasis":null,"dataProcessingInCountries":null,"dataProcessingInCountriesSpecialTreatments":null,"technicalDefinitions":null,"googleConsentModeConsentTypes":null,"executePriority":null,"executeCodeOptInWhenNoTagManagerConsentIsGiven":null,"executeCodeOptOutWhenNoTagManagerConsentIsGiven":null,"deleteTechnicalDefinitionsAfterOptOut":null,"presetId":null,"presetVersion":null,"provider":null,"providerContactPhone":null,"providerContactEmail":null,"providerContactLink":null,"uniqueName":null,"providerPrivacyPolicyUrl":null,"providerLegalNoticeUrl":null,"codeOptIn":null,"codeOptOut":null,"codeOnPageLoad":null,"language_code":null,"shopengine_template__post_meta__type":null,"shopengine_template__post_meta":null,"shopengine_template__post_meta__edit_with":null,"origin":null,"_enabled":null,"_filters":null,"_layout":null,"_elementor_import_session_id":null,"_wp_trash_meta_status":null,"_wp_trash_meta_time":null,"_edit_lock":"1743507660:2","_elementor_floating_elements_type":null,"_elementor_edit_mode":null,"_elementor_template_type":null,"tc-thumb-fld":{"_thumb_id":5103,"_thumb_type":"thumb"},"_wp_page_template":"default","_elementor_version":null,"_elementor_pro_version":null,"_elementor_page_settings":null,"_elementor_data":null,"_elementor_conditions":null,"_elementor_popup_display_settings":null,"_edit_last":"2","_elementor_template_sub_type":null,"_elementor_controls_usage":null,"_elementor_screenshot":null,"_elementor_css":null,"_elementor_page_assets":[],"_elementor_element_cache":null,"_elementor_screenshot_failed":null,"_elementor_source":null,"_wp_old_date":null,"layout_key":"","post_slider_check_key":"0","_links":{"self":[{"href":"https:\/\/snoeck.de\/fr\/wp-json\/wp\/v2\/product\/3687","targetHints":{"allow":["GET"]}}],"collection":[{"href":"https:\/\/snoeck.de\/fr\/wp-json\/wp\/v2\/product"}],"about":[{"href":"https:\/\/snoeck.de\/fr\/wp-json\/wp\/v2\/types\/product"}],"wp:featuredmedia":[{"embeddable":true,"href":"https:\/\/snoeck.de\/fr\/wp-json\/wp\/v2\/media\/5103"}],"wp:attachment":[{"href":"https:\/\/snoeck.de\/fr\/wp-json\/wp\/v2\/media?parent=3687"}],"wp:term":[{"taxonomy":"product_brand","embeddable":true,"href":"https:\/\/snoeck.de\/fr\/wp-json\/wp\/v2\/product_brand?post=3687"},{"taxonomy":"product_cat","embeddable":true,"href":"https:\/\/snoeck.de\/fr\/wp-json\/wp\/v2\/product_cat?post=3687"},{"taxonomy":"product_tag","embeddable":true,"href":"https:\/\/snoeck.de\/fr\/wp-json\/wp\/v2\/product_tag?post=3687"}],"curies":[{"name":"wp","href":"https:\/\/api.w.org\/{rel}","templated":true}]}}