{"id":3688,"date":"2025-01-31T11:31:36","date_gmt":"2025-01-31T11:31:36","guid":{"rendered":"https:\/\/snoeck.process-vision.de\/shop\/nils-nova-works-so-far\/"},"modified":"2025-04-01T11:39:58","modified_gmt":"2025-04-01T11:39:58","slug":"nils-nova-works-so-far","status":"publish","type":"product","link":"https:\/\/snoeck.de\/fr\/shop\/nils-nova-works-so-far\/","title":{"rendered":"Nils Nova : Works so far"},"content":{"rendered":"<h3>Miroir \"Images<\/h3>\n<p>Celui qui a regard\u00e9 assez longtemps le centre chauff\u00e9 \u00e0 blanc de cette image jaune, se consume \u00e0 travers les lattes de la chaise longue. Cette petite blague picturale de la premi\u00e8re publication monographique vraiment compl\u00e8te pr\u00e9sentant l'\u0153uvre de Nils Nova \u00e0 ce jour agit comme une mise en bouche et est capable d'attirer le spectateur encore plus loin dans son travail. C'est ainsi que Nils Nova, invit\u00e9 \u00e0 participer \u00e0 la Biennale de Venise en 2009, a d'abord photographi\u00e9 l'espace d'exposition vide des Artiglieri dell' Arsenale dans le sens de la longueur en contre-plong\u00e9e, puis a plac\u00e9 les faces frontales oppos\u00e9es, saisies frontalement, dans l'espace pr\u00e9c\u00e9demment photographi\u00e9 sous forme d'installation photographique.<br \/>\nCe ne sont pas seulement les dimensions imposantes, \u00e9crit Max Wechsler dans son excellent et \u00e9clairant essai, qui annulent l'imagination lorsque, par le montage des \"images-miroir\" photographiques, l'espace r\u00e9el, dans son extr\u00eame d\u00e9cloisonnement, fait vaciller le propre point de vue et de vue. Au contraire, le d\u00e9cloisonnement, une exp\u00e9rience vacillante de l'apparence et de la r\u00e9alit\u00e9, se poursuit encore plus loin lorsque, sur le mur blanc, \u00e0 l'int\u00e9rieur de l'espace photographi\u00e9, est soudain accroch\u00e9e une image r\u00e9elle qui, sur le fond photographique, semble flotter librement dans l'espace. De plus, le centre poli de l'image peinte sur de l'acier chrom\u00e9 ressemble \u00e0 un miroir r\u00e9el. Les spectateurs se voient eux-m\u00eames projet\u00e9s dans l'image avec leur environnement et deviennent ainsi involontairement partie int\u00e9grante de leur propre perception, qui est d\u00e9j\u00e0 presque sur le point d'\u00eatre d\u00e9sesp\u00e9r\u00e9e par les plans flottants.<br \/>\nNils Nova est un artiste qui utilise la peinture, la photographie, la vid\u00e9o et le found footage pour mettre intelligemment en sc\u00e8ne les tendances \u00e0 l'enchantement et \u00e0 la mystification inh\u00e9rentes \u00e0 la nature de son mat\u00e9riel vari\u00e9. Il n'est donc pas \u00e9tonnant que des simulacres et des mondes parall\u00e8les entrent en jeu et qu'il ne soit pas n\u00e9cessaire de m\u00e9diter sur l'ombre de Peter Schlemihl ou d'autres \u00e2mes vendues pour \u00eatre pris d'un l\u00e9ger vertige.<\/p>\n<p>Expositions :<br \/>\nPhotoforum PasquArt, Biel\/Bienne, 19\/06-21\/08\/2011<br \/>\nAssociation artistique de Heilbronn, 24\/3-6\/5\/2012<\/p>","protected":false},"excerpt":{"rendered":"<p>\u00c9dit\u00e9 par Max Wechsler<br \/>\nTextes (all.\/angl.\/fran\u00e7ais) d'Irma Arestizabal, H\u00e9l\u00e8ne Cagnard, Max Wechsler<br \/>\n224 p. avec 180 illustrations en couleur<br \/>\nformat 30 x 23,5 cm, reli\u00e9 avec jaquette \u00e0 double pli<\/p>","protected":false},"featured_media":5104,"template":"","meta":[],"product_brand":[],"product_cat":[107,71],"product_tag":[],"class_list":{"0":"post-3688","1":"product","2":"type-product","3":"status-publish","4":"has-post-thumbnail","6":"product_cat-107","7":"product_cat-n","9":"first","10":"instock","11":"taxable","12":"shipping-taxable","13":"purchasable","14":"product-type-simple"},"aioseo_notices":[],"_wp_attached_file":null,"_wp_attachment_metadata":null,"_wc_attachment_source":null,"_elementor_inline_svg":null,"_elementor_is_screenshot":null,"_elementor_source_image_hash":null,"_source_url":null,"_wp_attachment_context":null,"_menu_item_type":null,"_menu_item_menu_item_parent":null,"_menu_item_object_id":null,"_menu_item_object":null,"_menu_item_target":null,"_menu_item_classes":null,"_menu_item_xfn":null,"_menu_item_url":null,"__elementor_forms_snapshot":null,"_unit":"","_unit_base":"","_unit_product":"","_unit_price_auto":"no","_unit_price_regular":"","_unit_price":"","_unit_price_sale":"","_sale_price_label":"","_sale_price_regular_label":"","_manufacturer_slug":"","_mini_desc":"","_defect_description":"","_safety_instructions":"","_allergen_ids":[],"_warranty_attachment_id":"","_safety_attachment_ids":[],"_min_age":"","_ts_gtin":"","_ts_mpn":"","_delivery_time_countries":[],"_free_shipping":"no","_service":"no","_photovoltaic_system":"no","_used_good":"no","_defective_copy":"no","_wireless_electronic_device":"no","_device_contains_power_supply":"no","_device_charging_supports_usb_pd":"no","_device_charging_watt_min":"0","_device_charging_watt_max":"0","_is_food":"no","_differential_taxation":"no","_gzd_version":"3.18.7","_hs_code":"","_customs_description":"","_manufacture_country":"0","_is_non_returnable":"no","_shipping_length":"","_shipping_width":"","_shipping_height":"","_sku":"ISBN 978-3-940953-87-2","_global_unique_id":"978-3-940953-87-2","_regular_price":"48","total_sales":"0","_tax_status":"taxable","_tax_class":"","_manage_stock":"no","_backorders":"no","_sold_individually":"no","_weight":"2","_virtual":"no","_downloadable":"no","_download_limit":"-1","_download_expiry":"-1","_stock":"","_stock_status":"instock","_wc_average_rating":"0","_wc_review_count":"0","_product_version":"9.7.1","_price":"48","shopengine_product_views_count":"2660","_thumbnail_id":"5104","_product_attributes":{"erscheinungsdatum":{"name":"Date de publication","value":"20.07.2011","position":0,"is_visible":1,"is_variation":0,"is_taxonomy":0,"checkout_visible":0}},"_nutrient_ids":[],"_upsell_ids":null,"pswc_subtitle":null,"_default_delivery_time":null,"_wp_desired_post_slug":null,"_isbn":null,"pageType":null,"isExternalUrl":null,"pageId":null,"externalUrl":null,"hideCookieBanner":null,"isTargetBlank":null,"isProviderCurrentWebsite":null,"isEmbeddingOnlyExternalResources":null,"legalBasis":null,"dataProcessingInCountries":null,"dataProcessingInCountriesSpecialTreatments":null,"technicalDefinitions":null,"googleConsentModeConsentTypes":null,"executePriority":null,"executeCodeOptInWhenNoTagManagerConsentIsGiven":null,"executeCodeOptOutWhenNoTagManagerConsentIsGiven":null,"deleteTechnicalDefinitionsAfterOptOut":null,"presetId":null,"presetVersion":null,"provider":null,"providerContactPhone":null,"providerContactEmail":null,"providerContactLink":null,"uniqueName":null,"providerPrivacyPolicyUrl":null,"providerLegalNoticeUrl":null,"codeOptIn":null,"codeOptOut":null,"codeOnPageLoad":null,"language_code":null,"shopengine_template__post_meta__type":null,"shopengine_template__post_meta":null,"shopengine_template__post_meta__edit_with":null,"origin":null,"_enabled":null,"_filters":null,"_layout":null,"_elementor_import_session_id":null,"_wp_trash_meta_status":null,"_wp_trash_meta_time":null,"_edit_lock":"1743507458:2","_elementor_floating_elements_type":null,"_elementor_edit_mode":null,"_elementor_template_type":null,"tc-thumb-fld":{"_thumb_id":5104,"_thumb_type":"thumb"},"_wp_page_template":"default","_elementor_version":null,"_elementor_pro_version":null,"_elementor_page_settings":null,"_elementor_data":null,"_elementor_conditions":null,"_elementor_popup_display_settings":null,"_edit_last":"2","_elementor_template_sub_type":null,"_elementor_controls_usage":null,"_elementor_screenshot":null,"_elementor_css":null,"_elementor_page_assets":[],"_elementor_element_cache":null,"_elementor_screenshot_failed":null,"_elementor_source":null,"_wp_old_date":null,"layout_key":"","post_slider_check_key":"0","_links":{"self":[{"href":"https:\/\/snoeck.de\/fr\/wp-json\/wp\/v2\/product\/3688","targetHints":{"allow":["GET"]}}],"collection":[{"href":"https:\/\/snoeck.de\/fr\/wp-json\/wp\/v2\/product"}],"about":[{"href":"https:\/\/snoeck.de\/fr\/wp-json\/wp\/v2\/types\/product"}],"wp:featuredmedia":[{"embeddable":true,"href":"https:\/\/snoeck.de\/fr\/wp-json\/wp\/v2\/media\/5104"}],"wp:attachment":[{"href":"https:\/\/snoeck.de\/fr\/wp-json\/wp\/v2\/media?parent=3688"}],"wp:term":[{"taxonomy":"product_brand","embeddable":true,"href":"https:\/\/snoeck.de\/fr\/wp-json\/wp\/v2\/product_brand?post=3688"},{"taxonomy":"product_cat","embeddable":true,"href":"https:\/\/snoeck.de\/fr\/wp-json\/wp\/v2\/product_cat?post=3688"},{"taxonomy":"product_tag","embeddable":true,"href":"https:\/\/snoeck.de\/fr\/wp-json\/wp\/v2\/product_tag?post=3688"}],"curies":[{"name":"wp","href":"https:\/\/api.w.org\/{rel}","templated":true}]}}