{"id":3690,"date":"2025-01-31T11:31:37","date_gmt":"2025-01-31T11:31:37","guid":{"rendered":"https:\/\/snoeck.process-vision.de\/shop\/gabriela-oberkofler-api-etoile-ein-wachsendes-archiv\/"},"modified":"2025-04-01T11:36:33","modified_gmt":"2025-04-01T11:36:33","slug":"gabriela-oberkofler-api-etoile-ein-wachsendes-archiv","status":"publish","type":"product","link":"https:\/\/snoeck.de\/fr\/shop\/gabriela-oberkofler-api-etoile-ein-wachsendes-archiv\/","title":{"rendered":"Gabriela Oberkofler : Api \u00e9toil\u00e9 - Une archive en expansion"},"content":{"rendered":"<h3>Le haricot est la star<\/h3>\n<p>\"Gabriela Oberkofler se consacre aux plantes utiles et recueille et archive des graines et des t\u00e9moignages concernant leur culture. Apr\u00e8s un voyage de plusieurs mois de Hambourg \u00e0 Bergame, au cours duquel elle a rencontr\u00e9, interview\u00e9 et film\u00e9 de nombreux experts, le livre \"Api \u00e9toil\u00e9 - Ein wachsen Archiv\" est une documentation \u00e9l\u00e9gante et bouleversante. Ses archives mobiles de semences de plantes utiles, par exemple, con\u00e7ues comme un projet croissant et participatif, rassemblent de v\u00e9ritables raret\u00e9s dans des bo\u00eetes de P\u00e9tri circulaires et \u00e9tiquet\u00e9es, encastr\u00e9es dans des panneaux MDF. Outre les graines de la vari\u00e9t\u00e9 d'\u00e9pinard Guter Heinrich, Gabriela Oberkofler pr\u00e9sente par exemple les graines de la laitue Maisbutter, de la salade d'asperges, de l'arroche verte ou de la tomate charnue Riese von Omsk et de la menthe anis\u00e9e. Outre les graines de tomates rassembl\u00e9es en grand nombre, mais apparemment peu spectaculaires, la plus grande section des archives est r\u00e9serv\u00e9e aux haricots. Quels bijoux, a-t-on envie de dire, quelles perles sont r\u00e9unies ici. Des grains bicolores, des haricots qui tirent vers le violet, des bruns qui c\u00f4toient des blancs et des noirs, des ronds ou plut\u00f4t des oblongs, des haricots avec des motifs bicolores ou tricolores sur la peau. Ces derniers sont le plus souvent class\u00e9s parmi les haricots de feu, qui sont aussi des haricots scarab\u00e9es ou - qui s'en plaindrait ? - On les appelle les haricots d'apparat. Que d'apparences ! On peut le constater sans aucun doute : Le haricot est la star.<br \/>\nEt puis l'artiste dessine de mani\u00e8re inimitable un programme int\u00e9rieur de ce qu'elle a recueilli et stock\u00e9. Depuis quelque temps, elle utilise pour cela des crayons fins pour dessiner. Ils offrent des encres r\u00e9sistantes \u00e0 la lumi\u00e8re et ont \u00e9t\u00e9 utilis\u00e9s pour la s\u00e9rie \"Pflanzenpalaver\". Les crayons permettent de placer les traits extr\u00eamement pr\u00e8s les uns des autres, de les rapprocher. Cela permet de tisser des textures extr\u00eamement fines. Celles-ci invitent le spectateur \u00e0 voir de pr\u00e8s, \u00e0 se plonger dans les abr\u00e9viations graphiques. C'est presque comme si l'on s'y perdait, comme si l'on se fondait dans les hachures dynamiques et les couches de traits riches en d\u00e9tails qui s'offrent \u00e0 nous. Et comme rien - ni les objets, ni les plantes, ni les insectes, ni les rhizomes des champignons - n'est d\u00e9fini par des contours, mais plut\u00f4t exclusivement par des configurations de surfaces aux formes vari\u00e9es, les dessins semblent en m\u00eame temps picturaux.<br \/>\nDans \"Api \u00e9toil\u00e9\", il ne s'agit donc pas de donner des solutions et des pistes pour un avenir meilleur. Il s'agit plut\u00f4t de comprendre que l'on ne peut plus continuer comme avant et d'\u00eatre pr\u00eat \u00e0 aiguiser ses sens, \u00e0 accepter les d\u00e9tours, \u00e0 supporter la perplexit\u00e9, \u00e0 oser l'exp\u00e9rimentation et \u00e0 explorer la nouveaut\u00e9.<br \/>\nIl est ind\u00e9niable qu'il ne reste gu\u00e8re plus d'un quart de ce qui constituait \u00e0 l'origine la diversit\u00e9 biologique sur Terre. C'est d\u00e9cevant.<br \/>\nMais c'est justement dans une telle attitude d'ouverture face au n\u00e9cessaire et \u00e0 l'impr\u00e9visible que le jardinage et la pratique productive de l'art se ressemblent \u00e9tonnamment. Il s'agit de r\u00e9agir \u00e0 des questions socialement importantes avec des possibilit\u00e9s linguistiques ou strat\u00e9giques propres \u00e0 chacun. Ici comme ailleurs, dans le jardinage comme dans l'art, il faut \u00eatre pr\u00eat \u00e0 essayer, \u00e0 observer, \u00e0 remettre en question, \u00e0 s'\u00e9tonner, \u00e0 essayer de nouvelles voies - et dans le meilleur des cas, on se retrouve \u00e0 la fin devant une solution ou un processus naissant, ou devant une id\u00e9e dont on n'avait m\u00eame pas eu l'id\u00e9e la veille.<br \/>\nOu comme le dit tr\u00e8s simplement Mathias von Mirbach, cofondateur de l'agriculture solidaire en Allemagne : \"Et le plus dr\u00f4le, c'est que tout cela fonctionne\". (Andreas Baur dans sa contribution au livre).<\/p>\n<p>Exposition :<br \/>\nVilla Merkel Galerie de la ville d'Esslingen, 15\/5 - 15\/8\/2021<\/p>","protected":false},"excerpt":{"rendered":"<p>Catalogue d'exposition, Villa Merkel Esslingen, \u00e9d. par Andreas Baur<br \/>\nTextes (all.\/ang.) d'Andreas Baur, Harald Gasser, Roman Lenz, Christiane Mennicke-Schwarz, Mathias von Mirbach, Marlies Ortner, Elisabeth Pircher, Jan Sneyd et Irina Zacharias<br \/>\n278 p. avec 172 illustrations en couleur<br \/>\nformat 28 x 21 cm, couverture rigide<\/p>","protected":false},"featured_media":5106,"template":"","meta":[],"product_brand":[],"product_cat":[85,72],"product_tag":[],"class_list":{"0":"post-3690","1":"product","2":"type-product","3":"status-publish","4":"has-post-thumbnail","6":"product_cat-85","7":"product_cat-o","9":"first","10":"instock","11":"taxable","12":"shipping-taxable","13":"purchasable","14":"product-type-simple"},"aioseo_notices":[],"_wp_attached_file":null,"_wp_attachment_metadata":null,"_wc_attachment_source":null,"_elementor_inline_svg":null,"_elementor_is_screenshot":null,"_elementor_source_image_hash":null,"_source_url":null,"_wp_attachment_context":null,"_menu_item_type":null,"_menu_item_menu_item_parent":null,"_menu_item_object_id":null,"_menu_item_object":null,"_menu_item_target":null,"_menu_item_classes":null,"_menu_item_xfn":null,"_menu_item_url":null,"__elementor_forms_snapshot":null,"_unit":"","_unit_base":"","_unit_product":"","_unit_price_auto":"no","_unit_price_regular":"","_unit_price":"","_unit_price_sale":"","_sale_price_label":"","_sale_price_regular_label":"","_manufacturer_slug":"","_mini_desc":"","_defect_description":"","_safety_instructions":"","_allergen_ids":[],"_warranty_attachment_id":"","_safety_attachment_ids":[],"_min_age":"","_ts_gtin":"","_ts_mpn":"","_delivery_time_countries":[],"_free_shipping":"no","_service":"no","_photovoltaic_system":"no","_used_good":"no","_defective_copy":"no","_wireless_electronic_device":"no","_device_contains_power_supply":"no","_device_charging_supports_usb_pd":"no","_device_charging_watt_min":"0","_device_charging_watt_max":"0","_is_food":"no","_differential_taxation":"no","_gzd_version":"3.18.7","_hs_code":"","_customs_description":"","_manufacture_country":"0","_is_non_returnable":"no","_shipping_length":"","_shipping_width":"","_shipping_height":"","_sku":"ISBN 978-3-86442-346-8","_global_unique_id":"978-3-86442-346-8","_regular_price":"48","total_sales":"0","_tax_status":"taxable","_tax_class":"","_manage_stock":"no","_backorders":"no","_sold_individually":"no","_weight":"2","_virtual":"no","_downloadable":"no","_download_limit":"-1","_download_expiry":"-1","_stock":"","_stock_status":"instock","_wc_average_rating":"0","_wc_review_count":"0","_product_version":"9.7.1","_price":"48","shopengine_product_views_count":"3874","_thumbnail_id":"5106","_product_attributes":{"erscheinungsdatum":{"name":"Date de publication","value":"10.11.2021","position":0,"is_visible":1,"is_variation":0,"is_taxonomy":0,"checkout_visible":0}},"_nutrient_ids":[],"_upsell_ids":null,"pswc_subtitle":null,"_default_delivery_time":null,"_wp_desired_post_slug":null,"_isbn":null,"pageType":null,"isExternalUrl":null,"pageId":null,"externalUrl":null,"hideCookieBanner":null,"isTargetBlank":null,"isProviderCurrentWebsite":null,"isEmbeddingOnlyExternalResources":null,"legalBasis":null,"dataProcessingInCountries":null,"dataProcessingInCountriesSpecialTreatments":null,"technicalDefinitions":null,"googleConsentModeConsentTypes":null,"executePriority":null,"executeCodeOptInWhenNoTagManagerConsentIsGiven":null,"executeCodeOptOutWhenNoTagManagerConsentIsGiven":null,"deleteTechnicalDefinitionsAfterOptOut":null,"presetId":null,"presetVersion":null,"provider":null,"providerContactPhone":null,"providerContactEmail":null,"providerContactLink":null,"uniqueName":null,"providerPrivacyPolicyUrl":null,"providerLegalNoticeUrl":null,"codeOptIn":null,"codeOptOut":null,"codeOnPageLoad":null,"language_code":null,"shopengine_template__post_meta__type":null,"shopengine_template__post_meta":null,"shopengine_template__post_meta__edit_with":null,"origin":null,"_enabled":null,"_filters":null,"_layout":null,"_elementor_import_session_id":null,"_wp_trash_meta_status":null,"_wp_trash_meta_time":null,"_edit_lock":"1743507780:2","_elementor_floating_elements_type":null,"_elementor_edit_mode":null,"_elementor_template_type":null,"tc-thumb-fld":{"_thumb_id":5106,"_thumb_type":"thumb"},"_wp_page_template":"default","_elementor_version":null,"_elementor_pro_version":null,"_elementor_page_settings":null,"_elementor_data":null,"_elementor_conditions":null,"_elementor_popup_display_settings":null,"_edit_last":"2","_elementor_template_sub_type":null,"_elementor_controls_usage":null,"_elementor_screenshot":null,"_elementor_css":null,"_elementor_page_assets":[],"_elementor_element_cache":null,"_elementor_screenshot_failed":null,"_elementor_source":null,"_wp_old_date":null,"layout_key":"","post_slider_check_key":"0","_links":{"self":[{"href":"https:\/\/snoeck.de\/fr\/wp-json\/wp\/v2\/product\/3690","targetHints":{"allow":["GET"]}}],"collection":[{"href":"https:\/\/snoeck.de\/fr\/wp-json\/wp\/v2\/product"}],"about":[{"href":"https:\/\/snoeck.de\/fr\/wp-json\/wp\/v2\/types\/product"}],"wp:featuredmedia":[{"embeddable":true,"href":"https:\/\/snoeck.de\/fr\/wp-json\/wp\/v2\/media\/5106"}],"wp:attachment":[{"href":"https:\/\/snoeck.de\/fr\/wp-json\/wp\/v2\/media?parent=3690"}],"wp:term":[{"taxonomy":"product_brand","embeddable":true,"href":"https:\/\/snoeck.de\/fr\/wp-json\/wp\/v2\/product_brand?post=3690"},{"taxonomy":"product_cat","embeddable":true,"href":"https:\/\/snoeck.de\/fr\/wp-json\/wp\/v2\/product_cat?post=3690"},{"taxonomy":"product_tag","embeddable":true,"href":"https:\/\/snoeck.de\/fr\/wp-json\/wp\/v2\/product_tag?post=3690"}],"curies":[{"name":"wp","href":"https:\/\/api.w.org\/{rel}","templated":true}]}}