{"id":3691,"date":"2025-01-31T11:31:37","date_gmt":"2025-01-31T11:31:37","guid":{"rendered":"https:\/\/snoeck.process-vision.de\/shop\/ocular-witness-schweinebewusstsein\/"},"modified":"2025-04-01T11:33:30","modified_gmt":"2025-04-01T11:33:30","slug":"ocular-witness-schweinebewusstsein","status":"publish","type":"product","link":"https:\/\/snoeck.de\/fr\/shop\/ocular-witness-schweinebewusstsein\/","title":{"rendered":"OCULAR WITNESS - Conscience porcine"},"content":{"rendered":"<h3>Qu'est-ce qu'on fait aux cochons ?<\/h3>\n<p>\"En revanche, en r\u00e9pondant au regard d'un animal, l'homme prend conscience de lui-m\u00eame\", \u00e9crit John Berger. Qu'est-ce que cela signifie pour nous, qu'apprenons-nous sur nous-m\u00eames et sur notre rapport au monde qui nous entoure lorsque nous r\u00e9fl\u00e9chissons \u00e0 notre relation avec les cochons ? Ocular witness : CONSCIENCE DES PORCS est un projet de recherche \u00e0 plusieurs voix et \u00e0 plusieurs perspectives. Seize artistes ont \u00e9t\u00e9 invit\u00e9s \u00e0 se pencher sur certains aspects de la question. La plupart des photographies, des vid\u00e9os et des installations sculpturales pr\u00e9sent\u00e9es ont \u00e9t\u00e9 sp\u00e9cialement con\u00e7ues pour ce projet. Dans un esprit po\u00e9tique et artistique, les travaux se consacrent aux questions de l'\u00e9conomie, de la consommation quotidienne, du bien-\u00eatre animal, de l'\u00e9cologie et des promesses d'avenir li\u00e9es \u00e0 l'industrialisation de l'agriculture. \u0152uvres de Max Baumann, Frank Berger, Felix Bielmeier, Pierre Bismuth, Anetta Mona Chi\u015fa &amp; Lucia Tk\u00e1\u010dov\u00e1, Anna Haifisch, Jochen Lempert, Arne Schmitt, Wenke Seemann, Maria Sewcz, Heidi Specker, Andrzej Steinbach, Maria Sturm et Young-Hae Chang Heavy Industries, entre autres.<\/p>\n<p>Exposition :<br \/>\nMus\u00e9e Sprengel de Hanovre, 23\/8 - 5\/11\/2023<\/p>","protected":false},"excerpt":{"rendered":"<p>Catalogue d'exposition, Sprengel Museum Hannover, \u00e9d. par Inka Schube<br \/>\nTextes (all.\/ang.) de Fahim Amir, Anja Koch, Jenny Sch\u00e4fer, Inka Schube<br \/>\n192 p. avec 100 illustrations en couleur<br \/>\nFormat 21,5 x 18,5 cm, broch\u00e9<\/p>","protected":false},"featured_media":5107,"template":"","meta":[],"product_brand":[],"product_cat":[87,72,76,80],"product_tag":[],"class_list":{"0":"post-3691","1":"product","2":"type-product","3":"status-publish","4":"has-post-thumbnail","6":"product_cat-87","7":"product_cat-o","8":"product_cat-s","9":"product_cat-w","11":"first","12":"instock","13":"taxable","14":"shipping-taxable","15":"purchasable","16":"product-type-simple"},"aioseo_notices":[],"_wp_attached_file":null,"_wp_attachment_metadata":null,"_wc_attachment_source":null,"_elementor_inline_svg":null,"_elementor_is_screenshot":null,"_elementor_source_image_hash":null,"_source_url":null,"_wp_attachment_context":null,"_menu_item_type":null,"_menu_item_menu_item_parent":null,"_menu_item_object_id":null,"_menu_item_object":null,"_menu_item_target":null,"_menu_item_classes":null,"_menu_item_xfn":null,"_menu_item_url":null,"__elementor_forms_snapshot":null,"_unit":"","_unit_base":"","_unit_product":"","_unit_price_auto":"no","_unit_price_regular":"","_unit_price":"","_unit_price_sale":"","_sale_price_label":"","_sale_price_regular_label":"","_manufacturer_slug":"","_mini_desc":"","_defect_description":"","_safety_instructions":"","_allergen_ids":[],"_warranty_attachment_id":"","_safety_attachment_ids":[],"_min_age":"","_ts_gtin":"","_ts_mpn":"","_delivery_time_countries":[],"_free_shipping":"no","_service":"no","_photovoltaic_system":"no","_used_good":"no","_defective_copy":"no","_wireless_electronic_device":"no","_device_contains_power_supply":"no","_device_charging_supports_usb_pd":"no","_device_charging_watt_min":"0","_device_charging_watt_max":"0","_is_food":"no","_differential_taxation":"no","_gzd_version":"3.18.7","_hs_code":"","_customs_description":"","_manufacture_country":"0","_is_non_returnable":"no","_shipping_length":"","_shipping_width":"","_shipping_height":"","_sku":"ISBN 978-3-86442-425-0","_global_unique_id":"978-3-86442-425-0","_regular_price":"29.8","total_sales":"0","_tax_status":"taxable","_tax_class":"","_manage_stock":"no","_backorders":"no","_sold_individually":"no","_weight":"1","_virtual":"no","_downloadable":"no","_download_limit":"-1","_download_expiry":"-1","_stock":"","_stock_status":"instock","_wc_average_rating":"0","_wc_review_count":"0","_product_version":"9.7.1","_price":"29.8","shopengine_product_views_count":"3858","_thumbnail_id":"5107","_product_attributes":{"erscheinungsdatum":{"name":"Date de publication","value":"21.08.2023","position":0,"is_visible":1,"is_variation":0,"is_taxonomy":0,"checkout_visible":0}},"_nutrient_ids":[],"_upsell_ids":null,"pswc_subtitle":null,"_default_delivery_time":null,"_wp_desired_post_slug":null,"_isbn":null,"pageType":null,"isExternalUrl":null,"pageId":null,"externalUrl":null,"hideCookieBanner":null,"isTargetBlank":null,"isProviderCurrentWebsite":null,"isEmbeddingOnlyExternalResources":null,"legalBasis":null,"dataProcessingInCountries":null,"dataProcessingInCountriesSpecialTreatments":null,"technicalDefinitions":null,"googleConsentModeConsentTypes":null,"executePriority":null,"executeCodeOptInWhenNoTagManagerConsentIsGiven":null,"executeCodeOptOutWhenNoTagManagerConsentIsGiven":null,"deleteTechnicalDefinitionsAfterOptOut":null,"presetId":null,"presetVersion":null,"provider":null,"providerContactPhone":null,"providerContactEmail":null,"providerContactLink":null,"uniqueName":null,"providerPrivacyPolicyUrl":null,"providerLegalNoticeUrl":null,"codeOptIn":null,"codeOptOut":null,"codeOnPageLoad":null,"language_code":null,"shopengine_template__post_meta__type":null,"shopengine_template__post_meta":null,"shopengine_template__post_meta__edit_with":null,"origin":null,"_enabled":null,"_filters":null,"_layout":null,"_elementor_import_session_id":null,"_wp_trash_meta_status":null,"_wp_trash_meta_time":null,"_edit_lock":"1743507071:2","_elementor_floating_elements_type":null,"_elementor_edit_mode":null,"_elementor_template_type":null,"tc-thumb-fld":{"_thumb_id":5107,"_thumb_type":"thumb"},"_wp_page_template":"default","_elementor_version":null,"_elementor_pro_version":null,"_elementor_page_settings":null,"_elementor_data":null,"_elementor_conditions":null,"_elementor_popup_display_settings":null,"_edit_last":"2","_elementor_template_sub_type":null,"_elementor_controls_usage":null,"_elementor_screenshot":null,"_elementor_css":null,"_elementor_page_assets":[],"_elementor_element_cache":null,"_elementor_screenshot_failed":null,"_elementor_source":null,"_wp_old_date":null,"layout_key":"","post_slider_check_key":"0","_links":{"self":[{"href":"https:\/\/snoeck.de\/fr\/wp-json\/wp\/v2\/product\/3691","targetHints":{"allow":["GET"]}}],"collection":[{"href":"https:\/\/snoeck.de\/fr\/wp-json\/wp\/v2\/product"}],"about":[{"href":"https:\/\/snoeck.de\/fr\/wp-json\/wp\/v2\/types\/product"}],"wp:featuredmedia":[{"embeddable":true,"href":"https:\/\/snoeck.de\/fr\/wp-json\/wp\/v2\/media\/5107"}],"wp:attachment":[{"href":"https:\/\/snoeck.de\/fr\/wp-json\/wp\/v2\/media?parent=3691"}],"wp:term":[{"taxonomy":"product_brand","embeddable":true,"href":"https:\/\/snoeck.de\/fr\/wp-json\/wp\/v2\/product_brand?post=3691"},{"taxonomy":"product_cat","embeddable":true,"href":"https:\/\/snoeck.de\/fr\/wp-json\/wp\/v2\/product_cat?post=3691"},{"taxonomy":"product_tag","embeddable":true,"href":"https:\/\/snoeck.de\/fr\/wp-json\/wp\/v2\/product_tag?post=3691"}],"curies":[{"name":"wp","href":"https:\/\/api.w.org\/{rel}","templated":true}]}}