{"id":3693,"date":"2025-01-31T11:31:39","date_gmt":"2025-01-31T11:31:39","guid":{"rendered":"https:\/\/snoeck.process-vision.de\/shop\/detlef-orlopp-ueberall-splittern-unsere-gesichtszuege-partout-nos-traits-eclatent\/"},"modified":"2025-03-13T19:05:20","modified_gmt":"2025-03-13T19:05:20","slug":"detlef-orlopp-ueberall-splittern-unsere-gesichtszuege-partout-nos-traits-eclatent","status":"publish","type":"product","link":"https:\/\/snoeck.de\/fr\/shop\/detlef-orlopp-ueberall-splittern-unsere-gesichtszuege-partout-nos-traits-eclatent\/","title":{"rendered":"Detlef Orlopp : \u00dcberall splittern unsere Gesichtsz\u00fcge - partout nos traits \u00e9clatent"},"content":{"rendered":"<p>Lumi\u00e8re, structure, ligne, ombre = photographieDetlef Orlopp (*1937) a commenc\u00e9 par un apprentissage de photographe en 1955, et aujourd'hui, 70 ans plus tard, l'artiste peut se targuer d'une \u0153uvre fulgurante. Jusqu'en 1973, Detlef Orlopp a \u00e9t\u00e9 professeur \u00e0 la Werkkunstschule de Krefeld. En 2015, le Folkwang Museum d'Essen a achet\u00e9 une partie importante de son h\u00e9ritage. Enti\u00e8rement li\u00e9 \u00e0 la photographie analogique en noir et blanc, l'artiste \"peint\" avec la lumi\u00e8re, la structure, la ligne et les ombres dans le champ th\u00e9matique des paysages et des portraits. Il choisit par exemple des extraits de la surface de la terre dont il cache l'origine figurative et en r\u00e9duit l'\u00e9tendue \u00e0 la perspective en profondeur de la surface de l'image. L'absence de comparaison de taille donne naissance \u00e0 un nouvel ordre pictural qui, par son degr\u00e9 d'abstraction, conduit \u00e0 une ind\u00e9pendance formelle. Les extraits de paysage de Detlef Orlopp sont des abstractions hors du temps et de l'espace, transform\u00e9es en \u00e9l\u00e9ments picturaux structurels. L'artiste se situe ainsi dans le modernisme du 20e si\u00e8cle. Le tachisme d'un Wols, la structure \"all-over\" des drippings de Jackson Pollock, la gestuelle d'un Hans Hartung, dont il avait vu l'\u0153uvre entre autres \u00e0 la Documenta 2, ont dict\u00e9 la structure des lignes de ses images photographiques, qui ressemblent souvent \u00e0 des coups de pinceau. Le cahier grand format publi\u00e9 \u00e0 l'occasion de l'exposition \"\u00dcberall splittern unsere Gesichtsz\u00fcge - partout nos traits \u00e9clatent\" pr\u00e9sente pour la premi\u00e8re fois des travaux issus de sa s\u00e9rie d'\u0153uvres de l'exposition Gletscher :<br \/>\nAssociation artistique de Heilbronn, 24\/2 - 5\/5\/2024<\/p>","protected":false},"excerpt":{"rendered":"<p>Catalogue d'exposition, \u00e9d. Matthia L\u00f6bke<br \/>\nTexte (all.\/ang.) de Daniel Kothenschulte<br \/>\n48 p. avec 31 illustrations en duplex<br \/>\nFormat 24 x 32 cm, cahier agraf\u00e9 au fil de fer<\/p>","protected":false},"featured_media":5109,"template":"","meta":[],"product_brand":[],"product_cat":[88,61,72,76,120],"product_tag":[],"class_list":{"0":"post-3693","1":"product","2":"type-product","3":"status-publish","4":"has-post-thumbnail","6":"product_cat-88","7":"product_cat-d","8":"product_cat-o","9":"product_cat-s","10":"product_cat-ue","12":"first","13":"instock","14":"taxable","15":"shipping-taxable","16":"purchasable","17":"product-type-simple"},"aioseo_notices":[],"_wp_attached_file":null,"_wp_attachment_metadata":null,"_wc_attachment_source":null,"_elementor_inline_svg":null,"_elementor_is_screenshot":null,"_elementor_source_image_hash":null,"_source_url":null,"_wp_attachment_context":null,"_menu_item_type":null,"_menu_item_menu_item_parent":null,"_menu_item_object_id":null,"_menu_item_object":null,"_menu_item_target":null,"_menu_item_classes":null,"_menu_item_xfn":null,"_menu_item_url":null,"__elementor_forms_snapshot":null,"_unit":null,"_unit_base":null,"_unit_product":null,"_unit_price_auto":null,"_unit_price_regular":null,"_unit_price":null,"_unit_price_sale":null,"_sale_price_label":null,"_sale_price_regular_label":null,"_manufacturer_slug":null,"_mini_desc":null,"_defect_description":null,"_safety_instructions":null,"_allergen_ids":null,"_warranty_attachment_id":null,"_safety_attachment_ids":null,"_min_age":null,"_ts_gtin":null,"_ts_mpn":null,"_delivery_time_countries":null,"_free_shipping":null,"_service":null,"_photovoltaic_system":null,"_used_good":null,"_defective_copy":null,"_wireless_electronic_device":null,"_device_contains_power_supply":null,"_device_charging_supports_usb_pd":null,"_device_charging_watt_min":null,"_device_charging_watt_max":null,"_is_food":null,"_differential_taxation":null,"_gzd_version":null,"_hs_code":null,"_customs_description":null,"_manufacture_country":null,"_is_non_returnable":null,"_shipping_length":null,"_shipping_width":null,"_shipping_height":null,"_sku":"ISBN 978-3-86442-434-2","_global_unique_id":"978-3-86442-434-2","_regular_price":"29.8","total_sales":"0","_tax_status":"taxable","_tax_class":"","_manage_stock":"no","_backorders":"no","_sold_individually":"no","_weight":"1","_virtual":"no","_downloadable":"no","_download_limit":"-1","_download_expiry":"-1","_stock":"","_stock_status":"instock","_wc_average_rating":"0","_wc_review_count":"0","_product_version":"9.7.1","_price":"29.8","shopengine_product_views_count":"3301","_thumbnail_id":"5109","_product_attributes":{"erscheinungsdatum":{"name":"Date de publication","value":"23.02.2024","position":0,"is_visible":1,"is_variation":0,"is_taxonomy":0,"checkout_visible":false}},"_nutrient_ids":[],"_upsell_ids":null,"pswc_subtitle":null,"_default_delivery_time":null,"_wp_desired_post_slug":null,"_isbn":null,"pageType":null,"isExternalUrl":null,"pageId":null,"externalUrl":null,"hideCookieBanner":null,"isTargetBlank":null,"isProviderCurrentWebsite":null,"isEmbeddingOnlyExternalResources":null,"legalBasis":null,"dataProcessingInCountries":null,"dataProcessingInCountriesSpecialTreatments":null,"technicalDefinitions":null,"googleConsentModeConsentTypes":null,"executePriority":null,"executeCodeOptInWhenNoTagManagerConsentIsGiven":null,"executeCodeOptOutWhenNoTagManagerConsentIsGiven":null,"deleteTechnicalDefinitionsAfterOptOut":null,"presetId":null,"presetVersion":null,"provider":null,"providerContactPhone":null,"providerContactEmail":null,"providerContactLink":null,"uniqueName":null,"providerPrivacyPolicyUrl":null,"providerLegalNoticeUrl":null,"codeOptIn":null,"codeOptOut":null,"codeOnPageLoad":null,"language_code":null,"shopengine_template__post_meta__type":null,"shopengine_template__post_meta":null,"shopengine_template__post_meta__edit_with":null,"origin":null,"_enabled":null,"_filters":null,"_layout":null,"_elementor_import_session_id":null,"_wp_trash_meta_status":null,"_wp_trash_meta_time":null,"_edit_lock":null,"_elementor_floating_elements_type":null,"_elementor_edit_mode":null,"_elementor_template_type":null,"tc-thumb-fld":{"_thumb_id":false,"_thumb_type":"attachment"},"_wp_page_template":null,"_elementor_version":null,"_elementor_pro_version":null,"_elementor_page_settings":null,"_elementor_data":null,"_elementor_conditions":null,"_elementor_popup_display_settings":null,"_edit_last":null,"_elementor_template_sub_type":null,"_elementor_controls_usage":null,"_elementor_screenshot":null,"_elementor_css":null,"_elementor_page_assets":[],"_elementor_element_cache":null,"_elementor_screenshot_failed":null,"_elementor_source":null,"_wp_old_date":null,"layout_key":null,"post_slider_check_key":null,"_links":{"self":[{"href":"https:\/\/snoeck.de\/fr\/wp-json\/wp\/v2\/product\/3693","targetHints":{"allow":["GET"]}}],"collection":[{"href":"https:\/\/snoeck.de\/fr\/wp-json\/wp\/v2\/product"}],"about":[{"href":"https:\/\/snoeck.de\/fr\/wp-json\/wp\/v2\/types\/product"}],"wp:featuredmedia":[{"embeddable":true,"href":"https:\/\/snoeck.de\/fr\/wp-json\/wp\/v2\/media\/5109"}],"wp:attachment":[{"href":"https:\/\/snoeck.de\/fr\/wp-json\/wp\/v2\/media?parent=3693"}],"wp:term":[{"taxonomy":"product_brand","embeddable":true,"href":"https:\/\/snoeck.de\/fr\/wp-json\/wp\/v2\/product_brand?post=3693"},{"taxonomy":"product_cat","embeddable":true,"href":"https:\/\/snoeck.de\/fr\/wp-json\/wp\/v2\/product_cat?post=3693"},{"taxonomy":"product_tag","embeddable":true,"href":"https:\/\/snoeck.de\/fr\/wp-json\/wp\/v2\/product_tag?post=3693"}],"curies":[{"name":"wp","href":"https:\/\/api.w.org\/{rel}","templated":true}]}}