{"id":3697,"date":"2025-01-31T11:31:41","date_gmt":"2025-01-31T11:31:41","guid":{"rendered":"https:\/\/snoeck.process-vision.de\/shop\/ulrike-ottinger-journee-dun-g-i\/"},"modified":"2025-04-01T11:07:13","modified_gmt":"2025-04-01T11:07:13","slug":"ulrike-ottinger-journee-dun-g-i","status":"publish","type":"product","link":"https:\/\/snoeck.de\/fr\/shop\/ulrike-ottinger-journee-dun-g-i\/","title":{"rendered":"Ulrike Ottinger : Journ\u00e9e d'un G.I."},"content":{"rendered":"<h3>Quand la bulle \u00e9clate<\/h3>\n<p>\"Journ\u00e9e d'un G.I.\", est la troisi\u00e8me exposition individuelle d'Ulrike Ottinger chez Contemporary Fine Arts Berlin et pr\u00e9sente des peintures et des s\u00e9rigraphies des ann\u00e9es 1960. Les travaux d'Ulrike Ottinger, pour la plupart compos\u00e9s de plusieurs parties ou divis\u00e9s en plusieurs champs visuels, r\u00e9v\u00e8lent une passion pour le r\u00e9cit d'histoires, qui trouve finalement son accomplissement dans le m\u00e9dium cin\u00e9matographique. Dans les cercles de cin\u00e9philes, Ulrike Ottinger est devenue une star culte avec sa trilogie berlinoise \"Bildnis einer Trinkerin\" (1979), et surtout avec \"Freak Orlando\" (1981), qui sera suivi plus tard par \"Dorian Gray im Spiegel der Boulevardpress\" (1984). Dans son journal intime \"Paris Calligrammes\", elle a ensuite montr\u00e9 en 2019, dans un recueil cin\u00e9matographique, des souvenirs de sa d\u00e9cennie marquante \u00e0 Paris, ce qui nous place au c\u0153ur des r\u00e9cits en images de \"Journ\u00e9e d'un G.I.\". Au milieu des ann\u00e9es 1960, Ulrike Ottinger est peintre, Paris est secou\u00e9 par des images de guerre et de r\u00e9volution. A l'aise dans la Nouvelle Figuration, une forme parisienne du Pop Art, les sc\u00e8nes de la vie quotidienne, les bandes dessin\u00e9es, la photographie et la publicit\u00e9 d\u00e9terminent le style narratif des tableaux d'Ulrike Ottinger. Les rituels du quotidien se m\u00ealent aux r\u00e9f\u00e9rences \u00e0 des personnages historiques et \u00e0 des h\u00e9ros de la litt\u00e9rature. Alors que les combats quotidiens font rage, les h\u00e9ros font une pause chez Ulrike Ottinger, Che Guevara en tant que \"Le penseur\" se pr\u00e9lasse sur un canap\u00e9 en sirotant un verre, Allen Ginsberg, po\u00e8te beat de la premi\u00e8re heure, n'a \"plus rien \u00e0 dire ni \u00e0 pleurer\". La r\u00e9volution, l'artiste semble l'avoir compris tr\u00e8s t\u00f4t, mange toujours ses enfants.<\/p>\n<p>Exposition :<br \/>\nCFA Contemporary Fine Arts Berlin, 22\/6 - 28\/8\/2021<\/p>","protected":false},"excerpt":{"rendered":"<p>Catalogue d'exposition, Contemporary Fine Arts CFA Berlin, \u00e9d. Bruno Brunnet et Nicole Hackert<br \/>\nTexte (all.\/angl.) de Dana \u017daja<br \/>\n24 p. avec 24 illustrations en couleur<br \/>\nformat 28 x 20 cm, cahier agraf\u00e9<\/p>","protected":false},"featured_media":5112,"template":"","meta":[],"product_brand":[],"product_cat":[85,72],"product_tag":[],"class_list":{"0":"post-3697","1":"product","2":"type-product","3":"status-publish","4":"has-post-thumbnail","6":"product_cat-85","7":"product_cat-o","9":"first","10":"instock","11":"taxable","12":"shipping-taxable","13":"purchasable","14":"product-type-simple"},"aioseo_notices":[],"_wp_attached_file":null,"_wp_attachment_metadata":null,"_wc_attachment_source":null,"_elementor_inline_svg":null,"_elementor_is_screenshot":null,"_elementor_source_image_hash":null,"_source_url":null,"_wp_attachment_context":null,"_menu_item_type":null,"_menu_item_menu_item_parent":null,"_menu_item_object_id":null,"_menu_item_object":null,"_menu_item_target":null,"_menu_item_classes":null,"_menu_item_xfn":null,"_menu_item_url":null,"__elementor_forms_snapshot":null,"_unit":"","_unit_base":"","_unit_product":"","_unit_price_auto":"no","_unit_price_regular":"","_unit_price":"","_unit_price_sale":"","_sale_price_label":"","_sale_price_regular_label":"","_manufacturer_slug":"","_mini_desc":"","_defect_description":"","_safety_instructions":"","_allergen_ids":[],"_warranty_attachment_id":"","_safety_attachment_ids":[],"_min_age":"","_ts_gtin":"","_ts_mpn":"","_delivery_time_countries":[],"_free_shipping":"no","_service":"no","_photovoltaic_system":"no","_used_good":"no","_defective_copy":"no","_wireless_electronic_device":"no","_device_contains_power_supply":"no","_device_charging_supports_usb_pd":"no","_device_charging_watt_min":"0","_device_charging_watt_max":"0","_is_food":"no","_differential_taxation":"no","_gzd_version":"3.18.7","_hs_code":"","_customs_description":"","_manufacture_country":"0","_is_non_returnable":"no","_shipping_length":"","_shipping_width":"","_shipping_height":"","_sku":"ISBN 978-3-86442-359-8","_global_unique_id":"978-3-86442-359-8","_regular_price":"19.8","total_sales":"0","_tax_status":"taxable","_tax_class":"","_manage_stock":"no","_backorders":"no","_sold_individually":"no","_weight":"1","_virtual":"no","_downloadable":"no","_download_limit":"-1","_download_expiry":"-1","_stock":"","_stock_status":"instock","_wc_average_rating":"0","_wc_review_count":"0","_product_version":"9.7.1","_price":"19.8","shopengine_product_views_count":"3019","_thumbnail_id":"5112","_product_attributes":{"erscheinungsdatum":{"name":"Date de publication","value":"06.08.2021","position":0,"is_visible":1,"is_variation":0,"is_taxonomy":0,"checkout_visible":0}},"_nutrient_ids":[],"_upsell_ids":null,"pswc_subtitle":null,"_default_delivery_time":null,"_wp_desired_post_slug":null,"_isbn":null,"pageType":null,"isExternalUrl":null,"pageId":null,"externalUrl":null,"hideCookieBanner":null,"isTargetBlank":null,"isProviderCurrentWebsite":null,"isEmbeddingOnlyExternalResources":null,"legalBasis":null,"dataProcessingInCountries":null,"dataProcessingInCountriesSpecialTreatments":null,"technicalDefinitions":null,"googleConsentModeConsentTypes":null,"executePriority":null,"executeCodeOptInWhenNoTagManagerConsentIsGiven":null,"executeCodeOptOutWhenNoTagManagerConsentIsGiven":null,"deleteTechnicalDefinitionsAfterOptOut":null,"presetId":null,"presetVersion":null,"provider":null,"providerContactPhone":null,"providerContactEmail":null,"providerContactLink":null,"uniqueName":null,"providerPrivacyPolicyUrl":null,"providerLegalNoticeUrl":null,"codeOptIn":null,"codeOptOut":null,"codeOnPageLoad":null,"language_code":null,"shopengine_template__post_meta__type":null,"shopengine_template__post_meta":null,"shopengine_template__post_meta__edit_with":null,"origin":null,"_enabled":null,"_filters":null,"_layout":null,"_elementor_import_session_id":null,"_wp_trash_meta_status":null,"_wp_trash_meta_time":null,"_edit_lock":"1743505654:2","_elementor_floating_elements_type":null,"_elementor_edit_mode":null,"_elementor_template_type":null,"tc-thumb-fld":{"_thumb_id":5112,"_thumb_type":"thumb"},"_wp_page_template":"default","_elementor_version":null,"_elementor_pro_version":null,"_elementor_page_settings":null,"_elementor_data":null,"_elementor_conditions":null,"_elementor_popup_display_settings":null,"_edit_last":"2","_elementor_template_sub_type":null,"_elementor_controls_usage":null,"_elementor_screenshot":null,"_elementor_css":null,"_elementor_page_assets":[],"_elementor_element_cache":null,"_elementor_screenshot_failed":null,"_elementor_source":null,"_wp_old_date":null,"layout_key":"","post_slider_check_key":"0","_links":{"self":[{"href":"https:\/\/snoeck.de\/fr\/wp-json\/wp\/v2\/product\/3697","targetHints":{"allow":["GET"]}}],"collection":[{"href":"https:\/\/snoeck.de\/fr\/wp-json\/wp\/v2\/product"}],"about":[{"href":"https:\/\/snoeck.de\/fr\/wp-json\/wp\/v2\/types\/product"}],"wp:featuredmedia":[{"embeddable":true,"href":"https:\/\/snoeck.de\/fr\/wp-json\/wp\/v2\/media\/5112"}],"wp:attachment":[{"href":"https:\/\/snoeck.de\/fr\/wp-json\/wp\/v2\/media?parent=3697"}],"wp:term":[{"taxonomy":"product_brand","embeddable":true,"href":"https:\/\/snoeck.de\/fr\/wp-json\/wp\/v2\/product_brand?post=3697"},{"taxonomy":"product_cat","embeddable":true,"href":"https:\/\/snoeck.de\/fr\/wp-json\/wp\/v2\/product_cat?post=3697"},{"taxonomy":"product_tag","embeddable":true,"href":"https:\/\/snoeck.de\/fr\/wp-json\/wp\/v2\/product_tag?post=3697"}],"curies":[{"name":"wp","href":"https:\/\/api.w.org\/{rel}","templated":true}]}}