{"id":3698,"date":"2025-01-31T11:31:41","date_gmt":"2025-01-31T11:31:41","guid":{"rendered":"https:\/\/snoeck.process-vision.de\/shop\/susanne-paesler-werke-1991-2006\/"},"modified":"2026-04-08T15:08:03","modified_gmt":"2026-04-08T14:08:03","slug":"susanne-paesler-werke-1991-2006","status":"publish","type":"product","link":"https:\/\/snoeck.de\/fr\/shop\/susanne-paesler-werke-1991-2006\/","title":{"rendered":"Susanne Paesler : Oeuvres 1991-2006"},"content":{"rendered":"<h3>La modernit\u00e9 comme mod\u00e8le<\/h3>\n<p>Susanne Paesler, n\u00e9e en 1963 \u00e0 Darmstadt et d\u00e9c\u00e9d\u00e9e en 2006 \u00e0 Berlin, fait partie d'une g\u00e9n\u00e9ration d'artistes qui a pris cong\u00e9 du concept moderniste de l'image comme lieu de visions esth\u00e9tiques toujours nouvelles et se d\u00e9passant mutuellement. Dans sa cr\u00e9ation artistique, elle discute plut\u00f4t de la place de l'\u0153uvre d'art dans un monde d'images d\u00e9j\u00e0 existantes et de structures esth\u00e9tiques reproductibles. En apparence, Paesler cultive le langage des formes g\u00e9om\u00e9triques d'une \u0153uvre d'art constructiviste enti\u00e8rement auto-r\u00e9f\u00e9rentielle, mais les motifs et le choix des couleurs renvoient sans cesse \u00e0 des contextes extra-image. Ces tableaux font donc penser \u00e0 des couvertures en laine bon march\u00e9, \u00e0 des chaussettes Burlington ou encore \u00e0 des manteaux Burberry, c'est-\u00e0-dire \u00e0 des objets d'usage courant qu'elle utilise comme motifs et mod\u00e8les pour ses travaux. Au lieu de tendre le tissu directement sur le ch\u00e2ssis en suivant le principe du readymade (et de renouer ainsi avec les tableaux de tissus de Palermo), elle copie les motifs \u00e0 la main, de sorte que l'art, l'artisanat et le design entrent en interaction fluide. Partant de cette orientation, il semble presque logique que Susanne Paesler s'int\u00e9resse au cours des ann\u00e9es 1990 au motif du cadre - en tant que limite de l'image d\u00e9sormais peinte ( !) -, au trompe-l'\u0153il et \u00e0 la th\u00e9matique de l'image dans l'image. L'unique, l'authentique, est une vision esth\u00e9tique dont Paesler se m\u00e9fie. Le catalogue de la premi\u00e8re exposition d'ensemble pr\u00e9sent\u00e9e par le Kunstmuseum de Bonn comprend en tout 40 travaux de 1991 \u00e0 2006.<\/p>\n<p>Expositions :<br \/>\nMus\u00e9e d'art de Bonn, 25\/1 - 5\/6\/2016<br \/>\nSchauwerk Sindelfingen, 19\/6\/2015 - 22\/1\/2017<\/p>","protected":false},"excerpt":{"rendered":"<p>Catalogue d'exposition, Kunstmuseum Bonn, \u00e9d. par Stephan Berg et Christoph Schreier<br \/>\nTexte (all.\/ang.) de Martina Dobbe, avec un entretien de Christoph Schreier et Hanne Loreck<br \/>\n96 p. avec 60 illustrations en couleur<br \/>\nformat 28 x 22 cm, demi-lin<\/p>","protected":false},"featured_media":5113,"template":"","meta":[],"product_brand":[],"product_cat":[95],"product_tag":[],"class_list":{"0":"post-3698","1":"product","2":"type-product","3":"status-publish","4":"has-post-thumbnail","6":"product_cat-vergriffen","8":"first","9":"outofstock","10":"taxable","11":"shipping-taxable","12":"product-type-simple"},"aioseo_notices":[],"_wp_attached_file":null,"_wp_attachment_metadata":null,"_wc_attachment_source":null,"_elementor_inline_svg":null,"_elementor_is_screenshot":null,"_elementor_source_image_hash":null,"_source_url":null,"_wp_attachment_context":null,"_menu_item_type":null,"_menu_item_menu_item_parent":null,"_menu_item_object_id":null,"_menu_item_object":null,"_menu_item_target":null,"_menu_item_classes":null,"_menu_item_xfn":null,"_menu_item_url":null,"__elementor_forms_snapshot":null,"_unit":"","_unit_base":"","_unit_product":"","_unit_price_auto":"no","_unit_price_regular":"","_unit_price":"","_unit_price_sale":"","_sale_price_label":"","_sale_price_regular_label":"","_manufacturer_slug":"","_mini_desc":"","_defect_description":"","_safety_instructions":"","_allergen_ids":[],"_warranty_attachment_id":"","_safety_attachment_ids":[],"_min_age":"","_ts_gtin":"","_ts_mpn":"","_delivery_time_countries":[],"_free_shipping":"no","_service":"no","_photovoltaic_system":"no","_used_good":"no","_defective_copy":"no","_wireless_electronic_device":"no","_device_contains_power_supply":"no","_device_charging_supports_usb_pd":"no","_device_charging_watt_min":"0","_device_charging_watt_max":"0","_is_food":"no","_differential_taxation":"no","_gzd_version":"3.18.7","_hs_code":"","_customs_description":"","_manufacture_country":"0","_is_non_returnable":"no","_shipping_length":"","_shipping_width":"","_shipping_height":"","_sku":"ISBN 978-3-86442-166-2","_global_unique_id":"978-3-86442-166-2","_regular_price":null,"total_sales":"0","_tax_status":"taxable","_tax_class":"","_manage_stock":"no","_backorders":"no","_sold_individually":"no","_weight":"1","_virtual":"no","_downloadable":"no","_download_limit":"-1","_download_expiry":"-1","_stock":"","_stock_status":"outofstock","_wc_average_rating":"0","_wc_review_count":"0","_product_version":"10.1.4","_price":"","shopengine_product_views_count":"2731","_thumbnail_id":"5113","_product_attributes":{"erscheinungsdatum":{"name":"Date de publication","value":"01.02.2016","position":0,"is_visible":1,"is_variation":0,"is_taxonomy":0,"checkout_visible":0}},"_nutrient_ids":[],"_upsell_ids":null,"pswc_subtitle":null,"_default_delivery_time":null,"_wp_desired_post_slug":null,"_isbn":null,"pageType":null,"isExternalUrl":null,"pageId":null,"externalUrl":null,"hideCookieBanner":null,"isTargetBlank":null,"isProviderCurrentWebsite":null,"isEmbeddingOnlyExternalResources":null,"legalBasis":null,"dataProcessingInCountries":null,"dataProcessingInCountriesSpecialTreatments":null,"technicalDefinitions":null,"googleConsentModeConsentTypes":null,"executePriority":null,"executeCodeOptInWhenNoTagManagerConsentIsGiven":null,"executeCodeOptOutWhenNoTagManagerConsentIsGiven":null,"deleteTechnicalDefinitionsAfterOptOut":null,"presetId":null,"presetVersion":null,"provider":null,"providerContactPhone":null,"providerContactEmail":null,"providerContactLink":null,"uniqueName":null,"providerPrivacyPolicyUrl":null,"providerLegalNoticeUrl":null,"codeOptIn":null,"codeOptOut":null,"codeOnPageLoad":null,"language_code":null,"shopengine_template__post_meta__type":null,"shopengine_template__post_meta":null,"shopengine_template__post_meta__edit_with":null,"origin":null,"_enabled":null,"_filters":null,"_layout":null,"_elementor_import_session_id":null,"_wp_trash_meta_status":null,"_wp_trash_meta_time":null,"_edit_lock":"1743348632:2","_elementor_floating_elements_type":null,"_elementor_edit_mode":null,"_elementor_template_type":null,"tc-thumb-fld":{"_thumb_id":5113,"_thumb_type":"thumb"},"_wp_page_template":"default","_elementor_version":null,"_elementor_pro_version":null,"_elementor_page_settings":null,"_elementor_data":null,"_elementor_conditions":null,"_elementor_popup_display_settings":null,"_edit_last":"2","_elementor_template_sub_type":null,"_elementor_controls_usage":null,"_elementor_screenshot":null,"_elementor_css":null,"_elementor_page_assets":[],"_elementor_element_cache":null,"_elementor_screenshot_failed":null,"_elementor_source":null,"_wp_old_date":null,"layout_key":"","post_slider_check_key":"0","_links":{"self":[{"href":"https:\/\/snoeck.de\/fr\/wp-json\/wp\/v2\/product\/3698","targetHints":{"allow":["GET"]}}],"collection":[{"href":"https:\/\/snoeck.de\/fr\/wp-json\/wp\/v2\/product"}],"about":[{"href":"https:\/\/snoeck.de\/fr\/wp-json\/wp\/v2\/types\/product"}],"wp:featuredmedia":[{"embeddable":true,"href":"https:\/\/snoeck.de\/fr\/wp-json\/wp\/v2\/media\/5113"}],"wp:attachment":[{"href":"https:\/\/snoeck.de\/fr\/wp-json\/wp\/v2\/media?parent=3698"}],"wp:term":[{"taxonomy":"product_brand","embeddable":true,"href":"https:\/\/snoeck.de\/fr\/wp-json\/wp\/v2\/product_brand?post=3698"},{"taxonomy":"product_cat","embeddable":true,"href":"https:\/\/snoeck.de\/fr\/wp-json\/wp\/v2\/product_cat?post=3698"},{"taxonomy":"product_tag","embeddable":true,"href":"https:\/\/snoeck.de\/fr\/wp-json\/wp\/v2\/product_tag?post=3698"}],"curies":[{"name":"wp","href":"https:\/\/api.w.org\/{rel}","templated":true}]}}