{"id":3699,"date":"2025-01-31T11:31:42","date_gmt":"2025-01-31T11:31:42","guid":{"rendered":"https:\/\/snoeck.process-vision.de\/shop\/juergen-partenheimer-gespraeche-mit-alexander-kluge-jan-thorn-prikker-und-andere-texte\/"},"modified":"2025-03-30T15:30:33","modified_gmt":"2025-03-30T15:30:33","slug":"juergen-partenheimer-gespraeche-mit-alexander-kluge-jan-thorn-prikker-und-andere-texte","status":"publish","type":"product","link":"https:\/\/snoeck.de\/fr\/shop\/juergen-partenheimer-gespraeche-mit-alexander-kluge-jan-thorn-prikker-und-andere-texte\/","title":{"rendered":"J\u00fcrgen Partenheimer : entretiens avec Alexander Kluge, Jan Thorn-Prikker et autres textes"},"content":{"rendered":"<h3>J\u00fcrgen Partenheimer, le \"po\u00e8te des nuances fines, des lignes et des tons d\u00e9licats\".<\/h3>\n<p>L'intensit\u00e9 lyrique, associ\u00e9e aux \u00e9l\u00e9ments constructifs de l'art minimal, a fait la r\u00e9putation de J\u00fcrgen Partenheimer (n\u00e9 en 1947 \u00e0 Munich). Il y a plus de 20 ans d\u00e9j\u00e0, \"Die Zeit\" voyait en lui un voyageur \u00e0 l'humeur litt\u00e9raire et le qualifiait de \"po\u00e8te des nuances fines, des lignes et des tons d\u00e9licats\". Il a particip\u00e9 aux biennales de Paris, Venise et S\u00e3o Paulo et a investi les grands mus\u00e9es du monde entier avec des expositions individuelles. Avec ses vases en porcelaine aussi solitaires qu'\u00e9l\u00e9gants, il a encore fait de la Mies van der Rohe Haus de Berlin un lieu particulier, puis en 2014, il a \u00e9t\u00e9 invit\u00e9 avec certains groupes d'\u0153uvres sur des aspects th\u00e9matiques \u00e0 la Pinakothek der Moderne de Munich, aux Deichtorhallen\/Sammlung Falckenberg de Hambourg-Harburg, au Gemeentemuseum de La Haye et \u00e0 la Contemporary Art Gallery de Vancouver. White Cube \u00e0 Londres lui consacre \u00e0 pr\u00e9sent une grande exposition r\u00e9trospective, entre autres dans le spectaculaire cube de 9 x 9 x 9 m\u00e8tres de la galerie, avec des \u0153uvres des deux derni\u00e8res ann\u00e9es combin\u00e9es \u00e0 celles des ann\u00e9es 1980 ou -90. Outre la peinture et le dessin, on peut \u00e9galement y voir une version de la sculpture en bronze peint \"Axis Mundi\", compos\u00e9e d'\u00e9l\u00e9ments d'\u00e9chiquier diff\u00e9rents empil\u00e9s les uns sur les autres et teint\u00e9s dans diff\u00e9rentes nuances de bleu. La fragilit\u00e9 des \u0153uvres, qui d\u00e9coule du trait, repr\u00e9sente explicitement leur caract\u00e8re de signe, mais aussi la d\u00e9marche artistique qui consiste \u00e0 mesurer et \u00e0 cartographier, avec une conscience critique, l'espace libre de l'art et de sa pratique, qui doit \u00eatre constamment red\u00e9fini. La r\u00e9impression de nombreux textes historiquement importants mais qui ne sont plus disponibles, comme ceux de Jan Hoet et de Rudi Fuchs ou des entretiens avec Jan Thorn-Prikker et Alexander Kluge, rend ce volume particuli\u00e8rement pr\u00e9cieux. Ce livre c\u00e9l\u00e8bre J\u00fcrgen Partenheimer comme un artiste contemporain important qui est toujours rest\u00e9 fid\u00e8le \u00e0 son objectif d'\u00eatre le repr\u00e9sentant d'une abstraction subjective.<\/p>\n<p>Exposition :<br \/>\nWhite Cube Londres, 27\/4 - 25\/6\/2017<\/p>","protected":false},"excerpt":{"rendered":"<p>\u00c9dit\u00e9 par H\u00e4usler Contemporary Munich<br \/>\nTextes (all.\/ang.) de Robert Burnside, Robert Creeley, Rudi Fuchs, Zhou Guoping, Jan Hoet, Petra-Maria Meyer, Ivo Mesquita, Klaus Schrenk, Carla Schulz-Hoffmann, Jos\u00e9 Angel Valente et entretiens avec Alexander Kluge et Jan Thorn-Prikker<br \/>\n176 p. avec 67 illustrations, principalement en couleur<br \/>\nFormat 23 x 15,5 cm, couverture souple<\/p>","protected":false},"featured_media":5114,"template":"","meta":[],"product_brand":[],"product_cat":[112,73],"product_tag":[],"class_list":{"0":"post-3699","1":"product","2":"type-product","3":"status-publish","4":"has-post-thumbnail","6":"product_cat-112","7":"product_cat-p","9":"first","10":"instock","11":"taxable","12":"shipping-taxable","13":"purchasable","14":"product-type-simple"},"aioseo_notices":[],"_wp_attached_file":null,"_wp_attachment_metadata":null,"_wc_attachment_source":null,"_elementor_inline_svg":null,"_elementor_is_screenshot":null,"_elementor_source_image_hash":null,"_source_url":null,"_wp_attachment_context":null,"_menu_item_type":null,"_menu_item_menu_item_parent":null,"_menu_item_object_id":null,"_menu_item_object":null,"_menu_item_target":null,"_menu_item_classes":null,"_menu_item_xfn":null,"_menu_item_url":null,"__elementor_forms_snapshot":null,"_unit":"","_unit_base":"","_unit_product":"","_unit_price_auto":"no","_unit_price_regular":"","_unit_price":"","_unit_price_sale":"","_sale_price_label":"","_sale_price_regular_label":"","_manufacturer_slug":"","_mini_desc":"","_defect_description":"","_safety_instructions":"","_allergen_ids":[],"_warranty_attachment_id":"","_safety_attachment_ids":[],"_min_age":"","_ts_gtin":"","_ts_mpn":"","_delivery_time_countries":[],"_free_shipping":"no","_service":"no","_photovoltaic_system":"no","_used_good":"no","_defective_copy":"no","_wireless_electronic_device":"no","_device_contains_power_supply":"no","_device_charging_supports_usb_pd":"no","_device_charging_watt_min":"0","_device_charging_watt_max":"0","_is_food":"no","_differential_taxation":"no","_gzd_version":"3.18.7","_hs_code":"","_customs_description":"","_manufacture_country":"0","_is_non_returnable":"no","_shipping_length":"","_shipping_width":"","_shipping_height":"","_sku":"ISBN 978-3-86442-205-8","_global_unique_id":"978-3-86442-205-8","_regular_price":"29.8","total_sales":"0","_tax_status":"taxable","_tax_class":"","_manage_stock":"no","_backorders":"no","_sold_individually":"no","_weight":"1","_virtual":"no","_downloadable":"no","_download_limit":"-1","_download_expiry":"-1","_stock":"","_stock_status":"instock","_wc_average_rating":"0","_wc_review_count":"0","_product_version":"9.7.1","_price":"29.8","shopengine_product_views_count":"2645","_thumbnail_id":"5114","_product_attributes":{"erscheinungsdatum":{"name":"Date de publication","value":"16.10.2017","position":0,"is_visible":1,"is_variation":0,"is_taxonomy":0,"checkout_visible":0}},"_nutrient_ids":[],"_upsell_ids":null,"pswc_subtitle":null,"_default_delivery_time":null,"_wp_desired_post_slug":null,"_isbn":null,"pageType":null,"isExternalUrl":null,"pageId":null,"externalUrl":null,"hideCookieBanner":null,"isTargetBlank":null,"isProviderCurrentWebsite":null,"isEmbeddingOnlyExternalResources":null,"legalBasis":null,"dataProcessingInCountries":null,"dataProcessingInCountriesSpecialTreatments":null,"technicalDefinitions":null,"googleConsentModeConsentTypes":null,"executePriority":null,"executeCodeOptInWhenNoTagManagerConsentIsGiven":null,"executeCodeOptOutWhenNoTagManagerConsentIsGiven":null,"deleteTechnicalDefinitionsAfterOptOut":null,"presetId":null,"presetVersion":null,"provider":null,"providerContactPhone":null,"providerContactEmail":null,"providerContactLink":null,"uniqueName":null,"providerPrivacyPolicyUrl":null,"providerLegalNoticeUrl":null,"codeOptIn":null,"codeOptOut":null,"codeOnPageLoad":null,"language_code":null,"shopengine_template__post_meta__type":null,"shopengine_template__post_meta":null,"shopengine_template__post_meta__edit_with":null,"origin":null,"_enabled":null,"_filters":null,"_layout":null,"_elementor_import_session_id":null,"_wp_trash_meta_status":null,"_wp_trash_meta_time":null,"_edit_lock":"1743348493:2","_elementor_floating_elements_type":null,"_elementor_edit_mode":null,"_elementor_template_type":null,"tc-thumb-fld":{"_thumb_id":5114,"_thumb_type":"thumb"},"_wp_page_template":"default","_elementor_version":null,"_elementor_pro_version":null,"_elementor_page_settings":null,"_elementor_data":null,"_elementor_conditions":null,"_elementor_popup_display_settings":null,"_edit_last":"2","_elementor_template_sub_type":null,"_elementor_controls_usage":null,"_elementor_screenshot":null,"_elementor_css":null,"_elementor_page_assets":[],"_elementor_element_cache":null,"_elementor_screenshot_failed":null,"_elementor_source":null,"_wp_old_date":null,"layout_key":"","post_slider_check_key":"0","_links":{"self":[{"href":"https:\/\/snoeck.de\/fr\/wp-json\/wp\/v2\/product\/3699","targetHints":{"allow":["GET"]}}],"collection":[{"href":"https:\/\/snoeck.de\/fr\/wp-json\/wp\/v2\/product"}],"about":[{"href":"https:\/\/snoeck.de\/fr\/wp-json\/wp\/v2\/types\/product"}],"wp:featuredmedia":[{"embeddable":true,"href":"https:\/\/snoeck.de\/fr\/wp-json\/wp\/v2\/media\/5114"}],"wp:attachment":[{"href":"https:\/\/snoeck.de\/fr\/wp-json\/wp\/v2\/media?parent=3699"}],"wp:term":[{"taxonomy":"product_brand","embeddable":true,"href":"https:\/\/snoeck.de\/fr\/wp-json\/wp\/v2\/product_brand?post=3699"},{"taxonomy":"product_cat","embeddable":true,"href":"https:\/\/snoeck.de\/fr\/wp-json\/wp\/v2\/product_cat?post=3699"},{"taxonomy":"product_tag","embeddable":true,"href":"https:\/\/snoeck.de\/fr\/wp-json\/wp\/v2\/product_tag?post=3699"}],"curies":[{"name":"wp","href":"https:\/\/api.w.org\/{rel}","templated":true}]}}