{"id":3700,"date":"2025-01-31T11:31:42","date_gmt":"2025-01-31T11:31:42","guid":{"rendered":"https:\/\/snoeck.process-vision.de\/shop\/juergen-partenheimer-calliope\/"},"modified":"2025-03-30T15:28:51","modified_gmt":"2025-03-30T15:28:51","slug":"juergen-partenheimer-calliope","status":"publish","type":"product","link":"https:\/\/snoeck.de\/fr\/shop\/juergen-partenheimer-calliope\/","title":{"rendered":"J\u00fcrgen Partenheimer : Calliope"},"content":{"rendered":"<h3>Ce changement de perspective en douceur<\/h3>\n<p>Dans la mythologie antique, CALLIOPE est la \"belle voix\" et est consid\u00e9r\u00e9e comme la muse de la po\u00e9sie \u00e9pique parmi les neuf filles de Zeus et de Mn\u00e9mosyne (\"souvenir\"). Platon lui accorde une place de choix parmi les muses dans ses Conversations \u00e0 table ; Hom\u00e8re la chante comme la m\u00e8re d'Orph\u00e9e. Ses attributs caract\u00e9ristiques sont le stylet et l'\u00e9critoire. Il n'est donc pas \u00e9tonnant qu'elles aient \u00e9t\u00e9 utilis\u00e9es dans la composition traditionnelle au plomb sous le nom de Calliope, et plus particuli\u00e8rement dans l'Art nouveau, comme pi\u00e8ces finales, c'est-\u00e0-dire \u00e0 la fin d'une colonne encadr\u00e9e par des lignes. Pour J\u00fcrgen Partenheimer, ils ont donn\u00e9 leur titre \u00e0 une \u00e9dition que celui-ci a r\u00e9alis\u00e9e pour la manufacture de porcelaine Nymphenburg, Munich, dans trois formes de r\u00e9cipients diff\u00e9rentes. Les r\u00e9cipients sculpturaux sont bas\u00e9s sur ses dessins de construction abstraits, qui le d\u00e9signent une fois de plus comme le repr\u00e9sentant d'un langage formel minimaliste, mais extr\u00eamement personnel et po\u00e9tique. Les r\u00e9cipients de l'\u00e9dition \"CALLIOPE\" sont tourn\u00e9s \u00e0 la main, une pratique rarement utilis\u00e9e dans l'histoire de la manufacture de porcelaine de Nymphenburg, qui travaille traditionnellement avec des moules ; en outre, leur effet est enti\u00e8rement d\u00e9termin\u00e9 par le caract\u00e8re sp\u00e9cifique du mat\u00e9riau, qui subit une transformation incalculable avec l'humidit\u00e9 et le s\u00e9chage ou la cuisson et l'\u00e9maillage. Les formes sont d\u00e9lib\u00e9r\u00e9ment expos\u00e9es aux conditions dans lesquelles la porcelaine est fondue, d\u00e9plac\u00e9e, comprim\u00e9e et durcie. L'\u00e9dition des r\u00e9cipients a \u00e9t\u00e9 \u00e9dit\u00e9e en plusieurs versions, trois formes diff\u00e9rentes ayant \u00e9t\u00e9 combin\u00e9es dans une \u00e9dition exclusive de sept exemplaires chacune, en biscuit ou en \u00e9mail, avec diff\u00e9rentes variations de couleurs et de dessins. Les r\u00e9cipients ainsi cr\u00e9\u00e9s sont des pi\u00e8ces uniques en termes de forme et d'ex\u00e9cution, sign\u00e9es et num\u00e9rot\u00e9es par l'artiste. Apr\u00e8s plusieurs pr\u00e9sentations de pi\u00e8ces isol\u00e9es, ce volume montre pour la premi\u00e8re fois, \u00e0 l'occasion de l'exposition au Mus\u00e9e Ariana \u00e0 Gen\u00e8ve, la s\u00e9rie compl\u00e8te accompagn\u00e9e de dessins et de photos documentaires de diff\u00e9rentes formes d'\u00e9tat.<\/p>\n<p>Exposition :<br \/>\nMus\u00e9e Ariana Gen\u00e8ve, 20\/11\/2015 - 20\/3\/2016<\/p>","protected":false},"excerpt":{"rendered":"<p>Catalogue d'exposition, Mus\u00e9e Ariana Gen\u00e8ve, \u00e9d. Anne-Claire Schumacher<br \/>\nTextes (fr.\/angl.) d'Anne Carson, Christian Ganzenberg, Bruno Glatt, J\u00fcrgen Partenheimer, Anne-Claire Schumacher<br \/>\n136 p. avec 110 illustrations en couleur<br \/>\nformat 32,5 x 24 cm, couverture rigide<\/p>","protected":false},"featured_media":5115,"template":"","meta":[],"product_brand":[],"product_cat":[102,73],"product_tag":[],"class_list":{"0":"post-3700","1":"product","2":"type-product","3":"status-publish","4":"has-post-thumbnail","6":"product_cat-102","7":"product_cat-p","9":"first","10":"instock","11":"taxable","12":"shipping-taxable","13":"purchasable","14":"product-type-simple"},"aioseo_notices":[],"_wp_attached_file":null,"_wp_attachment_metadata":null,"_wc_attachment_source":null,"_elementor_inline_svg":null,"_elementor_is_screenshot":null,"_elementor_source_image_hash":null,"_source_url":null,"_wp_attachment_context":null,"_menu_item_type":null,"_menu_item_menu_item_parent":null,"_menu_item_object_id":null,"_menu_item_object":null,"_menu_item_target":null,"_menu_item_classes":null,"_menu_item_xfn":null,"_menu_item_url":null,"__elementor_forms_snapshot":null,"_unit":"","_unit_base":"","_unit_product":"","_unit_price_auto":"no","_unit_price_regular":"","_unit_price":"","_unit_price_sale":"","_sale_price_label":"","_sale_price_regular_label":"","_manufacturer_slug":"","_mini_desc":"","_defect_description":"","_safety_instructions":"","_allergen_ids":[],"_warranty_attachment_id":"","_safety_attachment_ids":[],"_min_age":"","_ts_gtin":"","_ts_mpn":"","_delivery_time_countries":[],"_free_shipping":"no","_service":"no","_photovoltaic_system":"no","_used_good":"no","_defective_copy":"no","_wireless_electronic_device":"no","_device_contains_power_supply":"no","_device_charging_supports_usb_pd":"no","_device_charging_watt_min":"0","_device_charging_watt_max":"0","_is_food":"no","_differential_taxation":"no","_gzd_version":"3.18.7","_hs_code":"","_customs_description":"","_manufacture_country":"0","_is_non_returnable":"no","_shipping_length":"","_shipping_width":"","_shipping_height":"","_sku":"ISBN 978-3-86442-147-1","_global_unique_id":"978-3-86442-147-1","_regular_price":"29.8","total_sales":"0","_tax_status":"taxable","_tax_class":"","_manage_stock":"no","_backorders":"no","_sold_individually":"no","_weight":"2","_virtual":"no","_downloadable":"no","_download_limit":"-1","_download_expiry":"-1","_stock":"","_stock_status":"instock","_wc_average_rating":"0","_wc_review_count":"0","_product_version":"9.7.1","_price":"29.8","shopengine_product_views_count":"2907","_thumbnail_id":"5115","_product_attributes":{"erscheinungsdatum":{"name":"Date de publication","value":"20.11.2015","position":0,"is_visible":1,"is_variation":0,"is_taxonomy":0,"checkout_visible":0}},"_nutrient_ids":[],"_upsell_ids":null,"pswc_subtitle":null,"_default_delivery_time":null,"_wp_desired_post_slug":null,"_isbn":null,"pageType":null,"isExternalUrl":null,"pageId":null,"externalUrl":null,"hideCookieBanner":null,"isTargetBlank":null,"isProviderCurrentWebsite":null,"isEmbeddingOnlyExternalResources":null,"legalBasis":null,"dataProcessingInCountries":null,"dataProcessingInCountriesSpecialTreatments":null,"technicalDefinitions":null,"googleConsentModeConsentTypes":null,"executePriority":null,"executeCodeOptInWhenNoTagManagerConsentIsGiven":null,"executeCodeOptOutWhenNoTagManagerConsentIsGiven":null,"deleteTechnicalDefinitionsAfterOptOut":null,"presetId":null,"presetVersion":null,"provider":null,"providerContactPhone":null,"providerContactEmail":null,"providerContactLink":null,"uniqueName":null,"providerPrivacyPolicyUrl":null,"providerLegalNoticeUrl":null,"codeOptIn":null,"codeOptOut":null,"codeOnPageLoad":null,"language_code":null,"shopengine_template__post_meta__type":null,"shopengine_template__post_meta":null,"shopengine_template__post_meta__edit_with":null,"origin":null,"_enabled":null,"_filters":null,"_layout":null,"_elementor_import_session_id":null,"_wp_trash_meta_status":null,"_wp_trash_meta_time":null,"_edit_lock":"1743348391:2","_elementor_floating_elements_type":null,"_elementor_edit_mode":null,"_elementor_template_type":null,"tc-thumb-fld":{"_thumb_id":5115,"_thumb_type":"thumb"},"_wp_page_template":"default","_elementor_version":null,"_elementor_pro_version":null,"_elementor_page_settings":null,"_elementor_data":null,"_elementor_conditions":null,"_elementor_popup_display_settings":null,"_edit_last":"2","_elementor_template_sub_type":null,"_elementor_controls_usage":null,"_elementor_screenshot":null,"_elementor_css":null,"_elementor_page_assets":[],"_elementor_element_cache":null,"_elementor_screenshot_failed":null,"_elementor_source":null,"_wp_old_date":null,"layout_key":"","post_slider_check_key":"0","_links":{"self":[{"href":"https:\/\/snoeck.de\/fr\/wp-json\/wp\/v2\/product\/3700","targetHints":{"allow":["GET"]}}],"collection":[{"href":"https:\/\/snoeck.de\/fr\/wp-json\/wp\/v2\/product"}],"about":[{"href":"https:\/\/snoeck.de\/fr\/wp-json\/wp\/v2\/types\/product"}],"wp:featuredmedia":[{"embeddable":true,"href":"https:\/\/snoeck.de\/fr\/wp-json\/wp\/v2\/media\/5115"}],"wp:attachment":[{"href":"https:\/\/snoeck.de\/fr\/wp-json\/wp\/v2\/media?parent=3700"}],"wp:term":[{"taxonomy":"product_brand","embeddable":true,"href":"https:\/\/snoeck.de\/fr\/wp-json\/wp\/v2\/product_brand?post=3700"},{"taxonomy":"product_cat","embeddable":true,"href":"https:\/\/snoeck.de\/fr\/wp-json\/wp\/v2\/product_cat?post=3700"},{"taxonomy":"product_tag","embeddable":true,"href":"https:\/\/snoeck.de\/fr\/wp-json\/wp\/v2\/product_tag?post=3700"}],"curies":[{"name":"wp","href":"https:\/\/api.w.org\/{rel}","templated":true}]}}