{"id":3701,"date":"2025-01-31T11:31:44","date_gmt":"2025-01-31T11:31:44","guid":{"rendered":"https:\/\/snoeck.process-vision.de\/shop\/juergen-partenheimer-seeds-and-tracks-and-folded-spirits-south-african-diary\/"},"modified":"2025-03-30T15:26:08","modified_gmt":"2025-03-30T15:26:08","slug":"juergen-partenheimer-seeds-and-tracks-and-folded-spirits-south-african-diary","status":"publish","type":"product","link":"https:\/\/snoeck.de\/fr\/shop\/juergen-partenheimer-seeds-and-tracks-and-folded-spirits-south-african-diary\/","title":{"rendered":"J\u00fcrgen Partenheimer : Seeds and Tracks and Folded Spirits. Journal de bord sud-africain"},"content":{"rendered":"<h3>Po\u00e8te des nuances subtiles<\/h3>\n<p>N\u00e9 en 1947 \u00e0 Munich, J\u00fcrgen Partenheimer s'est distingu\u00e9 comme un artiste contemporain int\u00e9ress\u00e9 par la litt\u00e9rature et les sciences humaines gr\u00e2ce \u00e0 sa m\u00e9thode de travail appel\u00e9e \"abstraction subjective\". Il y a plus de 20 ans d\u00e9j\u00e0, \"Die Zeit\" reconnaissait en lui un voyageur \u00e0 l'humeur litt\u00e9raire et le qualifiait de \"po\u00e8te des nuances fines, des lignes et des tons d\u00e9licats\". Cette impression se confirme si l'on regarde le travail du dessinateur, car il op\u00e8re toujours le long de la ligne, m\u00eame lorsqu'il change de m\u00e9tier, que ce soit avec de l'huile, de la gomme-laque ou du graphite sur toile, ou avec des sculptures en bronze, en bois ou en fil de fer. Car ce qui caract\u00e9rise le travail de J\u00fcrgen Partenheimer, c'est la fragilit\u00e9 qui d\u00e9coule du trait et qui symbolise le caract\u00e8re symbolique de son \u0153uvre. M\u00eame dans la grande sculpture-st\u00e8le \"Weltachse\" (Axe du monde), une \u0153uvre de plus de sept m\u00e8tres de long compos\u00e9e d'\u00e9l\u00e9ments de bo\u00eetes brozens empil\u00e9s de diff\u00e9rentes tailles et peints \u00e0 la main en diff\u00e9rents bleus, cela est encore clairement visible. Peu de gens savent que le peintre et plasticien, qui vit aujourd'hui pr\u00e8s de Cologne, a obtenu un doctorat en philosophie et en histoire de l'art au milieu des ann\u00e9es 1970, mais cela explique ses intentions litt\u00e9raires toujours tr\u00e8s bien document\u00e9es, par exemple dans ses notes de 2005, sous forme de journal, lorsqu'il \u00e9tait invit\u00e9 \u00e0 Copan, dans le c\u00e9l\u00e8bre complexe r\u00e9sidentiel d'Oscar Niemeyer \u00e0 S\u00e3o Paulo, ou dans ses dessins et notes de 2007, lorsqu'il \u00e9tait invit\u00e9 \u00e0 la maison de Nietzsche \u00e0 Sils-Maria. Le volume publi\u00e9 dans la s\u00e9rie \"Kienbaum Artists' Books\" pour 2013 rassemble ses dessins et notes de journal, appel\u00e9s \"South African Diary\", qui ont \u00e9t\u00e9 r\u00e9alis\u00e9s en 2011.<\/p>","protected":false},"excerpt":{"rendered":"<p>Kienbaum Artists' Books 2013, \u00e9d. par Jochen Kienbaum<br \/>\nTextes (all.\/ang.) de J\u00fcrgen Partenheimer et Bronwyn Law-Viljoen (angl.)<br \/>\n96 p. avec 65 illustrations en couleur<br \/>\nformat 32,5 x 24 cm, couverture rigide<\/p>","protected":false},"featured_media":5116,"template":"","meta":[],"product_brand":[],"product_cat":[103,68,73,90],"product_tag":[],"class_list":{"0":"post-3701","1":"product","2":"type-product","3":"status-publish","4":"has-post-thumbnail","6":"product_cat-103","7":"product_cat-k","8":"product_cat-p","9":"product_cat-rare-books","11":"first","12":"instock","13":"taxable","14":"shipping-taxable","15":"purchasable","16":"product-type-simple"},"aioseo_notices":[],"_wp_attached_file":null,"_wp_attachment_metadata":null,"_wc_attachment_source":null,"_elementor_inline_svg":null,"_elementor_is_screenshot":null,"_elementor_source_image_hash":null,"_source_url":null,"_wp_attachment_context":null,"_menu_item_type":null,"_menu_item_menu_item_parent":null,"_menu_item_object_id":null,"_menu_item_object":null,"_menu_item_target":null,"_menu_item_classes":null,"_menu_item_xfn":null,"_menu_item_url":null,"__elementor_forms_snapshot":null,"_unit":"","_unit_base":"","_unit_product":"","_unit_price_auto":"no","_unit_price_regular":"","_unit_price":"","_unit_price_sale":"","_sale_price_label":"","_sale_price_regular_label":"","_manufacturer_slug":"","_mini_desc":"","_defect_description":"","_safety_instructions":"","_allergen_ids":[],"_warranty_attachment_id":"","_safety_attachment_ids":[],"_min_age":"","_ts_gtin":"","_ts_mpn":"","_delivery_time_countries":[],"_free_shipping":"no","_service":"no","_photovoltaic_system":"no","_used_good":"no","_defective_copy":"no","_wireless_electronic_device":"no","_device_contains_power_supply":"no","_device_charging_supports_usb_pd":"no","_device_charging_watt_min":"0","_device_charging_watt_max":"0","_is_food":"no","_differential_taxation":"no","_gzd_version":"3.18.7","_hs_code":"","_customs_description":"","_manufacture_country":"0","_is_non_returnable":"no","_shipping_length":"","_shipping_width":"","_shipping_height":"","_sku":"ISBN 978-3-86442-035-1","_global_unique_id":"978-3-86442-035-1","_regular_price":"48","total_sales":"0","_tax_status":"taxable","_tax_class":"","_manage_stock":"no","_backorders":"no","_sold_individually":"no","_weight":"1","_virtual":"no","_downloadable":"no","_download_limit":"-1","_download_expiry":"-1","_stock":"","_stock_status":"instock","_wc_average_rating":"0","_wc_review_count":"0","_product_version":"9.7.1","_price":"48","shopengine_product_views_count":"2447","_thumbnail_id":"5116","_product_attributes":{"erscheinungsdatum":{"name":"Erscheinungsdatum","value":"07.12.2012","position":0,"is_visible":1,"is_variation":0,"is_taxonomy":0,"checkout_visible":0}},"_nutrient_ids":[],"_upsell_ids":null,"pswc_subtitle":null,"_default_delivery_time":"","_wp_desired_post_slug":null,"_isbn":null,"pageType":null,"isExternalUrl":null,"pageId":null,"externalUrl":null,"hideCookieBanner":null,"isTargetBlank":null,"isProviderCurrentWebsite":null,"isEmbeddingOnlyExternalResources":null,"legalBasis":null,"dataProcessingInCountries":null,"dataProcessingInCountriesSpecialTreatments":null,"technicalDefinitions":null,"googleConsentModeConsentTypes":null,"executePriority":null,"executeCodeOptInWhenNoTagManagerConsentIsGiven":null,"executeCodeOptOutWhenNoTagManagerConsentIsGiven":null,"deleteTechnicalDefinitionsAfterOptOut":null,"presetId":null,"presetVersion":null,"provider":null,"providerContactPhone":null,"providerContactEmail":null,"providerContactLink":null,"uniqueName":null,"providerPrivacyPolicyUrl":null,"providerLegalNoticeUrl":null,"codeOptIn":null,"codeOptOut":null,"codeOnPageLoad":null,"language_code":null,"shopengine_template__post_meta__type":null,"shopengine_template__post_meta":null,"shopengine_template__post_meta__edit_with":null,"origin":null,"_enabled":null,"_filters":null,"_layout":null,"_elementor_import_session_id":null,"_wp_trash_meta_status":null,"_wp_trash_meta_time":null,"_edit_lock":"1743348232:2","_elementor_floating_elements_type":null,"_elementor_edit_mode":null,"_elementor_template_type":null,"tc-thumb-fld":{"_thumb_id":5116,"_thumb_type":"thumb"},"_wp_page_template":"default","_elementor_version":null,"_elementor_pro_version":null,"_elementor_page_settings":null,"_elementor_data":null,"_elementor_conditions":null,"_elementor_popup_display_settings":null,"_edit_last":"2","_elementor_template_sub_type":null,"_elementor_controls_usage":null,"_elementor_screenshot":null,"_elementor_css":null,"_elementor_page_assets":[],"_elementor_element_cache":null,"_elementor_screenshot_failed":null,"_elementor_source":null,"_wp_old_date":null,"layout_key":"","post_slider_check_key":"0","_links":{"self":[{"href":"https:\/\/snoeck.de\/fr\/wp-json\/wp\/v2\/product\/3701","targetHints":{"allow":["GET"]}}],"collection":[{"href":"https:\/\/snoeck.de\/fr\/wp-json\/wp\/v2\/product"}],"about":[{"href":"https:\/\/snoeck.de\/fr\/wp-json\/wp\/v2\/types\/product"}],"wp:featuredmedia":[{"embeddable":true,"href":"https:\/\/snoeck.de\/fr\/wp-json\/wp\/v2\/media\/5116"}],"wp:attachment":[{"href":"https:\/\/snoeck.de\/fr\/wp-json\/wp\/v2\/media?parent=3701"}],"wp:term":[{"taxonomy":"product_brand","embeddable":true,"href":"https:\/\/snoeck.de\/fr\/wp-json\/wp\/v2\/product_brand?post=3701"},{"taxonomy":"product_cat","embeddable":true,"href":"https:\/\/snoeck.de\/fr\/wp-json\/wp\/v2\/product_cat?post=3701"},{"taxonomy":"product_tag","embeddable":true,"href":"https:\/\/snoeck.de\/fr\/wp-json\/wp\/v2\/product_tag?post=3701"}],"curies":[{"name":"wp","href":"https:\/\/api.w.org\/{rel}","templated":true}]}}