{"id":3702,"date":"2025-01-31T11:31:44","date_gmt":"2025-01-31T11:31:44","guid":{"rendered":"https:\/\/snoeck.process-vision.de\/shop\/enoc-perez-caribe-club\/"},"modified":"2026-04-08T15:33:02","modified_gmt":"2026-04-08T14:33:02","slug":"enoc-perez-caribe-club","status":"publish","type":"product","link":"https:\/\/snoeck.de\/fr\/shop\/enoc-perez-caribe-club\/","title":{"rendered":"Enoc Perez : Caribe Club"},"content":{"rendered":"<h3>Nuits carib\u00e9ennes<\/h3>\n<p>Enoc P\u00e9rez est n\u00e9 en 1967 \u00e0 Porto Rico et vit aujourd'hui \u00e0 New York. Ce qui frappe dans sa peinture, c'est la texture de la couleur, les surfaces scintillantes dont le toucher incite fortement \u00e0 un examen tactile. Le secret particulier d'une telle peinture r\u00e9aliste r\u00e9side bien s\u00fbr dans l'application de la couleur. Et ici, Enoc P\u00e9rez est un travailleur maniaque. Il pose des surfaces color\u00e9es et des formes avec une grande pr\u00e9cision, puis les reporte couche par couche sur la toile en utilisant une sorte de technique de frottage. Une fois qu'il a termin\u00e9 un tableau, l'int\u00e9r\u00eat pour ce processus dispara\u00eet, car la premi\u00e8re observation du tableau r\u00e9gulier marque automatiquement le d\u00e9but de ce que nous pourrions appeler \"l'appropriation romantique\". Car d'une part, Enoc P\u00e9rez peint de pr\u00e9f\u00e9rence des femmes qui, de par sa mani\u00e8re de peindre, ne poss\u00e8dent pas seulement quelque chose d'\u00e9nigmatiquement attirant, mais qui sont \u00e9galement entour\u00e9es d'une aura mystique dans les positions les plus intimes. Cela cr\u00e9e une irritation qui vise directement le d\u00e9sir. D'autre part, Enoc P\u00e9rez peint avec un grand plaisir des h\u00f4tels et des piscines modernes des ann\u00e9es 1940 aux ann\u00e9es 1970, qui ne veulent pas renier leur emplacement paradisiaque, entour\u00e9s de palmiers et d'une v\u00e9g\u00e9tation luxuriante. Ce n'est pas seulement le r\u00eave du luxe carib\u00e9en qu'il faut situer ici, c'est plut\u00f4t le d\u00e9sir qui saute comme dans un r\u00eave des portraits de femmes au pr\u00e9tendu jardin d'Eden et met les deux sujets en un. Beaucoup aimeraient mourir ici. Et pourtant, une contradiction s'insinue. Ce n'est toutefois pas parce qu'Enoc P\u00e9rez peint ses motifs \u00e0 partir d'instantan\u00e9s photographiques, mais plut\u00f4t parce qu'il semble travailler un peu avec des d\u00e9coupages irr\u00e9guliers, d\u00e9pla\u00e7ant ainsi imperceptiblement un peu l'attraction et le paradis. Le degr\u00e9 de perception de ce d\u00e9calage est toutefois laiss\u00e9 \u00e0 l'appr\u00e9ciation du spectateur de ses tableaux, en bon romantique qu'il est.<\/p>","protected":false},"excerpt":{"rendered":"<p>Texte (all.\/ang.) de Dane Reinacher<br \/>\n104 p. avec 40 illustrations en couleur<br \/>\nformat 24 x 19 cm, couverture souple<\/p>","protected":false},"featured_media":5117,"template":"","meta":[],"product_brand":[],"product_cat":[95],"product_tag":[],"class_list":{"0":"post-3702","1":"product","2":"type-product","3":"status-publish","4":"has-post-thumbnail","6":"product_cat-vergriffen","8":"first","9":"outofstock","10":"taxable","11":"shipping-taxable","12":"product-type-simple"},"aioseo_notices":[],"_wp_attached_file":null,"_wp_attachment_metadata":null,"_wc_attachment_source":null,"_elementor_inline_svg":null,"_elementor_is_screenshot":null,"_elementor_source_image_hash":null,"_source_url":null,"_wp_attachment_context":null,"_menu_item_type":null,"_menu_item_menu_item_parent":null,"_menu_item_object_id":null,"_menu_item_object":null,"_menu_item_target":null,"_menu_item_classes":null,"_menu_item_xfn":null,"_menu_item_url":null,"__elementor_forms_snapshot":null,"_unit":"","_unit_base":"","_unit_product":"","_unit_price_auto":"no","_unit_price_regular":"","_unit_price":"","_unit_price_sale":"","_sale_price_label":"","_sale_price_regular_label":"","_manufacturer_slug":"","_mini_desc":"","_defect_description":"","_safety_instructions":"","_allergen_ids":[],"_warranty_attachment_id":"","_safety_attachment_ids":[],"_min_age":"","_ts_gtin":"","_ts_mpn":"","_delivery_time_countries":[],"_free_shipping":"no","_service":"no","_photovoltaic_system":"no","_used_good":"no","_defective_copy":"no","_wireless_electronic_device":"no","_device_contains_power_supply":"no","_device_charging_supports_usb_pd":"no","_device_charging_watt_min":"0","_device_charging_watt_max":"0","_is_food":"no","_differential_taxation":"no","_gzd_version":"3.18.7","_hs_code":"","_customs_description":"","_manufacture_country":"0","_is_non_returnable":"no","_shipping_length":"","_shipping_width":"","_shipping_height":"","_sku":"ISBN 978-3-936859-19-5","_global_unique_id":"978-3-936859-19-5","_regular_price":null,"total_sales":"0","_tax_status":"taxable","_tax_class":"","_manage_stock":"no","_backorders":"no","_sold_individually":"no","_weight":"1","_virtual":"no","_downloadable":"no","_download_limit":"-1","_download_expiry":"-1","_stock":"","_stock_status":"outofstock","_wc_average_rating":"0","_wc_review_count":"0","_product_version":"10.1.4","_price":"","shopengine_product_views_count":"2612","_thumbnail_id":"5117","_product_attributes":{"erscheinungsdatum":{"name":"Date de publication","value":"30.06.2010","position":0,"is_visible":1,"is_variation":0,"is_taxonomy":0,"checkout_visible":0}},"_nutrient_ids":[],"_upsell_ids":null,"pswc_subtitle":null,"_default_delivery_time":null,"_wp_desired_post_slug":null,"_isbn":null,"pageType":null,"isExternalUrl":null,"pageId":null,"externalUrl":null,"hideCookieBanner":null,"isTargetBlank":null,"isProviderCurrentWebsite":null,"isEmbeddingOnlyExternalResources":null,"legalBasis":null,"dataProcessingInCountries":null,"dataProcessingInCountriesSpecialTreatments":null,"technicalDefinitions":null,"googleConsentModeConsentTypes":null,"executePriority":null,"executeCodeOptInWhenNoTagManagerConsentIsGiven":null,"executeCodeOptOutWhenNoTagManagerConsentIsGiven":null,"deleteTechnicalDefinitionsAfterOptOut":null,"presetId":null,"presetVersion":null,"provider":null,"providerContactPhone":null,"providerContactEmail":null,"providerContactLink":null,"uniqueName":null,"providerPrivacyPolicyUrl":null,"providerLegalNoticeUrl":null,"codeOptIn":null,"codeOptOut":null,"codeOnPageLoad":null,"language_code":null,"shopengine_template__post_meta__type":null,"shopengine_template__post_meta":null,"shopengine_template__post_meta__edit_with":null,"origin":null,"_enabled":null,"_filters":null,"_layout":null,"_elementor_import_session_id":null,"_wp_trash_meta_status":null,"_wp_trash_meta_time":null,"_edit_lock":"1743348303:2","_elementor_floating_elements_type":null,"_elementor_edit_mode":null,"_elementor_template_type":null,"tc-thumb-fld":{"_thumb_id":5117,"_thumb_type":"thumb"},"_wp_page_template":"default","_elementor_version":null,"_elementor_pro_version":null,"_elementor_page_settings":null,"_elementor_data":null,"_elementor_conditions":null,"_elementor_popup_display_settings":null,"_edit_last":"2","_elementor_template_sub_type":null,"_elementor_controls_usage":null,"_elementor_screenshot":null,"_elementor_css":null,"_elementor_page_assets":[],"_elementor_element_cache":null,"_elementor_screenshot_failed":null,"_elementor_source":null,"_wp_old_date":null,"layout_key":"","post_slider_check_key":"0","_links":{"self":[{"href":"https:\/\/snoeck.de\/fr\/wp-json\/wp\/v2\/product\/3702","targetHints":{"allow":["GET"]}}],"collection":[{"href":"https:\/\/snoeck.de\/fr\/wp-json\/wp\/v2\/product"}],"about":[{"href":"https:\/\/snoeck.de\/fr\/wp-json\/wp\/v2\/types\/product"}],"wp:featuredmedia":[{"embeddable":true,"href":"https:\/\/snoeck.de\/fr\/wp-json\/wp\/v2\/media\/5117"}],"wp:attachment":[{"href":"https:\/\/snoeck.de\/fr\/wp-json\/wp\/v2\/media?parent=3702"}],"wp:term":[{"taxonomy":"product_brand","embeddable":true,"href":"https:\/\/snoeck.de\/fr\/wp-json\/wp\/v2\/product_brand?post=3702"},{"taxonomy":"product_cat","embeddable":true,"href":"https:\/\/snoeck.de\/fr\/wp-json\/wp\/v2\/product_cat?post=3702"},{"taxonomy":"product_tag","embeddable":true,"href":"https:\/\/snoeck.de\/fr\/wp-json\/wp\/v2\/product_tag?post=3702"}],"curies":[{"name":"wp","href":"https:\/\/api.w.org\/{rel}","templated":true}]}}