{"id":3704,"date":"2025-01-31T11:31:45","date_gmt":"2025-01-31T11:31:45","guid":{"rendered":"https:\/\/snoeck.process-vision.de\/shop\/manfred-pernice-haldesleben-%e2%88%99-bibette-headland-%e2%88%99-hotel-hangelar\/"},"modified":"2025-03-30T15:24:00","modified_gmt":"2025-03-30T15:24:00","slug":"manfred-pernice-haldesleben-%e2%88%99-bibette-headland-%e2%88%99-hotel-hangelar","status":"publish","type":"product","link":"https:\/\/snoeck.de\/fr\/shop\/manfred-pernice-haldesleben-%e2%88%99-bibette-headland-%e2%88%99-hotel-hangelar\/","title":{"rendered":"Manfred Pernice : Haldesleben \u2219 Bibette headland \u2219 H\u00f4tel Hangelar"},"content":{"rendered":"<h3>Forages profonds de Manfred Pernice<\/h3>\n<p>Ce livre aux multiples facettes de Manfred Pernice, qui peut enfin para\u00eetre, remonte \u00e0 une exposition au Mus\u00e9e Ludwig en 2007. Il avait alors combin\u00e9 le travail pr\u00e9coce \"Bibette headland\" de 1999 avec le travail \"Haldensleben\" de 2005, sp\u00e9cialement d\u00e9velopp\u00e9 pour l'exposition, et la sculpture \"Hotel Hangelar\" de 2007, alors expos\u00e9e pour la premi\u00e8re fois. Ces trois grandes sculptures, dont certaines sont accessibles, font r\u00e9f\u00e9rence aux architectures de bunkers, de tours d'a\u00e9roport ou de cit\u00e9s de petites villes. Aujourd'hui, \u00e0 dix ans d'intervalle, il appara\u00eet clairement que ces trois sculptures occupent une place centrale dans l'\u0153uvre de l'artiste. Elles concentrent les longues r\u00e9flexions de Pernice sur les rapports historiques et sociopolitiques entre l'architecture et l'esth\u00e9tique quotidienne. En m\u00eame temps, ses sculptures s'affirment, malgr\u00e9 leurs r\u00e9f\u00e9rences \u00e0 la r\u00e9alit\u00e9 et \u00e0 l'histoire, comme des objets autonomes, des objectivations qui se pr\u00e9sentent \u00e0 nous dans un rapport d'alternance productif entre le propre et l'autre et qui font ainsi de l'exp\u00e9rience esth\u00e9tique une connaissance. Le livre pr\u00e9sente pour la premi\u00e8re fois les nombreux textes et images issus des recherches de Manfred Pernice, ainsi que les photos des \u0153uvres r\u00e9alis\u00e9es au mus\u00e9e Ludwig de Cologne.<\/p>\n<p>Exposition :<br \/>\nMus\u00e9e Ludwig de Cologne, 20\/4 - 30\/7\/2007<\/p>","protected":false},"excerpt":{"rendered":"<p>Catalogue d'exposition, Mus\u00e9e Ludwig Cologne, \u00e9d. Barbara Engelbach<br \/>\nTexte (all.\/ang.) de Barbara Engelbach, Yilmaz Dziewior, Kasper K\u00f6nig ainsi que divers documents en fac-simil\u00e9<br \/>\n200 p. avec 345 illustrations en couleur et 60 en n\/b, texte encart\u00e9 de 20 pages<br \/>\nformat 23 x 20 cm, reliure en toile gaufr\u00e9e avec jaquette<\/p>","protected":false},"featured_media":5119,"template":"","meta":[],"product_brand":[],"product_cat":[112,73],"product_tag":[],"class_list":{"0":"post-3704","1":"product","2":"type-product","3":"status-publish","4":"has-post-thumbnail","6":"product_cat-112","7":"product_cat-p","9":"first","10":"instock","11":"taxable","12":"shipping-taxable","13":"purchasable","14":"product-type-simple"},"aioseo_notices":[],"_wp_attached_file":null,"_wp_attachment_metadata":null,"_wc_attachment_source":null,"_elementor_inline_svg":null,"_elementor_is_screenshot":null,"_elementor_source_image_hash":null,"_source_url":null,"_wp_attachment_context":null,"_menu_item_type":null,"_menu_item_menu_item_parent":null,"_menu_item_object_id":null,"_menu_item_object":null,"_menu_item_target":null,"_menu_item_classes":null,"_menu_item_xfn":null,"_menu_item_url":null,"__elementor_forms_snapshot":null,"_unit":"","_unit_base":"","_unit_product":"","_unit_price_auto":"no","_unit_price_regular":"","_unit_price":"","_unit_price_sale":"","_sale_price_label":"","_sale_price_regular_label":"","_manufacturer_slug":"","_mini_desc":"","_defect_description":"","_safety_instructions":"","_allergen_ids":[],"_warranty_attachment_id":"","_safety_attachment_ids":[],"_min_age":"","_ts_gtin":"","_ts_mpn":"","_delivery_time_countries":[],"_free_shipping":"no","_service":"no","_photovoltaic_system":"no","_used_good":"no","_defective_copy":"no","_wireless_electronic_device":"no","_device_contains_power_supply":"no","_device_charging_supports_usb_pd":"no","_device_charging_watt_min":"0","_device_charging_watt_max":"0","_is_food":"no","_differential_taxation":"no","_gzd_version":"3.18.7","_hs_code":"","_customs_description":"","_manufacture_country":"0","_is_non_returnable":"no","_shipping_length":"","_shipping_width":"","_shipping_height":"","_sku":"ISBN 978-3-86442-099-3","_global_unique_id":"978-3-86442-099-3","_regular_price":"29.8","total_sales":"0","_tax_status":"taxable","_tax_class":"","_manage_stock":"no","_backorders":"no","_sold_individually":"no","_weight":"1","_virtual":"no","_downloadable":"no","_download_limit":"-1","_download_expiry":"-1","_stock":"","_stock_status":"instock","_wc_average_rating":"0","_wc_review_count":"0","_product_version":"9.7.1","_price":"29.8","shopengine_product_views_count":"4224","_thumbnail_id":"5119","_product_attributes":{"erscheinungsdatum":{"name":"Date de publication","value":"01.11.2017","position":0,"is_visible":1,"is_variation":0,"is_taxonomy":0,"checkout_visible":0}},"_nutrient_ids":[],"_upsell_ids":null,"pswc_subtitle":null,"_default_delivery_time":null,"_wp_desired_post_slug":null,"_isbn":null,"pageType":null,"isExternalUrl":null,"pageId":null,"externalUrl":null,"hideCookieBanner":null,"isTargetBlank":null,"isProviderCurrentWebsite":null,"isEmbeddingOnlyExternalResources":null,"legalBasis":null,"dataProcessingInCountries":null,"dataProcessingInCountriesSpecialTreatments":null,"technicalDefinitions":null,"googleConsentModeConsentTypes":null,"executePriority":null,"executeCodeOptInWhenNoTagManagerConsentIsGiven":null,"executeCodeOptOutWhenNoTagManagerConsentIsGiven":null,"deleteTechnicalDefinitionsAfterOptOut":null,"presetId":null,"presetVersion":null,"provider":null,"providerContactPhone":null,"providerContactEmail":null,"providerContactLink":null,"uniqueName":null,"providerPrivacyPolicyUrl":null,"providerLegalNoticeUrl":null,"codeOptIn":null,"codeOptOut":null,"codeOnPageLoad":null,"language_code":null,"shopengine_template__post_meta__type":null,"shopengine_template__post_meta":null,"shopengine_template__post_meta__edit_with":null,"origin":null,"_enabled":null,"_filters":null,"_layout":null,"_elementor_import_session_id":null,"_wp_trash_meta_status":null,"_wp_trash_meta_time":null,"_edit_lock":"1743348102:2","_elementor_floating_elements_type":null,"_elementor_edit_mode":null,"_elementor_template_type":null,"tc-thumb-fld":{"_thumb_id":5119,"_thumb_type":"thumb"},"_wp_page_template":"default","_elementor_version":null,"_elementor_pro_version":null,"_elementor_page_settings":null,"_elementor_data":null,"_elementor_conditions":null,"_elementor_popup_display_settings":null,"_edit_last":"2","_elementor_template_sub_type":null,"_elementor_controls_usage":null,"_elementor_screenshot":null,"_elementor_css":null,"_elementor_page_assets":[],"_elementor_element_cache":null,"_elementor_screenshot_failed":null,"_elementor_source":null,"_wp_old_date":null,"layout_key":"","post_slider_check_key":"0","_links":{"self":[{"href":"https:\/\/snoeck.de\/fr\/wp-json\/wp\/v2\/product\/3704","targetHints":{"allow":["GET"]}}],"collection":[{"href":"https:\/\/snoeck.de\/fr\/wp-json\/wp\/v2\/product"}],"about":[{"href":"https:\/\/snoeck.de\/fr\/wp-json\/wp\/v2\/types\/product"}],"wp:featuredmedia":[{"embeddable":true,"href":"https:\/\/snoeck.de\/fr\/wp-json\/wp\/v2\/media\/5119"}],"wp:attachment":[{"href":"https:\/\/snoeck.de\/fr\/wp-json\/wp\/v2\/media?parent=3704"}],"wp:term":[{"taxonomy":"product_brand","embeddable":true,"href":"https:\/\/snoeck.de\/fr\/wp-json\/wp\/v2\/product_brand?post=3704"},{"taxonomy":"product_cat","embeddable":true,"href":"https:\/\/snoeck.de\/fr\/wp-json\/wp\/v2\/product_cat?post=3704"},{"taxonomy":"product_tag","embeddable":true,"href":"https:\/\/snoeck.de\/fr\/wp-json\/wp\/v2\/product_tag?post=3704"}],"curies":[{"name":"wp","href":"https:\/\/api.w.org\/{rel}","templated":true}]}}