{"id":3709,"date":"2025-01-31T11:31:48","date_gmt":"2025-01-31T11:31:48","guid":{"rendered":"https:\/\/snoeck.process-vision.de\/shop\/poesie-der-grossstadt-die-affichisten\/"},"modified":"2025-03-30T14:54:18","modified_gmt":"2025-03-30T14:54:18","slug":"poesie-der-grossstadt-die-affichisten","status":"publish","type":"product","link":"https:\/\/snoeck.de\/fr\/shop\/poesie-der-grossstadt-die-affichisten\/","title":{"rendered":"Po\u00e9sie de la grande ville : les affichistes"},"content":{"rendered":"<h3>La peinture parlante<\/h3>\n<p>Dans les ann\u00e9es 1940 et 1950, les affichistes apparaissent \u00e0 Paris avec une forme d'image artistique nouvelle et r\u00e9volutionnaire : la d\u00e9molition d'affiches. Ils s'emparent de ce m\u00e9dia publicitaire en pleine expansion, qui marque de plus en plus le paysage urbain, et de son esth\u00e9tique particuli\u00e8re, et formulent, avec leurs images r\u00e9cup\u00e9r\u00e9es au hasard, une contradiction radicale avec la peinture abstraite dominante de l'apr\u00e8s-guerre. Leur int\u00e9r\u00eat se porte d'une part sur l'acte d'appropriation violente de mat\u00e9riel visuel de l'espace public, d'autre part ils c\u00e9l\u00e8brent le principe du hasard et montrent un int\u00e9r\u00eat particulier pour le langage et la typographie. Toutefois, dans leur action, ils ne se consid\u00e8rent plus comme li\u00e9s \u00e0 une conception avant-gardiste de l'agit-prop, mais visent plut\u00f4t la complexit\u00e9 visuelle des moyens d'expression modernes contemporains, tels qu'ils sont ensuite repris par le Pop Art et restent pertinents aujourd'hui encore, malgr\u00e9 toute la m\u00e9dialit\u00e9 \u00e9lectronique. Le livre et l'exposition donnent un aper\u00e7u complet des deux d\u00e9cennies (1948-1968) d'activit\u00e9s de cette importante avant-garde d'apr\u00e8s-guerre, apparue en particulier en France, et \u00e9largissent le spectre par un regard sur les \u0153uvres photographiques, cin\u00e9matographiques et auditives des principaux protagonistes comme Raymond Hains, Jacques Villegl\u00e9, Fran\u00e7ois Dufr\u00eane, Mimmo Rotella et Wolf Vostell. En outre, on suit leurs autres contextes sp\u00e9cifiques, comme le d\u00e9collage, l'action ou le happening. Il est \u00e9tonnant de constater \u00e0 quel point de nombreux travaux ont pu conserver leur fra\u00eecheur et leur rayonnement jusqu'\u00e0 aujourd'hui.<\/p>\n<p>Exposition :<br \/>\nMus\u00e9e Tinguely, B\u00e2le, 22\/10\/2014 - 11\/1\/2015<br \/>\nSchirn Kunsthalle, Francfort, 5\/2 - 25\/5\/2015<\/p>","protected":false},"excerpt":{"rendered":"<p>Catalogue d'exposition, Schirn Kunsthalle Frankfurt,Museum Tinguely Basel, \u00e9d. par Esther Schlicht, Roland Wetzel, Max Hollein<br \/>\nTextes (all.\/ang.) de Bernard Blist\u00e8ne, Fritz Emslander, Esther Schlicht, Didier Semin, Dominique Stella ainsi qu'un entretien de Roland Wetzel avec Jacques Villegl\u00e9, des textes originaux de Fran\u00e7ois Dufr\u00eane, Raymond Hains, Mimmo Rotella, Jacques Villegl\u00e9, Wolf Vostell et une chronologie des ann\u00e9es 1944-1968<br \/>\n280 p. avec 170 illustrations en couleur<br \/>\nformat 30,5 x 24,5 cm, couverture souple avec jaquette \u00e0 double pli<\/p>","protected":false},"featured_media":5124,"template":"","meta":[],"product_brand":[],"product_cat":[104,58,64,73,90],"product_tag":[],"class_list":{"0":"post-3709","1":"product","2":"type-product","3":"status-publish","4":"has-post-thumbnail","6":"product_cat-104","7":"product_cat-a","8":"product_cat-g","9":"product_cat-p","10":"product_cat-rare-books","12":"first","13":"instock","14":"taxable","15":"shipping-taxable","16":"purchasable","17":"product-type-simple"},"aioseo_notices":[],"_wp_attached_file":null,"_wp_attachment_metadata":null,"_wc_attachment_source":null,"_elementor_inline_svg":null,"_elementor_is_screenshot":null,"_elementor_source_image_hash":null,"_source_url":null,"_wp_attachment_context":null,"_menu_item_type":null,"_menu_item_menu_item_parent":null,"_menu_item_object_id":null,"_menu_item_object":null,"_menu_item_target":null,"_menu_item_classes":null,"_menu_item_xfn":null,"_menu_item_url":null,"__elementor_forms_snapshot":null,"_unit":"","_unit_base":"","_unit_product":"","_unit_price_auto":"no","_unit_price_regular":"","_unit_price":"","_unit_price_sale":"","_sale_price_label":"","_sale_price_regular_label":"","_manufacturer_slug":"","_mini_desc":"","_defect_description":"","_safety_instructions":"","_allergen_ids":[],"_warranty_attachment_id":"","_safety_attachment_ids":[],"_min_age":"","_ts_gtin":"","_ts_mpn":"","_delivery_time_countries":[],"_free_shipping":"no","_service":"no","_photovoltaic_system":"no","_used_good":"no","_defective_copy":"no","_wireless_electronic_device":"no","_device_contains_power_supply":"no","_device_charging_supports_usb_pd":"no","_device_charging_watt_min":"0","_device_charging_watt_max":"0","_is_food":"no","_differential_taxation":"no","_gzd_version":"3.18.7","_hs_code":"","_customs_description":"","_manufacture_country":"0","_is_non_returnable":"no","_shipping_length":"","_shipping_width":"","_shipping_height":"","_sku":"ISBN 978-3-86442-103-7","_global_unique_id":"978-3-86442-103-7","_regular_price":"78","total_sales":"0","_tax_status":"taxable","_tax_class":"","_manage_stock":"no","_backorders":"no","_sold_individually":"no","_weight":"2","_virtual":"no","_downloadable":"no","_download_limit":"-1","_download_expiry":"-1","_stock":"","_stock_status":"instock","_wc_average_rating":"0","_wc_review_count":"0","_product_version":"9.7.1","_price":"78","shopengine_product_views_count":"2883","_thumbnail_id":"5124","_product_attributes":{"erscheinungsdatum":{"name":"Erscheinungsdatum","value":"21.10.2014","position":0,"is_visible":1,"is_variation":0,"is_taxonomy":0,"checkout_visible":0}},"_nutrient_ids":[],"_upsell_ids":null,"pswc_subtitle":null,"_default_delivery_time":null,"_wp_desired_post_slug":null,"_isbn":null,"pageType":null,"isExternalUrl":null,"pageId":null,"externalUrl":null,"hideCookieBanner":null,"isTargetBlank":null,"isProviderCurrentWebsite":null,"isEmbeddingOnlyExternalResources":null,"legalBasis":null,"dataProcessingInCountries":null,"dataProcessingInCountriesSpecialTreatments":null,"technicalDefinitions":null,"googleConsentModeConsentTypes":null,"executePriority":null,"executeCodeOptInWhenNoTagManagerConsentIsGiven":null,"executeCodeOptOutWhenNoTagManagerConsentIsGiven":null,"deleteTechnicalDefinitionsAfterOptOut":null,"presetId":null,"presetVersion":null,"provider":null,"providerContactPhone":null,"providerContactEmail":null,"providerContactLink":null,"uniqueName":null,"providerPrivacyPolicyUrl":null,"providerLegalNoticeUrl":null,"codeOptIn":null,"codeOptOut":null,"codeOnPageLoad":null,"language_code":null,"shopengine_template__post_meta__type":null,"shopengine_template__post_meta":null,"shopengine_template__post_meta__edit_with":null,"origin":null,"_enabled":null,"_filters":null,"_layout":null,"_elementor_import_session_id":null,"_wp_trash_meta_status":null,"_wp_trash_meta_time":null,"_edit_lock":"1743346319:2","_elementor_floating_elements_type":null,"_elementor_edit_mode":null,"_elementor_template_type":null,"tc-thumb-fld":{"_thumb_id":5124,"_thumb_type":"thumb"},"_wp_page_template":"default","_elementor_version":null,"_elementor_pro_version":null,"_elementor_page_settings":null,"_elementor_data":null,"_elementor_conditions":null,"_elementor_popup_display_settings":null,"_edit_last":"2","_elementor_template_sub_type":null,"_elementor_controls_usage":null,"_elementor_screenshot":null,"_elementor_css":null,"_elementor_page_assets":[],"_elementor_element_cache":null,"_elementor_screenshot_failed":null,"_elementor_source":null,"_wp_old_date":null,"layout_key":"","post_slider_check_key":"0","_links":{"self":[{"href":"https:\/\/snoeck.de\/fr\/wp-json\/wp\/v2\/product\/3709","targetHints":{"allow":["GET"]}}],"collection":[{"href":"https:\/\/snoeck.de\/fr\/wp-json\/wp\/v2\/product"}],"about":[{"href":"https:\/\/snoeck.de\/fr\/wp-json\/wp\/v2\/types\/product"}],"wp:featuredmedia":[{"embeddable":true,"href":"https:\/\/snoeck.de\/fr\/wp-json\/wp\/v2\/media\/5124"}],"wp:attachment":[{"href":"https:\/\/snoeck.de\/fr\/wp-json\/wp\/v2\/media?parent=3709"}],"wp:term":[{"taxonomy":"product_brand","embeddable":true,"href":"https:\/\/snoeck.de\/fr\/wp-json\/wp\/v2\/product_brand?post=3709"},{"taxonomy":"product_cat","embeddable":true,"href":"https:\/\/snoeck.de\/fr\/wp-json\/wp\/v2\/product_cat?post=3709"},{"taxonomy":"product_tag","embeddable":true,"href":"https:\/\/snoeck.de\/fr\/wp-json\/wp\/v2\/product_tag?post=3709"}],"curies":[{"name":"wp","href":"https:\/\/api.w.org\/{rel}","templated":true}]}}