{"id":3713,"date":"2025-01-31T11:31:50","date_gmt":"2025-01-31T11:31:50","guid":{"rendered":"https:\/\/snoeck.process-vision.de\/shop\/markus-proschek-true-lies\/"},"modified":"2026-04-08T15:17:18","modified_gmt":"2026-04-08T14:17:18","slug":"markus-proschek-true-lies","status":"publish","type":"product","link":"https:\/\/snoeck.de\/fr\/shop\/markus-proschek-true-lies\/","title":{"rendered":"Markus Proschek : True Lies"},"content":{"rendered":"<h3>La maison de l'art de Babylone<\/h3>\n<p>Pour l'artiste Markus Proschek (*1981), n\u00e9 en Autriche et vivant \u00e0 Berlin, les esth\u00e9tiques subliminales nazies ou les architectures totalitaires repr\u00e9sentent toujours des d\u00e9fis artistiques. La sculpture en bronze de la \"nageuse\" (2006), peinte \u00e0 l'huile, est un tel cas. Elle \u00e9voque d'une certaine mani\u00e8re la tradition picturale de Psych\u00e9 ou de Narcisse, mais oscille sur le plan de l'esth\u00e9tique picturale, en tant que beaut\u00e9 de Breker, entre le bourrelet nazi et la coolitude du Bauhaus. Les travaux extr\u00eamement subtils de Proschek explorent cette relation fonctionnelle ambivalente entre l'appropriation id\u00e9ologique et les \u0153uvres d'art ouvertes aux manipulations d'interpr\u00e9tation. C'est le cas de son tableau \u00e0 l'huile \"Die Merz-Gefallenen\" (2007), dont la sc\u00e8ne ironique et fictive se d\u00e9roule dans la Haus der Kunst de Munich, avec au premier plan une sculpture inspir\u00e9e du c\u00e9l\u00e8bre tableau de Caspar David Friedrich \"Das Eismeer\" (La mer de glace), et dans la pi\u00e8ce voisine, des \u00e9l\u00e9ments du \"Merz-Bau\" de Kurt Schwitters qui s'empilent. De mani\u00e8re parodique, le canonique est ainsi confront\u00e9 \u00e0 la possibilit\u00e9 de son rejet lorsqu'il est mis en contact avec l'insubordonn\u00e9 - avec l'esth\u00e9tique nazie du temple de l'exposition. Jacques Derrida avait d\u00e9j\u00e0 soulign\u00e9 le fait que la culture et l'art de la modernit\u00e9 ne constituent pas une monnaie stable en constatant que la signification ne r\u00e9sulte plus que de la relation entre les choses, ce qui rend en m\u00eame temps obsol\u00e8te l'id\u00e9e qu'il existe quelque chose comme une signification originelle et v\u00e9ritable. Markus Proschek d\u00e9clare \u00e0 ce sujet : \"Pour moi, les points de vue sur le sujet \u00e9taient un peu insatisfaisants. La plupart des \u0153uvres d'art contemporain qui traitaient de ces sujets m'ont toujours sembl\u00e9 soit tr\u00e8s moralistes, soit superficielles, soit, pire encore, ennuyeuses\".<\/p>\n<p>Exposition :<br \/>\nEspace d'art Innsbruck, 21\/4 - 8\/7\/2017<\/p>","protected":false},"excerpt":{"rendered":"<p>Catalogue d'exposition, Kunstraum Innsbruck, \u00e9d. Karin Pernegger<br \/>\nTextes (all.\/ang.) de Mark Gisbourne, interview de Lucy McKenzie avec Markus Proschek<br \/>\n144 p. avec 70 illustrations en couleur<\/p>","protected":false},"featured_media":5128,"template":"","meta":[],"product_brand":[],"product_cat":[95],"product_tag":[],"class_list":{"0":"post-3713","1":"product","2":"type-product","3":"status-publish","4":"has-post-thumbnail","6":"product_cat-vergriffen","8":"first","9":"outofstock","10":"taxable","11":"shipping-taxable","12":"product-type-simple"},"aioseo_notices":[],"_wp_attached_file":null,"_wp_attachment_metadata":null,"_wc_attachment_source":null,"_elementor_inline_svg":null,"_elementor_is_screenshot":null,"_elementor_source_image_hash":null,"_source_url":null,"_wp_attachment_context":null,"_menu_item_type":null,"_menu_item_menu_item_parent":null,"_menu_item_object_id":null,"_menu_item_object":null,"_menu_item_target":null,"_menu_item_classes":null,"_menu_item_xfn":null,"_menu_item_url":null,"__elementor_forms_snapshot":null,"_unit":"","_unit_base":"","_unit_product":"","_unit_price_auto":"no","_unit_price_regular":"","_unit_price":"","_unit_price_sale":"","_sale_price_label":"","_sale_price_regular_label":"","_manufacturer_slug":"","_mini_desc":"","_defect_description":"","_safety_instructions":"","_allergen_ids":[],"_warranty_attachment_id":"","_safety_attachment_ids":[],"_min_age":"","_ts_gtin":"","_ts_mpn":"","_delivery_time_countries":[],"_free_shipping":"no","_service":"no","_photovoltaic_system":"no","_used_good":"no","_defective_copy":"no","_wireless_electronic_device":"no","_device_contains_power_supply":"no","_device_charging_supports_usb_pd":"no","_device_charging_watt_min":"0","_device_charging_watt_max":"0","_is_food":"no","_differential_taxation":"no","_gzd_version":"3.18.7","_hs_code":"","_customs_description":"","_manufacture_country":"0","_is_non_returnable":"no","_shipping_length":"","_shipping_width":"","_shipping_height":"","_sku":"ISBN 978-3-86442-258-4","_global_unique_id":"978-3-86442-258-4","_regular_price":null,"total_sales":"0","_tax_status":"taxable","_tax_class":"","_manage_stock":"no","_backorders":"no","_sold_individually":"no","_weight":"1","_virtual":"no","_downloadable":"no","_download_limit":"-1","_download_expiry":"-1","_stock":"","_stock_status":"outofstock","_wc_average_rating":"0","_wc_review_count":"0","_product_version":"10.1.4","_price":"","shopengine_product_views_count":"2346","_thumbnail_id":"5128","_product_attributes":{"erscheinungsdatum":{"name":"Erscheinungsdatum","value":"09.07.2018","position":0,"is_visible":1,"is_variation":0,"is_taxonomy":0,"checkout_visible":0}},"_nutrient_ids":[],"_upsell_ids":null,"pswc_subtitle":null,"_default_delivery_time":null,"_wp_desired_post_slug":null,"_isbn":null,"pageType":null,"isExternalUrl":null,"pageId":null,"externalUrl":null,"hideCookieBanner":null,"isTargetBlank":null,"isProviderCurrentWebsite":null,"isEmbeddingOnlyExternalResources":null,"legalBasis":null,"dataProcessingInCountries":null,"dataProcessingInCountriesSpecialTreatments":null,"technicalDefinitions":null,"googleConsentModeConsentTypes":null,"executePriority":null,"executeCodeOptInWhenNoTagManagerConsentIsGiven":null,"executeCodeOptOutWhenNoTagManagerConsentIsGiven":null,"deleteTechnicalDefinitionsAfterOptOut":null,"presetId":null,"presetVersion":null,"provider":null,"providerContactPhone":null,"providerContactEmail":null,"providerContactLink":null,"uniqueName":null,"providerPrivacyPolicyUrl":null,"providerLegalNoticeUrl":null,"codeOptIn":null,"codeOptOut":null,"codeOnPageLoad":null,"language_code":null,"shopengine_template__post_meta__type":null,"shopengine_template__post_meta":null,"shopengine_template__post_meta__edit_with":null,"origin":null,"_enabled":null,"_filters":null,"_layout":null,"_elementor_import_session_id":null,"_wp_trash_meta_status":null,"_wp_trash_meta_time":null,"_edit_lock":"1743345638:2","_elementor_floating_elements_type":null,"_elementor_edit_mode":null,"_elementor_template_type":null,"tc-thumb-fld":{"_thumb_id":5128,"_thumb_type":"thumb"},"_wp_page_template":"default","_elementor_version":null,"_elementor_pro_version":null,"_elementor_page_settings":null,"_elementor_data":null,"_elementor_conditions":null,"_elementor_popup_display_settings":null,"_edit_last":"2","_elementor_template_sub_type":null,"_elementor_controls_usage":null,"_elementor_screenshot":null,"_elementor_css":null,"_elementor_page_assets":[],"_elementor_element_cache":null,"_elementor_screenshot_failed":null,"_elementor_source":null,"_wp_old_date":null,"layout_key":"","post_slider_check_key":"0","_links":{"self":[{"href":"https:\/\/snoeck.de\/fr\/wp-json\/wp\/v2\/product\/3713","targetHints":{"allow":["GET"]}}],"collection":[{"href":"https:\/\/snoeck.de\/fr\/wp-json\/wp\/v2\/product"}],"about":[{"href":"https:\/\/snoeck.de\/fr\/wp-json\/wp\/v2\/types\/product"}],"wp:featuredmedia":[{"embeddable":true,"href":"https:\/\/snoeck.de\/fr\/wp-json\/wp\/v2\/media\/5128"}],"wp:attachment":[{"href":"https:\/\/snoeck.de\/fr\/wp-json\/wp\/v2\/media?parent=3713"}],"wp:term":[{"taxonomy":"product_brand","embeddable":true,"href":"https:\/\/snoeck.de\/fr\/wp-json\/wp\/v2\/product_brand?post=3713"},{"taxonomy":"product_cat","embeddable":true,"href":"https:\/\/snoeck.de\/fr\/wp-json\/wp\/v2\/product_cat?post=3713"},{"taxonomy":"product_tag","embeddable":true,"href":"https:\/\/snoeck.de\/fr\/wp-json\/wp\/v2\/product_tag?post=3713"}],"curies":[{"name":"wp","href":"https:\/\/api.w.org\/{rel}","templated":true}]}}