{"id":3714,"date":"2025-01-31T11:31:51","date_gmt":"2025-01-31T11:31:51","guid":{"rendered":"https:\/\/snoeck.process-vision.de\/shop\/rainer-und-die-frauen\/"},"modified":"2025-03-30T14:37:00","modified_gmt":"2025-03-30T14:37:00","slug":"rainer-und-die-frauen","status":"publish","type":"product","link":"https:\/\/snoeck.de\/fr\/shop\/rainer-und-die-frauen\/","title":{"rendered":"Rainer et les femmes"},"content":{"rendered":"<h3>Les portraits de femmes d'Arnulf Rainer<\/h3>\n<p>Lorsque l'Albertina de Vienne consacrera dans un an une r\u00e9trospective \u00e0 Arnulf Rainer \u00e0 l'occasion de son 85e anniversaire, il s'agira certainement d'une r\u00e9trospective \u00e9clatante d'une \u0153uvre aux multiples facettes. La galerie Elisabeth &amp; Klaus Thoman \u00e0 Innsbruck a d'ores et d\u00e9j\u00e0 organis\u00e9 une exposition et \u00e9dit\u00e9 un catalogue avec une anthologie de l'\u0153uvre de Rainer, rarement r\u00e9unie et pr\u00e9sent\u00e9e jusqu'\u00e0 pr\u00e9sent. Il s'agit de repeints de photographies des ann\u00e9es 1960 \u00e0 aujourd'hui, avec des motifs \u00e9rotiques, parfois m\u00eame pornographiques. Dans ces travaux, Arnulf Rainer semble r\u00e9agir de mani\u00e8re tr\u00e8s \u00e9motionnelle aux corps des femmes, il rature, intensifie, caricature, accentue et parfois viole les surfaces dans lesquelles il creuse litt\u00e9ralement sa contribution. Parfois, on a l'impression qu'il veut aller vers ses partenaires \u00e0 travers la couche photographique. \"Le processus de cette confrontation prend - et cette anthologie le montre tr\u00e8s bien - des formes tr\u00e8s diff\u00e9rentes d'engagement. Celui-ci passe d'un \u00e9l\u00e9gant lin\u00e9ament, d'un dessin tactile englobant et saisissant le corps, \u00e0 un remaniement pictural, l'\u00e9coulement et l'\u00e9claboussement de la couleur faisant tout \u00e0 fait na\u00eetre des associations avec des processus sexuels, et parfois l'\u0153uvre photographique est enti\u00e8rement noy\u00e9e dans la couleur\", \u00e9crit Peter Weiermair dans son texte d'introduction. Andrea Madesta, la deuxi\u00e8me auteure du volume, porte en revanche un regard parfois critique sur l'image de la femme telle qu'elle nous appara\u00eet \u00e0 travers l'\u0153uvre d'Arnulf Rainer et la confrontation radicale, pour des raisons historiques, avec les valeurs et les conventions.<\/p>\n<p>Exposition :<br \/>\nGalerie Elisabeth &amp; Klaus Thoma Innsbruck, 4\/10\/2013 - 18\/1\/2014<\/p>","protected":false},"excerpt":{"rendered":"<p>Catalogue d'exposition, Galerie Elisabeth &amp; Klaus Thoma Innsbruck, \u00e9d. Klaus Thoman<br \/>\nTextes (all.\/ang.) de Peter Weiermair, Andrea Madesta<br \/>\n128 p. avec 96 illustrations en couleur<br \/>\nformat 28 x 24 cm, couverture rigide<\/p>","protected":false},"featured_media":5129,"template":"","meta":[],"product_brand":[],"product_cat":[101,75],"product_tag":[],"class_list":{"0":"post-3714","1":"product","2":"type-product","3":"status-publish","4":"has-post-thumbnail","6":"product_cat-101","7":"product_cat-r","9":"first","10":"instock","11":"taxable","12":"shipping-taxable","13":"purchasable","14":"product-type-simple"},"aioseo_notices":[],"_wp_attached_file":null,"_wp_attachment_metadata":null,"_wc_attachment_source":null,"_elementor_inline_svg":null,"_elementor_is_screenshot":null,"_elementor_source_image_hash":null,"_source_url":null,"_wp_attachment_context":null,"_menu_item_type":null,"_menu_item_menu_item_parent":null,"_menu_item_object_id":null,"_menu_item_object":null,"_menu_item_target":null,"_menu_item_classes":null,"_menu_item_xfn":null,"_menu_item_url":null,"__elementor_forms_snapshot":null,"_unit":"","_unit_base":"","_unit_product":"","_unit_price_auto":"no","_unit_price_regular":"","_unit_price":"","_unit_price_sale":"","_sale_price_label":"","_sale_price_regular_label":"","_manufacturer_slug":"","_mini_desc":"","_defect_description":"","_safety_instructions":"","_allergen_ids":[],"_warranty_attachment_id":"","_safety_attachment_ids":[],"_min_age":"","_ts_gtin":"","_ts_mpn":"","_delivery_time_countries":[],"_free_shipping":"no","_service":"no","_photovoltaic_system":"no","_used_good":"no","_defective_copy":"no","_wireless_electronic_device":"no","_device_contains_power_supply":"no","_device_charging_supports_usb_pd":"no","_device_charging_watt_min":"0","_device_charging_watt_max":"0","_is_food":"no","_differential_taxation":"no","_gzd_version":"3.18.7","_hs_code":"","_customs_description":"","_manufacture_country":"0","_is_non_returnable":"no","_shipping_length":"","_shipping_width":"","_shipping_height":"","_sku":"ISBN 978-3-86442-068-9","_global_unique_id":"978-3-86442-068-9","_regular_price":"39.8","total_sales":"1","_tax_status":"taxable","_tax_class":"","_manage_stock":"no","_backorders":"no","_sold_individually":"no","_weight":"2","_virtual":"no","_downloadable":"no","_download_limit":"-1","_download_expiry":"-1","_stock":"","_stock_status":"instock","_wc_average_rating":"0","_wc_review_count":"0","_product_version":"9.7.1","_price":"39.8","shopengine_product_views_count":"2992","_thumbnail_id":"5129","_product_attributes":{"erscheinungsdatum":{"name":"Erscheinungsdatum","value":"15.10.2013","position":0,"is_visible":1,"is_variation":0,"is_taxonomy":0,"checkout_visible":0}},"_nutrient_ids":[],"_upsell_ids":null,"pswc_subtitle":null,"_default_delivery_time":null,"_wp_desired_post_slug":null,"_isbn":null,"pageType":null,"isExternalUrl":null,"pageId":null,"externalUrl":null,"hideCookieBanner":null,"isTargetBlank":null,"isProviderCurrentWebsite":null,"isEmbeddingOnlyExternalResources":null,"legalBasis":null,"dataProcessingInCountries":null,"dataProcessingInCountriesSpecialTreatments":null,"technicalDefinitions":null,"googleConsentModeConsentTypes":null,"executePriority":null,"executeCodeOptInWhenNoTagManagerConsentIsGiven":null,"executeCodeOptOutWhenNoTagManagerConsentIsGiven":null,"deleteTechnicalDefinitionsAfterOptOut":null,"presetId":null,"presetVersion":null,"provider":null,"providerContactPhone":null,"providerContactEmail":null,"providerContactLink":null,"uniqueName":null,"providerPrivacyPolicyUrl":null,"providerLegalNoticeUrl":null,"codeOptIn":null,"codeOptOut":null,"codeOnPageLoad":null,"language_code":null,"shopengine_template__post_meta__type":null,"shopengine_template__post_meta":null,"shopengine_template__post_meta__edit_with":null,"origin":null,"_enabled":null,"_filters":null,"_layout":null,"_elementor_import_session_id":null,"_wp_trash_meta_status":null,"_wp_trash_meta_time":null,"_edit_lock":"1743345282:2","_elementor_floating_elements_type":null,"_elementor_edit_mode":null,"_elementor_template_type":null,"tc-thumb-fld":{"_thumb_id":5129,"_thumb_type":"thumb"},"_wp_page_template":"default","_elementor_version":null,"_elementor_pro_version":null,"_elementor_page_settings":null,"_elementor_data":null,"_elementor_conditions":null,"_elementor_popup_display_settings":null,"_edit_last":"2","_elementor_template_sub_type":null,"_elementor_controls_usage":null,"_elementor_screenshot":null,"_elementor_css":null,"_elementor_page_assets":[],"_elementor_element_cache":null,"_elementor_screenshot_failed":null,"_elementor_source":null,"_wp_old_date":null,"layout_key":"","post_slider_check_key":"0","_links":{"self":[{"href":"https:\/\/snoeck.de\/fr\/wp-json\/wp\/v2\/product\/3714","targetHints":{"allow":["GET"]}}],"collection":[{"href":"https:\/\/snoeck.de\/fr\/wp-json\/wp\/v2\/product"}],"about":[{"href":"https:\/\/snoeck.de\/fr\/wp-json\/wp\/v2\/types\/product"}],"wp:featuredmedia":[{"embeddable":true,"href":"https:\/\/snoeck.de\/fr\/wp-json\/wp\/v2\/media\/5129"}],"wp:attachment":[{"href":"https:\/\/snoeck.de\/fr\/wp-json\/wp\/v2\/media?parent=3714"}],"wp:term":[{"taxonomy":"product_brand","embeddable":true,"href":"https:\/\/snoeck.de\/fr\/wp-json\/wp\/v2\/product_brand?post=3714"},{"taxonomy":"product_cat","embeddable":true,"href":"https:\/\/snoeck.de\/fr\/wp-json\/wp\/v2\/product_cat?post=3714"},{"taxonomy":"product_tag","embeddable":true,"href":"https:\/\/snoeck.de\/fr\/wp-json\/wp\/v2\/product_tag?post=3714"}],"curies":[{"name":"wp","href":"https:\/\/api.w.org\/{rel}","templated":true}]}}