{"id":3715,"date":"2025-01-31T11:31:52","date_gmt":"2025-01-31T11:31:52","guid":{"rendered":"https:\/\/snoeck.process-vision.de\/shop\/david-reed-heart-of-glass\/"},"modified":"2025-03-30T14:31:46","modified_gmt":"2025-03-30T14:31:46","slug":"david-reed-heart-of-glass","status":"publish","type":"product","link":"https:\/\/snoeck.de\/fr\/shop\/david-reed-heart-of-glass\/","title":{"rendered":"David Reed : C\u0153ur de verre"},"content":{"rendered":"<h3>Un c\u0153ur de verre<\/h3>\n<p>L'\u0153uvre innovante de David Reed s'est d\u00e9finie dans le contexte des courants de l'expressionnisme abstrait, du pop art et du minimalisme. L'importance de Reed, qui n'a pas encore \u00e9t\u00e9 pleinement appr\u00e9ci\u00e9e \u00e0 ce jour, r\u00e9side dans le fait qu'il a montr\u00e9, avec une opulence \u00e0 la fois sensuelle et une clart\u00e9 analytique, quelles transformations de soi la peinture doit accomplir pour parvenir \u00e0 des r\u00e9sultats ad\u00e9quats dans les conditions d'une r\u00e9alit\u00e9 num\u00e9rique. La peinture de David Reed se nourrit de l'exp\u00e9rience fondamentale d'une r\u00e9alit\u00e9 qui ne peut \u00eatre v\u00e9cue que sous forme d'images. Derri\u00e8re l'exp\u00e9rience pr\u00e9tendument authentique, le corps apparemment r\u00e9el, se cachent toujours des images de substitution. En effet, au sein de l'univers de Reed, le substitut prend la place de l'authentique, car dans un monde domin\u00e9 par les images, l'exp\u00e9rience unique du r\u00e9el se fait sur le mode de la r\u00e9p\u00e9tition d'images d\u00e9j\u00e0 pr\u00e9form\u00e9es. L'exp\u00e9rience qui s'y rapporte date de la fin des ann\u00e9es 1960, lorsque Reed pratiquait la peinture en plein air classique dans les paysages d\u00e9sertiques et isol\u00e9s du Nouveau-Mexique et de l'Arizona. Apr\u00e8s une matin\u00e9e pass\u00e9e \u00e0 peindre, il se rend dans une grotte pr\u00e8s de Monument Valley \u00e0 la recherche d'ombre, boit \u00e0 une source qui lui semble \u00e9trangement famili\u00e8re et arrive finalement dans un petit canyon qui lui semble \u00e9galement familier. La raison de cette \u00e9trange familiarit\u00e9 qui \u00e9mane de ce lieu qui lui \u00e9tait totalement inconnu auparavant n'appara\u00eetra au peintre que bien des ann\u00e9es plus tard : il avait vu la grotte dans le western de John Ford \"The Searchers\" (1956). Attendu avec impatience depuis des ann\u00e9es par les amateurs d'art abstrait, le premier volume illustr\u00e9 de ces toiles \u00e9lanc\u00e9es et surdimensionn\u00e9es, le plus souvent au format horizontal, les reproduit pour la premi\u00e8re fois dans une taille appropri\u00e9e, sans l'aide de panneaux rabattables d\u00e9sagr\u00e9ables, dans ce que l'on appelle un flatbook.<\/p>\n<p>Exposition :<br \/>\nMus\u00e9e d'art de Bonn, 28\/6 - 7\/10\/2012<\/p>","protected":false},"excerpt":{"rendered":"<p>Catalogue d'exposition,Kunstmuseum Bonn, \u00e9d. Stephan Berg<br \/>\nTextes (all.\/ang.) de Stephan Berg, Christoph Schreyer, Richard Shiff<br \/>\n144 p. avec 80 illustrations en couleur<br \/>\nformat 30 x 24 cm, broch\u00e9 comme flatbook<\/p>","protected":false},"featured_media":5130,"template":"","meta":[],"product_brand":[],"product_cat":[103,75],"product_tag":[],"class_list":{"0":"post-3715","1":"product","2":"type-product","3":"status-publish","4":"has-post-thumbnail","6":"product_cat-103","7":"product_cat-r","9":"first","10":"instock","11":"taxable","12":"shipping-taxable","13":"purchasable","14":"product-type-simple"},"aioseo_notices":[],"_wp_attached_file":null,"_wp_attachment_metadata":null,"_wc_attachment_source":null,"_elementor_inline_svg":null,"_elementor_is_screenshot":null,"_elementor_source_image_hash":null,"_source_url":null,"_wp_attachment_context":null,"_menu_item_type":null,"_menu_item_menu_item_parent":null,"_menu_item_object_id":null,"_menu_item_object":null,"_menu_item_target":null,"_menu_item_classes":null,"_menu_item_xfn":null,"_menu_item_url":null,"__elementor_forms_snapshot":null,"_unit":"","_unit_base":"","_unit_product":"","_unit_price_auto":"no","_unit_price_regular":"","_unit_price":"","_unit_price_sale":"","_sale_price_label":"","_sale_price_regular_label":"","_manufacturer_slug":"","_mini_desc":"","_defect_description":"","_safety_instructions":"","_allergen_ids":[],"_warranty_attachment_id":"","_safety_attachment_ids":[],"_min_age":"","_ts_gtin":"","_ts_mpn":"","_delivery_time_countries":[],"_free_shipping":"no","_service":"no","_photovoltaic_system":"no","_used_good":"no","_defective_copy":"no","_wireless_electronic_device":"no","_device_contains_power_supply":"no","_device_charging_supports_usb_pd":"no","_device_charging_watt_min":"0","_device_charging_watt_max":"0","_is_food":"no","_differential_taxation":"no","_gzd_version":"3.18.7","_hs_code":"","_customs_description":"","_manufacture_country":"0","_is_non_returnable":"no","_shipping_length":"","_shipping_width":"","_shipping_height":"","_sku":"ISBN 978-3-86442-013-9","_global_unique_id":"978-3-86442-013-9","_regular_price":"68","total_sales":"0","_tax_status":"taxable","_tax_class":"","_manage_stock":"no","_backorders":"no","_sold_individually":"no","_weight":"3","_virtual":"no","_downloadable":"no","_download_limit":"-1","_download_expiry":"-1","_stock":"","_stock_status":"instock","_wc_average_rating":"0","_wc_review_count":"0","_product_version":"9.7.1","_price":"68","shopengine_product_views_count":"3520","_thumbnail_id":"5130","_product_attributes":{"erscheinungsdatum":{"name":"Date de publication","value":"28.06.2012","position":0,"is_visible":1,"is_variation":0,"is_taxonomy":0,"checkout_visible":0}},"_nutrient_ids":[],"_upsell_ids":null,"pswc_subtitle":null,"_default_delivery_time":null,"_wp_desired_post_slug":null,"_isbn":null,"pageType":null,"isExternalUrl":null,"pageId":null,"externalUrl":null,"hideCookieBanner":null,"isTargetBlank":null,"isProviderCurrentWebsite":null,"isEmbeddingOnlyExternalResources":null,"legalBasis":null,"dataProcessingInCountries":null,"dataProcessingInCountriesSpecialTreatments":null,"technicalDefinitions":null,"googleConsentModeConsentTypes":null,"executePriority":null,"executeCodeOptInWhenNoTagManagerConsentIsGiven":null,"executeCodeOptOutWhenNoTagManagerConsentIsGiven":null,"deleteTechnicalDefinitionsAfterOptOut":null,"presetId":null,"presetVersion":null,"provider":null,"providerContactPhone":null,"providerContactEmail":null,"providerContactLink":null,"uniqueName":null,"providerPrivacyPolicyUrl":null,"providerLegalNoticeUrl":null,"codeOptIn":null,"codeOptOut":null,"codeOnPageLoad":null,"language_code":null,"shopengine_template__post_meta__type":null,"shopengine_template__post_meta":null,"shopengine_template__post_meta__edit_with":null,"origin":null,"_enabled":null,"_filters":null,"_layout":null,"_elementor_import_session_id":null,"_wp_trash_meta_status":null,"_wp_trash_meta_time":null,"_edit_lock":"1743344966:2","_elementor_floating_elements_type":null,"_elementor_edit_mode":null,"_elementor_template_type":null,"tc-thumb-fld":{"_thumb_id":5130,"_thumb_type":"thumb"},"_wp_page_template":"default","_elementor_version":null,"_elementor_pro_version":null,"_elementor_page_settings":null,"_elementor_data":null,"_elementor_conditions":null,"_elementor_popup_display_settings":null,"_edit_last":"2","_elementor_template_sub_type":null,"_elementor_controls_usage":null,"_elementor_screenshot":null,"_elementor_css":null,"_elementor_page_assets":[],"_elementor_element_cache":null,"_elementor_screenshot_failed":null,"_elementor_source":null,"_wp_old_date":null,"layout_key":"","post_slider_check_key":"0","_links":{"self":[{"href":"https:\/\/snoeck.de\/fr\/wp-json\/wp\/v2\/product\/3715","targetHints":{"allow":["GET"]}}],"collection":[{"href":"https:\/\/snoeck.de\/fr\/wp-json\/wp\/v2\/product"}],"about":[{"href":"https:\/\/snoeck.de\/fr\/wp-json\/wp\/v2\/types\/product"}],"wp:featuredmedia":[{"embeddable":true,"href":"https:\/\/snoeck.de\/fr\/wp-json\/wp\/v2\/media\/5130"}],"wp:attachment":[{"href":"https:\/\/snoeck.de\/fr\/wp-json\/wp\/v2\/media?parent=3715"}],"wp:term":[{"taxonomy":"product_brand","embeddable":true,"href":"https:\/\/snoeck.de\/fr\/wp-json\/wp\/v2\/product_brand?post=3715"},{"taxonomy":"product_cat","embeddable":true,"href":"https:\/\/snoeck.de\/fr\/wp-json\/wp\/v2\/product_cat?post=3715"},{"taxonomy":"product_tag","embeddable":true,"href":"https:\/\/snoeck.de\/fr\/wp-json\/wp\/v2\/product_tag?post=3715"}],"curies":[{"name":"wp","href":"https:\/\/api.w.org\/{rel}","templated":true}]}}