{"id":3716,"date":"2025-01-31T11:31:52","date_gmt":"2025-01-31T11:31:52","guid":{"rendered":"https:\/\/snoeck.process-vision.de\/shop\/david-reed-rock-paper-scissors\/"},"modified":"2025-04-02T13:33:08","modified_gmt":"2025-04-02T13:33:08","slug":"david-reed-rock-paper-scissors","status":"publish","type":"product","link":"https:\/\/snoeck.de\/fr\/shop\/david-reed-rock-paper-scissors\/","title":{"rendered":"David Reed : Rock Paper Scissors"},"content":{"rendered":"<h3>\"Mes projets changent tout le temps\"<\/h3>\n<p>\"Rock Paper Scissors\" de David Reed est le troisi\u00e8me volume de la biblioth\u00e8que des \"Kienbaum Artists' Books\" qui, outre un aper\u00e7u de la collection, a pour but de pr\u00e9senter une fois par an, de mani\u00e8re exhaustive et sous une forme de haute qualit\u00e9, une position artistique. Le volume consacr\u00e9 \u00e0 David Reed contient 24 \"Working Drawings\" au recto et au verso, qui documentent le processus de cr\u00e9ation des tableaux grand format de l'artiste new-yorkais. Ils sont r\u00e9alis\u00e9s sous forme de dessins semblables \u00e0 des journaux intimes et accompagnent chaque peinture, contiennent des \u00e9chantillons de couleurs ainsi que des processus de pens\u00e9e et des d\u00e9cisions, sont parfois enregistr\u00e9s pendant des ann\u00e9es. L'id\u00e9e de ces travaux inhabituels remonte \u00e0 une conversation au d\u00e9but des ann\u00e9es 1990 avec Dorothy et Herbert Vogel, au cours de laquelle ils avaient express\u00e9ment demand\u00e9 \u00e0 David Reed de dessiner et s'\u00e9taient r\u00e9f\u00e9r\u00e9s \u00e0 ses notes, diagrammes et plans dans l'atelier. La conversation entre Vogels et Reed qui accompagne maintenant le volume revient sur cette situation et traite des r\u00e9flexions sp\u00e9cifiques \u00e0 ces travaux appel\u00e9s \"Working Drawings\". Nous obtenons donc des informations dans l'\u0153uvre m\u00eame de l'artiste sur la mani\u00e8re dont il en est arriv\u00e9 \u00e0 son all-over particulier, aux boucles et aux \u00e9lans r\u00e9p\u00e9t\u00e9s, aux vagues comme des coups de pinceau et des taches apparemment jet\u00e9s de mani\u00e8re gestuelle sur la surface du tableau. Ces esquisses de travail tr\u00e8s inhabituelles montrent toutefois tr\u00e8s bien comment David Reed se confronte \u00e0 la couleur et \u00e0 l'abstraction, comment il en vient \u00e0 s'inspirer d\u00e9lib\u00e9r\u00e9ment des peintures baroques, de l'expressionnisme abstrait ou de l'art minimal, pourquoi il veut exploiter un mouvement du spectateur, comment il fait litt\u00e9ralement \"vibrer\" ses tableaux.<\/p>","protected":false},"excerpt":{"rendered":"<p>Kienbaum Artists's Books 2009, \u00e9d. par Jochen Kienbaum<br \/>\nInterview (all.\/ang.) de Dorothy et Herbert Vogel ainsi que Dean Daderko avec David Reed<br \/>\n80 p. avec 46 illustrations en couleur<br \/>\nformat 34 x 23 cm, couverture rigide avec jaquette<\/p>","protected":false},"featured_media":5131,"template":"","meta":[],"product_brand":[],"product_cat":[113,68,75],"product_tag":[],"class_list":{"0":"post-3716","1":"product","2":"type-product","3":"status-publish","4":"has-post-thumbnail","6":"product_cat-113","7":"product_cat-k","8":"product_cat-r","10":"first","11":"instock","12":"taxable","13":"shipping-taxable","14":"purchasable","15":"product-type-simple"},"aioseo_notices":[],"_wp_attached_file":null,"_wp_attachment_metadata":null,"_wc_attachment_source":null,"_elementor_inline_svg":null,"_elementor_is_screenshot":null,"_elementor_source_image_hash":null,"_source_url":null,"_wp_attachment_context":null,"_menu_item_type":null,"_menu_item_menu_item_parent":null,"_menu_item_object_id":null,"_menu_item_object":null,"_menu_item_target":null,"_menu_item_classes":null,"_menu_item_xfn":null,"_menu_item_url":null,"__elementor_forms_snapshot":null,"_unit":"","_unit_base":"","_unit_product":"","_unit_price_auto":"no","_unit_price_regular":"","_unit_price":"","_unit_price_sale":"","_sale_price_label":"","_sale_price_regular_label":"","_manufacturer_slug":"","_mini_desc":"","_defect_description":"","_safety_instructions":"","_allergen_ids":[],"_warranty_attachment_id":"","_safety_attachment_ids":[],"_min_age":"","_ts_gtin":"","_ts_mpn":"","_delivery_time_countries":[],"_free_shipping":"no","_service":"no","_photovoltaic_system":"no","_used_good":"no","_defective_copy":"no","_wireless_electronic_device":"no","_device_contains_power_supply":"no","_device_charging_supports_usb_pd":"no","_device_charging_watt_min":"0","_device_charging_watt_max":"0","_is_food":"no","_differential_taxation":"no","_gzd_version":"3.18.7","_hs_code":"","_customs_description":"","_manufacture_country":"0","_is_non_returnable":"no","_shipping_length":"","_shipping_width":"","_shipping_height":"","_sku":"ISBN 978-3-940953-01-8","_global_unique_id":"978-3-940953-01-8","_regular_price":"39.8","total_sales":"0","_tax_status":"taxable","_tax_class":"","_manage_stock":"no","_backorders":"no","_sold_individually":"no","_weight":"1","_virtual":"no","_downloadable":"no","_download_limit":"-1","_download_expiry":"-1","_stock":"","_stock_status":"instock","_wc_average_rating":"0","_wc_review_count":"0","_product_version":"9.7.1","_price":"39.8","shopengine_product_views_count":"2996","_thumbnail_id":"5131","_product_attributes":{"erscheinungsdatum":{"name":"Date de publication","value":"07.12.2009","position":0,"is_visible":1,"is_variation":0,"is_taxonomy":0,"checkout_visible":0}},"_nutrient_ids":[],"_upsell_ids":null,"pswc_subtitle":null,"_default_delivery_time":null,"_wp_desired_post_slug":null,"_isbn":null,"pageType":null,"isExternalUrl":null,"pageId":null,"externalUrl":null,"hideCookieBanner":null,"isTargetBlank":null,"isProviderCurrentWebsite":null,"isEmbeddingOnlyExternalResources":null,"legalBasis":null,"dataProcessingInCountries":null,"dataProcessingInCountriesSpecialTreatments":null,"technicalDefinitions":null,"googleConsentModeConsentTypes":null,"executePriority":null,"executeCodeOptInWhenNoTagManagerConsentIsGiven":null,"executeCodeOptOutWhenNoTagManagerConsentIsGiven":null,"deleteTechnicalDefinitionsAfterOptOut":null,"presetId":null,"presetVersion":null,"provider":null,"providerContactPhone":null,"providerContactEmail":null,"providerContactLink":null,"uniqueName":null,"providerPrivacyPolicyUrl":null,"providerLegalNoticeUrl":null,"codeOptIn":null,"codeOptOut":null,"codeOnPageLoad":null,"language_code":null,"shopengine_template__post_meta__type":null,"shopengine_template__post_meta":null,"shopengine_template__post_meta__edit_with":null,"origin":null,"_enabled":null,"_filters":null,"_layout":null,"_elementor_import_session_id":null,"_wp_trash_meta_status":null,"_wp_trash_meta_time":null,"_edit_lock":"1743600649:2","_elementor_floating_elements_type":null,"_elementor_edit_mode":null,"_elementor_template_type":null,"tc-thumb-fld":{"_thumb_id":5131,"_thumb_type":"thumb"},"_wp_page_template":"default","_elementor_version":null,"_elementor_pro_version":null,"_elementor_page_settings":null,"_elementor_data":null,"_elementor_conditions":null,"_elementor_popup_display_settings":null,"_edit_last":"2","_elementor_template_sub_type":null,"_elementor_controls_usage":null,"_elementor_screenshot":null,"_elementor_css":null,"_elementor_page_assets":[],"_elementor_element_cache":null,"_elementor_screenshot_failed":null,"_elementor_source":null,"_wp_old_date":null,"layout_key":"","post_slider_check_key":"0","_links":{"self":[{"href":"https:\/\/snoeck.de\/fr\/wp-json\/wp\/v2\/product\/3716","targetHints":{"allow":["GET"]}}],"collection":[{"href":"https:\/\/snoeck.de\/fr\/wp-json\/wp\/v2\/product"}],"about":[{"href":"https:\/\/snoeck.de\/fr\/wp-json\/wp\/v2\/types\/product"}],"wp:featuredmedia":[{"embeddable":true,"href":"https:\/\/snoeck.de\/fr\/wp-json\/wp\/v2\/media\/5131"}],"wp:attachment":[{"href":"https:\/\/snoeck.de\/fr\/wp-json\/wp\/v2\/media?parent=3716"}],"wp:term":[{"taxonomy":"product_brand","embeddable":true,"href":"https:\/\/snoeck.de\/fr\/wp-json\/wp\/v2\/product_brand?post=3716"},{"taxonomy":"product_cat","embeddable":true,"href":"https:\/\/snoeck.de\/fr\/wp-json\/wp\/v2\/product_cat?post=3716"},{"taxonomy":"product_tag","embeddable":true,"href":"https:\/\/snoeck.de\/fr\/wp-json\/wp\/v2\/product_tag?post=3716"}],"curies":[{"name":"wp","href":"https:\/\/api.w.org\/{rel}","templated":true}]}}