{"id":3717,"date":"2025-01-31T11:31:53","date_gmt":"2025-01-31T11:31:53","guid":{"rendered":"https:\/\/snoeck.process-vision.de\/shop\/tobias-rehberger-home-and-away-and-outside\/"},"modified":"2026-04-08T14:57:33","modified_gmt":"2026-04-08T13:57:33","slug":"tobias-rehberger-home-and-away-and-outside","status":"publish","type":"product","link":"https:\/\/snoeck.de\/fr\/shop\/tobias-rehberger-home-and-away-and-outside\/","title":{"rendered":"Tobias Rehberger : Home and Away and Outside"},"content":{"rendered":"<h3>\u00c0 quoi ressemble une bonne \u0153uvre d'art ?<\/h3>\n<p>Il ne fait aucun doute que Tobias Rehberger (*1966) est, dans sa g\u00e9n\u00e9ration, l'un des artistes allemands les plus influents et les plus couronn\u00e9s de succ\u00e8s. Sa derni\u00e8re grande distinction, le Lion d'or de la Biennale de Venise 2009 pour la meilleure \u0153uvre d'art, vient justement souligner cette appr\u00e9ciation. Tobias Rehberger y avait r\u00e9am\u00e9nag\u00e9 et \u00e9quip\u00e9 la caf\u00e9t\u00e9ria \u00e0 l'invitation du curateur Daniel Birnbaum et l'avait transform\u00e9e en une \u0153uvre d'art totale psych\u00e9d\u00e9lique op art. Le livre qui accompagne l'exposition \u00e0 la Schirn de Francfort pr\u00e9sente d\u00e9sormais un aper\u00e7u plus large de l'\u0153uvre compos\u00e9 par l'artiste et simule une sculpture encore en cours de r\u00e9alisation dans la rotonde, l'entr\u00e9e de la Kunsthalle. La particularit\u00e9 de l'\u0153uvre sculpturale de Tobias Rehberger r\u00e9side dans son approche et son efficacit\u00e9 remarquablement d\u00e9contract\u00e9es. L'artiste utilise des mat\u00e9riaux simples et courants pour contrecarrer le caract\u00e8re artificiel et techno\u00efde que ses objets semblent sugg\u00e9rer de prime abord en raison de leur forme et de leurs couleurs. Contrairement \u00e0 ce que l'on pourrait attendre, il augmente m\u00eame cet attrait lorsqu'il ouvre ses \u0153uvres, comme par exemple \u00e0 la caf\u00e9t\u00e9ria de Venise, en tant qu'objets \u00e0 l'usage quotidien normal. L'attitude de l'artiste ne se r\u00e9f\u00e8re qu'en apparence \u00e0 la question de savoir comment quelque chose peut devenir de l'art ; il lui semble plus important de faire la navette entre les exigences fonctionnelles d'un objet et la question de savoir \u00e0 quoi doit ressembler une bonne \u0153uvre d'art.<\/p>\n<p>Exposition :<br \/>\nSchirn Kunsthalle, Francfort-sur-le-Main, 21\/2-21\/4\/2014<\/p>","protected":false},"excerpt":{"rendered":"<p>Catalogue d'exposition, Schirn Kunsthalle Frankfurt, \u00e9d. par Matthias Ulrich, Max Hollein<br \/>\nTextes (all.\/ang.) de Sabine Eckmann, Marcus Steinweg, Matthias Ulrich<br \/>\n172 p. avec 60 illustrations en couleur<br \/>\nFormat 31,5 x 21 cm<\/p>","protected":false},"featured_media":5132,"template":"","meta":[],"product_brand":[],"product_cat":[95],"product_tag":[],"class_list":{"0":"post-3717","1":"product","2":"type-product","3":"status-publish","4":"has-post-thumbnail","6":"product_cat-vergriffen","8":"first","9":"outofstock","10":"taxable","11":"shipping-taxable","12":"product-type-simple"},"aioseo_notices":[],"_wp_attached_file":null,"_wp_attachment_metadata":null,"_wc_attachment_source":null,"_elementor_inline_svg":null,"_elementor_is_screenshot":null,"_elementor_source_image_hash":null,"_source_url":null,"_wp_attachment_context":null,"_menu_item_type":null,"_menu_item_menu_item_parent":null,"_menu_item_object_id":null,"_menu_item_object":null,"_menu_item_target":null,"_menu_item_classes":null,"_menu_item_xfn":null,"_menu_item_url":null,"__elementor_forms_snapshot":null,"_unit":"","_unit_base":"","_unit_product":"","_unit_price_auto":"no","_unit_price_regular":"","_unit_price":"","_unit_price_sale":"","_sale_price_label":"","_sale_price_regular_label":"","_manufacturer_slug":"","_mini_desc":"","_defect_description":"","_safety_instructions":"","_allergen_ids":[],"_warranty_attachment_id":"","_safety_attachment_ids":[],"_min_age":"","_ts_gtin":"","_ts_mpn":"","_delivery_time_countries":[],"_free_shipping":"no","_service":"no","_photovoltaic_system":"no","_used_good":"no","_defective_copy":"no","_wireless_electronic_device":"no","_device_contains_power_supply":"no","_device_charging_supports_usb_pd":"no","_device_charging_watt_min":"0","_device_charging_watt_max":"0","_is_food":"no","_differential_taxation":"no","_gzd_version":"3.18.7","_hs_code":"","_customs_description":"","_manufacture_country":"0","_is_non_returnable":"no","_shipping_length":"","_shipping_width":"","_shipping_height":"","_sku":"ISBN 978-3-86442-077-1","_global_unique_id":"978-3-86442-077-1","_regular_price":null,"total_sales":"0","_tax_status":"taxable","_tax_class":"","_manage_stock":"no","_backorders":"no","_sold_individually":"no","_weight":"1","_virtual":"no","_downloadable":"no","_download_limit":"-1","_download_expiry":"-1","_stock":"","_stock_status":"outofstock","_wc_average_rating":"0","_wc_review_count":"0","_product_version":"10.1.4","_price":"","shopengine_product_views_count":"2398","_thumbnail_id":"5132","_product_attributes":{"erscheinungsdatum":{"name":"Date de publication","value":"14.02.2014","position":0,"is_visible":1,"is_variation":0,"is_taxonomy":0,"checkout_visible":0}},"_nutrient_ids":[],"_upsell_ids":null,"pswc_subtitle":null,"_default_delivery_time":"","_wp_desired_post_slug":null,"_isbn":null,"pageType":null,"isExternalUrl":null,"pageId":null,"externalUrl":null,"hideCookieBanner":null,"isTargetBlank":null,"isProviderCurrentWebsite":null,"isEmbeddingOnlyExternalResources":null,"legalBasis":null,"dataProcessingInCountries":null,"dataProcessingInCountriesSpecialTreatments":null,"technicalDefinitions":null,"googleConsentModeConsentTypes":null,"executePriority":null,"executeCodeOptInWhenNoTagManagerConsentIsGiven":null,"executeCodeOptOutWhenNoTagManagerConsentIsGiven":null,"deleteTechnicalDefinitionsAfterOptOut":null,"presetId":null,"presetVersion":null,"provider":null,"providerContactPhone":null,"providerContactEmail":null,"providerContactLink":null,"uniqueName":null,"providerPrivacyPolicyUrl":null,"providerLegalNoticeUrl":null,"codeOptIn":null,"codeOptOut":null,"codeOnPageLoad":null,"language_code":null,"shopengine_template__post_meta__type":null,"shopengine_template__post_meta":null,"shopengine_template__post_meta__edit_with":null,"origin":null,"_enabled":null,"_filters":null,"_layout":null,"_elementor_import_session_id":null,"_wp_trash_meta_status":null,"_wp_trash_meta_time":null,"_edit_lock":"1743344688:2","_elementor_floating_elements_type":null,"_elementor_edit_mode":null,"_elementor_template_type":null,"tc-thumb-fld":{"_thumb_id":5132,"_thumb_type":"thumb"},"_wp_page_template":"default","_elementor_version":null,"_elementor_pro_version":null,"_elementor_page_settings":null,"_elementor_data":null,"_elementor_conditions":null,"_elementor_popup_display_settings":null,"_edit_last":"2","_elementor_template_sub_type":null,"_elementor_controls_usage":null,"_elementor_screenshot":null,"_elementor_css":null,"_elementor_page_assets":[],"_elementor_element_cache":null,"_elementor_screenshot_failed":null,"_elementor_source":null,"_wp_old_date":null,"layout_key":"","post_slider_check_key":"0","_links":{"self":[{"href":"https:\/\/snoeck.de\/fr\/wp-json\/wp\/v2\/product\/3717","targetHints":{"allow":["GET"]}}],"collection":[{"href":"https:\/\/snoeck.de\/fr\/wp-json\/wp\/v2\/product"}],"about":[{"href":"https:\/\/snoeck.de\/fr\/wp-json\/wp\/v2\/types\/product"}],"wp:featuredmedia":[{"embeddable":true,"href":"https:\/\/snoeck.de\/fr\/wp-json\/wp\/v2\/media\/5132"}],"wp:attachment":[{"href":"https:\/\/snoeck.de\/fr\/wp-json\/wp\/v2\/media?parent=3717"}],"wp:term":[{"taxonomy":"product_brand","embeddable":true,"href":"https:\/\/snoeck.de\/fr\/wp-json\/wp\/v2\/product_brand?post=3717"},{"taxonomy":"product_cat","embeddable":true,"href":"https:\/\/snoeck.de\/fr\/wp-json\/wp\/v2\/product_cat?post=3717"},{"taxonomy":"product_tag","embeddable":true,"href":"https:\/\/snoeck.de\/fr\/wp-json\/wp\/v2\/product_tag?post=3717"}],"curies":[{"name":"wp","href":"https:\/\/api.w.org\/{rel}","templated":true}]}}