{"id":3718,"date":"2025-01-31T11:31:54","date_gmt":"2025-01-31T11:31:54","guid":{"rendered":"https:\/\/snoeck.process-vision.de\/shop\/sophie-reinhold-das-kann-das-leben-kosten\/"},"modified":"2026-04-08T15:25:16","modified_gmt":"2026-04-08T14:25:16","slug":"sophie-reinhold-das-kann-das-leben-kosten","status":"publish","type":"product","link":"https:\/\/snoeck.de\/fr\/shop\/sophie-reinhold-das-kann-das-leben-kosten\/","title":{"rendered":"Sophie Reinhold : Cela peut co\u00fbter la vie"},"content":{"rendered":"<h3>Le mod\u00e8le d\u00e9chirant du pr\u00e9sent ou \"Une sorte d'impressionnisme post-Corona\".<\/h3>\n<p>L'absence est un th\u00e8me r\u00e9current chez Sophie Reinhold : ce qui est laiss\u00e9 de c\u00f4t\u00e9, ce qui n'est pas dit, ce qui n'est pas invit\u00e9. Les r\u00e8gles de base de l'abstraction. Le fait que tout ne doit pas \u00eatre dit. Cela cr\u00e9e une sorte d'ambiance g\u00e9n\u00e9rale. Un mod\u00e8le, peut-\u00eatre. Cela cr\u00e9e une place \u00e0 l'\u00e9cart du langage. Un silence tr\u00e8s clair. Lorsqu'il y a un grand nombre de motifs, la vue d'ensemble d'un mod\u00e8le se perd facilement. Le d\u00e9sordre s'installe. La distance aide \u00e0 retrouver une vue d'ensemble. D\u00e8s que la r\u00e9p\u00e9tition du motif se confirme, le mod\u00e8le s'est impos\u00e9 avec succ\u00e8s, ce qui d\u00e9clenche aussi bien l'esprit obsessionnel que l'esprit de s\u00e9r\u00e9nit\u00e9 ... Ce qui est vraiment intelligent dans la peinture de Sophie Reinhold, c'est que l'artiste part du principe, et le prouve sans cesse dans son art, que sa r\u00e9alit\u00e9 ne peut pas \u00eatre liss\u00e9e, que l'\u00e9v\u00e9nement a eu lieu depuis longtemps avant de pouvoir \u00eatre forc\u00e9 dans une forme. Son art pratique une multiplicit\u00e9 kal\u00e9idoscopique et ne suit aucune formule unilat\u00e9rale, ce qui rend cette \u0153uvre multiple et stratifi\u00e9e. Une m\u00e9thode appara\u00eet clairement : la d\u00e9cision de poncer sa peinture, le fait d'enlever et d'appliquer ses images, cela refl\u00e8te l'id\u00e9e que notre exp\u00e9rience de la r\u00e9alit\u00e9 \u00e9quivaut \u00e0 une usure du quotidien ... \"Cela peut co\u00fbter la vie\" a \u00e9t\u00e9, si je ne m'abuse, la premi\u00e8re exposition Berlinger \u00e0 ouvrir apr\u00e8s l'assouplissement des restrictions dues \u00e0 la pand\u00e9mie de Covid19. Les peintures r\u00e9alis\u00e9es avant la crise mondiale prouvent que Sophie Reinhold s'int\u00e9resse \u00e0 notre pr\u00e9sent agglutin\u00e9 avec l'urgence qui s'impose.  Tenzing Barshee<\/p>\n<p>Exposition :<br \/>\nCFA Contemporary Fine Arts Berlin, 20\/5 - 20\/6\/2020<\/p>","protected":false},"excerpt":{"rendered":"<p>Catalogue d'exposition, Contemporary Fine Arts CFA Berlin \u00e9d. par Bruno Brunnet et Nicole Hackert<br \/>\nTexte (all.\/ang.) de Tenzing Barshee, interview (all.\/ang.) de l'artiste par Hannes Schmidt<br \/>\n32 p. avec 19 illustrations en couleur<br \/>\nformat 28 x 20 cm, cahier agraf\u00e9<\/p>","protected":false},"featured_media":5133,"template":"","meta":[],"product_brand":[],"product_cat":[95],"product_tag":[],"class_list":{"0":"post-3718","1":"product","2":"type-product","3":"status-publish","4":"has-post-thumbnail","6":"product_cat-vergriffen","8":"first","9":"outofstock","10":"taxable","11":"shipping-taxable","12":"product-type-simple"},"aioseo_notices":[],"_wp_attached_file":null,"_wp_attachment_metadata":null,"_wc_attachment_source":null,"_elementor_inline_svg":null,"_elementor_is_screenshot":null,"_elementor_source_image_hash":null,"_source_url":null,"_wp_attachment_context":null,"_menu_item_type":null,"_menu_item_menu_item_parent":null,"_menu_item_object_id":null,"_menu_item_object":null,"_menu_item_target":null,"_menu_item_classes":null,"_menu_item_xfn":null,"_menu_item_url":null,"__elementor_forms_snapshot":null,"_unit":"","_unit_base":"","_unit_product":"","_unit_price_auto":"no","_unit_price_regular":"","_unit_price":"","_unit_price_sale":"","_sale_price_label":"","_sale_price_regular_label":"","_manufacturer_slug":"","_mini_desc":"","_defect_description":"","_safety_instructions":"","_allergen_ids":[],"_warranty_attachment_id":"","_safety_attachment_ids":[],"_min_age":"","_ts_gtin":"","_ts_mpn":"","_delivery_time_countries":[],"_free_shipping":"no","_service":"no","_photovoltaic_system":"no","_used_good":"no","_defective_copy":"no","_wireless_electronic_device":"no","_device_contains_power_supply":"no","_device_charging_supports_usb_pd":"no","_device_charging_watt_min":"0","_device_charging_watt_max":"0","_is_food":"no","_differential_taxation":"no","_gzd_version":"3.18.7","_hs_code":"","_customs_description":"","_manufacture_country":"0","_is_non_returnable":"no","_shipping_length":"","_shipping_width":"","_shipping_height":"","_sku":"ISBN 978-3-86442-332-1","_global_unique_id":"978-3-86442-332-1","_regular_price":null,"total_sales":"0","_tax_status":"taxable","_tax_class":"","_manage_stock":"no","_backorders":"no","_sold_individually":"no","_weight":"1","_virtual":"no","_downloadable":"no","_download_limit":"-1","_download_expiry":"-1","_stock":"","_stock_status":"outofstock","_wc_average_rating":"0","_wc_review_count":"0","_product_version":"10.1.4","_price":"","shopengine_product_views_count":"2187","_thumbnail_id":"5133","_product_attributes":{"erscheinungsdatum":{"name":"Date de publication","value":"01.09.2020","position":0,"is_visible":1,"is_variation":0,"is_taxonomy":0,"checkout_visible":0}},"_nutrient_ids":[],"_upsell_ids":null,"pswc_subtitle":null,"_default_delivery_time":null,"_wp_desired_post_slug":null,"_isbn":null,"pageType":null,"isExternalUrl":null,"pageId":null,"externalUrl":null,"hideCookieBanner":null,"isTargetBlank":null,"isProviderCurrentWebsite":null,"isEmbeddingOnlyExternalResources":null,"legalBasis":null,"dataProcessingInCountries":null,"dataProcessingInCountriesSpecialTreatments":null,"technicalDefinitions":null,"googleConsentModeConsentTypes":null,"executePriority":null,"executeCodeOptInWhenNoTagManagerConsentIsGiven":null,"executeCodeOptOutWhenNoTagManagerConsentIsGiven":null,"deleteTechnicalDefinitionsAfterOptOut":null,"presetId":null,"presetVersion":null,"provider":null,"providerContactPhone":null,"providerContactEmail":null,"providerContactLink":null,"uniqueName":null,"providerPrivacyPolicyUrl":null,"providerLegalNoticeUrl":null,"codeOptIn":null,"codeOptOut":null,"codeOnPageLoad":null,"language_code":null,"shopengine_template__post_meta__type":null,"shopengine_template__post_meta":null,"shopengine_template__post_meta__edit_with":null,"origin":null,"_enabled":null,"_filters":null,"_layout":null,"_elementor_import_session_id":null,"_wp_trash_meta_status":null,"_wp_trash_meta_time":null,"_edit_lock":"1743344596:2","_elementor_floating_elements_type":null,"_elementor_edit_mode":null,"_elementor_template_type":null,"tc-thumb-fld":{"_thumb_id":5133,"_thumb_type":"thumb"},"_wp_page_template":"default","_elementor_version":null,"_elementor_pro_version":null,"_elementor_page_settings":null,"_elementor_data":null,"_elementor_conditions":null,"_elementor_popup_display_settings":null,"_edit_last":"2","_elementor_template_sub_type":null,"_elementor_controls_usage":null,"_elementor_screenshot":null,"_elementor_css":null,"_elementor_page_assets":[],"_elementor_element_cache":null,"_elementor_screenshot_failed":null,"_elementor_source":null,"_wp_old_date":null,"layout_key":"","post_slider_check_key":"0","_links":{"self":[{"href":"https:\/\/snoeck.de\/fr\/wp-json\/wp\/v2\/product\/3718","targetHints":{"allow":["GET"]}}],"collection":[{"href":"https:\/\/snoeck.de\/fr\/wp-json\/wp\/v2\/product"}],"about":[{"href":"https:\/\/snoeck.de\/fr\/wp-json\/wp\/v2\/types\/product"}],"wp:featuredmedia":[{"embeddable":true,"href":"https:\/\/snoeck.de\/fr\/wp-json\/wp\/v2\/media\/5133"}],"wp:attachment":[{"href":"https:\/\/snoeck.de\/fr\/wp-json\/wp\/v2\/media?parent=3718"}],"wp:term":[{"taxonomy":"product_brand","embeddable":true,"href":"https:\/\/snoeck.de\/fr\/wp-json\/wp\/v2\/product_brand?post=3718"},{"taxonomy":"product_cat","embeddable":true,"href":"https:\/\/snoeck.de\/fr\/wp-json\/wp\/v2\/product_cat?post=3718"},{"taxonomy":"product_tag","embeddable":true,"href":"https:\/\/snoeck.de\/fr\/wp-json\/wp\/v2\/product_tag?post=3718"}],"curies":[{"name":"wp","href":"https:\/\/api.w.org\/{rel}","templated":true}]}}