{"id":3719,"date":"2025-01-31T11:31:54","date_gmt":"2025-01-31T11:31:54","guid":{"rendered":"https:\/\/snoeck.process-vision.de\/shop\/remembering-landscape\/"},"modified":"2025-03-30T14:24:04","modified_gmt":"2025-03-30T14:24:04","slug":"remembering-landscape","status":"publish","type":"product","link":"https:\/\/snoeck.de\/fr\/shop\/remembering-landscape\/","title":{"rendered":"Remembering Landscape"},"content":{"rendered":"<h3>Qu'entendons-nous aujourd'hui par paysage ?<\/h3>\n<p>Toujours l'id\u00e9al esth\u00e9tique h\u00e9rit\u00e9 du romantisme d'un espace naturel, agricole et urbanis\u00e9 diversifi\u00e9 ? Les paysages modernes sont aujourd'hui souvent des \"non-lieux\". Ils portent les traces d'interventions \u00e9conomiques, de d\u00e9limitations changeantes, sont marqu\u00e9s par l'expulsion, la guerre ou le mitage et l'exploitation mini\u00e8re. Il ne reste souvent qu'une sorte de nature r\u00e9siduelle, dans laquelle quelques ruines t\u00e9moignent d'\u00e9v\u00e9nements historiques. Les paysages d\u00e9sol\u00e9s, qui parlent de la violence pass\u00e9e, sont r\u00e9duits \u00e0 l'\u00e9tat de mat\u00e9riel (d'observation). Parall\u00e8lement, les souvenirs (de guerre) sont visiblement incarn\u00e9s dans des monuments architecturaux du 20e si\u00e8cle. 24 artistes et groupes d'artistes font parler le topos du paysage dans cette exposition et dans de nombreuses contributions pour le livre volumineux. Ils travaillent sur des images de paysage entre fiction, symbole et documentation, et font appel \u00e0 notre capacit\u00e9 \u00e0 lire et \u00e0 d\u00e9chiffrer ces images - et bien s\u00fbr, ils s'adressent \u00e0 notre imagination et \u00e0 notre capacit\u00e9 \u00e0 ressentir de l'empathie.<\/p>\n<p>Artistes :<br \/>\nAnca Benera et Arnold Estef\u00e1n, Nico Bleutge, Bogdan Bordeianu, Lucian Bran, Helwig Brunner, Marianna Christofides, Luc Delahaye, Chloe Dewe Mathews, Lukas Einsele, Daniel Falb, Cyprien Gaillard, Dani Gherca, Anne Heinlein et G\u00f6ran Gnaudschun, Nico Ilfoveanu, Markus Karstie\u00df, Thomas Kellner, Jan Kempenaers, Anselm Kiefer, Aglaia Konrad, Susanne Kriemann, Armin Linke en collaboration avec Aristide Antonas et Estelle Blaschke, Richard Mosse, Andreas M\u00fche, multiplicity, Cyprian Muresan, Paul Nash, Alexandra Navratil, Cristian Rusu, Larisa Sitar, Milica Tomic &amp; Sans Souci Collective, Unknown Fields, Danny Veys, Paul Virilio, Kristof Vrancken<\/p>\n<p>Expositions :<br \/>\nMus\u00e9e d'art contemporain de Siegen, 10\/6 - 30\/9\/2018<br \/>\nMNAC Muzeul National de Arta Contemporana, Bucarest, 16\/11\/2018 - 17\/3\/2019<br \/>\nSint-Lukasgalerie &amp; De Markten, Brussels, 24\/4 - 8\/6\/2019<\/p>","protected":false},"excerpt":{"rendered":"<p>Catalogue d'exposition, Museum f\u00fcr Gegenwartskunst Siegen, \u00e9d. Eva Schmidt et Kai V\u00f6ckler<br \/>\nTextes (all.\/ang.) d'Isabelle Busch, Branislav Dimitrijevic, Brenda Hollweg, Jeroen Laureyns, Friedrich Meschede, Sean O'Hagan, Luwig Seyfarth, Eva Schmidt, Sabine M. Schmidt, Alexander Streitberger, Ursula Panhans-B\u00fchler, Kai V\u00f6ckler, Raluca Voinea<br \/>\n352 p. avec 330 illustrations en couleur<br \/>\nformat 27 x 21 cm, couverture rigide<\/p>","protected":false},"featured_media":5134,"template":"","meta":[],"product_brand":[],"product_cat":[111,69,75],"product_tag":[],"class_list":{"0":"post-3719","1":"product","2":"type-product","3":"status-publish","4":"has-post-thumbnail","6":"product_cat-111","7":"product_cat-l","8":"product_cat-r","10":"first","11":"instock","12":"taxable","13":"shipping-taxable","14":"purchasable","15":"product-type-simple"},"aioseo_notices":[],"_wp_attached_file":null,"_wp_attachment_metadata":null,"_wc_attachment_source":null,"_elementor_inline_svg":null,"_elementor_is_screenshot":null,"_elementor_source_image_hash":null,"_source_url":null,"_wp_attachment_context":null,"_menu_item_type":null,"_menu_item_menu_item_parent":null,"_menu_item_object_id":null,"_menu_item_object":null,"_menu_item_target":null,"_menu_item_classes":null,"_menu_item_xfn":null,"_menu_item_url":null,"__elementor_forms_snapshot":null,"_unit":"","_unit_base":"","_unit_product":"","_unit_price_auto":"no","_unit_price_regular":"","_unit_price":"","_unit_price_sale":"","_sale_price_label":"","_sale_price_regular_label":"","_manufacturer_slug":"","_mini_desc":"","_defect_description":"","_safety_instructions":"","_allergen_ids":[],"_warranty_attachment_id":"","_safety_attachment_ids":[],"_min_age":"","_ts_gtin":"","_ts_mpn":"","_delivery_time_countries":[],"_free_shipping":"no","_service":"no","_photovoltaic_system":"no","_used_good":"no","_defective_copy":"no","_wireless_electronic_device":"no","_device_contains_power_supply":"no","_device_charging_supports_usb_pd":"no","_device_charging_watt_min":"0","_device_charging_watt_max":"0","_is_food":"no","_differential_taxation":"no","_gzd_version":"3.18.7","_hs_code":"","_customs_description":"","_manufacture_country":"0","_is_non_returnable":"no","_shipping_length":"","_shipping_width":"","_shipping_height":"","_sku":"ISBN 978-3-86442-260-7","_global_unique_id":"978-3-86442-260-7","_regular_price":"48","total_sales":"0","_tax_status":"taxable","_tax_class":"","_manage_stock":"no","_backorders":"no","_sold_individually":"no","_weight":"2","_virtual":"no","_downloadable":"no","_download_limit":"-1","_download_expiry":"-1","_stock":"","_stock_status":"instock","_wc_average_rating":"0","_wc_review_count":"0","_product_version":"9.7.1","_price":"48","shopengine_product_views_count":"2802","_thumbnail_id":"5134","_product_attributes":{"erscheinungsdatum":{"name":"Erscheinungsdatum","value":"19.11.2018","position":0,"is_visible":1,"is_variation":0,"is_taxonomy":0,"checkout_visible":0}},"_nutrient_ids":[],"_upsell_ids":null,"pswc_subtitle":null,"_default_delivery_time":null,"_wp_desired_post_slug":null,"_isbn":null,"pageType":null,"isExternalUrl":null,"pageId":null,"externalUrl":null,"hideCookieBanner":null,"isTargetBlank":null,"isProviderCurrentWebsite":null,"isEmbeddingOnlyExternalResources":null,"legalBasis":null,"dataProcessingInCountries":null,"dataProcessingInCountriesSpecialTreatments":null,"technicalDefinitions":null,"googleConsentModeConsentTypes":null,"executePriority":null,"executeCodeOptInWhenNoTagManagerConsentIsGiven":null,"executeCodeOptOutWhenNoTagManagerConsentIsGiven":null,"deleteTechnicalDefinitionsAfterOptOut":null,"presetId":null,"presetVersion":null,"provider":null,"providerContactPhone":null,"providerContactEmail":null,"providerContactLink":null,"uniqueName":null,"providerPrivacyPolicyUrl":null,"providerLegalNoticeUrl":null,"codeOptIn":null,"codeOptOut":null,"codeOnPageLoad":null,"language_code":null,"shopengine_template__post_meta__type":null,"shopengine_template__post_meta":null,"shopengine_template__post_meta__edit_with":null,"origin":null,"_enabled":null,"_filters":null,"_layout":null,"_elementor_import_session_id":null,"_wp_trash_meta_status":null,"_wp_trash_meta_time":null,"_edit_lock":"1743344504:2","_elementor_floating_elements_type":null,"_elementor_edit_mode":null,"_elementor_template_type":null,"tc-thumb-fld":{"_thumb_id":5134,"_thumb_type":"thumb"},"_wp_page_template":"default","_elementor_version":null,"_elementor_pro_version":null,"_elementor_page_settings":null,"_elementor_data":null,"_elementor_conditions":null,"_elementor_popup_display_settings":null,"_edit_last":"2","_elementor_template_sub_type":null,"_elementor_controls_usage":null,"_elementor_screenshot":null,"_elementor_css":null,"_elementor_page_assets":[],"_elementor_element_cache":null,"_elementor_screenshot_failed":null,"_elementor_source":null,"_wp_old_date":null,"layout_key":"","post_slider_check_key":"0","_links":{"self":[{"href":"https:\/\/snoeck.de\/fr\/wp-json\/wp\/v2\/product\/3719","targetHints":{"allow":["GET"]}}],"collection":[{"href":"https:\/\/snoeck.de\/fr\/wp-json\/wp\/v2\/product"}],"about":[{"href":"https:\/\/snoeck.de\/fr\/wp-json\/wp\/v2\/types\/product"}],"wp:featuredmedia":[{"embeddable":true,"href":"https:\/\/snoeck.de\/fr\/wp-json\/wp\/v2\/media\/5134"}],"wp:attachment":[{"href":"https:\/\/snoeck.de\/fr\/wp-json\/wp\/v2\/media?parent=3719"}],"wp:term":[{"taxonomy":"product_brand","embeddable":true,"href":"https:\/\/snoeck.de\/fr\/wp-json\/wp\/v2\/product_brand?post=3719"},{"taxonomy":"product_cat","embeddable":true,"href":"https:\/\/snoeck.de\/fr\/wp-json\/wp\/v2\/product_cat?post=3719"},{"taxonomy":"product_tag","embeddable":true,"href":"https:\/\/snoeck.de\/fr\/wp-json\/wp\/v2\/product_tag?post=3719"}],"curies":[{"name":"wp","href":"https:\/\/api.w.org\/{rel}","templated":true}]}}