{"id":3721,"date":"2025-01-31T11:31:55","date_gmt":"2025-01-31T11:31:55","guid":{"rendered":"https:\/\/snoeck.process-vision.de\/shop\/christian-retschlag-sprengel-preis-2023\/"},"modified":"2025-03-30T14:22:13","modified_gmt":"2025-03-30T14:22:13","slug":"christian-retschlag-sprengel-preis-2023","status":"publish","type":"product","link":"https:\/\/snoeck.de\/fr\/shop\/christian-retschlag-sprengel-preis-2023\/","title":{"rendered":"Christian Retschlag : Prix Sprengel 2023"},"content":{"rendered":"<h3>Hanovre - Mont Ventoux<\/h3>\n<p>Avec Christian Ratschlag comme laur\u00e9at du prix Sprengel 2023, le SPRENGEL PREIS poursuit r\u00e9solument la nouvelle direction qu'il a prise depuis 2021. Initi\u00e9 en 1979 par Bernhard et Margrit Sprengel, repris depuis 1991 par la Fondation des caisses d'\u00e9pargne de Basse-Saxe, le PRIX SPRENGEL est depuis 2021 soutenu et organis\u00e9 conjointement par la Fondation des caisses d'\u00e9pargne de Basse-Saxe et le Minist\u00e8re de la science et de la culture de Basse-Saxe (MWK). Cette r\u00e9orientation s'est accompagn\u00e9e non seulement d'une nette augmentation de la dotation financi\u00e8re, mais aussi et surtout de l'attribution d'une bourse de voyage en Europe et d'une exposition au Sprengel Museum de Hanovre accompagn\u00e9e d'un catalogue. L'objectif de cette bourse de voyage, qui fait partie int\u00e9grante du concept du prix et de l'exposition, est d'int\u00e9grer la Basse-Saxe dans l'Europe avec son id\u00e9e sp\u00e9cifique d'un ordre social d\u00e9mocratique et libre.<\/p>\n<p>Exposition :<br \/>\nMus\u00e9e Sprengel de Hanovre, 18\/11\/2023 - 3\/3\/2024<\/p>","protected":false},"excerpt":{"rendered":"<p>Catalogue d'exposition, \u00e9dit\u00e9 par le Sprengel Museum de Hanovre, la Fondation des caisses d'\u00e9pargne de Basse-Saxe, le Minist\u00e8re des Sciences et de la Culture de Basse-Saxe<br \/>\nTexte (all.\/ang.) de Jasmin Meinold, entretien entre Julius Osman et l'artiste<br \/>\n96 p. avec 80 illustrations en couleur<br \/>\nFormat 29 x 23,5 cm, couverture souple gaufr\u00e9e<\/p>","protected":false},"featured_media":5136,"template":"","meta":[],"product_brand":[],"product_cat":[87,75,76],"product_tag":[],"class_list":{"0":"post-3721","1":"product","2":"type-product","3":"status-publish","4":"has-post-thumbnail","6":"product_cat-87","7":"product_cat-r","8":"product_cat-s","10":"first","11":"instock","12":"taxable","13":"shipping-taxable","14":"purchasable","15":"product-type-simple"},"aioseo_notices":[],"_wp_attached_file":null,"_wp_attachment_metadata":null,"_wc_attachment_source":null,"_elementor_inline_svg":null,"_elementor_is_screenshot":null,"_elementor_source_image_hash":null,"_source_url":null,"_wp_attachment_context":null,"_menu_item_type":null,"_menu_item_menu_item_parent":null,"_menu_item_object_id":null,"_menu_item_object":null,"_menu_item_target":null,"_menu_item_classes":null,"_menu_item_xfn":null,"_menu_item_url":null,"__elementor_forms_snapshot":null,"_unit":"","_unit_base":"","_unit_product":"","_unit_price_auto":"no","_unit_price_regular":"","_unit_price":"","_unit_price_sale":"","_sale_price_label":"","_sale_price_regular_label":"","_manufacturer_slug":"","_mini_desc":"","_defect_description":"","_safety_instructions":"","_allergen_ids":[],"_warranty_attachment_id":"","_safety_attachment_ids":[],"_min_age":"","_ts_gtin":"","_ts_mpn":"","_delivery_time_countries":[],"_free_shipping":"no","_service":"no","_photovoltaic_system":"no","_used_good":"no","_defective_copy":"no","_wireless_electronic_device":"no","_device_contains_power_supply":"no","_device_charging_supports_usb_pd":"no","_device_charging_watt_min":"0","_device_charging_watt_max":"0","_is_food":"no","_differential_taxation":"no","_gzd_version":"3.18.7","_hs_code":"","_customs_description":"","_manufacture_country":"0","_is_non_returnable":"no","_shipping_length":"","_shipping_width":"","_shipping_height":"","_sku":"ISBN 978-3-86442-431-1","_global_unique_id":"978-3-86442-431-1","_regular_price":"29.8","total_sales":"1","_tax_status":"taxable","_tax_class":"","_manage_stock":"no","_backorders":"no","_sold_individually":"no","_weight":"1","_virtual":"no","_downloadable":"no","_download_limit":"-1","_download_expiry":"-1","_stock":"","_stock_status":"instock","_wc_average_rating":"0","_wc_review_count":"0","_product_version":"9.7.1","_price":"29.8","shopengine_product_views_count":"2534","_thumbnail_id":"5136","_product_attributes":{"erscheinungsdatum":{"name":"Erscheinungsdatum","value":"21.11.2023","position":0,"is_visible":1,"is_variation":0,"is_taxonomy":0,"checkout_visible":0}},"_nutrient_ids":[],"_upsell_ids":null,"pswc_subtitle":null,"_default_delivery_time":null,"_wp_desired_post_slug":null,"_isbn":null,"pageType":null,"isExternalUrl":null,"pageId":null,"externalUrl":null,"hideCookieBanner":null,"isTargetBlank":null,"isProviderCurrentWebsite":null,"isEmbeddingOnlyExternalResources":null,"legalBasis":null,"dataProcessingInCountries":null,"dataProcessingInCountriesSpecialTreatments":null,"technicalDefinitions":null,"googleConsentModeConsentTypes":null,"executePriority":null,"executeCodeOptInWhenNoTagManagerConsentIsGiven":null,"executeCodeOptOutWhenNoTagManagerConsentIsGiven":null,"deleteTechnicalDefinitionsAfterOptOut":null,"presetId":null,"presetVersion":null,"provider":null,"providerContactPhone":null,"providerContactEmail":null,"providerContactLink":null,"uniqueName":null,"providerPrivacyPolicyUrl":null,"providerLegalNoticeUrl":null,"codeOptIn":null,"codeOptOut":null,"codeOnPageLoad":null,"language_code":null,"shopengine_template__post_meta__type":null,"shopengine_template__post_meta":null,"shopengine_template__post_meta__edit_with":null,"origin":null,"_enabled":null,"_filters":null,"_layout":null,"_elementor_import_session_id":null,"_wp_trash_meta_status":null,"_wp_trash_meta_time":null,"_edit_lock":"1743344394:2","_elementor_floating_elements_type":null,"_elementor_edit_mode":null,"_elementor_template_type":null,"tc-thumb-fld":{"_thumb_id":5136,"_thumb_type":"thumb"},"_wp_page_template":"default","_elementor_version":null,"_elementor_pro_version":null,"_elementor_page_settings":null,"_elementor_data":null,"_elementor_conditions":null,"_elementor_popup_display_settings":null,"_edit_last":"2","_elementor_template_sub_type":null,"_elementor_controls_usage":null,"_elementor_screenshot":null,"_elementor_css":null,"_elementor_page_assets":[],"_elementor_element_cache":null,"_elementor_screenshot_failed":null,"_elementor_source":null,"_wp_old_date":null,"layout_key":"","post_slider_check_key":"0","_links":{"self":[{"href":"https:\/\/snoeck.de\/fr\/wp-json\/wp\/v2\/product\/3721","targetHints":{"allow":["GET"]}}],"collection":[{"href":"https:\/\/snoeck.de\/fr\/wp-json\/wp\/v2\/product"}],"about":[{"href":"https:\/\/snoeck.de\/fr\/wp-json\/wp\/v2\/types\/product"}],"wp:featuredmedia":[{"embeddable":true,"href":"https:\/\/snoeck.de\/fr\/wp-json\/wp\/v2\/media\/5136"}],"wp:attachment":[{"href":"https:\/\/snoeck.de\/fr\/wp-json\/wp\/v2\/media?parent=3721"}],"wp:term":[{"taxonomy":"product_brand","embeddable":true,"href":"https:\/\/snoeck.de\/fr\/wp-json\/wp\/v2\/product_brand?post=3721"},{"taxonomy":"product_cat","embeddable":true,"href":"https:\/\/snoeck.de\/fr\/wp-json\/wp\/v2\/product_cat?post=3721"},{"taxonomy":"product_tag","embeddable":true,"href":"https:\/\/snoeck.de\/fr\/wp-json\/wp\/v2\/product_tag?post=3721"}],"curies":[{"name":"wp","href":"https:\/\/api.w.org\/{rel}","templated":true}]}}