{"id":3722,"date":"2025-01-31T11:31:56","date_gmt":"2025-01-31T11:31:56","guid":{"rendered":"https:\/\/snoeck.process-vision.de\/shop\/revonnah-kunst-der-avantgarde-in-hannover-1912-1933\/"},"modified":"2025-03-30T14:19:24","modified_gmt":"2025-03-30T14:19:24","slug":"revonnah-kunst-der-avantgarde-in-hannover-1912-1933","status":"publish","type":"product","link":"https:\/\/snoeck.de\/fr\/shop\/revonnah-kunst-der-avantgarde-in-hannover-1912-1933\/","title":{"rendered":"revonnaH. L'art d'avant-garde \u00e0 Hanovre 1912 - 1933"},"content":{"rendered":"<h3>Quand Hanovre est devenue une \"ville d'art moderne<\/h3>\n<p>L'impulsion institutionnelle permettant \u00e0 Hanovre, capitale provinciale plut\u00f4t conservatrice, d'entrer en contact avec l'avant-garde artistique fut donn\u00e9e par Albert Gideon Brinckmann lorsqu'il devint directeur du mus\u00e9e Kestner en 1912 et changea radicalement la politique d'acquisition. Avant la Premi\u00e8re Guerre mondiale, Herbert von Garvens avait d\u00e9j\u00e0 r\u00e9uni une collection d'art moderne, des entrepreneurs priv\u00e9s comme Hermann Bahlsen et Fritz Beindorff (Pelikan) avaient pass\u00e9 des commandes \u00e0 des artistes modernes et fond\u00e9 un engagement citoyen qui culmina finalement en 1916 avec la cr\u00e9ation de la Soci\u00e9t\u00e9 Kestner. Celle-ci, tout comme la formation de la Secession hanovrienne \u00e0 partir de 1917, favorisa, par le biais d'expositions et de publications, la confrontation avec les tendances contemporaines : l'expressionnisme, l'abstraction, la Nouvelle Objectivit\u00e9, et permit \u00e0 Hanovre de m\u00fbrir pour devenir une \"ville d'art moderne\". Kurt Schwitters comptait parmi les artistes les plus importants de l'\u00e9poque de Weimar et \u00e9tait un \"homme de r\u00e9seau\" tr\u00e8s actif, qui fit venir \u00e0 Hanovre des artistes comme El Lissitzky (Cabinet des abstraits) ou Naum Gabo. Au Provincialmuseum, Alexander Dorner r\u00e9volutionna la pr\u00e9sentation et la m\u00e9diation de l'art, et l'avant-garde se r\u00e9unissait autour de Schwitters dans le salon de K\u00e4te Steinitz ; des groupes d'artistes comme \"die abstrakten hannover\" virent le jour, et une variante hanovrienne de la Nouvelle Objectivit\u00e9 se d\u00e9veloppa \u00e0 partir de l'\u00e9cole municipale des arts et m\u00e9tiers. Mais toutes ces activit\u00e9s qui d\u00e9passaient le cadre de Hanovre prirent brutalement fin avec l'arriv\u00e9e au pouvoir des nationaux-socialistes. Au-del\u00e0 de l'exposition, le livre abordera des th\u00e8mes tels que l'architecture, le cin\u00e9ma et la litt\u00e9rature et pourra ainsi devenir un ouvrage de r\u00e9f\u00e9rence sur cette p\u00e9riode vivante de l'histoire de Hanovre.<\/p>\n<p>Exposition :<br \/>\nMus\u00e9e Sprengel de Hanovre, 23\/9\/2017-7\/1\/2018<\/p>","protected":false},"excerpt":{"rendered":"<p>Catalogue d'exposition, Sprengel Museum Hannover, \u00e9d. Karin Orchard<br \/>\nTextes (all.) de Kai-Uwe Hemken, Karin Orchard, Thomas R\u00f6ske, Isabel Schulz, Reinhard Spieler, Peter Struck, Christina V\u00e9gh et bien d'autres.<br \/>\n336 p. avec 312 illustrations en couleur<br \/>\nformat 26 x 22 cm, couverture rigide<\/p>","protected":false},"featured_media":5137,"template":"","meta":[],"product_brand":[],"product_cat":[112,65,75],"product_tag":[],"class_list":{"0":"post-3722","1":"product","2":"type-product","3":"status-publish","4":"has-post-thumbnail","6":"product_cat-112","7":"product_cat-h","8":"product_cat-r","10":"first","11":"instock","12":"taxable","13":"shipping-taxable","14":"purchasable","15":"product-type-simple"},"aioseo_notices":[],"_wp_attached_file":null,"_wp_attachment_metadata":null,"_wc_attachment_source":null,"_elementor_inline_svg":null,"_elementor_is_screenshot":null,"_elementor_source_image_hash":null,"_source_url":null,"_wp_attachment_context":null,"_menu_item_type":null,"_menu_item_menu_item_parent":null,"_menu_item_object_id":null,"_menu_item_object":null,"_menu_item_target":null,"_menu_item_classes":null,"_menu_item_xfn":null,"_menu_item_url":null,"__elementor_forms_snapshot":null,"_unit":"","_unit_base":"","_unit_product":"","_unit_price_auto":"no","_unit_price_regular":"","_unit_price":"","_unit_price_sale":"","_sale_price_label":"","_sale_price_regular_label":"","_manufacturer_slug":"","_mini_desc":"","_defect_description":"","_safety_instructions":"","_allergen_ids":[],"_warranty_attachment_id":"","_safety_attachment_ids":[],"_min_age":"","_ts_gtin":"","_ts_mpn":"","_delivery_time_countries":[],"_free_shipping":"no","_service":"no","_photovoltaic_system":"no","_used_good":"no","_defective_copy":"no","_wireless_electronic_device":"no","_device_contains_power_supply":"no","_device_charging_supports_usb_pd":"no","_device_charging_watt_min":"0","_device_charging_watt_max":"0","_is_food":"no","_differential_taxation":"no","_gzd_version":"3.18.7","_hs_code":"","_customs_description":"","_manufacture_country":"0","_is_non_returnable":"no","_shipping_length":"","_shipping_width":"","_shipping_height":"","_sku":"ISBN 978-3-86442-225-6","_global_unique_id":"978-3-86442-225-6","_regular_price":"48","total_sales":"0","_tax_status":"taxable","_tax_class":"","_manage_stock":"no","_backorders":"no","_sold_individually":"no","_weight":"2","_virtual":"no","_downloadable":"no","_download_limit":"-1","_download_expiry":"-1","_stock":"","_stock_status":"instock","_wc_average_rating":"0","_wc_review_count":"0","_product_version":"9.7.1","_price":"48","shopengine_product_views_count":"2742","_thumbnail_id":"5137","_product_attributes":{"erscheinungsdatum":{"name":"Date de publication","value":"23.09.2017","position":0,"is_visible":1,"is_variation":0,"is_taxonomy":0,"checkout_visible":0}},"_nutrient_ids":[],"_upsell_ids":null,"pswc_subtitle":null,"_default_delivery_time":null,"_wp_desired_post_slug":null,"_isbn":null,"pageType":null,"isExternalUrl":null,"pageId":null,"externalUrl":null,"hideCookieBanner":null,"isTargetBlank":null,"isProviderCurrentWebsite":null,"isEmbeddingOnlyExternalResources":null,"legalBasis":null,"dataProcessingInCountries":null,"dataProcessingInCountriesSpecialTreatments":null,"technicalDefinitions":null,"googleConsentModeConsentTypes":null,"executePriority":null,"executeCodeOptInWhenNoTagManagerConsentIsGiven":null,"executeCodeOptOutWhenNoTagManagerConsentIsGiven":null,"deleteTechnicalDefinitionsAfterOptOut":null,"presetId":null,"presetVersion":null,"provider":null,"providerContactPhone":null,"providerContactEmail":null,"providerContactLink":null,"uniqueName":null,"providerPrivacyPolicyUrl":null,"providerLegalNoticeUrl":null,"codeOptIn":null,"codeOptOut":null,"codeOnPageLoad":null,"language_code":null,"shopengine_template__post_meta__type":null,"shopengine_template__post_meta":null,"shopengine_template__post_meta__edit_with":null,"origin":null,"_enabled":null,"_filters":null,"_layout":null,"_elementor_import_session_id":null,"_wp_trash_meta_status":null,"_wp_trash_meta_time":null,"_edit_lock":"1743344226:2","_elementor_floating_elements_type":null,"_elementor_edit_mode":null,"_elementor_template_type":null,"tc-thumb-fld":{"_thumb_id":5137,"_thumb_type":"thumb"},"_wp_page_template":"default","_elementor_version":null,"_elementor_pro_version":null,"_elementor_page_settings":null,"_elementor_data":null,"_elementor_conditions":null,"_elementor_popup_display_settings":null,"_edit_last":"2","_elementor_template_sub_type":null,"_elementor_controls_usage":null,"_elementor_screenshot":null,"_elementor_css":null,"_elementor_page_assets":[],"_elementor_element_cache":null,"_elementor_screenshot_failed":null,"_elementor_source":null,"_wp_old_date":null,"layout_key":"","post_slider_check_key":"0","_links":{"self":[{"href":"https:\/\/snoeck.de\/fr\/wp-json\/wp\/v2\/product\/3722","targetHints":{"allow":["GET"]}}],"collection":[{"href":"https:\/\/snoeck.de\/fr\/wp-json\/wp\/v2\/product"}],"about":[{"href":"https:\/\/snoeck.de\/fr\/wp-json\/wp\/v2\/types\/product"}],"wp:featuredmedia":[{"embeddable":true,"href":"https:\/\/snoeck.de\/fr\/wp-json\/wp\/v2\/media\/5137"}],"wp:attachment":[{"href":"https:\/\/snoeck.de\/fr\/wp-json\/wp\/v2\/media?parent=3722"}],"wp:term":[{"taxonomy":"product_brand","embeddable":true,"href":"https:\/\/snoeck.de\/fr\/wp-json\/wp\/v2\/product_brand?post=3722"},{"taxonomy":"product_cat","embeddable":true,"href":"https:\/\/snoeck.de\/fr\/wp-json\/wp\/v2\/product_cat?post=3722"},{"taxonomy":"product_tag","embeddable":true,"href":"https:\/\/snoeck.de\/fr\/wp-json\/wp\/v2\/product_tag?post=3722"}],"curies":[{"name":"wp","href":"https:\/\/api.w.org\/{rel}","templated":true}]}}