{"id":3723,"date":"2025-01-31T11:31:56","date_gmt":"2025-01-31T11:31:56","guid":{"rendered":"https:\/\/snoeck.process-vision.de\/shop\/anselm-reyle-streifenbilder-2003-2013\/"},"modified":"2026-04-08T15:06:50","modified_gmt":"2026-04-08T14:06:50","slug":"anselm-reyle-streifenbilder-2003-2013","status":"publish","type":"product","link":"https:\/\/snoeck.de\/fr\/shop\/anselm-reyle-streifenbilder-2003-2013\/","title":{"rendered":"Anselm Reyle : Images de bandes 2003-2013"},"content":{"rendered":"<h3>Encore plus de bandes (images)<\/h3>\n<p>Les tableaux \u00e0 rayures de Barnett Newman, Kenneth Noland, Bridget Riley, Gerhard Richter, Frank Stella et Daniel Buren sont entr\u00e9s depuis longtemps dans la l\u00e9gende. Il est donc coquet de voir aujourd'hui un coll\u00e8gue artiste au succ\u00e8s certain, mais encore jeune, venir mettre le vieux vin dans de nouvelles outres. Mais le fait-il vraiment ? L'excellent petit volume, qui donne un bon aper\u00e7u de ce groupe d'\u0153uvres d'Anselm Reyle devenu tr\u00e8s connu, montre clairement, gr\u00e2ce \u00e0 sa fabrication complexe et \u00e0 son impression en sept couleurs, que les rayures ne sont pas toutes identiques et que le nouveau reste certes li\u00e9 \u00e0 l'ancien, mais qu'il lui ajoute quelque chose de tout \u00e0 fait nouveau. Et cette nouveaut\u00e9 ne r\u00e9side pas seulement dans les couleurs particuli\u00e8res des images \u00e0 rayures d'Anselm Reyle. Il s'agit tout d'abord et comme toujours dans la peinture depuis le d\u00e9but du 20e si\u00e8cle d'une attitude - ou pour reprendre les mots de Carl Andr\u00e9 : \"La peinture de Frank Stella n'est pas symbolique. Ses rayures sont les chemins du pinceau sur la toile. Ces chemins m\u00e8nent seuls \u00e0 la peinture\". Anselm Reyle ne voit pas les choses diff\u00e9remment et ajoute \u00e0 la d\u00e9claration de Carl Andr\u00e9 : \"... qu'il s'agisse d'un film que j'ai trouv\u00e9 dans une vitrine ou d'objets trouv\u00e9s dans l'histoire de l'art r\u00e9cente, comme par exemple des peintures \u00e0 rayures\". Reyle utilise toujours les mat\u00e9riaux (trouv\u00e9s) comme des supports de recherche : pourquoi trouvons-nous certaines combinaisons de couleurs et de mat\u00e9riaux harmonieuses et d'autres drastiques ? Pourquoi une combinaison de couleurs et de mat\u00e9riaux exerce-t-elle un attrait et une autre non ? Dans quelle mesure ces jugements sont-ils influenc\u00e9s par la culture ? Comment peut-on r\u00e9viser ces impressions ? Dans les exacerbations d'Anselm Reyle, c'est le readymade qui est formellement \u00e0 l'\u0153uvre, dont le langage se compose de reprises un \u00e0 un, d'agrandissements ou de citations de mat\u00e9riaux et de couleurs, et que l'artiste consid\u00e8re comme faisant partie du monde de la marchandise, qu'il con\u00e7oit par cons\u00e9quent lui-m\u00eame comme un gigantesque readymade. Il est ind\u00e9niable que la performance particuli\u00e8re de ces images r\u00e9side dans leur transformation permanente et drastique qui, en restant fid\u00e8le \u00e0 la contemporan\u00e9it\u00e9, se dirige directement vers l'intemporalit\u00e9.<\/p>\n<p>Exposition :<br \/>\nCFA Contemporary Fine Arts Berlin, 1\/10 - 14\/11\/2015<\/p>","protected":false},"excerpt":{"rendered":"<p>Catalogue d'exposition, Contemporary Fine Arts CFA Berlin, \u00e9d. Bruno Brunnen et Nicole Hackert<br \/>\nTexte (all.\/ang.) de Anna-Catharina Gebbers<br \/>\n32 p. avec 18 illustrations imprim\u00e9es en 7 couleurs<br \/>\nFormat 32,5 x 23,5 cm, couverture rigide<\/p>","protected":false},"featured_media":5138,"template":"","meta":[],"product_brand":[],"product_cat":[95],"product_tag":[],"class_list":{"0":"post-3723","1":"product","2":"type-product","3":"status-publish","4":"has-post-thumbnail","6":"product_cat-vergriffen","8":"first","9":"outofstock","10":"taxable","11":"shipping-taxable","12":"product-type-simple"},"aioseo_notices":[],"_wp_attached_file":null,"_wp_attachment_metadata":null,"_wc_attachment_source":null,"_elementor_inline_svg":null,"_elementor_is_screenshot":null,"_elementor_source_image_hash":null,"_source_url":null,"_wp_attachment_context":null,"_menu_item_type":null,"_menu_item_menu_item_parent":null,"_menu_item_object_id":null,"_menu_item_object":null,"_menu_item_target":null,"_menu_item_classes":null,"_menu_item_xfn":null,"_menu_item_url":null,"__elementor_forms_snapshot":null,"_unit":"","_unit_base":"","_unit_product":"","_unit_price_auto":"no","_unit_price_regular":"","_unit_price":"","_unit_price_sale":"","_sale_price_label":"","_sale_price_regular_label":"","_manufacturer_slug":"","_mini_desc":"","_defect_description":"","_safety_instructions":"","_allergen_ids":[],"_warranty_attachment_id":"","_safety_attachment_ids":[],"_min_age":"","_ts_gtin":"","_ts_mpn":"","_delivery_time_countries":[],"_free_shipping":"no","_service":"no","_photovoltaic_system":"no","_used_good":"no","_defective_copy":"no","_wireless_electronic_device":"no","_device_contains_power_supply":"no","_device_charging_supports_usb_pd":"no","_device_charging_watt_min":"0","_device_charging_watt_max":"0","_is_food":"no","_differential_taxation":"no","_gzd_version":"3.18.7","_hs_code":"","_customs_description":"","_manufacture_country":"0","_is_non_returnable":"no","_shipping_length":"","_shipping_width":"","_shipping_height":"","_sku":"ISBN 978-3-86442-155-6","_global_unique_id":"978-3-86442-155-6","_regular_price":null,"total_sales":"0","_tax_status":"taxable","_tax_class":"","_manage_stock":"no","_backorders":"no","_sold_individually":"no","_weight":"1","_virtual":"no","_downloadable":"no","_download_limit":"-1","_download_expiry":"-1","_stock":"","_stock_status":"outofstock","_wc_average_rating":"0","_wc_review_count":"0","_product_version":"10.1.4","_price":"","shopengine_product_views_count":"2708","_thumbnail_id":"5138","_product_attributes":{"erscheinungsdatum":{"name":"Date de publication","value":"28.09.2015","position":0,"is_visible":1,"is_variation":0,"is_taxonomy":0,"checkout_visible":0}},"_nutrient_ids":[],"_upsell_ids":null,"pswc_subtitle":null,"_default_delivery_time":null,"_wp_desired_post_slug":null,"_isbn":null,"pageType":null,"isExternalUrl":null,"pageId":null,"externalUrl":null,"hideCookieBanner":null,"isTargetBlank":null,"isProviderCurrentWebsite":null,"isEmbeddingOnlyExternalResources":null,"legalBasis":null,"dataProcessingInCountries":null,"dataProcessingInCountriesSpecialTreatments":null,"technicalDefinitions":null,"googleConsentModeConsentTypes":null,"executePriority":null,"executeCodeOptInWhenNoTagManagerConsentIsGiven":null,"executeCodeOptOutWhenNoTagManagerConsentIsGiven":null,"deleteTechnicalDefinitionsAfterOptOut":null,"presetId":null,"presetVersion":null,"provider":null,"providerContactPhone":null,"providerContactEmail":null,"providerContactLink":null,"uniqueName":null,"providerPrivacyPolicyUrl":null,"providerLegalNoticeUrl":null,"codeOptIn":null,"codeOptOut":null,"codeOnPageLoad":null,"language_code":null,"shopengine_template__post_meta__type":null,"shopengine_template__post_meta":null,"shopengine_template__post_meta__edit_with":null,"origin":null,"_enabled":null,"_filters":null,"_layout":null,"_elementor_import_session_id":null,"_wp_trash_meta_status":null,"_wp_trash_meta_time":null,"_edit_lock":"1743344108:2","_elementor_floating_elements_type":null,"_elementor_edit_mode":null,"_elementor_template_type":null,"tc-thumb-fld":{"_thumb_id":5138,"_thumb_type":"thumb"},"_wp_page_template":"default","_elementor_version":null,"_elementor_pro_version":null,"_elementor_page_settings":null,"_elementor_data":null,"_elementor_conditions":null,"_elementor_popup_display_settings":null,"_edit_last":"2","_elementor_template_sub_type":null,"_elementor_controls_usage":null,"_elementor_screenshot":null,"_elementor_css":null,"_elementor_page_assets":[],"_elementor_element_cache":null,"_elementor_screenshot_failed":null,"_elementor_source":null,"_wp_old_date":null,"layout_key":"","post_slider_check_key":"0","_links":{"self":[{"href":"https:\/\/snoeck.de\/fr\/wp-json\/wp\/v2\/product\/3723","targetHints":{"allow":["GET"]}}],"collection":[{"href":"https:\/\/snoeck.de\/fr\/wp-json\/wp\/v2\/product"}],"about":[{"href":"https:\/\/snoeck.de\/fr\/wp-json\/wp\/v2\/types\/product"}],"wp:featuredmedia":[{"embeddable":true,"href":"https:\/\/snoeck.de\/fr\/wp-json\/wp\/v2\/media\/5138"}],"wp:attachment":[{"href":"https:\/\/snoeck.de\/fr\/wp-json\/wp\/v2\/media?parent=3723"}],"wp:term":[{"taxonomy":"product_brand","embeddable":true,"href":"https:\/\/snoeck.de\/fr\/wp-json\/wp\/v2\/product_brand?post=3723"},{"taxonomy":"product_cat","embeddable":true,"href":"https:\/\/snoeck.de\/fr\/wp-json\/wp\/v2\/product_cat?post=3723"},{"taxonomy":"product_tag","embeddable":true,"href":"https:\/\/snoeck.de\/fr\/wp-json\/wp\/v2\/product_tag?post=3723"}],"curies":[{"name":"wp","href":"https:\/\/api.w.org\/{rel}","templated":true}]}}